{"id":3135,"date":"2022-02-16T15:32:33","date_gmt":"2022-02-16T14:32:33","guid":{"rendered":"https:\/\/lengnau.rettenmund.com\/themen\/schule-und-bildung\/mediothek\/"},"modified":"2026-04-07T07:53:35","modified_gmt":"2026-04-07T05:53:35","slug":"mediothek","status":"publish","type":"page","link":"https:\/\/www.lengnau.ch\/fr\/themes\/schule-und-bildung\/mediothek\/","title":{"rendered":"M\u00e9diath\u00e8que"},"content":{"rendered":"<h2>Nouvelles de la m\u00e9diath\u00e8que<\/h2>\n<p><a href=\"https:\/\/www.lengnau.ch\/wp-content\/uploads\/2026\/02\/Mediothek_Bericht_LN_1_26_Rueckblick_und_Ausblick.pdf\" target=\"_blank\" rel=\"noopener\">R\u00e9trospective et perspectives (rapport Lengnauer Notizen 1\/2026)<\/a><br \/>\n<a href=\"https:\/\/www.lengnau.ch\/wp-content\/uploads\/2025\/11\/Mediothek_Bericht_LN_4_25_Die_Mediothek_bietet_mehr_als_Buecher.pdf\" target=\"_blank\" rel=\"noopener\">La m\u00e9diath\u00e8que offre plus que des livres (rapport Lengnauer Notizen 4\/2025)<\/a><br \/>\n<a href=\"https:\/\/www.lengnau.ch\/wp-content\/uploads\/2025\/11\/Mediothek_Bericht_LN_3_25_Treffen_der_Seelandbibliotheken.pdf\" target=\"_blank\" rel=\"noopener\">Rencontre des biblioth\u00e8ques du Seeland (rapport Lengnauer Notizen 3\/2025)<\/a><br \/>\n<a href=\"https:\/\/www.lengnau.ch\/wp-content\/uploads\/2025\/11\/Mediothek_Bericht_LN_3_25_Lesetipps_aus_erster_Hand.pdf\" target=\"_blank\" rel=\"noopener\">Conseils de lecture de premi\u00e8re main (rapport Lengnauer Notizen 3\/2025)<\/a><br \/>\n<a href=\"https:\/\/www.lengnau.ch\/wp-content\/uploads\/2025\/05\/Mediothek_Bericht_LN_2_25_Mediothek_60.pdf\" target=\"_blank\" rel=\"noopener\">M\u00e9diath\u00e8que 60+ (Rapport Lengnauer Notizen 2\/2025)<\/a><br \/>\n<a href=\"https:\/\/www.lengnau.ch\/wp-content\/uploads\/2025\/02\/Mediothek_Bericht_LN_1_25_Mumins_schmueckten_Adventsfenster.pdf\" target=\"_blank\" rel=\"noopener\">Les Mumins ont d\u00e9cor\u00e9 les fen\u00eatres de l&rsquo;Avent (rapport Lengnauer Notizen 1\/2025)<\/a><\/p>\n<h2>Tarifs<\/h2>\n<p>Adh\u00e9sion annuelle CHF 30.00 (gratuit pour les enfants et les jeunes)<\/p>\n<p>Abonnement annuel aux e-books CHF 30.00 (suppl\u00e9mentaire)<\/p>\n<h2>\u00c9quipe de la m\u00e9diath\u00e8que<\/h2>\n<p><strong>Andrea Wolf<\/strong><br \/>\nDirection, biblioth\u00e9caire SAB<\/p>\n<p><strong>Eveline Amacher<\/strong><br \/>\nBiblioth\u00e9caire SAB<\/p>\n<p>L&rsquo;\u00e9quipe se r\u00e9jouit de votre visite.<\/p>\n","protected":false},"excerpt":{"rendered":"<p>Nouvelles de la m\u00e9diath\u00e8que R\u00e9trospective et perspectives (rapport Lengnauer Notizen 1\/2026) La m\u00e9diath\u00e8que offre plus que des livres (rapport Lengnauer Notizen 4\/2025) Rencontre des biblioth\u00e8ques du Seeland (rapport Lengnauer Notizen 3\/2025) Conseils de lecture de premi\u00e8re main (rapport Lengnauer Notizen 3\/2025) M\u00e9diath\u00e8que 60+ (Rapport Lengnauer Notizen 2\/2025) Les Mumins ont d\u00e9cor\u00e9 les fen\u00eatres de l&rsquo;Avent [&hellip;]<\/p>\n","protected":false},"author":1,"featured_media":0,"parent":3128,"menu_order":14,"comment_status":"closed","ping_status":"closed","template":"page-mediothek.php","meta":{"_acf_changed":false,"_relevanssi_hide_post":"","_relevanssi_hide_content":"","_relevanssi_pin_for_all":"","_relevanssi_pin_keywords":"","_relevanssi_unpin_keywords":"","_relevanssi_related_keywords":"","_relevanssi_related_include_ids":"","_relevanssi_related_exclude_ids":"","_relevanssi_related_no_append":"","_relevanssi_related_not_related":"","_relevanssi_related_posts":"","_relevanssi_noindex_reason":"","footnotes":""},"class_list":["post-3135","page","type-page","status-publish","hentry"],"acf":[],"yoast_head":"<!-- This site is optimized with the Yoast SEO plugin v27.3 - https:\/\/yoast.com\/product\/yoast-seo-wordpress\/ -->\n<title>M\u00e9diath\u00e8que - Gemeinde Lengnau<\/title>\n<meta name=\"robots\" content=\"index, follow, max-snippet:-1, max-image-preview:large, max-video-preview:-1\" \/>\n<link rel=\"canonical\" href=\"https:\/\/www.lengnau.ch\/fr\/themes\/schule-und-bildung\/mediothek\/\" \/>\n<meta property=\"og:locale\" content=\"fr_FR\" \/>\n<meta property=\"og:type\" content=\"article\" \/>\n<meta property=\"og:title\" content=\"M\u00e9diath\u00e8que - Gemeinde Lengnau\" \/>\n<meta property=\"og:description\" content=\"Nouvelles de la m\u00e9diath\u00e8que R\u00e9trospective et perspectives (rapport Lengnauer Notizen 1\/2026) La m\u00e9diath\u00e8que offre plus que des livres (rapport Lengnauer Notizen 4\/2025) Rencontre des biblioth\u00e8ques du Seeland (rapport Lengnauer Notizen 3\/2025) Conseils de lecture de premi\u00e8re main (rapport Lengnauer Notizen 3\/2025) M\u00e9diath\u00e8que 60+ (Rapport Lengnauer Notizen 2\/2025) Les Mumins ont d\u00e9cor\u00e9 les fen\u00eatres de l&rsquo;Avent [&hellip;]\" \/>\n<meta property=\"og:url\" content=\"https:\/\/www.lengnau.ch\/fr\/themes\/schule-und-bildung\/mediothek\/\" \/>\n<meta property=\"og:site_name\" content=\"Gemeinde Lengnau\" \/>\n<meta property=\"article:modified_time\" content=\"2026-04-07T05:53:35+00:00\" \/>\n<meta name=\"twitter:card\" content=\"summary_large_image\" \/>\n<script type=\"application\/ld+json\" class=\"yoast-schema-graph\">{\"@context\":\"https:\\\/\\\/schema.org\",\"@graph\":[{\"@type\":\"WebPage\",\"@id\":\"https:\\\/\\\/www.lengnau.ch\\\/fr\\\/themes\\\/schule-und-bildung\\\/mediothek\\\/\",\"url\":\"https:\\\/\\\/www.lengnau.ch\\\/fr\\\/themes\\\/schule-und-bildung\\\/mediothek\\\/\",\"name\":\"M\u00e9diath\u00e8que - Gemeinde Lengnau\",\"isPartOf\":{\"@id\":\"https:\\\/\\\/www.lengnau.ch\\\/#website\"},\"datePublished\":\"2022-02-16T14:32:33+00:00\",\"dateModified\":\"2026-04-07T05:53:35+00:00\",\"breadcrumb\":{\"@id\":\"https:\\\/\\\/www.lengnau.ch\\\/fr\\\/themes\\\/schule-und-bildung\\\/mediothek\\\/#breadcrumb\"},\"inLanguage\":\"fr-FR\",\"potentialAction\":[{\"@type\":\"ReadAction\",\"target\":[\"https:\\\/\\\/www.lengnau.ch\\\/fr\\\/themes\\\/schule-und-bildung\\\/mediothek\\\/\"]}]},{\"@type\":\"BreadcrumbList\",\"@id\":\"https:\\\/\\\/www.lengnau.ch\\\/fr\\\/themes\\\/schule-und-bildung\\\/mediothek\\\/#breadcrumb\",\"itemListElement\":[{\"@type\":\"ListItem\",\"position\":1,\"name\":\"Home\",\"item\":\"https:\\\/\\\/www.lengnau.ch\\\/fr\\\/\"},{\"@type\":\"ListItem\",\"position\":2,\"name\":\"Th\u00e8mes\",\"item\":\"https:\\\/\\\/www.lengnau.ch\\\/fr\\\/themes\\\/\"},{\"@type\":\"ListItem\",\"position\":3,\"name\":\"\u00c9cole et formation\",\"item\":\"https:\\\/\\\/www.lengnau.ch\\\/fr\\\/themes\\\/schule-und-bildung\\\/\"},{\"@type\":\"ListItem\",\"position\":4,\"name\":\"M\u00e9diath\u00e8que\"}]},{\"@type\":\"WebSite\",\"@id\":\"https:\\\/\\\/www.lengnau.ch\\\/#website\",\"url\":\"https:\\\/\\\/www.lengnau.ch\\\/\",\"name\":\"Gemeinde Lengnau\",\"description\":\"\",\"potentialAction\":[{\"@type\":\"SearchAction\",\"target\":{\"@type\":\"EntryPoint\",\"urlTemplate\":\"https:\\\/\\\/www.lengnau.ch\\\/?s={search_term_string}\"},\"query-input\":{\"@type\":\"PropertyValueSpecification\",\"valueRequired\":true,\"valueName\":\"search_term_string\"}}],\"inLanguage\":\"fr-FR\"}]}<\/script>\n<!-- \/ Yoast SEO plugin. -->","yoast_head_json":{"title":"M\u00e9diath\u00e8que - Gemeinde Lengnau","robots":{"index":"index","follow":"follow","max-snippet":"max-snippet:-1","max-image-preview":"max-image-preview:large","max-video-preview":"max-video-preview:-1"},"canonical":"https:\/\/www.lengnau.ch\/fr\/themes\/schule-und-bildung\/mediothek\/","og_locale":"fr_FR","og_type":"article","og_title":"M\u00e9diath\u00e8que - Gemeinde Lengnau","og_description":"Nouvelles de la m\u00e9diath\u00e8que R\u00e9trospective et perspectives (rapport Lengnauer Notizen 1\/2026) La m\u00e9diath\u00e8que offre plus que des livres (rapport Lengnauer Notizen 4\/2025) Rencontre des biblioth\u00e8ques du Seeland (rapport Lengnauer Notizen 3\/2025) Conseils de lecture de premi\u00e8re main (rapport Lengnauer Notizen 3\/2025) M\u00e9diath\u00e8que 60+ (Rapport Lengnauer Notizen 2\/2025) Les Mumins ont d\u00e9cor\u00e9 les fen\u00eatres de l&rsquo;Avent [&hellip;]","og_url":"https:\/\/www.lengnau.ch\/fr\/themes\/schule-und-bildung\/mediothek\/","og_site_name":"Gemeinde Lengnau","article_modified_time":"2026-04-07T05:53:35+00:00","twitter_card":"summary_large_image","schema":{"@context":"https:\/\/schema.org","@graph":[{"@type":"WebPage","@id":"https:\/\/www.lengnau.ch\/fr\/themes\/schule-und-bildung\/mediothek\/","url":"https:\/\/www.lengnau.ch\/fr\/themes\/schule-und-bildung\/mediothek\/","name":"M\u00e9diath\u00e8que - Gemeinde Lengnau","isPartOf":{"@id":"https:\/\/www.lengnau.ch\/#website"},"datePublished":"2022-02-16T14:32:33+00:00","dateModified":"2026-04-07T05:53:35+00:00","breadcrumb":{"@id":"https:\/\/www.lengnau.ch\/fr\/themes\/schule-und-bildung\/mediothek\/#breadcrumb"},"inLanguage":"fr-FR","potentialAction":[{"@type":"ReadAction","target":["https:\/\/www.lengnau.ch\/fr\/themes\/schule-und-bildung\/mediothek\/"]}]},{"@type":"BreadcrumbList","@id":"https:\/\/www.lengnau.ch\/fr\/themes\/schule-und-bildung\/mediothek\/#breadcrumb","itemListElement":[{"@type":"ListItem","position":1,"name":"Home","item":"https:\/\/www.lengnau.ch\/fr\/"},{"@type":"ListItem","position":2,"name":"Th\u00e8mes","item":"https:\/\/www.lengnau.ch\/fr\/themes\/"},{"@type":"ListItem","position":3,"name":"\u00c9cole et formation","item":"https:\/\/www.lengnau.ch\/fr\/themes\/schule-und-bildung\/"},{"@type":"ListItem","position":4,"name":"M\u00e9diath\u00e8que"}]},{"@type":"WebSite","@id":"https:\/\/www.lengnau.ch\/#website","url":"https:\/\/www.lengnau.ch\/","name":"Gemeinde Lengnau","description":"","potentialAction":[{"@type":"SearchAction","target":{"@type":"EntryPoint","urlTemplate":"https:\/\/www.lengnau.ch\/?s={search_term_string}"},"query-input":{"@type":"PropertyValueSpecification","valueRequired":true,"valueName":"search_term_string"}}],"inLanguage":"fr-FR"}]}},"publishpress_future_action":{"enabled":false,"date":"2026-04-20 14:47:59","action":"change-status","newStatus":"draft","terms":[],"taxonomy":"translation_priority","extraData":[]},"publishpress_future_workflow_manual_trigger":{"enabledWorkflows":[]},"_links":{"self":[{"href":"https:\/\/www.lengnau.ch\/fr\/wp-json\/wp\/v2\/pages\/3135","targetHints":{"allow":["GET"]}}],"collection":[{"href":"https:\/\/www.lengnau.ch\/fr\/wp-json\/wp\/v2\/pages"}],"about":[{"href":"https:\/\/www.lengnau.ch\/fr\/wp-json\/wp\/v2\/types\/page"}],"author":[{"embeddable":true,"href":"https:\/\/www.lengnau.ch\/fr\/wp-json\/wp\/v2\/users\/1"}],"replies":[{"embeddable":true,"href":"https:\/\/www.lengnau.ch\/fr\/wp-json\/wp\/v2\/comments?post=3135"}],"version-history":[{"count":10,"href":"https:\/\/www.lengnau.ch\/fr\/wp-json\/wp\/v2\/pages\/3135\/revisions"}],"predecessor-version":[{"id":18981,"href":"https:\/\/www.lengnau.ch\/fr\/wp-json\/wp\/v2\/pages\/3135\/revisions\/18981"}],"up":[{"embeddable":true,"href":"https:\/\/www.lengnau.ch\/fr\/wp-json\/wp\/v2\/pages\/3128"}],"wp:attachment":[{"href":"https:\/\/www.lengnau.ch\/fr\/wp-json\/wp\/v2\/media?parent=3135"}],"curies":[{"name":"wp","href":"https:\/\/api.w.org\/{rel}","templated":true}]}}