{"id":3134,"date":"2022-02-16T15:33:11","date_gmt":"2022-02-16T14:33:11","guid":{"rendered":"https:\/\/lengnau.rettenmund.com\/themen\/freizeit\/sporthallen\/"},"modified":"2026-03-11T11:02:07","modified_gmt":"2026-03-11T10:02:07","slug":"sporthallen","status":"publish","type":"page","link":"https:\/\/www.lengnau.ch\/fr\/themes\/freizeit\/sporthallen\/","title":{"rendered":"Salles de sport"},"content":{"rendered":"<h2>Heures de fermeture<\/h2>\n<p>Les salles de sport sont \u00e0 la disposition des clubs pratiquement toute l&rsquo;ann\u00e9e.<\/p>\n<p>En raison des travaux d&rsquo;entretien et de nettoyage des installations scolaires et sportives 2025\/2026, les heures de fermeture sont les suivantes, conform\u00e9ment \u00e0 l&rsquo;ordonnance sur l&rsquo;utilisation des installations scolaires et sportives de la commune municipale de Lengnau (RDC 40.413) :<\/p>\n<p><strong>Automne<\/strong><br \/>\n22.09.2025 &#8211; 28.09.2025<\/p>\n<p><strong>Hiver<\/strong><br \/>\n19.12.2025 &#8211; 04.01.2026<\/p>\n<p><strong>Semaine sportive<\/strong><br \/>\n09.02.2026 &#8211; 15.02.2026<\/p>\n<p><strong>P\u00e2ques (\u00e0 partir du jeudi soir)<\/strong><br \/>\n02.04.2026 &#8211; 06.04.2026<\/p>\n<p><strong>Printemps<\/strong><br \/>\n13.04.2026 &#8211; 19.04.2026<\/p>\n<p><strong>Ascension (\u00e0 partir du mercredi soir)<\/strong><br \/>\n13.05.2026 &#8211; 17.05.2026<\/p>\n<p><strong>Pentec\u00f4te<\/strong><br \/>\n23.05.2026 &#8211; 25.05.2026<\/p>\n<p><strong>\u00c9t\u00e9<\/strong><br \/>\n04.07.2026 &#8211; 02.08.2026<\/p>\n<p><strong>Automne<\/strong><br \/>\n19.09.2026 &#8211; 27.09.2026<\/p>\n<p><strong>Hiver<\/strong><br \/>\n23.12.2026 &#8211; 10.01.2027<\/p>\n<p>En r\u00e8gle g\u00e9n\u00e9rale, les installations scolaires et sportives sont ferm\u00e9es le dimanche, les jours f\u00e9ri\u00e9s g\u00e9n\u00e9raux et les veilles de jours f\u00e9ri\u00e9s.<\/p>\n<h2>R\u00e9servation<\/h2>\n<p>Commune municipale de Lengnau BE<br \/>\nBenny Graber, responsable de l&rsquo;intendance<br \/>\nT\u00e9l\u00e9phone 076 581 67 11<br \/>\n<a href=\"mailto:be**********@*****au.ch\" data-original-string=\"AMr29ldwM+bE7fcFeGXOHQ==a0edKHHuIGertoVnGyPN5uQFLpxJOh9xrAJYHMyBBDOJE8=\" title=\"This contact has been encoded by Anti-Spam by CleanTalk. Click to decode. To finish the decoding make sure that JavaScript is enabled in your browser.\" target=\"_blank\" rel=\"noopener\">Courrier \u00e9lectronique<\/a><\/p>\n<h2>En savoir plus sur le sujet<\/h2>\n<p><a href=\"https:\/\/www.lengnau.ch\/wp-content\/uploads\/2026\/05\/Benuetzungsgesuch_Schul-_und_Sportanlagen_2026.pdf\" target=\"_blank\" rel=\"noopener\">Demande d&rsquo;utilisation d&rsquo;installations scolaires et sportives<\/a><br \/>\n<a class=\"reglement_link pdflink\" href=\"https:\/\/www.lengnau.ch\/wp-content\/uploads\/2022\/06\/L2.C_BenuetzungsverordnungSchulSportAula_2021-1.pdf\" target=\"_blank\" rel=\"noopener\">R\u00e8glement d&rsquo;utilisation et d&rsquo;exploitation des installations scolaires et sportives de la commune municipale de Lengnau<\/a><\/p>\n","protected":false},"excerpt":{"rendered":"<p>Heures de fermeture Les salles de sport sont \u00e0 la disposition des clubs pratiquement toute l&rsquo;ann\u00e9e. En raison des travaux d&rsquo;entretien et de nettoyage des installations scolaires et sportives 2025\/2026, les heures de fermeture sont les suivantes, conform\u00e9ment \u00e0 l&rsquo;ordonnance sur l&rsquo;utilisation des installations scolaires et sportives de la commune municipale de Lengnau (RDC 40.413) [&hellip;]<\/p>\n","protected":false},"author":1,"featured_media":0,"parent":3129,"menu_order":11,"comment_status":"closed","ping_status":"closed","template":"","meta":{"_acf_changed":false,"_relevanssi_hide_post":"","_relevanssi_hide_content":"","_relevanssi_pin_for_all":"","_relevanssi_pin_keywords":"","_relevanssi_unpin_keywords":"","_relevanssi_related_keywords":"","_relevanssi_related_include_ids":"","_relevanssi_related_exclude_ids":"","_relevanssi_related_no_append":"","_relevanssi_related_not_related":"","_relevanssi_related_posts":"","_relevanssi_noindex_reason":"","footnotes":""},"class_list":["post-3134","page","type-page","status-publish","hentry"],"acf":[],"yoast_head":"<!-- This site is optimized with the Yoast SEO plugin v27.5 - https:\/\/yoast.com\/product\/yoast-seo-wordpress\/ -->\n<title>Salles de sport - Gemeinde Lengnau<\/title>\n<meta name=\"robots\" content=\"index, follow, max-snippet:-1, max-image-preview:large, max-video-preview:-1\" \/>\n<link rel=\"canonical\" href=\"https:\/\/www.lengnau.ch\/fr\/themes\/freizeit\/sporthallen\/\" \/>\n<meta property=\"og:locale\" content=\"fr_FR\" \/>\n<meta property=\"og:type\" content=\"article\" \/>\n<meta property=\"og:title\" content=\"Salles de sport - Gemeinde Lengnau\" \/>\n<meta property=\"og:description\" content=\"Heures de fermeture Les salles de sport sont \u00e0 la disposition des clubs pratiquement toute l&rsquo;ann\u00e9e. En raison des travaux d&rsquo;entretien et de nettoyage des installations scolaires et sportives 2025\/2026, les heures de fermeture sont les suivantes, conform\u00e9ment \u00e0 l&rsquo;ordonnance sur l&rsquo;utilisation des installations scolaires et sportives de la commune municipale de Lengnau (RDC 40.413) [&hellip;]\" \/>\n<meta property=\"og:url\" content=\"https:\/\/www.lengnau.ch\/fr\/themes\/freizeit\/sporthallen\/\" \/>\n<meta property=\"og:site_name\" content=\"Gemeinde Lengnau\" \/>\n<meta property=\"article:modified_time\" content=\"2026-03-11T10:02:07+00:00\" \/>\n<meta name=\"twitter:card\" content=\"summary_large_image\" \/>\n<script type=\"application\/ld+json\" class=\"yoast-schema-graph\">{\"@context\":\"https:\\\/\\\/schema.org\",\"@graph\":[{\"@type\":\"WebPage\",\"@id\":\"https:\\\/\\\/www.lengnau.ch\\\/fr\\\/themes\\\/freizeit\\\/sporthallen\\\/\",\"url\":\"https:\\\/\\\/www.lengnau.ch\\\/fr\\\/themes\\\/freizeit\\\/sporthallen\\\/\",\"name\":\"Salles de sport - Gemeinde Lengnau\",\"isPartOf\":{\"@id\":\"https:\\\/\\\/www.lengnau.ch\\\/#website\"},\"datePublished\":\"2022-02-16T14:33:11+00:00\",\"dateModified\":\"2026-03-11T10:02:07+00:00\",\"breadcrumb\":{\"@id\":\"https:\\\/\\\/www.lengnau.ch\\\/fr\\\/themes\\\/freizeit\\\/sporthallen\\\/#breadcrumb\"},\"inLanguage\":\"fr-FR\",\"potentialAction\":[{\"@type\":\"ReadAction\",\"target\":[\"https:\\\/\\\/www.lengnau.ch\\\/fr\\\/themes\\\/freizeit\\\/sporthallen\\\/\"]}]},{\"@type\":\"BreadcrumbList\",\"@id\":\"https:\\\/\\\/www.lengnau.ch\\\/fr\\\/themes\\\/freizeit\\\/sporthallen\\\/#breadcrumb\",\"itemListElement\":[{\"@type\":\"ListItem\",\"position\":1,\"name\":\"Home\",\"item\":\"https:\\\/\\\/www.lengnau.ch\\\/fr\\\/\"},{\"@type\":\"ListItem\",\"position\":2,\"name\":\"Th\u00e8mes\",\"item\":\"https:\\\/\\\/www.lengnau.ch\\\/fr\\\/themes\\\/\"},{\"@type\":\"ListItem\",\"position\":3,\"name\":\"Loisirs\",\"item\":\"https:\\\/\\\/www.lengnau.ch\\\/fr\\\/themes\\\/freizeit\\\/\"},{\"@type\":\"ListItem\",\"position\":4,\"name\":\"Salles de sport\"}]},{\"@type\":\"WebSite\",\"@id\":\"https:\\\/\\\/www.lengnau.ch\\\/#website\",\"url\":\"https:\\\/\\\/www.lengnau.ch\\\/\",\"name\":\"Gemeinde Lengnau\",\"description\":\"\",\"potentialAction\":[{\"@type\":\"SearchAction\",\"target\":{\"@type\":\"EntryPoint\",\"urlTemplate\":\"https:\\\/\\\/www.lengnau.ch\\\/?s={search_term_string}\"},\"query-input\":{\"@type\":\"PropertyValueSpecification\",\"valueRequired\":true,\"valueName\":\"search_term_string\"}}],\"inLanguage\":\"fr-FR\"}]}<\/script>\n<!-- \/ Yoast SEO plugin. -->","yoast_head_json":{"title":"Salles de sport - Gemeinde Lengnau","robots":{"index":"index","follow":"follow","max-snippet":"max-snippet:-1","max-image-preview":"max-image-preview:large","max-video-preview":"max-video-preview:-1"},"canonical":"https:\/\/www.lengnau.ch\/fr\/themes\/freizeit\/sporthallen\/","og_locale":"fr_FR","og_type":"article","og_title":"Salles de sport - Gemeinde Lengnau","og_description":"Heures de fermeture Les salles de sport sont \u00e0 la disposition des clubs pratiquement toute l&rsquo;ann\u00e9e. En raison des travaux d&rsquo;entretien et de nettoyage des installations scolaires et sportives 2025\/2026, les heures de fermeture sont les suivantes, conform\u00e9ment \u00e0 l&rsquo;ordonnance sur l&rsquo;utilisation des installations scolaires et sportives de la commune municipale de Lengnau (RDC 40.413) [&hellip;]","og_url":"https:\/\/www.lengnau.ch\/fr\/themes\/freizeit\/sporthallen\/","og_site_name":"Gemeinde Lengnau","article_modified_time":"2026-03-11T10:02:07+00:00","twitter_card":"summary_large_image","schema":{"@context":"https:\/\/schema.org","@graph":[{"@type":"WebPage","@id":"https:\/\/www.lengnau.ch\/fr\/themes\/freizeit\/sporthallen\/","url":"https:\/\/www.lengnau.ch\/fr\/themes\/freizeit\/sporthallen\/","name":"Salles de sport - Gemeinde Lengnau","isPartOf":{"@id":"https:\/\/www.lengnau.ch\/#website"},"datePublished":"2022-02-16T14:33:11+00:00","dateModified":"2026-03-11T10:02:07+00:00","breadcrumb":{"@id":"https:\/\/www.lengnau.ch\/fr\/themes\/freizeit\/sporthallen\/#breadcrumb"},"inLanguage":"fr-FR","potentialAction":[{"@type":"ReadAction","target":["https:\/\/www.lengnau.ch\/fr\/themes\/freizeit\/sporthallen\/"]}]},{"@type":"BreadcrumbList","@id":"https:\/\/www.lengnau.ch\/fr\/themes\/freizeit\/sporthallen\/#breadcrumb","itemListElement":[{"@type":"ListItem","position":1,"name":"Home","item":"https:\/\/www.lengnau.ch\/fr\/"},{"@type":"ListItem","position":2,"name":"Th\u00e8mes","item":"https:\/\/www.lengnau.ch\/fr\/themes\/"},{"@type":"ListItem","position":3,"name":"Loisirs","item":"https:\/\/www.lengnau.ch\/fr\/themes\/freizeit\/"},{"@type":"ListItem","position":4,"name":"Salles de sport"}]},{"@type":"WebSite","@id":"https:\/\/www.lengnau.ch\/#website","url":"https:\/\/www.lengnau.ch\/","name":"Gemeinde Lengnau","description":"","potentialAction":[{"@type":"SearchAction","target":{"@type":"EntryPoint","urlTemplate":"https:\/\/www.lengnau.ch\/?s={search_term_string}"},"query-input":{"@type":"PropertyValueSpecification","valueRequired":true,"valueName":"search_term_string"}}],"inLanguage":"fr-FR"}]}},"publishpress_future_action":{"enabled":false,"date":"2026-05-24 07:31:24","action":"change-status","newStatus":"draft","terms":[],"taxonomy":"translation_priority","extraData":[]},"publishpress_future_workflow_manual_trigger":{"enabledWorkflows":[]},"_links":{"self":[{"href":"https:\/\/www.lengnau.ch\/fr\/wp-json\/wp\/v2\/pages\/3134","targetHints":{"allow":["GET"]}}],"collection":[{"href":"https:\/\/www.lengnau.ch\/fr\/wp-json\/wp\/v2\/pages"}],"about":[{"href":"https:\/\/www.lengnau.ch\/fr\/wp-json\/wp\/v2\/types\/page"}],"author":[{"embeddable":true,"href":"https:\/\/www.lengnau.ch\/fr\/wp-json\/wp\/v2\/users\/1"}],"replies":[{"embeddable":true,"href":"https:\/\/www.lengnau.ch\/fr\/wp-json\/wp\/v2\/comments?post=3134"}],"version-history":[{"count":10,"href":"https:\/\/www.lengnau.ch\/fr\/wp-json\/wp\/v2\/pages\/3134\/revisions"}],"predecessor-version":[{"id":19159,"href":"https:\/\/www.lengnau.ch\/fr\/wp-json\/wp\/v2\/pages\/3134\/revisions\/19159"}],"up":[{"embeddable":true,"href":"https:\/\/www.lengnau.ch\/fr\/wp-json\/wp\/v2\/pages\/3129"}],"wp:attachment":[{"href":"https:\/\/www.lengnau.ch\/fr\/wp-json\/wp\/v2\/media?parent=3134"}],"curies":[{"name":"wp","href":"https:\/\/api.w.org\/{rel}","templated":true}]}}