{"id":3133,"date":"2022-02-16T15:33:04","date_gmt":"2022-02-16T14:33:04","guid":{"rendered":"https:\/\/lengnau.rettenmund.com\/themen\/freizeit\/hallenbad\/"},"modified":"2026-03-11T11:02:49","modified_gmt":"2026-03-11T10:02:49","slug":"hallenbad","status":"publish","type":"page","link":"https:\/\/www.lengnau.ch\/fr\/themes\/freizeit\/hallenbad\/","title":{"rendered":"Piscine couverte"},"content":{"rendered":"<h2>Heures d&rsquo;ouverture<\/h2>\n<p><strong>Lundi et mardi (adultes et enfants de plus de 12 ans accompagn\u00e9s d&rsquo;un adulte)<\/strong><br \/>\n18 h 00 &#8211; 21 h 00<\/p>\n<p><strong>Mercredi et samedi (pr\u00e9sence d&rsquo;un surveillant de baignade)<\/strong><br \/>\n14 h 00 &#8211; 17 h 00<\/p>\n<p><strong>Samedi (acc\u00e8s r\u00e9serv\u00e9 aux adultes)<\/strong><br \/>\n09.00 &#8211; 11.00 heures<\/p>\n<h2>Heures de fermeture<\/h2>\n<p>Heures de fermeture des installations scolaires et sportives 2025\/2026 selon l&rsquo;ordonnance d&rsquo;utilisation des installations scolaires et sportives de la commune municipale de Lengnau (SGV 40.413) :<\/p>\n<p><strong>Hiver<\/strong><br \/>\n19.12.2025 &#8211; 04.01.2026<\/p>\n<p><strong>Semaine sportive<\/strong><br \/>\n09.02.2026 &#8211; 15.02.2026<\/p>\n<p><strong>P\u00e2ques (\u00e0 partir du jeudi soir)<\/strong><br \/>\n02.04.2026 &#8211; 06.04.2026<\/p>\n<p><strong>Ascension (\u00e0 partir du mercredi soir)<\/strong><br \/>\n13.05.2026 &#8211; 17.05.2026<\/p>\n<p><strong>Pentec\u00f4te  <\/strong><br \/>\n23.05.2026 &#8211; 25.05.2026<\/p>\n<p><strong>\u00c9t\u00e9  <\/strong><br \/>\n31.05.2026 &#8211; 31.08.2026<\/p>\n<p><strong>Hiver<\/strong><br \/>\n19.12.2025 &#8211; 04.01.2026<\/p>\n<h2>Prix d&rsquo;entr\u00e9e<\/h2>\n<p><strong>Enfants<\/strong><br \/>\nCHF 2.00 (abonnement de 10 s\u00e9ances CHF 18.00)<\/p>\n<p><strong>Adultes<\/strong><br \/>\nCHF 4.00 (abonnement de 10 s\u00e9ances CHF 36.00)<\/p>\n<h2>Contact \/ Concierge<\/h2>\n<p>Piscine couverte Kleinfeld<br \/>\nSimon Gfellerweg 5<br \/>\n2543 Lengnau BE<\/p>\n<p>Stefan Ammann<br \/>\nT\u00e9l\u00e9phone 079 474 34 93<\/p>\n<h2>En savoir plus sur le sujet<\/h2>\n<p><a href=\"https:\/\/www.lengnau.ch\/wp-content\/uploads\/2025\/09\/Benuetzungsgesuch_Schul-_und_Sportanlagen_09_2025.pdf\" target=\"_blank\" rel=\"noopener\">Demande d&rsquo;utilisation d&rsquo;installations scolaires et sportives<\/a><br \/>\n<a class=\"reglement_link pdflink\" href=\"https:\/\/www.lengnau.ch\/wp-content\/uploads\/2022\/06\/L2.C_BenuetzungsverordnungSchulSportAula_2021-1.pdf\" target=\"_blank\" rel=\"noopener\">R\u00e8glement d&rsquo;utilisation et d&rsquo;exploitation des installations scolaires et sportives de la commune municipale de Lengnau<\/a><\/p>\n","protected":false},"excerpt":{"rendered":"<p>Heures d&rsquo;ouverture Lundi et mardi (adultes et enfants de plus de 12 ans accompagn\u00e9s d&rsquo;un adulte) 18 h 00 &#8211; 21 h 00 Mercredi et samedi (pr\u00e9sence d&rsquo;un surveillant de baignade) 14 h 00 &#8211; 17 h 00 Samedi (acc\u00e8s r\u00e9serv\u00e9 aux adultes) 09.00 &#8211; 11.00 heures Heures de fermeture Heures de fermeture des installations [&hellip;]<\/p>\n","protected":false},"author":1,"featured_media":0,"parent":3129,"menu_order":10,"comment_status":"closed","ping_status":"closed","template":"","meta":{"_acf_changed":false,"_relevanssi_hide_post":"","_relevanssi_hide_content":"","_relevanssi_pin_for_all":"","_relevanssi_pin_keywords":"","_relevanssi_unpin_keywords":"","_relevanssi_related_keywords":"","_relevanssi_related_include_ids":"","_relevanssi_related_exclude_ids":"","_relevanssi_related_no_append":"","_relevanssi_related_not_related":"","_relevanssi_related_posts":"","_relevanssi_noindex_reason":"","footnotes":""},"class_list":["post-3133","page","type-page","status-publish","hentry"],"acf":[],"yoast_head":"<!-- This site is optimized with the Yoast SEO plugin v27.1.1 - https:\/\/yoast.com\/product\/yoast-seo-wordpress\/ -->\n<title>Piscine couverte - Gemeinde Lengnau<\/title>\n<meta name=\"robots\" content=\"index, follow, max-snippet:-1, max-image-preview:large, max-video-preview:-1\" \/>\n<link rel=\"canonical\" href=\"https:\/\/www.lengnau.ch\/fr\/themes\/freizeit\/hallenbad\/\" \/>\n<meta property=\"og:locale\" content=\"fr_FR\" \/>\n<meta property=\"og:type\" content=\"article\" \/>\n<meta property=\"og:title\" content=\"Piscine couverte - Gemeinde Lengnau\" \/>\n<meta property=\"og:description\" content=\"Heures d&rsquo;ouverture Lundi et mardi (adultes et enfants de plus de 12 ans accompagn\u00e9s d&rsquo;un adulte) 18 h 00 &#8211; 21 h 00 Mercredi et samedi (pr\u00e9sence d&rsquo;un surveillant de baignade) 14 h 00 &#8211; 17 h 00 Samedi (acc\u00e8s r\u00e9serv\u00e9 aux adultes) 09.00 &#8211; 11.00 heures Heures de fermeture Heures de fermeture des installations [&hellip;]\" \/>\n<meta property=\"og:url\" content=\"https:\/\/www.lengnau.ch\/fr\/themes\/freizeit\/hallenbad\/\" \/>\n<meta property=\"og:site_name\" content=\"Gemeinde Lengnau\" \/>\n<meta property=\"article:modified_time\" content=\"2026-03-11T10:02:49+00:00\" \/>\n<meta name=\"twitter:card\" content=\"summary_large_image\" \/>\n<script type=\"application\/ld+json\" class=\"yoast-schema-graph\">{\"@context\":\"https:\/\/schema.org\",\"@graph\":[{\"@type\":\"WebPage\",\"@id\":\"https:\/\/www.lengnau.ch\/fr\/themes\/freizeit\/hallenbad\/\",\"url\":\"https:\/\/www.lengnau.ch\/fr\/themes\/freizeit\/hallenbad\/\",\"name\":\"Piscine couverte - Gemeinde Lengnau\",\"isPartOf\":{\"@id\":\"https:\/\/www.lengnau.ch\/#website\"},\"datePublished\":\"2022-02-16T14:33:04+00:00\",\"dateModified\":\"2026-03-11T10:02:49+00:00\",\"breadcrumb\":{\"@id\":\"https:\/\/www.lengnau.ch\/fr\/themes\/freizeit\/hallenbad\/#breadcrumb\"},\"inLanguage\":\"fr-FR\",\"potentialAction\":[{\"@type\":\"ReadAction\",\"target\":[\"https:\/\/www.lengnau.ch\/fr\/themes\/freizeit\/hallenbad\/\"]}]},{\"@type\":\"BreadcrumbList\",\"@id\":\"https:\/\/www.lengnau.ch\/fr\/themes\/freizeit\/hallenbad\/#breadcrumb\",\"itemListElement\":[{\"@type\":\"ListItem\",\"position\":1,\"name\":\"Home\",\"item\":\"https:\/\/www.lengnau.ch\/fr\/\"},{\"@type\":\"ListItem\",\"position\":2,\"name\":\"Th\u00e8mes\",\"item\":\"https:\/\/www.lengnau.ch\/fr\/themes\/\"},{\"@type\":\"ListItem\",\"position\":3,\"name\":\"Loisirs\",\"item\":\"https:\/\/www.lengnau.ch\/fr\/themes\/freizeit\/\"},{\"@type\":\"ListItem\",\"position\":4,\"name\":\"Piscine couverte\"}]},{\"@type\":\"WebSite\",\"@id\":\"https:\/\/www.lengnau.ch\/#website\",\"url\":\"https:\/\/www.lengnau.ch\/\",\"name\":\"Gemeinde Lengnau\",\"description\":\"\",\"potentialAction\":[{\"@type\":\"SearchAction\",\"target\":{\"@type\":\"EntryPoint\",\"urlTemplate\":\"https:\/\/www.lengnau.ch\/?s={search_term_string}\"},\"query-input\":{\"@type\":\"PropertyValueSpecification\",\"valueRequired\":true,\"valueName\":\"search_term_string\"}}],\"inLanguage\":\"fr-FR\"}]}<\/script>\n<!-- \/ Yoast SEO plugin. -->","yoast_head_json":{"title":"Piscine couverte - Gemeinde Lengnau","robots":{"index":"index","follow":"follow","max-snippet":"max-snippet:-1","max-image-preview":"max-image-preview:large","max-video-preview":"max-video-preview:-1"},"canonical":"https:\/\/www.lengnau.ch\/fr\/themes\/freizeit\/hallenbad\/","og_locale":"fr_FR","og_type":"article","og_title":"Piscine couverte - Gemeinde Lengnau","og_description":"Heures d&rsquo;ouverture Lundi et mardi (adultes et enfants de plus de 12 ans accompagn\u00e9s d&rsquo;un adulte) 18 h 00 &#8211; 21 h 00 Mercredi et samedi (pr\u00e9sence d&rsquo;un surveillant de baignade) 14 h 00 &#8211; 17 h 00 Samedi (acc\u00e8s r\u00e9serv\u00e9 aux adultes) 09.00 &#8211; 11.00 heures Heures de fermeture Heures de fermeture des installations [&hellip;]","og_url":"https:\/\/www.lengnau.ch\/fr\/themes\/freizeit\/hallenbad\/","og_site_name":"Gemeinde Lengnau","article_modified_time":"2026-03-11T10:02:49+00:00","twitter_card":"summary_large_image","schema":{"@context":"https:\/\/schema.org","@graph":[{"@type":"WebPage","@id":"https:\/\/www.lengnau.ch\/fr\/themes\/freizeit\/hallenbad\/","url":"https:\/\/www.lengnau.ch\/fr\/themes\/freizeit\/hallenbad\/","name":"Piscine couverte - Gemeinde Lengnau","isPartOf":{"@id":"https:\/\/www.lengnau.ch\/#website"},"datePublished":"2022-02-16T14:33:04+00:00","dateModified":"2026-03-11T10:02:49+00:00","breadcrumb":{"@id":"https:\/\/www.lengnau.ch\/fr\/themes\/freizeit\/hallenbad\/#breadcrumb"},"inLanguage":"fr-FR","potentialAction":[{"@type":"ReadAction","target":["https:\/\/www.lengnau.ch\/fr\/themes\/freizeit\/hallenbad\/"]}]},{"@type":"BreadcrumbList","@id":"https:\/\/www.lengnau.ch\/fr\/themes\/freizeit\/hallenbad\/#breadcrumb","itemListElement":[{"@type":"ListItem","position":1,"name":"Home","item":"https:\/\/www.lengnau.ch\/fr\/"},{"@type":"ListItem","position":2,"name":"Th\u00e8mes","item":"https:\/\/www.lengnau.ch\/fr\/themes\/"},{"@type":"ListItem","position":3,"name":"Loisirs","item":"https:\/\/www.lengnau.ch\/fr\/themes\/freizeit\/"},{"@type":"ListItem","position":4,"name":"Piscine couverte"}]},{"@type":"WebSite","@id":"https:\/\/www.lengnau.ch\/#website","url":"https:\/\/www.lengnau.ch\/","name":"Gemeinde Lengnau","description":"","potentialAction":[{"@type":"SearchAction","target":{"@type":"EntryPoint","urlTemplate":"https:\/\/www.lengnau.ch\/?s={search_term_string}"},"query-input":{"@type":"PropertyValueSpecification","valueRequired":true,"valueName":"search_term_string"}}],"inLanguage":"fr-FR"}]}},"publishpress_future_action":{"enabled":false,"date":"2026-04-12 18:15:15","action":"change-status","newStatus":"draft","terms":[],"taxonomy":"translation_priority","extraData":[]},"publishpress_future_workflow_manual_trigger":{"enabledWorkflows":[]},"_links":{"self":[{"href":"https:\/\/www.lengnau.ch\/fr\/wp-json\/wp\/v2\/pages\/3133","targetHints":{"allow":["GET"]}}],"collection":[{"href":"https:\/\/www.lengnau.ch\/fr\/wp-json\/wp\/v2\/pages"}],"about":[{"href":"https:\/\/www.lengnau.ch\/fr\/wp-json\/wp\/v2\/types\/page"}],"author":[{"embeddable":true,"href":"https:\/\/www.lengnau.ch\/fr\/wp-json\/wp\/v2\/users\/1"}],"replies":[{"embeddable":true,"href":"https:\/\/www.lengnau.ch\/fr\/wp-json\/wp\/v2\/comments?post=3133"}],"version-history":[{"count":11,"href":"https:\/\/www.lengnau.ch\/fr\/wp-json\/wp\/v2\/pages\/3133\/revisions"}],"predecessor-version":[{"id":19161,"href":"https:\/\/www.lengnau.ch\/fr\/wp-json\/wp\/v2\/pages\/3133\/revisions\/19161"}],"up":[{"embeddable":true,"href":"https:\/\/www.lengnau.ch\/fr\/wp-json\/wp\/v2\/pages\/3129"}],"wp:attachment":[{"href":"https:\/\/www.lengnau.ch\/fr\/wp-json\/wp\/v2\/media?parent=3133"}],"curies":[{"name":"wp","href":"https:\/\/api.w.org\/{rel}","templated":true}]}}