{"id":3131,"date":"2022-02-16T15:30:19","date_gmt":"2022-02-16T14:30:19","guid":{"rendered":"https:\/\/lengnau.rettenmund.com\/themen\/schule-und-bildung\/schule-lengnau\/"},"modified":"2025-07-15T10:05:31","modified_gmt":"2025-07-15T08:05:31","slug":"schule-lengnau","status":"publish","type":"page","link":"https:\/\/www.lengnau.ch\/fr\/themes\/schule-und-bildung\/schule-lengnau\/","title":{"rendered":"\u00c9cole de Lengnau"},"content":{"rendered":"<p>Nous sommes une communaut\u00e9 d&rsquo;apprentissage dynamique qui agit dans des espaces d&rsquo;apprentissage et de travail mobiles et interactifs. L&rsquo;\u00e9cole \u00e0 l&rsquo;organisation l\u00e9g\u00e8re dispose de processus simples et d&rsquo;outils modernes pour pr\u00e9parer les \u00e9l\u00e8ves aux d\u00e9fis futurs.<\/p>\n<p><a href=\"https:\/\/www.phbern.ch\/ueber-die-phbern\/partnerschulen\" target=\"_blank\" rel=\"noopener\"><img loading=\"lazy\" decoding=\"async\" class=\"alignnone\" src=\"https:\/\/www.lengnau.ch\/wp-content\/uploads\/2024\/10\/PHB_Logo_Partnerschule-scaled-e1728540487926.jpg\" alt=\"\" width=\"440\" height=\"99\"><\/a><\/p>\n<h2>Contacts<\/h2>\n<p><strong>Delia Morf<\/strong><br \/>\nDirection de l&rsquo;\u00e9ducation \/ Direction du primaire village<br \/>\n<a href=\"mailto:de********@*****au.ch\" data-original-string=\"BkNODQudOoGVV61VL8CV2Q==a0eJoIBzPLlYOcRffMZxenszt+4PhavkXGfsaMTtuQPvBE=\" title=\"This contact has been encoded by Anti-Spam by CleanTalk. Click to decode. To finish the decoding make sure that JavaScript is enabled in your browser.\">Courrier \u00e9lectronique<\/a><\/p>\n<p><strong>Michael Kneub\u00fchler<br \/>\n<\/strong>Direction du secondaire et du primaire Kleinfeld<br \/>\n<a href=\"mailto:mi*****************@************au.ch\" data-original-string=\"QjIVRKlZY6BTVaC8q+DIkA==a0eBc\/rxIeKeZ9DURBqvDf+iggzwuOM4f9ze45wuks1Y2TJlWgJgxa6SzFloO++rHHR\" title=\"This contact has been encoded by Anti-Spam by CleanTalk. Click to decode. To finish the decoding make sure that JavaScript is enabled in your browser.\" target=\"_blank\" rel=\"noopener\">Courrier \u00e9lectronique<\/a><\/p>\n<p><strong>Sarah Baumann<br \/>\n<\/strong>Direction du jardin d&rsquo;enfants<br \/>\n<a href=\"mailto:sa***********@************au.ch\" data-original-string=\"SaO32SrdEWYd935kF8\/2hQ==a0eNhB4gqZy3Y8JIZs6bRvryZC+qOZMlf6snzEj18xt\/cQ=\" title=\"This contact has been encoded by Anti-Spam by CleanTalk. Click to decode. To finish the decoding make sure that JavaScript is enabled in your browser.\" target=\"_blank\" rel=\"noopener\">Courrier \u00e9lectronique<\/a><\/p>\n<p><strong>Franziska Schmalz<br \/>\n<\/strong>Co-responsable de l&rsquo;enseignement sp\u00e9cialis\u00e9<br \/>\n<a href=\"mailto:fr***************@************au.ch\" data-original-string=\"zVLJh2zBazgSLnfeONEavA==a0eIFyXd3EotQ5WrBu8AzMD8DwIBUfNazyFdas2K76DoHKg1nWVsuuxd28dGPAUM0LP\" title=\"This contact has been encoded by Anti-Spam by CleanTalk. Click to decode. To finish the decoding make sure that JavaScript is enabled in your browser.\" target=\"_blank\" rel=\"noopener\">Courrier \u00e9lectronique<\/a><\/p>\n<p><strong>Lena Gm\u00fcnder<\/strong><br \/>\nCo-direction de l&rsquo;enseignement sp\u00e9cialis\u00e9<br \/>\n<a href=\"mailto:le***********@************au.ch\" data-original-string=\"s4bIOsVV\/Elh2TPylMktUw==a0e6y8y5Ag2M8h\/U3eKQDRE+a8MCViuM7b\/Dth7Ms\/cUng=\" title=\"This contact has been encoded by Anti-Spam by CleanTalk. Click to decode. To finish the decoding make sure that JavaScript is enabled in your browser.\" target=\"_blank\" rel=\"noopener\">Courrier \u00e9lectronique<\/a><\/p>\n<p><strong>Nicole Thomet<\/strong><br \/>\nAdministration de l&rsquo;\u00e9cole<br \/>\n<a href=\"mailto:ni***********@*****au.ch\" data-original-string=\"j+ZdwxscedZ5WRc21TNaeA==a0eUMBHDlisetNHhjccIHu3cpdGdTxWvgzRz9FiBwGIA+8=\" title=\"This contact has been encoded by Anti-Spam by CleanTalk. Click to decode. To finish the decoding make sure that JavaScript is enabled in your browser.\">Courrier \u00e9lectronique<\/a><\/p>\n<p><strong>Administration scolaire<br \/>\n<\/strong>\u00c9cole de Lengnau<br \/>\nSchulweg 6<br \/>\n2543 Lengnau BE<\/p>\n<p>T\u00e9l\u00e9phone 032 654 71 06<br \/>\n<a href=\"mailto:sc**********@*****au.ch\" data-original-string=\"ES5gKrobYHJFXOwWUM2wXw==a0edjHvz2y1cshC73fnFpQR7xqXhyu1IE4XlMS70qyA6v0=\" title=\"This contact has been encoded by Anti-Spam by CleanTalk. Click to decode. To finish the decoding make sure that JavaScript is enabled in your browser.\">Courrier \u00e9lectronique<\/a><\/p>\n<h2>Heures d&rsquo;ouverture de l&rsquo;administration scolaire<\/h2>\n<p>Lundi, mardi, jeudi et vendredi<br \/>\n09h00 &#8211; 11h30<\/p>\n<p>Ferm\u00e9 le mercredi<\/p>\n<h2>Plus d&rsquo;informations<\/h2>\n<p><a href=\"https:\/\/www.schule-lengnau.ch\/\" target=\"_blank\" rel=\"noopener\">Site web \u00e9cole Lengnau<\/a><\/p>\n","protected":false},"excerpt":{"rendered":"<p>Nous sommes une communaut\u00e9 d&rsquo;apprentissage dynamique qui agit dans des espaces d&rsquo;apprentissage et de travail mobiles et interactifs. L&rsquo;\u00e9cole \u00e0 l&rsquo;organisation l\u00e9g\u00e8re dispose de processus simples et d&rsquo;outils modernes pour pr\u00e9parer les \u00e9l\u00e8ves aux d\u00e9fis futurs. Contacts Delia Morf Direction de l&rsquo;\u00e9ducation \/ Direction du primaire village Courrier \u00e9lectronique Michael Kneub\u00fchler Direction du secondaire et [&hellip;]<\/p>\n","protected":false},"author":1,"featured_media":0,"parent":3128,"menu_order":8,"comment_status":"closed","ping_status":"closed","template":"","meta":{"_acf_changed":false,"_relevanssi_hide_post":"","_relevanssi_hide_content":"","_relevanssi_pin_for_all":"","_relevanssi_pin_keywords":"","_relevanssi_unpin_keywords":"","_relevanssi_related_keywords":"","_relevanssi_related_include_ids":"","_relevanssi_related_exclude_ids":"","_relevanssi_related_no_append":"","_relevanssi_related_not_related":"","_relevanssi_related_posts":"","_relevanssi_noindex_reason":"","footnotes":""},"class_list":["post-3131","page","type-page","status-publish","hentry"],"acf":[],"yoast_head":"<!-- This site is optimized with the Yoast SEO plugin v27.3 - https:\/\/yoast.com\/product\/yoast-seo-wordpress\/ -->\n<title>\u00c9cole de Lengnau - Gemeinde Lengnau<\/title>\n<meta name=\"robots\" content=\"index, follow, max-snippet:-1, max-image-preview:large, max-video-preview:-1\" \/>\n<link rel=\"canonical\" href=\"https:\/\/www.lengnau.ch\/fr\/themes\/schule-und-bildung\/schule-lengnau\/\" \/>\n<meta property=\"og:locale\" content=\"fr_FR\" \/>\n<meta property=\"og:type\" content=\"article\" \/>\n<meta property=\"og:title\" content=\"\u00c9cole de Lengnau - Gemeinde Lengnau\" \/>\n<meta property=\"og:description\" content=\"Nous sommes une communaut\u00e9 d&rsquo;apprentissage dynamique qui agit dans des espaces d&rsquo;apprentissage et de travail mobiles et interactifs. L&rsquo;\u00e9cole \u00e0 l&rsquo;organisation l\u00e9g\u00e8re dispose de processus simples et d&rsquo;outils modernes pour pr\u00e9parer les \u00e9l\u00e8ves aux d\u00e9fis futurs. Contacts Delia Morf Direction de l&rsquo;\u00e9ducation \/ Direction du primaire village Courrier \u00e9lectronique Michael Kneub\u00fchler Direction du secondaire et [&hellip;]\" \/>\n<meta property=\"og:url\" content=\"https:\/\/www.lengnau.ch\/fr\/themes\/schule-und-bildung\/schule-lengnau\/\" \/>\n<meta property=\"og:site_name\" content=\"Gemeinde Lengnau\" \/>\n<meta property=\"article:modified_time\" content=\"2025-07-15T08:05:31+00:00\" \/>\n<meta property=\"og:image\" content=\"https:\/\/www.lengnau.ch\/wp-content\/uploads\/2024\/10\/PHB_Logo_Partnerschule-scaled-e1728540487926.jpg\" \/>\n<meta name=\"twitter:card\" content=\"summary_large_image\" \/>\n<script type=\"application\/ld+json\" class=\"yoast-schema-graph\">{\"@context\":\"https:\\\/\\\/schema.org\",\"@graph\":[{\"@type\":\"WebPage\",\"@id\":\"https:\\\/\\\/www.lengnau.ch\\\/fr\\\/themes\\\/schule-und-bildung\\\/schule-lengnau\\\/\",\"url\":\"https:\\\/\\\/www.lengnau.ch\\\/fr\\\/themes\\\/schule-und-bildung\\\/schule-lengnau\\\/\",\"name\":\"\u00c9cole de Lengnau - Gemeinde Lengnau\",\"isPartOf\":{\"@id\":\"https:\\\/\\\/www.lengnau.ch\\\/#website\"},\"primaryImageOfPage\":{\"@id\":\"https:\\\/\\\/www.lengnau.ch\\\/fr\\\/themes\\\/schule-und-bildung\\\/schule-lengnau\\\/#primaryimage\"},\"image\":{\"@id\":\"https:\\\/\\\/www.lengnau.ch\\\/fr\\\/themes\\\/schule-und-bildung\\\/schule-lengnau\\\/#primaryimage\"},\"thumbnailUrl\":\"https:\\\/\\\/www.lengnau.ch\\\/wp-content\\\/uploads\\\/2024\\\/10\\\/PHB_Logo_Partnerschule-scaled-e1728540487926.jpg\",\"datePublished\":\"2022-02-16T14:30:19+00:00\",\"dateModified\":\"2025-07-15T08:05:31+00:00\",\"breadcrumb\":{\"@id\":\"https:\\\/\\\/www.lengnau.ch\\\/fr\\\/themes\\\/schule-und-bildung\\\/schule-lengnau\\\/#breadcrumb\"},\"inLanguage\":\"fr-FR\",\"potentialAction\":[{\"@type\":\"ReadAction\",\"target\":[\"https:\\\/\\\/www.lengnau.ch\\\/fr\\\/themes\\\/schule-und-bildung\\\/schule-lengnau\\\/\"]}]},{\"@type\":\"ImageObject\",\"inLanguage\":\"fr-FR\",\"@id\":\"https:\\\/\\\/www.lengnau.ch\\\/fr\\\/themes\\\/schule-und-bildung\\\/schule-lengnau\\\/#primaryimage\",\"url\":\"https:\\\/\\\/www.lengnau.ch\\\/wp-content\\\/uploads\\\/2024\\\/10\\\/PHB_Logo_Partnerschule-scaled-e1728540487926.jpg\",\"contentUrl\":\"https:\\\/\\\/www.lengnau.ch\\\/wp-content\\\/uploads\\\/2024\\\/10\\\/PHB_Logo_Partnerschule-scaled-e1728540487926.jpg\"},{\"@type\":\"BreadcrumbList\",\"@id\":\"https:\\\/\\\/www.lengnau.ch\\\/fr\\\/themes\\\/schule-und-bildung\\\/schule-lengnau\\\/#breadcrumb\",\"itemListElement\":[{\"@type\":\"ListItem\",\"position\":1,\"name\":\"Home\",\"item\":\"https:\\\/\\\/www.lengnau.ch\\\/fr\\\/\"},{\"@type\":\"ListItem\",\"position\":2,\"name\":\"Th\u00e8mes\",\"item\":\"https:\\\/\\\/www.lengnau.ch\\\/fr\\\/themes\\\/\"},{\"@type\":\"ListItem\",\"position\":3,\"name\":\"\u00c9cole et formation\",\"item\":\"https:\\\/\\\/www.lengnau.ch\\\/fr\\\/themes\\\/schule-und-bildung\\\/\"},{\"@type\":\"ListItem\",\"position\":4,\"name\":\"\u00c9cole de Lengnau\"}]},{\"@type\":\"WebSite\",\"@id\":\"https:\\\/\\\/www.lengnau.ch\\\/#website\",\"url\":\"https:\\\/\\\/www.lengnau.ch\\\/\",\"name\":\"Gemeinde Lengnau\",\"description\":\"\",\"potentialAction\":[{\"@type\":\"SearchAction\",\"target\":{\"@type\":\"EntryPoint\",\"urlTemplate\":\"https:\\\/\\\/www.lengnau.ch\\\/?s={search_term_string}\"},\"query-input\":{\"@type\":\"PropertyValueSpecification\",\"valueRequired\":true,\"valueName\":\"search_term_string\"}}],\"inLanguage\":\"fr-FR\"}]}<\/script>\n<!-- \/ Yoast SEO plugin. -->","yoast_head_json":{"title":"\u00c9cole de Lengnau - Gemeinde Lengnau","robots":{"index":"index","follow":"follow","max-snippet":"max-snippet:-1","max-image-preview":"max-image-preview:large","max-video-preview":"max-video-preview:-1"},"canonical":"https:\/\/www.lengnau.ch\/fr\/themes\/schule-und-bildung\/schule-lengnau\/","og_locale":"fr_FR","og_type":"article","og_title":"\u00c9cole de Lengnau - Gemeinde Lengnau","og_description":"Nous sommes une communaut\u00e9 d&rsquo;apprentissage dynamique qui agit dans des espaces d&rsquo;apprentissage et de travail mobiles et interactifs. L&rsquo;\u00e9cole \u00e0 l&rsquo;organisation l\u00e9g\u00e8re dispose de processus simples et d&rsquo;outils modernes pour pr\u00e9parer les \u00e9l\u00e8ves aux d\u00e9fis futurs. Contacts Delia Morf Direction de l&rsquo;\u00e9ducation \/ Direction du primaire village Courrier \u00e9lectronique Michael Kneub\u00fchler Direction du secondaire et [&hellip;]","og_url":"https:\/\/www.lengnau.ch\/fr\/themes\/schule-und-bildung\/schule-lengnau\/","og_site_name":"Gemeinde Lengnau","article_modified_time":"2025-07-15T08:05:31+00:00","og_image":[{"url":"https:\/\/www.lengnau.ch\/wp-content\/uploads\/2024\/10\/PHB_Logo_Partnerschule-scaled-e1728540487926.jpg","type":"","width":"","height":""}],"twitter_card":"summary_large_image","schema":{"@context":"https:\/\/schema.org","@graph":[{"@type":"WebPage","@id":"https:\/\/www.lengnau.ch\/fr\/themes\/schule-und-bildung\/schule-lengnau\/","url":"https:\/\/www.lengnau.ch\/fr\/themes\/schule-und-bildung\/schule-lengnau\/","name":"\u00c9cole de Lengnau - Gemeinde Lengnau","isPartOf":{"@id":"https:\/\/www.lengnau.ch\/#website"},"primaryImageOfPage":{"@id":"https:\/\/www.lengnau.ch\/fr\/themes\/schule-und-bildung\/schule-lengnau\/#primaryimage"},"image":{"@id":"https:\/\/www.lengnau.ch\/fr\/themes\/schule-und-bildung\/schule-lengnau\/#primaryimage"},"thumbnailUrl":"https:\/\/www.lengnau.ch\/wp-content\/uploads\/2024\/10\/PHB_Logo_Partnerschule-scaled-e1728540487926.jpg","datePublished":"2022-02-16T14:30:19+00:00","dateModified":"2025-07-15T08:05:31+00:00","breadcrumb":{"@id":"https:\/\/www.lengnau.ch\/fr\/themes\/schule-und-bildung\/schule-lengnau\/#breadcrumb"},"inLanguage":"fr-FR","potentialAction":[{"@type":"ReadAction","target":["https:\/\/www.lengnau.ch\/fr\/themes\/schule-und-bildung\/schule-lengnau\/"]}]},{"@type":"ImageObject","inLanguage":"fr-FR","@id":"https:\/\/www.lengnau.ch\/fr\/themes\/schule-und-bildung\/schule-lengnau\/#primaryimage","url":"https:\/\/www.lengnau.ch\/wp-content\/uploads\/2024\/10\/PHB_Logo_Partnerschule-scaled-e1728540487926.jpg","contentUrl":"https:\/\/www.lengnau.ch\/wp-content\/uploads\/2024\/10\/PHB_Logo_Partnerschule-scaled-e1728540487926.jpg"},{"@type":"BreadcrumbList","@id":"https:\/\/www.lengnau.ch\/fr\/themes\/schule-und-bildung\/schule-lengnau\/#breadcrumb","itemListElement":[{"@type":"ListItem","position":1,"name":"Home","item":"https:\/\/www.lengnau.ch\/fr\/"},{"@type":"ListItem","position":2,"name":"Th\u00e8mes","item":"https:\/\/www.lengnau.ch\/fr\/themes\/"},{"@type":"ListItem","position":3,"name":"\u00c9cole et formation","item":"https:\/\/www.lengnau.ch\/fr\/themes\/schule-und-bildung\/"},{"@type":"ListItem","position":4,"name":"\u00c9cole de Lengnau"}]},{"@type":"WebSite","@id":"https:\/\/www.lengnau.ch\/#website","url":"https:\/\/www.lengnau.ch\/","name":"Gemeinde Lengnau","description":"","potentialAction":[{"@type":"SearchAction","target":{"@type":"EntryPoint","urlTemplate":"https:\/\/www.lengnau.ch\/?s={search_term_string}"},"query-input":{"@type":"PropertyValueSpecification","valueRequired":true,"valueName":"search_term_string"}}],"inLanguage":"fr-FR"}]}},"publishpress_future_action":{"enabled":false,"date":"2026-04-20 14:49:32","action":"change-status","newStatus":"draft","terms":[],"taxonomy":"translation_priority","extraData":[]},"publishpress_future_workflow_manual_trigger":{"enabledWorkflows":[]},"_links":{"self":[{"href":"https:\/\/www.lengnau.ch\/fr\/wp-json\/wp\/v2\/pages\/3131","targetHints":{"allow":["GET"]}}],"collection":[{"href":"https:\/\/www.lengnau.ch\/fr\/wp-json\/wp\/v2\/pages"}],"about":[{"href":"https:\/\/www.lengnau.ch\/fr\/wp-json\/wp\/v2\/types\/page"}],"author":[{"embeddable":true,"href":"https:\/\/www.lengnau.ch\/fr\/wp-json\/wp\/v2\/users\/1"}],"replies":[{"embeddable":true,"href":"https:\/\/www.lengnau.ch\/fr\/wp-json\/wp\/v2\/comments?post=3131"}],"version-history":[{"count":10,"href":"https:\/\/www.lengnau.ch\/fr\/wp-json\/wp\/v2\/pages\/3131\/revisions"}],"predecessor-version":[{"id":17225,"href":"https:\/\/www.lengnau.ch\/fr\/wp-json\/wp\/v2\/pages\/3131\/revisions\/17225"}],"up":[{"embeddable":true,"href":"https:\/\/www.lengnau.ch\/fr\/wp-json\/wp\/v2\/pages\/3128"}],"wp:attachment":[{"href":"https:\/\/www.lengnau.ch\/fr\/wp-json\/wp\/v2\/media?parent=3131"}],"curies":[{"name":"wp","href":"https:\/\/api.w.org\/{rel}","templated":true}]}}