{"id":3130,"date":"2022-02-16T15:32:54","date_gmt":"2022-02-16T14:32:54","guid":{"rendered":"https:\/\/lengnau.rettenmund.com\/themen\/freizeit\/vereinsverzeichnis\/"},"modified":"2026-02-27T10:41:26","modified_gmt":"2026-02-27T09:41:26","slug":"vereinsverzeichnis","status":"publish","type":"page","link":"https:\/\/www.lengnau.ch\/fr\/themes\/freizeit\/vereinsverzeichnis\/","title":{"rendered":"R\u00e9pertoire des associations"},"content":{"rendered":"<p>Vous pouvez inscrire vous-m\u00eame une association sur cette page. La nouvelle inscription ne sera activ\u00e9e qu&rsquo;apr\u00e8s avoir \u00e9t\u00e9 pass\u00e9e en revue par le service de la pr\u00e9sidence.<\/p>\n<p><a href=\"https:\/\/www.lengnau.ch\/fr\/nouvelle-inscription-de-lentreprise-dans-le-repertoire-des-entreprises-2\/\">Nouvelle inscription de l&rsquo;association<\/a><\/p>\n<p><a href=\"https:\/\/www.lengnau.ch\/wp-content\/uploads\/2025\/07\/15_Mitgliederverzeichnis_Lengnauer_Ortsvereinigung_2025.pdf\" target=\"_blank\" rel=\"noopener\">Liste des membres de la section de Lengnau<\/a><br \/>\n<a href=\"https:\/\/www.lengnau.ch\/wp-content\/uploads\/2026\/02\/16_Lengnauer_Agenda_Februar_bis_Mai_2026.pdf\" target=\"_blank\" rel=\"noopener\">Agenda de Lengnau F\u00e9vrier \u00e0 mai 2026<\/a><\/p>\n","protected":false},"excerpt":{"rendered":"<p>Vous pouvez inscrire vous-m\u00eame une association sur cette page. La nouvelle inscription ne sera activ\u00e9e qu&rsquo;apr\u00e8s avoir \u00e9t\u00e9 pass\u00e9e en revue par le service de la pr\u00e9sidence. Nouvelle inscription de l&rsquo;association Liste des membres de la section de Lengnau Agenda de Lengnau F\u00e9vrier \u00e0 mai 2026<\/p>\n","protected":false},"author":1,"featured_media":0,"parent":3129,"menu_order":8,"comment_status":"closed","ping_status":"closed","template":"page-vereinsverz.php","meta":{"_acf_changed":false,"_relevanssi_hide_post":"","_relevanssi_hide_content":"","_relevanssi_pin_for_all":"","_relevanssi_pin_keywords":"","_relevanssi_unpin_keywords":"","_relevanssi_related_keywords":"","_relevanssi_related_include_ids":"","_relevanssi_related_exclude_ids":"","_relevanssi_related_no_append":"","_relevanssi_related_not_related":"","_relevanssi_related_posts":"","_relevanssi_noindex_reason":"","footnotes":""},"class_list":["post-3130","page","type-page","status-publish","hentry"],"acf":[],"yoast_head":"<!-- This site is optimized with the Yoast SEO plugin v27.1.1 - https:\/\/yoast.com\/product\/yoast-seo-wordpress\/ -->\n<title>R\u00e9pertoire des associations - Gemeinde Lengnau<\/title>\n<meta name=\"robots\" content=\"index, follow, max-snippet:-1, max-image-preview:large, max-video-preview:-1\" \/>\n<link rel=\"canonical\" href=\"https:\/\/www.lengnau.ch\/fr\/themes\/freizeit\/vereinsverzeichnis\/\" \/>\n<meta property=\"og:locale\" content=\"fr_FR\" \/>\n<meta property=\"og:type\" content=\"article\" \/>\n<meta property=\"og:title\" content=\"R\u00e9pertoire des associations - Gemeinde Lengnau\" \/>\n<meta property=\"og:description\" content=\"Vous pouvez inscrire vous-m\u00eame une association sur cette page. La nouvelle inscription ne sera activ\u00e9e qu&rsquo;apr\u00e8s avoir \u00e9t\u00e9 pass\u00e9e en revue par le service de la pr\u00e9sidence. Nouvelle inscription de l&rsquo;association Liste des membres de la section de Lengnau Agenda de Lengnau F\u00e9vrier \u00e0 mai 2026\" \/>\n<meta property=\"og:url\" content=\"https:\/\/www.lengnau.ch\/fr\/themes\/freizeit\/vereinsverzeichnis\/\" \/>\n<meta property=\"og:site_name\" content=\"Gemeinde Lengnau\" \/>\n<meta property=\"article:modified_time\" content=\"2026-02-27T09:41:26+00:00\" \/>\n<meta name=\"twitter:card\" content=\"summary_large_image\" \/>\n<script type=\"application\/ld+json\" class=\"yoast-schema-graph\">{\"@context\":\"https:\/\/schema.org\",\"@graph\":[{\"@type\":\"WebPage\",\"@id\":\"https:\/\/www.lengnau.ch\/fr\/themes\/freizeit\/vereinsverzeichnis\/\",\"url\":\"https:\/\/www.lengnau.ch\/fr\/themes\/freizeit\/vereinsverzeichnis\/\",\"name\":\"R\u00e9pertoire des associations - Gemeinde Lengnau\",\"isPartOf\":{\"@id\":\"https:\/\/www.lengnau.ch\/#website\"},\"datePublished\":\"2022-02-16T14:32:54+00:00\",\"dateModified\":\"2026-02-27T09:41:26+00:00\",\"breadcrumb\":{\"@id\":\"https:\/\/www.lengnau.ch\/fr\/themes\/freizeit\/vereinsverzeichnis\/#breadcrumb\"},\"inLanguage\":\"fr-FR\",\"potentialAction\":[{\"@type\":\"ReadAction\",\"target\":[\"https:\/\/www.lengnau.ch\/fr\/themes\/freizeit\/vereinsverzeichnis\/\"]}]},{\"@type\":\"BreadcrumbList\",\"@id\":\"https:\/\/www.lengnau.ch\/fr\/themes\/freizeit\/vereinsverzeichnis\/#breadcrumb\",\"itemListElement\":[{\"@type\":\"ListItem\",\"position\":1,\"name\":\"Home\",\"item\":\"https:\/\/www.lengnau.ch\/fr\/\"},{\"@type\":\"ListItem\",\"position\":2,\"name\":\"Th\u00e8mes\",\"item\":\"https:\/\/www.lengnau.ch\/fr\/themes\/\"},{\"@type\":\"ListItem\",\"position\":3,\"name\":\"Loisirs\",\"item\":\"https:\/\/www.lengnau.ch\/fr\/themes\/freizeit\/\"},{\"@type\":\"ListItem\",\"position\":4,\"name\":\"R\u00e9pertoire des associations\"}]},{\"@type\":\"WebSite\",\"@id\":\"https:\/\/www.lengnau.ch\/#website\",\"url\":\"https:\/\/www.lengnau.ch\/\",\"name\":\"Gemeinde Lengnau\",\"description\":\"\",\"potentialAction\":[{\"@type\":\"SearchAction\",\"target\":{\"@type\":\"EntryPoint\",\"urlTemplate\":\"https:\/\/www.lengnau.ch\/?s={search_term_string}\"},\"query-input\":{\"@type\":\"PropertyValueSpecification\",\"valueRequired\":true,\"valueName\":\"search_term_string\"}}],\"inLanguage\":\"fr-FR\"}]}<\/script>\n<!-- \/ Yoast SEO plugin. -->","yoast_head_json":{"title":"R\u00e9pertoire des associations - Gemeinde Lengnau","robots":{"index":"index","follow":"follow","max-snippet":"max-snippet:-1","max-image-preview":"max-image-preview:large","max-video-preview":"max-video-preview:-1"},"canonical":"https:\/\/www.lengnau.ch\/fr\/themes\/freizeit\/vereinsverzeichnis\/","og_locale":"fr_FR","og_type":"article","og_title":"R\u00e9pertoire des associations - Gemeinde Lengnau","og_description":"Vous pouvez inscrire vous-m\u00eame une association sur cette page. La nouvelle inscription ne sera activ\u00e9e qu&rsquo;apr\u00e8s avoir \u00e9t\u00e9 pass\u00e9e en revue par le service de la pr\u00e9sidence. Nouvelle inscription de l&rsquo;association Liste des membres de la section de Lengnau Agenda de Lengnau F\u00e9vrier \u00e0 mai 2026","og_url":"https:\/\/www.lengnau.ch\/fr\/themes\/freizeit\/vereinsverzeichnis\/","og_site_name":"Gemeinde Lengnau","article_modified_time":"2026-02-27T09:41:26+00:00","twitter_card":"summary_large_image","schema":{"@context":"https:\/\/schema.org","@graph":[{"@type":"WebPage","@id":"https:\/\/www.lengnau.ch\/fr\/themes\/freizeit\/vereinsverzeichnis\/","url":"https:\/\/www.lengnau.ch\/fr\/themes\/freizeit\/vereinsverzeichnis\/","name":"R\u00e9pertoire des associations - Gemeinde Lengnau","isPartOf":{"@id":"https:\/\/www.lengnau.ch\/#website"},"datePublished":"2022-02-16T14:32:54+00:00","dateModified":"2026-02-27T09:41:26+00:00","breadcrumb":{"@id":"https:\/\/www.lengnau.ch\/fr\/themes\/freizeit\/vereinsverzeichnis\/#breadcrumb"},"inLanguage":"fr-FR","potentialAction":[{"@type":"ReadAction","target":["https:\/\/www.lengnau.ch\/fr\/themes\/freizeit\/vereinsverzeichnis\/"]}]},{"@type":"BreadcrumbList","@id":"https:\/\/www.lengnau.ch\/fr\/themes\/freizeit\/vereinsverzeichnis\/#breadcrumb","itemListElement":[{"@type":"ListItem","position":1,"name":"Home","item":"https:\/\/www.lengnau.ch\/fr\/"},{"@type":"ListItem","position":2,"name":"Th\u00e8mes","item":"https:\/\/www.lengnau.ch\/fr\/themes\/"},{"@type":"ListItem","position":3,"name":"Loisirs","item":"https:\/\/www.lengnau.ch\/fr\/themes\/freizeit\/"},{"@type":"ListItem","position":4,"name":"R\u00e9pertoire des associations"}]},{"@type":"WebSite","@id":"https:\/\/www.lengnau.ch\/#website","url":"https:\/\/www.lengnau.ch\/","name":"Gemeinde Lengnau","description":"","potentialAction":[{"@type":"SearchAction","target":{"@type":"EntryPoint","urlTemplate":"https:\/\/www.lengnau.ch\/?s={search_term_string}"},"query-input":{"@type":"PropertyValueSpecification","valueRequired":true,"valueName":"search_term_string"}}],"inLanguage":"fr-FR"}]}},"publishpress_future_action":{"enabled":false,"date":"2026-04-13 01:37:16","action":"change-status","newStatus":"draft","terms":[],"taxonomy":"translation_priority","extraData":[]},"publishpress_future_workflow_manual_trigger":{"enabledWorkflows":[]},"_links":{"self":[{"href":"https:\/\/www.lengnau.ch\/fr\/wp-json\/wp\/v2\/pages\/3130","targetHints":{"allow":["GET"]}}],"collection":[{"href":"https:\/\/www.lengnau.ch\/fr\/wp-json\/wp\/v2\/pages"}],"about":[{"href":"https:\/\/www.lengnau.ch\/fr\/wp-json\/wp\/v2\/types\/page"}],"author":[{"embeddable":true,"href":"https:\/\/www.lengnau.ch\/fr\/wp-json\/wp\/v2\/users\/1"}],"replies":[{"embeddable":true,"href":"https:\/\/www.lengnau.ch\/fr\/wp-json\/wp\/v2\/comments?post=3130"}],"version-history":[{"count":10,"href":"https:\/\/www.lengnau.ch\/fr\/wp-json\/wp\/v2\/pages\/3130\/revisions"}],"predecessor-version":[{"id":19049,"href":"https:\/\/www.lengnau.ch\/fr\/wp-json\/wp\/v2\/pages\/3130\/revisions\/19049"}],"up":[{"embeddable":true,"href":"https:\/\/www.lengnau.ch\/fr\/wp-json\/wp\/v2\/pages\/3129"}],"wp:attachment":[{"href":"https:\/\/www.lengnau.ch\/fr\/wp-json\/wp\/v2\/media?parent=3130"}],"curies":[{"name":"wp","href":"https:\/\/api.w.org\/{rel}","templated":true}]}}