{"id":3128,"date":"2022-02-16T15:30:03","date_gmt":"2022-02-16T14:30:03","guid":{"rendered":"https:\/\/lengnau.rettenmund.com\/themen\/schule-und-bildung\/"},"modified":"2025-07-15T09:53:47","modified_gmt":"2025-07-15T07:53:47","slug":"schule-und-bildung","status":"publish","type":"page","link":"https:\/\/www.lengnau.ch\/fr\/themes\/schule-und-bildung\/","title":{"rendered":"\u00c9cole et formation"},"content":{"rendered":"<h2>De la maternelle au secondaire<\/h2>\n<p>Dans la commune de Lengnau BE, environ 640 \u00e9l\u00e8ves fr\u00e9quentent les \u00e9coles publiques, du jardin d&rsquo;enfants \u00e0 l&rsquo;enseignement secondaire.<\/p>\n<p><a href=\"https:\/\/www.phbern.ch\/ueber-die-phbern\/partnerschulen\" target=\"_blank\" rel=\"noopener\"><img loading=\"lazy\" decoding=\"async\" class=\"alignnone\" src=\"https:\/\/www.lengnau.ch\/wp-content\/uploads\/2024\/10\/PHB_Logo_Partnerschule-scaled-e1728540487926.jpg\" alt=\"\" width=\"440\" height=\"99\"><\/a><\/p>\n<p>Ci-dessous, vous trouverez \u00e9galement des informations sur l&rsquo;\u00e9cole de musique Region Lengnau-B\u00fcren a\/A et sur la m\u00e9diath\u00e8que de la commune de Lengnau BE.<\/p>\n<h2>Comp\u00e9tences de base &#8211; Campagne \u00ab\u00a0Simplement mieux !<\/h2>\n<p>La connaissance des comp\u00e9tences de base en lecture, \u00e9criture, calcul et\/ou l&rsquo;utilisation des m\u00e9dias num\u00e9riques sont indispensables pour mener une vie autonome.<\/p>\n<p>De la mi-ao\u00fbt \u00e0 d\u00e9cembre 2024, la campagne de sensibilisation de cette ann\u00e9e de \u00ab\u00a0Simplement mieux ! La campagne vise \u00e0 cibler les adultes qui ont suivi une grande partie de leur scolarit\u00e9 en Suisse et qui pr\u00e9sentent des lacunes dans les comp\u00e9tences de base, et \u00e0 les inciter \u00e0 suivre des cours. En outre, la population est sensibilis\u00e9e \u00e0 ce sujet via la t\u00e9l\u00e9vision, la radio, Internet, les bureaux de poste, les transports publics et les supermarch\u00e9s.<\/p>\n<ul>\n<li>Hotline pour les personnes concern\u00e9es : 0800 474 747<\/li>\n<li><a href=\"https:\/\/www.einfach-besser.ch\/privatpersonen-kurssuche\/\" target=\"_blank\" rel=\"noopener noreferrer\">Informations et formations pour les personnes concern\u00e9es<\/a><\/li>\n<\/ul>\n<p><img loading=\"lazy\" decoding=\"async\" class=\"alignnone wp-image-15286 size-full\" src=\"https:\/\/www.lengnau.ch\/wp-content\/uploads\/2024\/12\/Kampagne_einfach_besser.png\" alt=\"\" width=\"734\" height=\"184\" srcset=\"https:\/\/www.lengnau.ch\/wp-content\/uploads\/2024\/12\/Kampagne_einfach_besser.png 734w, https:\/\/www.lengnau.ch\/wp-content\/uploads\/2024\/12\/Kampagne_einfach_besser-300x75.png 300w\" sizes=\"auto, (max-width: 734px) 100vw, 734px\" \/><\/p>\n","protected":false},"excerpt":{"rendered":"<p>De la maternelle au secondaire Dans la commune de Lengnau BE, environ 640 \u00e9l\u00e8ves fr\u00e9quentent les \u00e9coles publiques, du jardin d&rsquo;enfants \u00e0 l&rsquo;enseignement secondaire. Ci-dessous, vous trouverez \u00e9galement des informations sur l&rsquo;\u00e9cole de musique Region Lengnau-B\u00fcren a\/A et sur la m\u00e9diath\u00e8que de la commune de Lengnau BE. Comp\u00e9tences de base &#8211; Campagne \u00ab\u00a0Simplement mieux ! [&hellip;]<\/p>\n","protected":false},"author":1,"featured_media":0,"parent":3092,"menu_order":32,"comment_status":"closed","ping_status":"closed","template":"page-kapitel.php","meta":{"_acf_changed":false,"_relevanssi_hide_post":"","_relevanssi_hide_content":"","_relevanssi_pin_for_all":"","_relevanssi_pin_keywords":"","_relevanssi_unpin_keywords":"","_relevanssi_related_keywords":"","_relevanssi_related_include_ids":"","_relevanssi_related_exclude_ids":"","_relevanssi_related_no_append":"","_relevanssi_related_not_related":"","_relevanssi_related_posts":"","_relevanssi_noindex_reason":"","footnotes":""},"class_list":["post-3128","page","type-page","status-publish","hentry"],"acf":[],"yoast_head":"<!-- This site is optimized with the Yoast SEO plugin v27.5 - https:\/\/yoast.com\/product\/yoast-seo-wordpress\/ -->\n<title>\u00c9cole et formation - Gemeinde Lengnau<\/title>\n<meta name=\"robots\" content=\"index, follow, max-snippet:-1, max-image-preview:large, max-video-preview:-1\" \/>\n<link rel=\"canonical\" href=\"https:\/\/www.lengnau.ch\/fr\/themes\/schule-und-bildung\/\" \/>\n<meta property=\"og:locale\" content=\"fr_FR\" \/>\n<meta property=\"og:type\" content=\"article\" \/>\n<meta property=\"og:title\" content=\"\u00c9cole et formation - Gemeinde Lengnau\" \/>\n<meta property=\"og:description\" content=\"De la maternelle au secondaire Dans la commune de Lengnau BE, environ 640 \u00e9l\u00e8ves fr\u00e9quentent les \u00e9coles publiques, du jardin d&rsquo;enfants \u00e0 l&rsquo;enseignement secondaire. Ci-dessous, vous trouverez \u00e9galement des informations sur l&rsquo;\u00e9cole de musique Region Lengnau-B\u00fcren a\/A et sur la m\u00e9diath\u00e8que de la commune de Lengnau BE. Comp\u00e9tences de base &#8211; Campagne \u00ab\u00a0Simplement mieux ! [&hellip;]\" \/>\n<meta property=\"og:url\" content=\"https:\/\/www.lengnau.ch\/fr\/themes\/schule-und-bildung\/\" \/>\n<meta property=\"og:site_name\" content=\"Gemeinde Lengnau\" \/>\n<meta property=\"article:modified_time\" content=\"2025-07-15T07:53:47+00:00\" \/>\n<meta property=\"og:image\" content=\"https:\/\/www.lengnau.ch\/wp-content\/uploads\/2024\/10\/PHB_Logo_Partnerschule-scaled-e1728540487926.jpg\" \/>\n<meta name=\"twitter:card\" content=\"summary_large_image\" \/>\n<script type=\"application\/ld+json\" class=\"yoast-schema-graph\">{\"@context\":\"https:\\\/\\\/schema.org\",\"@graph\":[{\"@type\":\"WebPage\",\"@id\":\"https:\\\/\\\/www.lengnau.ch\\\/fr\\\/themes\\\/schule-und-bildung\\\/\",\"url\":\"https:\\\/\\\/www.lengnau.ch\\\/fr\\\/themes\\\/schule-und-bildung\\\/\",\"name\":\"\u00c9cole et formation - Gemeinde Lengnau\",\"isPartOf\":{\"@id\":\"https:\\\/\\\/www.lengnau.ch\\\/#website\"},\"primaryImageOfPage\":{\"@id\":\"https:\\\/\\\/www.lengnau.ch\\\/fr\\\/themes\\\/schule-und-bildung\\\/#primaryimage\"},\"image\":{\"@id\":\"https:\\\/\\\/www.lengnau.ch\\\/fr\\\/themes\\\/schule-und-bildung\\\/#primaryimage\"},\"thumbnailUrl\":\"https:\\\/\\\/www.lengnau.ch\\\/wp-content\\\/uploads\\\/2024\\\/10\\\/PHB_Logo_Partnerschule-scaled-e1728540487926.jpg\",\"datePublished\":\"2022-02-16T14:30:03+00:00\",\"dateModified\":\"2025-07-15T07:53:47+00:00\",\"breadcrumb\":{\"@id\":\"https:\\\/\\\/www.lengnau.ch\\\/fr\\\/themes\\\/schule-und-bildung\\\/#breadcrumb\"},\"inLanguage\":\"fr-FR\",\"potentialAction\":[{\"@type\":\"ReadAction\",\"target\":[\"https:\\\/\\\/www.lengnau.ch\\\/fr\\\/themes\\\/schule-und-bildung\\\/\"]}]},{\"@type\":\"ImageObject\",\"inLanguage\":\"fr-FR\",\"@id\":\"https:\\\/\\\/www.lengnau.ch\\\/fr\\\/themes\\\/schule-und-bildung\\\/#primaryimage\",\"url\":\"https:\\\/\\\/www.lengnau.ch\\\/wp-content\\\/uploads\\\/2024\\\/10\\\/PHB_Logo_Partnerschule-scaled-e1728540487926.jpg\",\"contentUrl\":\"https:\\\/\\\/www.lengnau.ch\\\/wp-content\\\/uploads\\\/2024\\\/10\\\/PHB_Logo_Partnerschule-scaled-e1728540487926.jpg\"},{\"@type\":\"BreadcrumbList\",\"@id\":\"https:\\\/\\\/www.lengnau.ch\\\/fr\\\/themes\\\/schule-und-bildung\\\/#breadcrumb\",\"itemListElement\":[{\"@type\":\"ListItem\",\"position\":1,\"name\":\"Home\",\"item\":\"https:\\\/\\\/www.lengnau.ch\\\/fr\\\/\"},{\"@type\":\"ListItem\",\"position\":2,\"name\":\"Th\u00e8mes\",\"item\":\"https:\\\/\\\/www.lengnau.ch\\\/fr\\\/themes\\\/\"},{\"@type\":\"ListItem\",\"position\":3,\"name\":\"\u00c9cole et formation\"}]},{\"@type\":\"WebSite\",\"@id\":\"https:\\\/\\\/www.lengnau.ch\\\/#website\",\"url\":\"https:\\\/\\\/www.lengnau.ch\\\/\",\"name\":\"Gemeinde Lengnau\",\"description\":\"\",\"potentialAction\":[{\"@type\":\"SearchAction\",\"target\":{\"@type\":\"EntryPoint\",\"urlTemplate\":\"https:\\\/\\\/www.lengnau.ch\\\/?s={search_term_string}\"},\"query-input\":{\"@type\":\"PropertyValueSpecification\",\"valueRequired\":true,\"valueName\":\"search_term_string\"}}],\"inLanguage\":\"fr-FR\"}]}<\/script>\n<!-- \/ Yoast SEO plugin. -->","yoast_head_json":{"title":"\u00c9cole et formation - Gemeinde Lengnau","robots":{"index":"index","follow":"follow","max-snippet":"max-snippet:-1","max-image-preview":"max-image-preview:large","max-video-preview":"max-video-preview:-1"},"canonical":"https:\/\/www.lengnau.ch\/fr\/themes\/schule-und-bildung\/","og_locale":"fr_FR","og_type":"article","og_title":"\u00c9cole et formation - Gemeinde Lengnau","og_description":"De la maternelle au secondaire Dans la commune de Lengnau BE, environ 640 \u00e9l\u00e8ves fr\u00e9quentent les \u00e9coles publiques, du jardin d&rsquo;enfants \u00e0 l&rsquo;enseignement secondaire. Ci-dessous, vous trouverez \u00e9galement des informations sur l&rsquo;\u00e9cole de musique Region Lengnau-B\u00fcren a\/A et sur la m\u00e9diath\u00e8que de la commune de Lengnau BE. Comp\u00e9tences de base &#8211; Campagne \u00ab\u00a0Simplement mieux ! [&hellip;]","og_url":"https:\/\/www.lengnau.ch\/fr\/themes\/schule-und-bildung\/","og_site_name":"Gemeinde Lengnau","article_modified_time":"2025-07-15T07:53:47+00:00","og_image":[{"url":"https:\/\/www.lengnau.ch\/wp-content\/uploads\/2024\/10\/PHB_Logo_Partnerschule-scaled-e1728540487926.jpg","type":"","width":"","height":""}],"twitter_card":"summary_large_image","schema":{"@context":"https:\/\/schema.org","@graph":[{"@type":"WebPage","@id":"https:\/\/www.lengnau.ch\/fr\/themes\/schule-und-bildung\/","url":"https:\/\/www.lengnau.ch\/fr\/themes\/schule-und-bildung\/","name":"\u00c9cole et formation - Gemeinde Lengnau","isPartOf":{"@id":"https:\/\/www.lengnau.ch\/#website"},"primaryImageOfPage":{"@id":"https:\/\/www.lengnau.ch\/fr\/themes\/schule-und-bildung\/#primaryimage"},"image":{"@id":"https:\/\/www.lengnau.ch\/fr\/themes\/schule-und-bildung\/#primaryimage"},"thumbnailUrl":"https:\/\/www.lengnau.ch\/wp-content\/uploads\/2024\/10\/PHB_Logo_Partnerschule-scaled-e1728540487926.jpg","datePublished":"2022-02-16T14:30:03+00:00","dateModified":"2025-07-15T07:53:47+00:00","breadcrumb":{"@id":"https:\/\/www.lengnau.ch\/fr\/themes\/schule-und-bildung\/#breadcrumb"},"inLanguage":"fr-FR","potentialAction":[{"@type":"ReadAction","target":["https:\/\/www.lengnau.ch\/fr\/themes\/schule-und-bildung\/"]}]},{"@type":"ImageObject","inLanguage":"fr-FR","@id":"https:\/\/www.lengnau.ch\/fr\/themes\/schule-und-bildung\/#primaryimage","url":"https:\/\/www.lengnau.ch\/wp-content\/uploads\/2024\/10\/PHB_Logo_Partnerschule-scaled-e1728540487926.jpg","contentUrl":"https:\/\/www.lengnau.ch\/wp-content\/uploads\/2024\/10\/PHB_Logo_Partnerschule-scaled-e1728540487926.jpg"},{"@type":"BreadcrumbList","@id":"https:\/\/www.lengnau.ch\/fr\/themes\/schule-und-bildung\/#breadcrumb","itemListElement":[{"@type":"ListItem","position":1,"name":"Home","item":"https:\/\/www.lengnau.ch\/fr\/"},{"@type":"ListItem","position":2,"name":"Th\u00e8mes","item":"https:\/\/www.lengnau.ch\/fr\/themes\/"},{"@type":"ListItem","position":3,"name":"\u00c9cole et formation"}]},{"@type":"WebSite","@id":"https:\/\/www.lengnau.ch\/#website","url":"https:\/\/www.lengnau.ch\/","name":"Gemeinde Lengnau","description":"","potentialAction":[{"@type":"SearchAction","target":{"@type":"EntryPoint","urlTemplate":"https:\/\/www.lengnau.ch\/?s={search_term_string}"},"query-input":{"@type":"PropertyValueSpecification","valueRequired":true,"valueName":"search_term_string"}}],"inLanguage":"fr-FR"}]}},"publishpress_future_action":{"enabled":false,"date":"2026-05-24 07:31:25","action":"change-status","newStatus":"draft","terms":[],"taxonomy":"translation_priority","extraData":[]},"publishpress_future_workflow_manual_trigger":{"enabledWorkflows":[]},"_links":{"self":[{"href":"https:\/\/www.lengnau.ch\/fr\/wp-json\/wp\/v2\/pages\/3128","targetHints":{"allow":["GET"]}}],"collection":[{"href":"https:\/\/www.lengnau.ch\/fr\/wp-json\/wp\/v2\/pages"}],"about":[{"href":"https:\/\/www.lengnau.ch\/fr\/wp-json\/wp\/v2\/types\/page"}],"author":[{"embeddable":true,"href":"https:\/\/www.lengnau.ch\/fr\/wp-json\/wp\/v2\/users\/1"}],"replies":[{"embeddable":true,"href":"https:\/\/www.lengnau.ch\/fr\/wp-json\/wp\/v2\/comments?post=3128"}],"version-history":[{"count":10,"href":"https:\/\/www.lengnau.ch\/fr\/wp-json\/wp\/v2\/pages\/3128\/revisions"}],"predecessor-version":[{"id":17223,"href":"https:\/\/www.lengnau.ch\/fr\/wp-json\/wp\/v2\/pages\/3128\/revisions\/17223"}],"up":[{"embeddable":true,"href":"https:\/\/www.lengnau.ch\/fr\/wp-json\/wp\/v2\/pages\/3092"}],"wp:attachment":[{"href":"https:\/\/www.lengnau.ch\/fr\/wp-json\/wp\/v2\/media?parent=3128"}],"curies":[{"name":"wp","href":"https:\/\/api.w.org\/{rel}","templated":true}]}}