{"id":3125,"date":"2022-02-16T15:33:27","date_gmt":"2022-02-16T14:33:27","guid":{"rendered":"https:\/\/lengnau.rettenmund.com\/naherholungsgebiete\/"},"modified":"2025-07-17T08:01:23","modified_gmt":"2025-07-17T06:01:23","slug":"naherholungsgebiete","status":"publish","type":"page","link":"https:\/\/www.lengnau.ch\/fr\/themes\/freizeit\/naherholungsgebiete\/","title":{"rendered":"Espaces de loisirs de proximit\u00e9"},"content":{"rendered":"<h2>Sentier de d\u00e9couverte \u00ab\u00a0Marmotte Luzzi : \u00e9gar\u00e9e !<\/h2>\n<p><strong>D\u00e9couvrez le tout nouveau sentier d\u00e9couverte guid\u00e9 par GPS dans la r\u00e9gion de Leisern, au-dessus de LengnauLe<\/strong><span class=\"fontstyle1\">sentier d\u00e9couverte, r\u00e9alis\u00e9 par la commune bourgeoise de Lengnau en collaboration avec l&rsquo;association Suisse Rando Enfants, est un circuit agr\u00e9able de 3,2 kilom\u00e8tres, sans grandes pentes, adapt\u00e9 aux poussettes de mani\u00e8re limit\u00e9e &#8211; id\u00e9al pour petits et grands ! <\/span> Depuis le 14 septembre 2024, le sentier d\u00e9couverte est librement accessible \u00e0 tous et \u00e0 tout moment.<br \/>\n<strong>La marmotte Luzzi \u00e0 l&rsquo;aventure <\/strong>La marmotte Luzzi est excit\u00e9e : son amie Finnia Fuchs l&rsquo;a invit\u00e9e \u00e0 participer \u00e0 une aventure en plein air.<br \/>\nFinnia Fuchs est une experte de la nature et conna\u00eet parfaitement le pistage, la m\u00e9t\u00e9o et d&rsquo;autres astuces d&rsquo;orientation.<br \/>\nElle a de nombreux conseils utiles que Luzzi aimerait apprendre d&rsquo;elle afin d&rsquo;\u00eatre bien pr\u00e9par\u00e9 pour ses futures aventures.<br \/>\nLes visiteurs sont invit\u00e9s \u00e0 accompagner Luzzi et ses amis dans une randonn\u00e9e pleine d&rsquo;aventures.    <strong><br \/>\n<\/strong>  Le point de d\u00e9part se trouve au parking \u00ab\u00a0Alter Zelgweg\u00a0\u00bb (voir <a href=\"https:\/\/www.lengnau.ch\/wp-content\/uploads\/2024\/09\/Plan_Erlebnisweg_Murmeltier_Luzzi_Verirrt_in_Lengnau.png\" target=\"_blank\" rel=\"noopener\">plan<\/a>).<br \/>\nLes visiteurs sont guid\u00e9s d&rsquo;aventure en aventure via une application pour smartphone.<br \/>\nLe parcours proprement dit dure environ 60 minutes sans grandes mont\u00e9es et comprend huit postes o\u00f9 il est possible de r\u00e9soudre des t\u00e2ches ou de r\u00e9soudre des \u00e9nigmes.<br \/>\nIl faut compter environ deux heures pour le parcours, y compris la r\u00e9solution des probl\u00e8mes.<br \/>\nLes \u00e9nigmes sont con\u00e7ues pour des enfants \u00e2g\u00e9s de cinq \u00e0 douze ans.<br \/>\nLe sentier de d\u00e9couverte au-dessus de Lengnau offre cependant des exp\u00e9riences passionnantes pour tous les groupes d&rsquo;\u00e2ge, des petits enfants aux seniors, et peut \u00eatre appr\u00e9ci\u00e9 m\u00eame sans deviner les \u00e9nigmes.<br \/>\nUne vue impressionnante au loin &#8211; avec un panorama sur les Alpes lorsque le temps le permet -, une cabane en bois cach\u00e9e que m\u00eame les habitants ne connaissent pas tous, et une nature magnifique ne sont que quelques-uns des points forts que le sentier a \u00e0 offrir.<br \/>\nDe plus, le sentier passe par trois aires de grillades am\u00e9nag\u00e9es.<br \/>\nPassez nous voir et profitez d&rsquo;une journ\u00e9e de d\u00e9couvertes et d&rsquo;informations.<br \/>\nPlus d&rsquo;informations sous :           <a href=\"https:\/\/www.kinderwanderwege.ch\/wanderweg\/murmeltier-luzzi-erlebnisweg-verirrt-lengnau-be\/\" target=\"_blank\" rel=\"noopener\">https:\/\/www.kinderwanderwege.ch\/wanderweg\/murmeltier-luzzi-erlebnisweg-verirrt-lengnau-be\/<\/a><\/p>\n<h2 class=\"firstHeading\">Chemin des racines<\/h2>\n<div class=\"text articleDescription\">  Le Wurzelweg est un sentier circulaire d&rsquo;environ 4,5 kilom\u00e8tres.<br \/>\nIl a \u00e9t\u00e9 construit en 2011 par la bourgeoisie de Lengnau en collaboration avec les \u00e9l\u00e8ves de Lengnau et depuis lors, les travaux d&rsquo;entretien annuels du sentier sont effectu\u00e9s par les jeunes des classes de 6e de Lengnau.<br \/>\nGr\u00e2ce aux copeaux de bois au sol, le circuit est une exp\u00e9rience agr\u00e9able par tous les temps.<br \/>\nNous ne vous recommandons pas de vous promener avec une poussette sur le Wurzelweg.     <a href=\"https:\/\/www.lengnau.ch\/wp-content\/uploads\/2024\/09\/Wurzelweg_Plan-1024x557.jpg\" target=\"_blank\" rel=\"noopener\"><img loading=\"lazy\" decoding=\"async\" class=\"alignnone wp-image-14389 size-large\" src=\"https:\/\/www.lengnau.ch\/wp-content\/uploads\/2024\/09\/Wurzelweg_Plan-1024x557.jpg\" alt=\"\" width=\"750\" height=\"408\" srcset=\"https:\/\/www.lengnau.ch\/wp-content\/uploads\/2024\/09\/Wurzelweg_Plan-1024x557.jpg 1024w, https:\/\/www.lengnau.ch\/wp-content\/uploads\/2024\/09\/Wurzelweg_Plan-300x163.jpg 300w, https:\/\/www.lengnau.ch\/wp-content\/uploads\/2024\/09\/Wurzelweg_Plan-768x418.jpg 768w, https:\/\/www.lengnau.ch\/wp-content\/uploads\/2024\/09\/Wurzelweg_Plan-1536x835.jpg 1536w, https:\/\/www.lengnau.ch\/wp-content\/uploads\/2024\/09\/Wurzelweg_Plan-1568x853.jpg 1568w, https:\/\/www.lengnau.ch\/wp-content\/uploads\/2024\/09\/Wurzelweg_Plan.jpg 1644w\" sizes=\"auto, (max-width: 750px) 100vw, 750px\" \/><\/a><\/p>\n<\/div>\n<h2>Espaces de loisirs de proximit\u00e9 Leugene<\/h2>\n<p>  L&rsquo;am\u00e9nagement et la renaturation de la Leugene sont termin\u00e9s. Aujourd&rsquo;hui, la population de la r\u00e9gion peut se r\u00e9jouir de la cr\u00e9ation d&rsquo;une zone de loisirs de proximit\u00e9. La Leugene est un cours d&rsquo;eau typique du Plateau, long d&rsquo;environ huit kilom\u00e8tres. Elle jaillit au pied sud du Jura de deux sources karstiques dans la r\u00e9gion de Boujean, \u00e0 l&rsquo;est de Bienne. La plus grande partie du d\u00e9bit de la source est utilis\u00e9e comme eau potable pour la ville de Bienne. L&rsquo;eau de source exc\u00e9dentaire se d\u00e9verse en pente libre le long de la route Bienne-Soleure et forme la Leugene. Pour les animaux et les plantes en particulier, la Leugene est un habitat pr\u00e9cieux et diversifi\u00e9. Les promeneurs d\u00e9couvrent des fen\u00eatres naturelles passionnantes et surprenantes, o\u00f9 vivent des amphibiens, des reptiles, des libellules, des papillons ainsi que de nombreuses plantes sauvages. Depuis la renaturation, la biodiversit\u00e9 ne cesse d&rsquo;augmenter. C&rsquo;est pourquoi les classes d&rsquo;\u00e9cole et autres personnes int\u00e9ress\u00e9es y trouvent des aspects extr\u00eamement int\u00e9ressants de la cohabitation \u00e9cologique. Les promenades agr\u00e9ables le long de la Leugene permettent de faire des circuits faciles, des balades \u00e0 v\u00e9lo ou des petites randonn\u00e9es \u00e0 v\u00e9lo. L&rsquo;espace de vie de Leugene est facilement accessible \u00e0 pied ou \u00e0 v\u00e9lo depuis votre domicile. Il offre vari\u00e9t\u00e9 et d\u00e9tente en toute saison.  <\/p>\n<h2>For\u00eat de Lengnau<\/h2>\n<p>  La for\u00eat offre \u00e0 la population un espace de d\u00e9tente et d&rsquo;activit\u00e9s sportives tout au long de l&rsquo;ann\u00e9e. La for\u00eat de Lengnau appartient en grande partie \u00e0 la bourgeoisie de Lengnau. La for\u00eat est l&rsquo;habitat de plus de 25 000 esp\u00e8ces animales et v\u00e9g\u00e9tales et constitue un important r\u00e9servoir d&rsquo;eau potable. La circulation des v\u00e9hicules \u00e0 moteur est g\u00e9n\u00e9ralement interdite dans les for\u00eats. Merci de respecter les plantes et les animaux. Dans la rubrique \u00ab\u00a0En savoir plus\u00a0\u00bb, vous trouverez d&rsquo;autres conseils utiles pour la visite des for\u00eats.  <\/p>\n<h2>Contacts pour les questions \/ informations<\/h2>\n<p><strong>Burgergemeinde Lengnau<\/strong> Burgerverwaltung Oelestrasse 30 2543 Lengnau BE T\u00e9l\u00e9phone 032 652 58 50<br \/>\n<strong>Site<\/strong><a title=\"burgergemeinde-lengnau.ch\" href=\"http:\/\/burgergemeinde-lengnau.ch\/\" target=\"_blank\" rel=\"noopener\">InternetFor\u00eatSuisse<\/a> Association des propri\u00e9taires forestiers Rosenweg 14 4501 Soleure T\u00e9l\u00e9phone 032 625 88 70   <a href=\"https:\/\/www.waldschweiz.ch\/\" target=\"_blank\" rel=\"noopener\">Site web<\/a><\/p>\n<h2>En savoir plus sur le sujet<\/h2>\n<p><a href=\"https:\/\/www.lengnau.ch\/wp-content\/uploads\/2022\/08\/Info_Gruendeponien_im_Wald.pdf\" target=\"_blank\" rel=\"noopener\">Les d\u00e9chets de jardin nuisent \u00e0 la sant\u00e9 des for\u00eats<\/a><a href=\"https:\/\/www.lengnau.ch\/wp-content\/uploads\/2022\/08\/Info_Asthaufen_im_Wald.pdf\" target=\"_blank\" rel=\"noopener\">Les tas de branches ne sont pas des d\u00e9chets sauvages<\/a><a href=\"https:\/\/www.lengnau.ch\/wp-content\/uploads\/2022\/08\/Info_Wald_Knigge.pdf\" target=\"_blank\" rel=\"noopener\">Ce que l&rsquo;on peut et ce que l&rsquo;on ne peut pas faire en for\u00eat<\/a><a href=\"https:\/\/www.lengnau.ch\/wp-content\/uploads\/2022\/08\/Info_Braeteln_im_Wald.pdf\" target=\"_blank\" rel=\"noopener\">Grillez la saucisse et non la for\u00eat !<\/a><\/p>\n","protected":false},"excerpt":{"rendered":"<p>Sentier de d\u00e9couverte \u00ab\u00a0Marmotte Luzzi : \u00e9gar\u00e9e ! D\u00e9couvrez le tout nouveau sentier d\u00e9couverte guid\u00e9 par GPS dans la r\u00e9gion de Leisern, au-dessus de LengnauLesentier d\u00e9couverte, r\u00e9alis\u00e9 par la commune bourgeoise de Lengnau en collaboration avec l&rsquo;association Suisse Rando Enfants, est un circuit agr\u00e9able de 3,2 kilom\u00e8tres, sans grandes pentes, adapt\u00e9 aux poussettes de mani\u00e8re [&hellip;]<\/p>\n","protected":false},"author":1,"featured_media":0,"parent":3129,"menu_order":19,"comment_status":"closed","ping_status":"closed","template":"","meta":{"_acf_changed":false,"_relevanssi_hide_post":"","_relevanssi_hide_content":"","_relevanssi_pin_for_all":"","_relevanssi_pin_keywords":"","_relevanssi_unpin_keywords":"","_relevanssi_related_keywords":"","_relevanssi_related_include_ids":"","_relevanssi_related_exclude_ids":"","_relevanssi_related_no_append":"","_relevanssi_related_not_related":"","_relevanssi_related_posts":"","_relevanssi_noindex_reason":"","footnotes":""},"class_list":["post-3125","page","type-page","status-publish","hentry"],"acf":[],"yoast_head":"<!-- This site is optimized with the Yoast SEO plugin v27.4 - https:\/\/yoast.com\/product\/yoast-seo-wordpress\/ -->\n<title>Espaces de loisirs de proximit\u00e9 - Gemeinde Lengnau<\/title>\n<meta name=\"robots\" content=\"index, follow, max-snippet:-1, max-image-preview:large, max-video-preview:-1\" \/>\n<link rel=\"canonical\" href=\"https:\/\/www.lengnau.ch\/fr\/themes\/freizeit\/naherholungsgebiete\/\" \/>\n<meta property=\"og:locale\" content=\"fr_FR\" \/>\n<meta property=\"og:type\" content=\"article\" \/>\n<meta property=\"og:title\" content=\"Espaces de loisirs de proximit\u00e9 - Gemeinde Lengnau\" \/>\n<meta property=\"og:description\" content=\"Sentier de d\u00e9couverte \u00ab\u00a0Marmotte Luzzi : \u00e9gar\u00e9e ! D\u00e9couvrez le tout nouveau sentier d\u00e9couverte guid\u00e9 par GPS dans la r\u00e9gion de Leisern, au-dessus de LengnauLesentier d\u00e9couverte, r\u00e9alis\u00e9 par la commune bourgeoise de Lengnau en collaboration avec l&rsquo;association Suisse Rando Enfants, est un circuit agr\u00e9able de 3,2 kilom\u00e8tres, sans grandes pentes, adapt\u00e9 aux poussettes de mani\u00e8re [&hellip;]\" \/>\n<meta property=\"og:url\" content=\"https:\/\/www.lengnau.ch\/fr\/themes\/freizeit\/naherholungsgebiete\/\" \/>\n<meta property=\"og:site_name\" content=\"Gemeinde Lengnau\" \/>\n<meta property=\"article:modified_time\" content=\"2025-07-17T06:01:23+00:00\" \/>\n<meta property=\"og:image\" content=\"https:\/\/www.lengnau.ch\/wp-content\/uploads\/2024\/09\/Wurzelweg_Plan.jpg\" \/>\n\t<meta property=\"og:image:width\" content=\"1644\" \/>\n\t<meta property=\"og:image:height\" content=\"894\" \/>\n\t<meta property=\"og:image:type\" content=\"image\/jpeg\" \/>\n<meta name=\"twitter:card\" content=\"summary_large_image\" \/>\n<script type=\"application\/ld+json\" class=\"yoast-schema-graph\">{\"@context\":\"https:\\\/\\\/schema.org\",\"@graph\":[{\"@type\":\"WebPage\",\"@id\":\"https:\\\/\\\/www.lengnau.ch\\\/fr\\\/themes\\\/freizeit\\\/naherholungsgebiete\\\/\",\"url\":\"https:\\\/\\\/www.lengnau.ch\\\/fr\\\/themes\\\/freizeit\\\/naherholungsgebiete\\\/\",\"name\":\"Espaces de loisirs de proximit\u00e9 - Gemeinde Lengnau\",\"isPartOf\":{\"@id\":\"https:\\\/\\\/www.lengnau.ch\\\/#website\"},\"primaryImageOfPage\":{\"@id\":\"https:\\\/\\\/www.lengnau.ch\\\/fr\\\/themes\\\/freizeit\\\/naherholungsgebiete\\\/#primaryimage\"},\"image\":{\"@id\":\"https:\\\/\\\/www.lengnau.ch\\\/fr\\\/themes\\\/freizeit\\\/naherholungsgebiete\\\/#primaryimage\"},\"thumbnailUrl\":\"https:\\\/\\\/www.lengnau.ch\\\/wp-content\\\/uploads\\\/2024\\\/09\\\/Wurzelweg_Plan-1024x557.jpg\",\"datePublished\":\"2022-02-16T14:33:27+00:00\",\"dateModified\":\"2025-07-17T06:01:23+00:00\",\"breadcrumb\":{\"@id\":\"https:\\\/\\\/www.lengnau.ch\\\/fr\\\/themes\\\/freizeit\\\/naherholungsgebiete\\\/#breadcrumb\"},\"inLanguage\":\"fr-FR\",\"potentialAction\":[{\"@type\":\"ReadAction\",\"target\":[\"https:\\\/\\\/www.lengnau.ch\\\/fr\\\/themes\\\/freizeit\\\/naherholungsgebiete\\\/\"]}]},{\"@type\":\"ImageObject\",\"inLanguage\":\"fr-FR\",\"@id\":\"https:\\\/\\\/www.lengnau.ch\\\/fr\\\/themes\\\/freizeit\\\/naherholungsgebiete\\\/#primaryimage\",\"url\":\"https:\\\/\\\/www.lengnau.ch\\\/wp-content\\\/uploads\\\/2024\\\/09\\\/Wurzelweg_Plan-1024x557.jpg\",\"contentUrl\":\"https:\\\/\\\/www.lengnau.ch\\\/wp-content\\\/uploads\\\/2024\\\/09\\\/Wurzelweg_Plan-1024x557.jpg\"},{\"@type\":\"BreadcrumbList\",\"@id\":\"https:\\\/\\\/www.lengnau.ch\\\/fr\\\/themes\\\/freizeit\\\/naherholungsgebiete\\\/#breadcrumb\",\"itemListElement\":[{\"@type\":\"ListItem\",\"position\":1,\"name\":\"Home\",\"item\":\"https:\\\/\\\/www.lengnau.ch\\\/fr\\\/\"},{\"@type\":\"ListItem\",\"position\":2,\"name\":\"Th\u00e8mes\",\"item\":\"https:\\\/\\\/www.lengnau.ch\\\/fr\\\/themes\\\/\"},{\"@type\":\"ListItem\",\"position\":3,\"name\":\"Loisirs\",\"item\":\"https:\\\/\\\/www.lengnau.ch\\\/fr\\\/themes\\\/freizeit\\\/\"},{\"@type\":\"ListItem\",\"position\":4,\"name\":\"Espaces de loisirs de proximit\u00e9\"}]},{\"@type\":\"WebSite\",\"@id\":\"https:\\\/\\\/www.lengnau.ch\\\/#website\",\"url\":\"https:\\\/\\\/www.lengnau.ch\\\/\",\"name\":\"Gemeinde Lengnau\",\"description\":\"\",\"potentialAction\":[{\"@type\":\"SearchAction\",\"target\":{\"@type\":\"EntryPoint\",\"urlTemplate\":\"https:\\\/\\\/www.lengnau.ch\\\/?s={search_term_string}\"},\"query-input\":{\"@type\":\"PropertyValueSpecification\",\"valueRequired\":true,\"valueName\":\"search_term_string\"}}],\"inLanguage\":\"fr-FR\"}]}<\/script>\n<!-- \/ Yoast SEO plugin. -->","yoast_head_json":{"title":"Espaces de loisirs de proximit\u00e9 - Gemeinde Lengnau","robots":{"index":"index","follow":"follow","max-snippet":"max-snippet:-1","max-image-preview":"max-image-preview:large","max-video-preview":"max-video-preview:-1"},"canonical":"https:\/\/www.lengnau.ch\/fr\/themes\/freizeit\/naherholungsgebiete\/","og_locale":"fr_FR","og_type":"article","og_title":"Espaces de loisirs de proximit\u00e9 - Gemeinde Lengnau","og_description":"Sentier de d\u00e9couverte \u00ab\u00a0Marmotte Luzzi : \u00e9gar\u00e9e ! D\u00e9couvrez le tout nouveau sentier d\u00e9couverte guid\u00e9 par GPS dans la r\u00e9gion de Leisern, au-dessus de LengnauLesentier d\u00e9couverte, r\u00e9alis\u00e9 par la commune bourgeoise de Lengnau en collaboration avec l&rsquo;association Suisse Rando Enfants, est un circuit agr\u00e9able de 3,2 kilom\u00e8tres, sans grandes pentes, adapt\u00e9 aux poussettes de mani\u00e8re [&hellip;]","og_url":"https:\/\/www.lengnau.ch\/fr\/themes\/freizeit\/naherholungsgebiete\/","og_site_name":"Gemeinde Lengnau","article_modified_time":"2025-07-17T06:01:23+00:00","og_image":[{"width":1644,"height":894,"url":"https:\/\/www.lengnau.ch\/wp-content\/uploads\/2024\/09\/Wurzelweg_Plan.jpg","type":"image\/jpeg"}],"twitter_card":"summary_large_image","schema":{"@context":"https:\/\/schema.org","@graph":[{"@type":"WebPage","@id":"https:\/\/www.lengnau.ch\/fr\/themes\/freizeit\/naherholungsgebiete\/","url":"https:\/\/www.lengnau.ch\/fr\/themes\/freizeit\/naherholungsgebiete\/","name":"Espaces de loisirs de proximit\u00e9 - Gemeinde Lengnau","isPartOf":{"@id":"https:\/\/www.lengnau.ch\/#website"},"primaryImageOfPage":{"@id":"https:\/\/www.lengnau.ch\/fr\/themes\/freizeit\/naherholungsgebiete\/#primaryimage"},"image":{"@id":"https:\/\/www.lengnau.ch\/fr\/themes\/freizeit\/naherholungsgebiete\/#primaryimage"},"thumbnailUrl":"https:\/\/www.lengnau.ch\/wp-content\/uploads\/2024\/09\/Wurzelweg_Plan-1024x557.jpg","datePublished":"2022-02-16T14:33:27+00:00","dateModified":"2025-07-17T06:01:23+00:00","breadcrumb":{"@id":"https:\/\/www.lengnau.ch\/fr\/themes\/freizeit\/naherholungsgebiete\/#breadcrumb"},"inLanguage":"fr-FR","potentialAction":[{"@type":"ReadAction","target":["https:\/\/www.lengnau.ch\/fr\/themes\/freizeit\/naherholungsgebiete\/"]}]},{"@type":"ImageObject","inLanguage":"fr-FR","@id":"https:\/\/www.lengnau.ch\/fr\/themes\/freizeit\/naherholungsgebiete\/#primaryimage","url":"https:\/\/www.lengnau.ch\/wp-content\/uploads\/2024\/09\/Wurzelweg_Plan-1024x557.jpg","contentUrl":"https:\/\/www.lengnau.ch\/wp-content\/uploads\/2024\/09\/Wurzelweg_Plan-1024x557.jpg"},{"@type":"BreadcrumbList","@id":"https:\/\/www.lengnau.ch\/fr\/themes\/freizeit\/naherholungsgebiete\/#breadcrumb","itemListElement":[{"@type":"ListItem","position":1,"name":"Home","item":"https:\/\/www.lengnau.ch\/fr\/"},{"@type":"ListItem","position":2,"name":"Th\u00e8mes","item":"https:\/\/www.lengnau.ch\/fr\/themes\/"},{"@type":"ListItem","position":3,"name":"Loisirs","item":"https:\/\/www.lengnau.ch\/fr\/themes\/freizeit\/"},{"@type":"ListItem","position":4,"name":"Espaces de loisirs de proximit\u00e9"}]},{"@type":"WebSite","@id":"https:\/\/www.lengnau.ch\/#website","url":"https:\/\/www.lengnau.ch\/","name":"Gemeinde Lengnau","description":"","potentialAction":[{"@type":"SearchAction","target":{"@type":"EntryPoint","urlTemplate":"https:\/\/www.lengnau.ch\/?s={search_term_string}"},"query-input":{"@type":"PropertyValueSpecification","valueRequired":true,"valueName":"search_term_string"}}],"inLanguage":"fr-FR"}]}},"publishpress_future_action":{"enabled":false,"date":"2026-05-08 20:01:42","action":"change-status","newStatus":"draft","terms":[],"taxonomy":"translation_priority","extraData":[]},"publishpress_future_workflow_manual_trigger":{"enabledWorkflows":[]},"_links":{"self":[{"href":"https:\/\/www.lengnau.ch\/fr\/wp-json\/wp\/v2\/pages\/3125","targetHints":{"allow":["GET"]}}],"collection":[{"href":"https:\/\/www.lengnau.ch\/fr\/wp-json\/wp\/v2\/pages"}],"about":[{"href":"https:\/\/www.lengnau.ch\/fr\/wp-json\/wp\/v2\/types\/page"}],"author":[{"embeddable":true,"href":"https:\/\/www.lengnau.ch\/fr\/wp-json\/wp\/v2\/users\/1"}],"replies":[{"embeddable":true,"href":"https:\/\/www.lengnau.ch\/fr\/wp-json\/wp\/v2\/comments?post=3125"}],"version-history":[{"count":10,"href":"https:\/\/www.lengnau.ch\/fr\/wp-json\/wp\/v2\/pages\/3125\/revisions"}],"predecessor-version":[{"id":14413,"href":"https:\/\/www.lengnau.ch\/fr\/wp-json\/wp\/v2\/pages\/3125\/revisions\/14413"}],"up":[{"embeddable":true,"href":"https:\/\/www.lengnau.ch\/fr\/wp-json\/wp\/v2\/pages\/3129"}],"wp:attachment":[{"href":"https:\/\/www.lengnau.ch\/fr\/wp-json\/wp\/v2\/media?parent=3125"}],"curies":[{"name":"wp","href":"https:\/\/api.w.org\/{rel}","templated":true}]}}