{"id":3124,"date":"2022-02-16T15:33:36","date_gmt":"2022-02-16T14:33:36","guid":{"rendered":"https:\/\/lengnau.rettenmund.com\/gastronomie\/"},"modified":"2025-10-07T17:35:44","modified_gmt":"2025-10-07T15:35:44","slug":"gastronomie","status":"publish","type":"page","link":"https:\/\/www.lengnau.ch\/fr\/themes\/freizeit\/gastronomie\/","title":{"rendered":"Gastronomie"},"content":{"rendered":"<h2>Bistro Take Away Dopodomani<\/h2>\n<p class=\"profession vcard-p\">Sandwiches &amp; Canap\u00e9s<br \/>\nBadmattstrasse 3<br \/>\n2543 Lengnau BE<br \/>\nT\u00e9l\u00e9phone 032 653 40 21<\/p>\n<h2>Gassler-Beck AG<\/h2>\n<p>B\u00e4ckerei &#8211; Konditorei &#8211; Caf\u00e9<br \/>\nSolothurnstrasse 3<br \/>\n2543 Lengnau BE<br \/>\nT\u00e9l\u00e9phone 032 652 41 83<br \/>\n<a title=\"Gassler-Beck AG\" href=\"https:\/\/www.gasslerbeck.ch\/\" target=\"_blank\" rel=\"noopener\">Site web<\/a><\/p>\n<h2>Gasthof zum Hirschen<\/h2>\n<p>Bielstrasse 20<br \/>\n2543 Lengnau BE<br \/>\nT\u00e9l\u00e9phone 032 652 30 50<\/p>\n<h2>My Kiosk<\/h2>\n<p>Bahnhofplatz 1<br \/>\n2543 Lengnau BE<\/p>\n<h2>Naifan Thai Restaurant<\/h2>\n<p>Solothurnstrasse 4<br \/>\n2543 Lengnau BE<br \/>\nT\u00e9l\u00e9phone 032 530 24 53<br \/>\n<a title=\"Naifan Thai Restaurant\" href=\"https:\/\/naifan-restaurant.ch\/\" target=\"_blank\" rel=\"noopener\">Site web<\/a><\/p>\n<h2 class=\"font_0 wixui-rich-text__text\"><span class=\"wixui-rich-text__text\">Pizza Center Lengnau<\/span><\/h2>\n<p>11, rue de Soleure<br \/>\n2543 Lengnau BE<br \/>\n<a title=\"Pizza Center KLG\" href=\"https:\/\/www.lengnau-pizzacenter.ch\/\" target=\"_blank\" rel=\"noopener\">Site web<\/a><\/p>\n<h2>Restaurant Alpenblick<\/h2>\n<p>im Alpenblick 7<br \/>\n2543 Lengnau BE<br \/>\nT\u00e9l\u00e9phone 032 322 00 28<\/p>\n<h2>Restaurant B\u00e4ren (salle)<\/h2>\n<p>Solothurnstrasse 21<br \/>\n2543 Lengnau BE<br \/>\nT\u00e9l\u00e9phone 079 156 45 74<br \/>\n<a href=\"mailto:re********************@***il.com\" data-original-string=\"O\/EGMzRPWhH5c3C2UjTQiA==a0ecTmZRjipelLH\/Zxyq+OBR5eK2Vypq3uhoqmLFZyzQpspKCOCkJODtGXrVSR6\/Kbe\" title=\"This contact has been encoded by Anti-Spam by CleanTalk. Click to decode. To finish the decoding make sure that JavaScript is enabled in your browser.\">Courrier \u00e9lectronique<\/a><\/p>\n<h2>Restaurant Laguna<\/h2>\n<p>Solothurnstrasse 16<br \/>\n2543 Lengnau BE<br \/>\nT\u00e9l\u00e9phone 032 653 29 60<br \/>\n<a title=\"Restaurant Laguna Lengnau\" href=\"https:\/\/www.adana-kebap.ch\/kontakt\/\" target=\"_blank\" rel=\"noopener\">Site web<\/a><\/p>\n<h2>Restaurant L\u00f6wen<\/h2>\n<p>Solothurnstrasse 7<br \/>\n2543 Lengnau BE<br \/>\nT\u00e9l\u00e9phone 076 817 14 55<\/p>\n<h2>Ristorante Pizzeria Biondo<\/h2>\n<p>Rue de Bienne 2<br \/>\n2543 Lengnau BE<br \/>\nT\u00e9l\u00e9phone 032 631 17 77<br \/>\n<a title=\"Gassler-Beck AG\" href=\"https:\/\/www.dabiondo.ch\/\" target=\"_blank\" rel=\"noopener\">Site web<\/a><\/p>\n","protected":false},"excerpt":{"rendered":"<p>Bistro Take Away Dopodomani Sandwiches &amp; Canap\u00e9s Badmattstrasse 3 2543 Lengnau BE T\u00e9l\u00e9phone 032 653 40 21 Gassler-Beck AG B\u00e4ckerei &#8211; Konditorei &#8211; Caf\u00e9 Solothurnstrasse 3 2543 Lengnau BE T\u00e9l\u00e9phone 032 652 41 83 Site web Gasthof zum Hirschen Bielstrasse 20 2543 Lengnau BE T\u00e9l\u00e9phone 032 652 30 50 My Kiosk Bahnhofplatz 1 2543 Lengnau [&hellip;]<\/p>\n","protected":false},"author":1,"featured_media":0,"parent":3129,"menu_order":20,"comment_status":"closed","ping_status":"closed","template":"","meta":{"_acf_changed":false,"_relevanssi_hide_post":"","_relevanssi_hide_content":"","_relevanssi_pin_for_all":"","_relevanssi_pin_keywords":"","_relevanssi_unpin_keywords":"","_relevanssi_related_keywords":"","_relevanssi_related_include_ids":"","_relevanssi_related_exclude_ids":"","_relevanssi_related_no_append":"","_relevanssi_related_not_related":"","_relevanssi_related_posts":"","_relevanssi_noindex_reason":"","footnotes":""},"class_list":["post-3124","page","type-page","status-publish","hentry"],"acf":[],"yoast_head":"<!-- This site is optimized with the Yoast SEO plugin v27.3 - https:\/\/yoast.com\/product\/yoast-seo-wordpress\/ -->\n<title>Gastronomie - Gemeinde Lengnau<\/title>\n<meta name=\"robots\" content=\"index, follow, max-snippet:-1, max-image-preview:large, max-video-preview:-1\" \/>\n<link rel=\"canonical\" href=\"https:\/\/www.lengnau.ch\/fr\/themes\/freizeit\/gastronomie\/\" \/>\n<meta property=\"og:locale\" content=\"fr_FR\" \/>\n<meta property=\"og:type\" content=\"article\" \/>\n<meta property=\"og:title\" content=\"Gastronomie - Gemeinde Lengnau\" \/>\n<meta property=\"og:description\" content=\"Bistro Take Away Dopodomani Sandwiches &amp; Canap\u00e9s Badmattstrasse 3 2543 Lengnau BE T\u00e9l\u00e9phone 032 653 40 21 Gassler-Beck AG B\u00e4ckerei &#8211; Konditorei &#8211; Caf\u00e9 Solothurnstrasse 3 2543 Lengnau BE T\u00e9l\u00e9phone 032 652 41 83 Site web Gasthof zum Hirschen Bielstrasse 20 2543 Lengnau BE T\u00e9l\u00e9phone 032 652 30 50 My Kiosk Bahnhofplatz 1 2543 Lengnau [&hellip;]\" \/>\n<meta property=\"og:url\" content=\"https:\/\/www.lengnau.ch\/fr\/themes\/freizeit\/gastronomie\/\" \/>\n<meta property=\"og:site_name\" content=\"Gemeinde Lengnau\" \/>\n<meta property=\"article:modified_time\" content=\"2025-10-07T15:35:44+00:00\" \/>\n<meta name=\"twitter:card\" content=\"summary_large_image\" \/>\n<script type=\"application\/ld+json\" class=\"yoast-schema-graph\">{\"@context\":\"https:\\\/\\\/schema.org\",\"@graph\":[{\"@type\":\"WebPage\",\"@id\":\"https:\\\/\\\/www.lengnau.ch\\\/fr\\\/themes\\\/freizeit\\\/gastronomie\\\/\",\"url\":\"https:\\\/\\\/www.lengnau.ch\\\/fr\\\/themes\\\/freizeit\\\/gastronomie\\\/\",\"name\":\"Gastronomie - Gemeinde Lengnau\",\"isPartOf\":{\"@id\":\"https:\\\/\\\/www.lengnau.ch\\\/#website\"},\"datePublished\":\"2022-02-16T14:33:36+00:00\",\"dateModified\":\"2025-10-07T15:35:44+00:00\",\"breadcrumb\":{\"@id\":\"https:\\\/\\\/www.lengnau.ch\\\/fr\\\/themes\\\/freizeit\\\/gastronomie\\\/#breadcrumb\"},\"inLanguage\":\"fr-FR\",\"potentialAction\":[{\"@type\":\"ReadAction\",\"target\":[\"https:\\\/\\\/www.lengnau.ch\\\/fr\\\/themes\\\/freizeit\\\/gastronomie\\\/\"]}]},{\"@type\":\"BreadcrumbList\",\"@id\":\"https:\\\/\\\/www.lengnau.ch\\\/fr\\\/themes\\\/freizeit\\\/gastronomie\\\/#breadcrumb\",\"itemListElement\":[{\"@type\":\"ListItem\",\"position\":1,\"name\":\"Home\",\"item\":\"https:\\\/\\\/www.lengnau.ch\\\/fr\\\/\"},{\"@type\":\"ListItem\",\"position\":2,\"name\":\"Th\u00e8mes\",\"item\":\"https:\\\/\\\/www.lengnau.ch\\\/fr\\\/themes\\\/\"},{\"@type\":\"ListItem\",\"position\":3,\"name\":\"Loisirs\",\"item\":\"https:\\\/\\\/www.lengnau.ch\\\/fr\\\/themes\\\/freizeit\\\/\"},{\"@type\":\"ListItem\",\"position\":4,\"name\":\"Gastronomie\"}]},{\"@type\":\"WebSite\",\"@id\":\"https:\\\/\\\/www.lengnau.ch\\\/#website\",\"url\":\"https:\\\/\\\/www.lengnau.ch\\\/\",\"name\":\"Gemeinde Lengnau\",\"description\":\"\",\"potentialAction\":[{\"@type\":\"SearchAction\",\"target\":{\"@type\":\"EntryPoint\",\"urlTemplate\":\"https:\\\/\\\/www.lengnau.ch\\\/?s={search_term_string}\"},\"query-input\":{\"@type\":\"PropertyValueSpecification\",\"valueRequired\":true,\"valueName\":\"search_term_string\"}}],\"inLanguage\":\"fr-FR\"}]}<\/script>\n<!-- \/ Yoast SEO plugin. -->","yoast_head_json":{"title":"Gastronomie - Gemeinde Lengnau","robots":{"index":"index","follow":"follow","max-snippet":"max-snippet:-1","max-image-preview":"max-image-preview:large","max-video-preview":"max-video-preview:-1"},"canonical":"https:\/\/www.lengnau.ch\/fr\/themes\/freizeit\/gastronomie\/","og_locale":"fr_FR","og_type":"article","og_title":"Gastronomie - Gemeinde Lengnau","og_description":"Bistro Take Away Dopodomani Sandwiches &amp; Canap\u00e9s Badmattstrasse 3 2543 Lengnau BE T\u00e9l\u00e9phone 032 653 40 21 Gassler-Beck AG B\u00e4ckerei &#8211; Konditorei &#8211; Caf\u00e9 Solothurnstrasse 3 2543 Lengnau BE T\u00e9l\u00e9phone 032 652 41 83 Site web Gasthof zum Hirschen Bielstrasse 20 2543 Lengnau BE T\u00e9l\u00e9phone 032 652 30 50 My Kiosk Bahnhofplatz 1 2543 Lengnau [&hellip;]","og_url":"https:\/\/www.lengnau.ch\/fr\/themes\/freizeit\/gastronomie\/","og_site_name":"Gemeinde Lengnau","article_modified_time":"2025-10-07T15:35:44+00:00","twitter_card":"summary_large_image","schema":{"@context":"https:\/\/schema.org","@graph":[{"@type":"WebPage","@id":"https:\/\/www.lengnau.ch\/fr\/themes\/freizeit\/gastronomie\/","url":"https:\/\/www.lengnau.ch\/fr\/themes\/freizeit\/gastronomie\/","name":"Gastronomie - Gemeinde Lengnau","isPartOf":{"@id":"https:\/\/www.lengnau.ch\/#website"},"datePublished":"2022-02-16T14:33:36+00:00","dateModified":"2025-10-07T15:35:44+00:00","breadcrumb":{"@id":"https:\/\/www.lengnau.ch\/fr\/themes\/freizeit\/gastronomie\/#breadcrumb"},"inLanguage":"fr-FR","potentialAction":[{"@type":"ReadAction","target":["https:\/\/www.lengnau.ch\/fr\/themes\/freizeit\/gastronomie\/"]}]},{"@type":"BreadcrumbList","@id":"https:\/\/www.lengnau.ch\/fr\/themes\/freizeit\/gastronomie\/#breadcrumb","itemListElement":[{"@type":"ListItem","position":1,"name":"Home","item":"https:\/\/www.lengnau.ch\/fr\/"},{"@type":"ListItem","position":2,"name":"Th\u00e8mes","item":"https:\/\/www.lengnau.ch\/fr\/themes\/"},{"@type":"ListItem","position":3,"name":"Loisirs","item":"https:\/\/www.lengnau.ch\/fr\/themes\/freizeit\/"},{"@type":"ListItem","position":4,"name":"Gastronomie"}]},{"@type":"WebSite","@id":"https:\/\/www.lengnau.ch\/#website","url":"https:\/\/www.lengnau.ch\/","name":"Gemeinde Lengnau","description":"","potentialAction":[{"@type":"SearchAction","target":{"@type":"EntryPoint","urlTemplate":"https:\/\/www.lengnau.ch\/?s={search_term_string}"},"query-input":{"@type":"PropertyValueSpecification","valueRequired":true,"valueName":"search_term_string"}}],"inLanguage":"fr-FR"}]}},"publishpress_future_action":{"enabled":false,"date":"2026-04-25 21:35:48","action":"change-status","newStatus":"draft","terms":[],"taxonomy":"translation_priority","extraData":[]},"publishpress_future_workflow_manual_trigger":{"enabledWorkflows":[]},"_links":{"self":[{"href":"https:\/\/www.lengnau.ch\/fr\/wp-json\/wp\/v2\/pages\/3124","targetHints":{"allow":["GET"]}}],"collection":[{"href":"https:\/\/www.lengnau.ch\/fr\/wp-json\/wp\/v2\/pages"}],"about":[{"href":"https:\/\/www.lengnau.ch\/fr\/wp-json\/wp\/v2\/types\/page"}],"author":[{"embeddable":true,"href":"https:\/\/www.lengnau.ch\/fr\/wp-json\/wp\/v2\/users\/1"}],"replies":[{"embeddable":true,"href":"https:\/\/www.lengnau.ch\/fr\/wp-json\/wp\/v2\/comments?post=3124"}],"version-history":[{"count":10,"href":"https:\/\/www.lengnau.ch\/fr\/wp-json\/wp\/v2\/pages\/3124\/revisions"}],"predecessor-version":[{"id":17898,"href":"https:\/\/www.lengnau.ch\/fr\/wp-json\/wp\/v2\/pages\/3124\/revisions\/17898"}],"up":[{"embeddable":true,"href":"https:\/\/www.lengnau.ch\/fr\/wp-json\/wp\/v2\/pages\/3129"}],"wp:attachment":[{"href":"https:\/\/www.lengnau.ch\/fr\/wp-json\/wp\/v2\/media?parent=3124"}],"curies":[{"name":"wp","href":"https:\/\/api.w.org\/{rel}","templated":true}]}}