{"id":3116,"date":"2022-02-16T18:43:58","date_gmt":"2022-02-16T17:43:58","guid":{"rendered":"https:\/\/lengnau.rettenmund.com\/verwaltung-politik\/finanzen\/jahresrechnung\/"},"modified":"2026-03-24T09:41:42","modified_gmt":"2026-03-24T08:41:42","slug":"jahresrechnung","status":"publish","type":"page","link":"https:\/\/www.lengnau.ch\/fr\/verwaltung-politik-2\/finanzen\/jahresrechnung\/","title":{"rendered":"Comptes annuels"},"content":{"rendered":"<h2>Compte de r\u00e9sultat \u00e0 plusieurs niveaux<\/h2>\n<table style=\"height: 515px; width: 99.9999%; border-collapse: collapse;\" border=\"0\">\n<tbody>\n<tr style=\"height: 23px;\">\n<td style=\"width: 74.6353%; height: 23px;\">Charges d&rsquo;exploitation<\/td>\n<td style=\"width: 7.71968%; height: 23px;\">Fr.<\/td>\n<td style=\"width: 17.6449%; text-align: right; height: 23px;\">-28&rsquo;245&rsquo;054.48<\/td>\n<\/tr>\n<tr style=\"height: 23px;\">\n<td style=\"width: 74.6353%; height: 23px;\">Revenu d&rsquo;exploitation<\/td>\n<td style=\"width: 7.71968%; height: 23px;\">Fr.<\/td>\n<td style=\"width: 17.6449%; text-align: right; height: 23px;\"><span style=\"text-align: right;\">31&rsquo;305&rsquo;625.22<\/span><\/td>\n<\/tr>\n<tr style=\"height: 23px;\">\n<td style=\"width: 74.6353%; background-color: #dbdbdb; height: 23px;\">R\u00e9sultat des activit\u00e9s d&rsquo;exploitation<\/td>\n<td style=\"width: 7.71968%; background-color: #dbdbdb; height: 23px;\">Fr.<\/td>\n<td style=\"width: 17.6449%; text-align: right; background-color: #dbdbdb; height: 23px;\">3&rsquo;060&rsquo;570.74<\/td>\n<\/tr>\n<tr style=\"height: 23px;\">\n<td style=\"width: 74.6353%; height: 23px;\"><\/td>\n<td style=\"width: 7.71968%; height: 23px;\"><\/td>\n<td style=\"width: 17.6449%; height: 23px;\"><span style=\"text-align: right;\"> <\/span><\/td>\n<\/tr>\n<tr style=\"height: 23px;\">\n<td style=\"width: 74.6353%; height: 23px;\">Charges financi\u00e8res<\/td>\n<td style=\"width: 7.71968%; height: 23px;\">Fr.<\/td>\n<td style=\"width: 17.6449%; text-align: right; height: 23px;\">-155&rsquo;139.93<\/td>\n<\/tr>\n<tr style=\"height: 23px;\">\n<td style=\"width: 74.6353%; height: 23px;\">Produits financiers<\/td>\n<td style=\"width: 7.71968%; height: 23px;\">Fr.<\/td>\n<td style=\"width: 17.6449%; text-align: right; height: 23px;\">418&rsquo;287.96<\/td>\n<\/tr>\n<tr style=\"height: 23px; background-color: #dbdbdb;\">\n<td style=\"width: 74.6353%; height: 23px;\">R\u00e9sultat du financement<\/td>\n<td style=\"width: 7.71968%; height: 23px;\">Fr.<\/td>\n<td style=\"width: 17.6449%; text-align: right; height: 23px;\">263&rsquo;148.03<\/td>\n<\/tr>\n<tr style=\"height: 23px;\">\n<td style=\"width: 74.6353%; height: 23px;\"><\/td>\n<td style=\"width: 7.71968%; height: 23px;\"><\/td>\n<td style=\"width: 17.6449%; height: 23px;\"><span style=\"text-align: right;\"> <\/span><\/td>\n<\/tr>\n<tr style=\"height: 23px; background-color: #dbdbdb;\">\n<td style=\"width: 74.6353%; height: 23px;\">Operatives Ergebnis Gesamthaushalt<\/td>\n<td style=\"width: 7.71968%; height: 23px;\">Fr.<\/td>\n<td style=\"width: 17.6449%; text-align: right; height: 23px;\">3&rsquo;323&rsquo;718.77<\/td>\n<\/tr>\n<tr style=\"height: 23px;\">\n<td style=\"width: 74.6353%; height: 23px;\"><\/td>\n<td style=\"width: 7.71968%; height: 23px;\"><\/td>\n<td style=\"width: 17.6449%; height: 23px;\"><span style=\"text-align: right;\"> <\/span><\/td>\n<\/tr>\n<tr style=\"height: 23px;\">\n<td style=\"width: 74.6353%; height: 23px;\">Charges extraordinaires<\/td>\n<td style=\"width: 7.71968%; height: 23px;\">Fr.<\/td>\n<td style=\"width: 17.6449%; text-align: right; height: 23px;\">-103&rsquo;142.95<\/td>\n<\/tr>\n<tr style=\"height: 23px;\">\n<td style=\"width: 74.6353%; height: 23px;\">Produits exceptionnels<\/td>\n<td style=\"width: 7.71968%; height: 23px;\">Fr.<\/td>\n<td style=\"width: 17.6449%; text-align: right; height: 23px;\">317&rsquo;094.35<\/td>\n<\/tr>\n<tr style=\"height: 23px; background-color: #dbdbdb;\">\n<td style=\"width: 74.6353%; height: 23px;\">R\u00e9sultat exceptionnel<\/td>\n<td style=\"width: 7.71968%; height: 23px;\">Fr.<\/td>\n<td style=\"width: 17.6449%; text-align: right; height: 23px;\">213&rsquo;951.40<\/td>\n<\/tr>\n<tr style=\"height: 23px;\">\n<td style=\"width: 74.6353%; height: 23px;\"><\/td>\n<td style=\"width: 7.71968%; height: 23px;\"><\/td>\n<td style=\"width: 17.6449%; height: 23px;\"><span style=\"text-align: right;\"> <\/span><\/td>\n<\/tr>\n<tr style=\"height: 23px; background-color: #dbdbdb;\">\n<td style=\"width: 74.6353%; height: 23px;\"><strong>R\u00e9sultat du budget g\u00e9n\u00e9ral<\/strong><\/td>\n<td style=\"width: 7.71968%; height: 23px;\"><strong>Fr.<\/strong><\/td>\n<td style=\"width: 17.6449%; text-align: right; height: 23px;\"><strong>3&rsquo;537&rsquo;670.17<\/strong><\/td>\n<\/tr>\n<tr style=\"height: 23px;\">\n<td style=\"width: 74.6353%; height: 23px;\"><strong> <\/strong><\/td>\n<td style=\"width: 7.71968%; height: 23px;\"><strong> <\/strong><\/td>\n<td style=\"width: 17.6449%; height: 23px;\"><span style=\"text-align: right;\"><strong> <\/strong><\/span><\/td>\n<\/tr>\n<tr style=\"height: 23px;\">\n<td style=\"width: 74.6353%; height: 23px;\">R\u00e9sultat du financement sp\u00e9cial de l&rsquo;eau<strong><br \/>\n<\/strong><\/td>\n<td style=\"width: 7.71968%; height: 23px;\">Fr.<\/td>\n<td style=\"width: 17.6449%; text-align: right; height: 23px;\">197&rsquo;855.08<\/td>\n<\/tr>\n<tr style=\"height: 23px;\">\n<td style=\"width: 74.6353%; height: 23px;\">R\u00e9sultat du financement sp\u00e9cial des eaux us\u00e9es<\/td>\n<td style=\"width: 7.71968%; height: 23px;\">Fr.<\/td>\n<td style=\"width: 17.6449%; text-align: right; height: 23px;\">13&rsquo;705.66<\/td>\n<\/tr>\n<tr style=\"height: 23px;\">\n<td style=\"width: 74.6353%; height: 23px;\">R\u00e9sultat du financement sp\u00e9cial de l&rsquo;\u00e9lectricit\u00e9<\/td>\n<td style=\"width: 7.71968%; height: 23px;\">Fr.<\/td>\n<td style=\"width: 17.6449%; text-align: right; height: 23px;\">-586&rsquo;844.46<\/td>\n<\/tr>\n<tr style=\"height: 23px;\">\n<td style=\"width: 74.6353%; height: 23px;\">R\u00e9sultat du financement sp\u00e9cial des d\u00e9chets<\/td>\n<td style=\"width: 7.71968%; height: 23px;\">Fr.<\/td>\n<td style=\"width: 17.6449%; text-align: right; height: 23px;\" width=\"118\">71&rsquo;316.77<\/td>\n<\/tr>\n<tr style=\"height: 23px; background-color: #dbdbdb;\">\n<td style=\"width: 74.6353%; height: 24px;\">Total des comptes de cl\u00f4ture des financements sp\u00e9ciaux<strong><br \/>\n<\/strong><\/td>\n<td style=\"width: 7.71968%; height: 24px;\">Fr.<\/td>\n<td style=\"width: 17.6449%; text-align: right; height: 24px;\">-303&rsquo;966.95<\/td>\n<\/tr>\n<tr style=\"height: 24px;\">\n<td style=\"width: 74.6353%; height: 24px;\"><\/td>\n<td style=\"width: 7.71968%; height: 24px;\"><\/td>\n<td style=\"width: 17.6449%; text-align: right; height: 24px;\"><\/td>\n<\/tr>\n<tr style=\"height: 23px; background-color: #dbdbdb;\">\n<td style=\"width: 74.6353%; height: 24px;\"><strong>R\u00e9sultat du budget g\u00e9n\u00e9ral<\/strong><\/td>\n<td style=\"width: 7.71968%; height: 24px;\"><strong>Fr.<\/strong><\/td>\n<td style=\"width: 17.6449%; text-align: right; height: 24px;\"><strong>3&rsquo;233&rsquo;703.22<\/strong><\/td>\n<\/tr>\n<\/tbody>\n<\/table>\n<p>&nbsp;<\/p>\n<p><a href=\"https:\/\/www.lengnau.ch\/wp-content\/uploads\/2026\/03\/Uebersicht_Erfolgsrechnung_2025.jpg\" target=\"_blank\" rel=\"noopener\"><img loading=\"lazy\" decoding=\"async\" class=\"alignnone wp-image-19293\" src=\"https:\/\/www.lengnau.ch\/wp-content\/uploads\/2026\/03\/Uebersicht_Erfolgsrechnung_2025.jpg\" alt=\"\" width=\"432\" height=\"140\"><\/a><\/p>\n<p><a href=\"https:\/\/www.lengnau.ch\/wp-content\/uploads\/2026\/03\/Detaillierte_Uebersicht_Erfolgsrechnung_2025.jpg\" target=\"_blank\" rel=\"noopener\"><img loading=\"lazy\" decoding=\"async\" class=\"alignnone wp-image-19292\" src=\"https:\/\/www.lengnau.ch\/wp-content\/uploads\/2026\/03\/Detaillierte_Uebersicht_Erfolgsrechnung_2025.jpg\" alt=\"\" width=\"750\" height=\"140\" srcset=\"https:\/\/www.lengnau.ch\/wp-content\/uploads\/2026\/03\/Detaillierte_Uebersicht_Erfolgsrechnung_2025.jpg 1141w, https:\/\/www.lengnau.ch\/wp-content\/uploads\/2026\/03\/Detaillierte_Uebersicht_Erfolgsrechnung_2025-300x56.jpg 300w, https:\/\/www.lengnau.ch\/wp-content\/uploads\/2026\/03\/Detaillierte_Uebersicht_Erfolgsrechnung_2025-1024x191.jpg 1024w, https:\/\/www.lengnau.ch\/wp-content\/uploads\/2026\/03\/Detaillierte_Uebersicht_Erfolgsrechnung_2025-768x143.jpg 768w\" sizes=\"auto, (max-width: 750px) 100vw, 750px\" \/><\/a><\/p>\n<h2>En savoir plus sur le sujet<\/h2>\n<p><a href=\"https:\/\/www.lengnau.ch\/wp-content\/uploads\/2026\/03\/Erfolgsrechnung_2025.pdf\" target=\"_blank\" rel=\"noopener\">Comptes annuels 2025<\/a><br \/>\n<a href=\"https:\/\/www.lengnau.ch\/wp-content\/uploads\/2026\/01\/Jahresrechnung-2024.pdf\" target=\"_blank\" rel=\"noopener\">Comptes annuels 2024<\/a><br \/>\n<a href=\"https:\/\/www.lengnau.ch\/wp-content\/uploads\/2024\/06\/Jahresrechnung-2023.pdf\" target=\"_blank\" rel=\"noopener\">Comptes annuels 2023<\/a><br \/>\n<a href=\"https:\/\/www.lengnau.ch\/wp-content\/uploads\/2023\/03\/Jahresrechnung-2022_ohne-Unterschrift.pdf\" target=\"_blank\" rel=\"noopener\">Comptes annuels 2022<\/a><\/p>\n","protected":false},"excerpt":{"rendered":"<p>Compte de r\u00e9sultat \u00e0 plusieurs niveaux Charges d&rsquo;exploitation Fr. -28&rsquo;245&rsquo;054.48 Revenu d&rsquo;exploitation Fr. 31&rsquo;305&rsquo;625.22 R\u00e9sultat des activit\u00e9s d&rsquo;exploitation Fr. 3&rsquo;060&rsquo;570.74 Charges financi\u00e8res Fr. -155&rsquo;139.93 Produits financiers Fr. 418&rsquo;287.96 R\u00e9sultat du financement Fr. 263&rsquo;148.03 Operatives Ergebnis Gesamthaushalt Fr. 3&rsquo;323&rsquo;718.77 Charges extraordinaires Fr. -103&rsquo;142.95 Produits exceptionnels Fr. 317&rsquo;094.35 R\u00e9sultat exceptionnel Fr. 213&rsquo;951.40 R\u00e9sultat du budget g\u00e9n\u00e9ral Fr. [&hellip;]<\/p>\n","protected":false},"author":1,"featured_media":0,"parent":3115,"menu_order":0,"comment_status":"closed","ping_status":"closed","template":"","meta":{"_acf_changed":false,"_relevanssi_hide_post":"","_relevanssi_hide_content":"","_relevanssi_pin_for_all":"","_relevanssi_pin_keywords":"","_relevanssi_unpin_keywords":"","_relevanssi_related_keywords":"","_relevanssi_related_include_ids":"","_relevanssi_related_exclude_ids":"","_relevanssi_related_no_append":"","_relevanssi_related_not_related":"","_relevanssi_related_posts":"","_relevanssi_noindex_reason":"","footnotes":""},"class_list":["post-3116","page","type-page","status-publish","hentry"],"acf":[],"yoast_head":"<!-- This site is optimized with the Yoast SEO plugin v27.5 - https:\/\/yoast.com\/product\/yoast-seo-wordpress\/ -->\n<title>Comptes annuels - Gemeinde Lengnau<\/title>\n<meta name=\"robots\" content=\"index, follow, max-snippet:-1, max-image-preview:large, max-video-preview:-1\" \/>\n<link rel=\"canonical\" href=\"https:\/\/www.lengnau.ch\/fr\/verwaltung-politik-2\/finanzen\/jahresrechnung\/\" \/>\n<meta property=\"og:locale\" content=\"fr_FR\" \/>\n<meta property=\"og:type\" content=\"article\" \/>\n<meta property=\"og:title\" content=\"Comptes annuels - Gemeinde Lengnau\" \/>\n<meta property=\"og:description\" content=\"Compte de r\u00e9sultat \u00e0 plusieurs niveaux Charges d&rsquo;exploitation Fr. -28&rsquo;245&rsquo;054.48 Revenu d&rsquo;exploitation Fr. 31&rsquo;305&rsquo;625.22 R\u00e9sultat des activit\u00e9s d&rsquo;exploitation Fr. 3&rsquo;060&rsquo;570.74 Charges financi\u00e8res Fr. -155&rsquo;139.93 Produits financiers Fr. 418&rsquo;287.96 R\u00e9sultat du financement Fr. 263&rsquo;148.03 Operatives Ergebnis Gesamthaushalt Fr. 3&rsquo;323&rsquo;718.77 Charges extraordinaires Fr. -103&rsquo;142.95 Produits exceptionnels Fr. 317&rsquo;094.35 R\u00e9sultat exceptionnel Fr. 213&rsquo;951.40 R\u00e9sultat du budget g\u00e9n\u00e9ral Fr. [&hellip;]\" \/>\n<meta property=\"og:url\" content=\"https:\/\/www.lengnau.ch\/fr\/verwaltung-politik-2\/finanzen\/jahresrechnung\/\" \/>\n<meta property=\"og:site_name\" content=\"Gemeinde Lengnau\" \/>\n<meta property=\"article:modified_time\" content=\"2026-03-24T08:41:42+00:00\" \/>\n<meta property=\"og:image\" content=\"https:\/\/www.lengnau.ch\/wp-content\/uploads\/2026\/03\/Uebersicht_Erfolgsrechnung_2025.jpg\" \/>\n\t<meta property=\"og:image:width\" content=\"672\" \/>\n\t<meta property=\"og:image:height\" content=\"218\" \/>\n\t<meta property=\"og:image:type\" content=\"image\/jpeg\" \/>\n<meta name=\"twitter:card\" content=\"summary_large_image\" \/>\n<script type=\"application\/ld+json\" class=\"yoast-schema-graph\">{\"@context\":\"https:\\\/\\\/schema.org\",\"@graph\":[{\"@type\":\"WebPage\",\"@id\":\"https:\\\/\\\/www.lengnau.ch\\\/fr\\\/verwaltung-politik-2\\\/finanzen\\\/jahresrechnung\\\/\",\"url\":\"https:\\\/\\\/www.lengnau.ch\\\/fr\\\/verwaltung-politik-2\\\/finanzen\\\/jahresrechnung\\\/\",\"name\":\"Comptes annuels - Gemeinde Lengnau\",\"isPartOf\":{\"@id\":\"https:\\\/\\\/www.lengnau.ch\\\/#website\"},\"primaryImageOfPage\":{\"@id\":\"https:\\\/\\\/www.lengnau.ch\\\/fr\\\/verwaltung-politik-2\\\/finanzen\\\/jahresrechnung\\\/#primaryimage\"},\"image\":{\"@id\":\"https:\\\/\\\/www.lengnau.ch\\\/fr\\\/verwaltung-politik-2\\\/finanzen\\\/jahresrechnung\\\/#primaryimage\"},\"thumbnailUrl\":\"https:\\\/\\\/www.lengnau.ch\\\/wp-content\\\/uploads\\\/2026\\\/03\\\/Uebersicht_Erfolgsrechnung_2025.jpg\",\"datePublished\":\"2022-02-16T17:43:58+00:00\",\"dateModified\":\"2026-03-24T08:41:42+00:00\",\"breadcrumb\":{\"@id\":\"https:\\\/\\\/www.lengnau.ch\\\/fr\\\/verwaltung-politik-2\\\/finanzen\\\/jahresrechnung\\\/#breadcrumb\"},\"inLanguage\":\"fr-FR\",\"potentialAction\":[{\"@type\":\"ReadAction\",\"target\":[\"https:\\\/\\\/www.lengnau.ch\\\/fr\\\/verwaltung-politik-2\\\/finanzen\\\/jahresrechnung\\\/\"]}]},{\"@type\":\"ImageObject\",\"inLanguage\":\"fr-FR\",\"@id\":\"https:\\\/\\\/www.lengnau.ch\\\/fr\\\/verwaltung-politik-2\\\/finanzen\\\/jahresrechnung\\\/#primaryimage\",\"url\":\"https:\\\/\\\/www.lengnau.ch\\\/wp-content\\\/uploads\\\/2026\\\/03\\\/Uebersicht_Erfolgsrechnung_2025.jpg\",\"contentUrl\":\"https:\\\/\\\/www.lengnau.ch\\\/wp-content\\\/uploads\\\/2026\\\/03\\\/Uebersicht_Erfolgsrechnung_2025.jpg\"},{\"@type\":\"BreadcrumbList\",\"@id\":\"https:\\\/\\\/www.lengnau.ch\\\/fr\\\/verwaltung-politik-2\\\/finanzen\\\/jahresrechnung\\\/#breadcrumb\",\"itemListElement\":[{\"@type\":\"ListItem\",\"position\":1,\"name\":\"Home\",\"item\":\"https:\\\/\\\/www.lengnau.ch\\\/fr\\\/\"},{\"@type\":\"ListItem\",\"position\":2,\"name\":\"Administration et politique\",\"item\":\"https:\\\/\\\/www.lengnau.ch\\\/fr\\\/verwaltung-politik-2\\\/\"},{\"@type\":\"ListItem\",\"position\":3,\"name\":\"Finances\",\"item\":\"https:\\\/\\\/www.lengnau.ch\\\/fr\\\/verwaltung-politik-2\\\/finanzen\\\/\"},{\"@type\":\"ListItem\",\"position\":4,\"name\":\"Comptes annuels\"}]},{\"@type\":\"WebSite\",\"@id\":\"https:\\\/\\\/www.lengnau.ch\\\/#website\",\"url\":\"https:\\\/\\\/www.lengnau.ch\\\/\",\"name\":\"Gemeinde Lengnau\",\"description\":\"\",\"potentialAction\":[{\"@type\":\"SearchAction\",\"target\":{\"@type\":\"EntryPoint\",\"urlTemplate\":\"https:\\\/\\\/www.lengnau.ch\\\/?s={search_term_string}\"},\"query-input\":{\"@type\":\"PropertyValueSpecification\",\"valueRequired\":true,\"valueName\":\"search_term_string\"}}],\"inLanguage\":\"fr-FR\"}]}<\/script>\n<!-- \/ Yoast SEO plugin. -->","yoast_head_json":{"title":"Comptes annuels - Gemeinde Lengnau","robots":{"index":"index","follow":"follow","max-snippet":"max-snippet:-1","max-image-preview":"max-image-preview:large","max-video-preview":"max-video-preview:-1"},"canonical":"https:\/\/www.lengnau.ch\/fr\/verwaltung-politik-2\/finanzen\/jahresrechnung\/","og_locale":"fr_FR","og_type":"article","og_title":"Comptes annuels - Gemeinde Lengnau","og_description":"Compte de r\u00e9sultat \u00e0 plusieurs niveaux Charges d&rsquo;exploitation Fr. -28&rsquo;245&rsquo;054.48 Revenu d&rsquo;exploitation Fr. 31&rsquo;305&rsquo;625.22 R\u00e9sultat des activit\u00e9s d&rsquo;exploitation Fr. 3&rsquo;060&rsquo;570.74 Charges financi\u00e8res Fr. -155&rsquo;139.93 Produits financiers Fr. 418&rsquo;287.96 R\u00e9sultat du financement Fr. 263&rsquo;148.03 Operatives Ergebnis Gesamthaushalt Fr. 3&rsquo;323&rsquo;718.77 Charges extraordinaires Fr. -103&rsquo;142.95 Produits exceptionnels Fr. 317&rsquo;094.35 R\u00e9sultat exceptionnel Fr. 213&rsquo;951.40 R\u00e9sultat du budget g\u00e9n\u00e9ral Fr. [&hellip;]","og_url":"https:\/\/www.lengnau.ch\/fr\/verwaltung-politik-2\/finanzen\/jahresrechnung\/","og_site_name":"Gemeinde Lengnau","article_modified_time":"2026-03-24T08:41:42+00:00","og_image":[{"width":672,"height":218,"url":"https:\/\/www.lengnau.ch\/wp-content\/uploads\/2026\/03\/Uebersicht_Erfolgsrechnung_2025.jpg","type":"image\/jpeg"}],"twitter_card":"summary_large_image","schema":{"@context":"https:\/\/schema.org","@graph":[{"@type":"WebPage","@id":"https:\/\/www.lengnau.ch\/fr\/verwaltung-politik-2\/finanzen\/jahresrechnung\/","url":"https:\/\/www.lengnau.ch\/fr\/verwaltung-politik-2\/finanzen\/jahresrechnung\/","name":"Comptes annuels - Gemeinde Lengnau","isPartOf":{"@id":"https:\/\/www.lengnau.ch\/#website"},"primaryImageOfPage":{"@id":"https:\/\/www.lengnau.ch\/fr\/verwaltung-politik-2\/finanzen\/jahresrechnung\/#primaryimage"},"image":{"@id":"https:\/\/www.lengnau.ch\/fr\/verwaltung-politik-2\/finanzen\/jahresrechnung\/#primaryimage"},"thumbnailUrl":"https:\/\/www.lengnau.ch\/wp-content\/uploads\/2026\/03\/Uebersicht_Erfolgsrechnung_2025.jpg","datePublished":"2022-02-16T17:43:58+00:00","dateModified":"2026-03-24T08:41:42+00:00","breadcrumb":{"@id":"https:\/\/www.lengnau.ch\/fr\/verwaltung-politik-2\/finanzen\/jahresrechnung\/#breadcrumb"},"inLanguage":"fr-FR","potentialAction":[{"@type":"ReadAction","target":["https:\/\/www.lengnau.ch\/fr\/verwaltung-politik-2\/finanzen\/jahresrechnung\/"]}]},{"@type":"ImageObject","inLanguage":"fr-FR","@id":"https:\/\/www.lengnau.ch\/fr\/verwaltung-politik-2\/finanzen\/jahresrechnung\/#primaryimage","url":"https:\/\/www.lengnau.ch\/wp-content\/uploads\/2026\/03\/Uebersicht_Erfolgsrechnung_2025.jpg","contentUrl":"https:\/\/www.lengnau.ch\/wp-content\/uploads\/2026\/03\/Uebersicht_Erfolgsrechnung_2025.jpg"},{"@type":"BreadcrumbList","@id":"https:\/\/www.lengnau.ch\/fr\/verwaltung-politik-2\/finanzen\/jahresrechnung\/#breadcrumb","itemListElement":[{"@type":"ListItem","position":1,"name":"Home","item":"https:\/\/www.lengnau.ch\/fr\/"},{"@type":"ListItem","position":2,"name":"Administration et politique","item":"https:\/\/www.lengnau.ch\/fr\/verwaltung-politik-2\/"},{"@type":"ListItem","position":3,"name":"Finances","item":"https:\/\/www.lengnau.ch\/fr\/verwaltung-politik-2\/finanzen\/"},{"@type":"ListItem","position":4,"name":"Comptes annuels"}]},{"@type":"WebSite","@id":"https:\/\/www.lengnau.ch\/#website","url":"https:\/\/www.lengnau.ch\/","name":"Gemeinde Lengnau","description":"","potentialAction":[{"@type":"SearchAction","target":{"@type":"EntryPoint","urlTemplate":"https:\/\/www.lengnau.ch\/?s={search_term_string}"},"query-input":{"@type":"PropertyValueSpecification","valueRequired":true,"valueName":"search_term_string"}}],"inLanguage":"fr-FR"}]}},"publishpress_future_action":{"enabled":false,"date":"2026-05-24 07:42:47","action":"change-status","newStatus":"draft","terms":[],"taxonomy":"translation_priority","extraData":[]},"publishpress_future_workflow_manual_trigger":{"enabledWorkflows":[]},"_links":{"self":[{"href":"https:\/\/www.lengnau.ch\/fr\/wp-json\/wp\/v2\/pages\/3116","targetHints":{"allow":["GET"]}}],"collection":[{"href":"https:\/\/www.lengnau.ch\/fr\/wp-json\/wp\/v2\/pages"}],"about":[{"href":"https:\/\/www.lengnau.ch\/fr\/wp-json\/wp\/v2\/types\/page"}],"author":[{"embeddable":true,"href":"https:\/\/www.lengnau.ch\/fr\/wp-json\/wp\/v2\/users\/1"}],"replies":[{"embeddable":true,"href":"https:\/\/www.lengnau.ch\/fr\/wp-json\/wp\/v2\/comments?post=3116"}],"version-history":[{"count":10,"href":"https:\/\/www.lengnau.ch\/fr\/wp-json\/wp\/v2\/pages\/3116\/revisions"}],"predecessor-version":[{"id":19323,"href":"https:\/\/www.lengnau.ch\/fr\/wp-json\/wp\/v2\/pages\/3116\/revisions\/19323"}],"up":[{"embeddable":true,"href":"https:\/\/www.lengnau.ch\/fr\/wp-json\/wp\/v2\/pages\/3115"}],"wp:attachment":[{"href":"https:\/\/www.lengnau.ch\/fr\/wp-json\/wp\/v2\/media?parent=3116"}],"curies":[{"name":"wp","href":"https:\/\/api.w.org\/{rel}","templated":true}]}}