{"id":3114,"date":"2022-02-16T18:44:33","date_gmt":"2022-02-16T17:44:33","guid":{"rendered":"https:\/\/lengnau.rettenmund.com\/investitionsprogramm\/"},"modified":"2025-02-19T09:58:59","modified_gmt":"2025-02-19T08:58:59","slug":"investitionsprogramm","status":"publish","type":"page","link":"https:\/\/www.lengnau.ch\/fr\/verwaltung-politik-2\/finanzen\/investitionsprogramm\/","title":{"rendered":"Programme d\u2019investissement"},"content":{"rendered":"<p>Dans le d\u00e9roulement chronologique du programme annuel, la premi\u00e8re \u00e9tape est l&rsquo;\u00e9laboration du programme d&rsquo;investissement. Cela s&rsquo;explique par le fait que pour \u00e9tablir le plan financier, il faut conna\u00eetre les investissements pr\u00e9vus.<\/p>\n<p>Il n&rsquo;existe pas de prescription formelle cantonale pour le programme d&rsquo;investissement. N\u00e9anmoins, dans la pratique, il s&rsquo;est impos\u00e9 de planifier sur la m\u00eame p\u00e9riode que pour le plan financier, c&rsquo;est-\u00e0-dire en g\u00e9n\u00e9ral sur les quatre \u00e0 huit prochaines ann\u00e9es.<\/p>\n<p>Le programme d&rsquo;investissement est divis\u00e9 en deux domaines : \u00ab\u00a0Financ\u00e9 par les imp\u00f4ts\u00a0\u00bb et \u00ab\u00a0Financements sp\u00e9ciaux\u00a0\u00bb et, au sein de ces subdivisions, les investissements sont pr\u00e9sent\u00e9s par fonction.<\/p>\n<p>Au sein des fonctions, les projets pr\u00e9vus sont list\u00e9s avec leur co\u00fbt total ainsi que la mise en \u0153uvre pr\u00e9vue.<\/p>\n<p>Vous trouverez le programme d&rsquo;investissement actuel pour les ann\u00e9es 2025 &#8211; 2030 sous \u00ab\u00a0En savoir plus\u00a0\u00bb.<\/p>\n<h2>En savoir plus sur le sujet<\/h2>\n<p><a href=\"https:\/\/www.lengnau.ch\/wp-content\/uploads\/2025\/02\/Investitionsprogramm-2025_2030.pdf\" target=\"_blank\" rel=\"noopener\">Programme d&rsquo;investissement 2025 &#8211; 2030<\/a><br \/>\n<a href=\"https:\/\/www.lengnau.ch\/wp-content\/uploads\/2024\/01\/Investitionsprogramm-2024-2029.pdf\" target=\"_blank\" rel=\"noopener\">Programme d&rsquo;investissement 2024 &#8211; 2029<\/a><br \/>\n<a href=\"https:\/\/www.lengnau.ch\/wp-content\/uploads\/2023\/01\/Investitionsprogramm-2023_2028.pdf\">Programme d&rsquo;investissement 2023 &#8211; 2028<\/a><\/p>\n","protected":false},"excerpt":{"rendered":"<p>Dans le d\u00e9roulement chronologique du programme annuel, la premi\u00e8re \u00e9tape est l&rsquo;\u00e9laboration du programme d&rsquo;investissement. Cela s&rsquo;explique par le fait que pour \u00e9tablir le plan financier, il faut conna\u00eetre les investissements pr\u00e9vus. Il n&rsquo;existe pas de prescription formelle cantonale pour le programme d&rsquo;investissement. N\u00e9anmoins, dans la pratique, il s&rsquo;est impos\u00e9 de planifier sur la m\u00eame [&hellip;]<\/p>\n","protected":false},"author":1,"featured_media":0,"parent":3115,"menu_order":14,"comment_status":"closed","ping_status":"closed","template":"","meta":{"_acf_changed":false,"_relevanssi_hide_post":"","_relevanssi_hide_content":"","_relevanssi_pin_for_all":"","_relevanssi_pin_keywords":"","_relevanssi_unpin_keywords":"","_relevanssi_related_keywords":"","_relevanssi_related_include_ids":"","_relevanssi_related_exclude_ids":"","_relevanssi_related_no_append":"","_relevanssi_related_not_related":"","_relevanssi_related_posts":"","_relevanssi_noindex_reason":"","footnotes":""},"class_list":["post-3114","page","type-page","status-publish","hentry"],"acf":[],"yoast_head":"<!-- This site is optimized with the Yoast SEO plugin v27.1.1 - https:\/\/yoast.com\/product\/yoast-seo-wordpress\/ -->\n<title>Programme d\u2019investissement - Gemeinde Lengnau<\/title>\n<meta name=\"robots\" content=\"index, follow, max-snippet:-1, max-image-preview:large, max-video-preview:-1\" \/>\n<link rel=\"canonical\" href=\"https:\/\/www.lengnau.ch\/fr\/verwaltung-politik-2\/finanzen\/investitionsprogramm\/\" \/>\n<meta property=\"og:locale\" content=\"fr_FR\" \/>\n<meta property=\"og:type\" content=\"article\" \/>\n<meta property=\"og:title\" content=\"Programme d\u2019investissement - Gemeinde Lengnau\" \/>\n<meta property=\"og:description\" content=\"Dans le d\u00e9roulement chronologique du programme annuel, la premi\u00e8re \u00e9tape est l&rsquo;\u00e9laboration du programme d&rsquo;investissement. Cela s&rsquo;explique par le fait que pour \u00e9tablir le plan financier, il faut conna\u00eetre les investissements pr\u00e9vus. Il n&rsquo;existe pas de prescription formelle cantonale pour le programme d&rsquo;investissement. N\u00e9anmoins, dans la pratique, il s&rsquo;est impos\u00e9 de planifier sur la m\u00eame [&hellip;]\" \/>\n<meta property=\"og:url\" content=\"https:\/\/www.lengnau.ch\/fr\/verwaltung-politik-2\/finanzen\/investitionsprogramm\/\" \/>\n<meta property=\"og:site_name\" content=\"Gemeinde Lengnau\" \/>\n<meta property=\"article:modified_time\" content=\"2025-02-19T08:58:59+00:00\" \/>\n<meta name=\"twitter:card\" content=\"summary_large_image\" \/>\n<script type=\"application\/ld+json\" class=\"yoast-schema-graph\">{\"@context\":\"https:\/\/schema.org\",\"@graph\":[{\"@type\":\"WebPage\",\"@id\":\"https:\/\/www.lengnau.ch\/fr\/verwaltung-politik-2\/finanzen\/investitionsprogramm\/\",\"url\":\"https:\/\/www.lengnau.ch\/fr\/verwaltung-politik-2\/finanzen\/investitionsprogramm\/\",\"name\":\"Programme d\u2019investissement - Gemeinde Lengnau\",\"isPartOf\":{\"@id\":\"https:\/\/www.lengnau.ch\/#website\"},\"datePublished\":\"2022-02-16T17:44:33+00:00\",\"dateModified\":\"2025-02-19T08:58:59+00:00\",\"breadcrumb\":{\"@id\":\"https:\/\/www.lengnau.ch\/fr\/verwaltung-politik-2\/finanzen\/investitionsprogramm\/#breadcrumb\"},\"inLanguage\":\"fr-FR\",\"potentialAction\":[{\"@type\":\"ReadAction\",\"target\":[\"https:\/\/www.lengnau.ch\/fr\/verwaltung-politik-2\/finanzen\/investitionsprogramm\/\"]}]},{\"@type\":\"BreadcrumbList\",\"@id\":\"https:\/\/www.lengnau.ch\/fr\/verwaltung-politik-2\/finanzen\/investitionsprogramm\/#breadcrumb\",\"itemListElement\":[{\"@type\":\"ListItem\",\"position\":1,\"name\":\"Home\",\"item\":\"https:\/\/www.lengnau.ch\/fr\/\"},{\"@type\":\"ListItem\",\"position\":2,\"name\":\"Administration et politique\",\"item\":\"https:\/\/www.lengnau.ch\/fr\/verwaltung-politik-2\/\"},{\"@type\":\"ListItem\",\"position\":3,\"name\":\"Finances\",\"item\":\"https:\/\/www.lengnau.ch\/fr\/verwaltung-politik-2\/finanzen\/\"},{\"@type\":\"ListItem\",\"position\":4,\"name\":\"Programme d\u2019investissement\"}]},{\"@type\":\"WebSite\",\"@id\":\"https:\/\/www.lengnau.ch\/#website\",\"url\":\"https:\/\/www.lengnau.ch\/\",\"name\":\"Gemeinde Lengnau\",\"description\":\"\",\"potentialAction\":[{\"@type\":\"SearchAction\",\"target\":{\"@type\":\"EntryPoint\",\"urlTemplate\":\"https:\/\/www.lengnau.ch\/?s={search_term_string}\"},\"query-input\":{\"@type\":\"PropertyValueSpecification\",\"valueRequired\":true,\"valueName\":\"search_term_string\"}}],\"inLanguage\":\"fr-FR\"}]}<\/script>\n<!-- \/ Yoast SEO plugin. -->","yoast_head_json":{"title":"Programme d\u2019investissement - Gemeinde Lengnau","robots":{"index":"index","follow":"follow","max-snippet":"max-snippet:-1","max-image-preview":"max-image-preview:large","max-video-preview":"max-video-preview:-1"},"canonical":"https:\/\/www.lengnau.ch\/fr\/verwaltung-politik-2\/finanzen\/investitionsprogramm\/","og_locale":"fr_FR","og_type":"article","og_title":"Programme d\u2019investissement - Gemeinde Lengnau","og_description":"Dans le d\u00e9roulement chronologique du programme annuel, la premi\u00e8re \u00e9tape est l&rsquo;\u00e9laboration du programme d&rsquo;investissement. Cela s&rsquo;explique par le fait que pour \u00e9tablir le plan financier, il faut conna\u00eetre les investissements pr\u00e9vus. Il n&rsquo;existe pas de prescription formelle cantonale pour le programme d&rsquo;investissement. N\u00e9anmoins, dans la pratique, il s&rsquo;est impos\u00e9 de planifier sur la m\u00eame [&hellip;]","og_url":"https:\/\/www.lengnau.ch\/fr\/verwaltung-politik-2\/finanzen\/investitionsprogramm\/","og_site_name":"Gemeinde Lengnau","article_modified_time":"2025-02-19T08:58:59+00:00","twitter_card":"summary_large_image","schema":{"@context":"https:\/\/schema.org","@graph":[{"@type":"WebPage","@id":"https:\/\/www.lengnau.ch\/fr\/verwaltung-politik-2\/finanzen\/investitionsprogramm\/","url":"https:\/\/www.lengnau.ch\/fr\/verwaltung-politik-2\/finanzen\/investitionsprogramm\/","name":"Programme d\u2019investissement - Gemeinde Lengnau","isPartOf":{"@id":"https:\/\/www.lengnau.ch\/#website"},"datePublished":"2022-02-16T17:44:33+00:00","dateModified":"2025-02-19T08:58:59+00:00","breadcrumb":{"@id":"https:\/\/www.lengnau.ch\/fr\/verwaltung-politik-2\/finanzen\/investitionsprogramm\/#breadcrumb"},"inLanguage":"fr-FR","potentialAction":[{"@type":"ReadAction","target":["https:\/\/www.lengnau.ch\/fr\/verwaltung-politik-2\/finanzen\/investitionsprogramm\/"]}]},{"@type":"BreadcrumbList","@id":"https:\/\/www.lengnau.ch\/fr\/verwaltung-politik-2\/finanzen\/investitionsprogramm\/#breadcrumb","itemListElement":[{"@type":"ListItem","position":1,"name":"Home","item":"https:\/\/www.lengnau.ch\/fr\/"},{"@type":"ListItem","position":2,"name":"Administration et politique","item":"https:\/\/www.lengnau.ch\/fr\/verwaltung-politik-2\/"},{"@type":"ListItem","position":3,"name":"Finances","item":"https:\/\/www.lengnau.ch\/fr\/verwaltung-politik-2\/finanzen\/"},{"@type":"ListItem","position":4,"name":"Programme d\u2019investissement"}]},{"@type":"WebSite","@id":"https:\/\/www.lengnau.ch\/#website","url":"https:\/\/www.lengnau.ch\/","name":"Gemeinde Lengnau","description":"","potentialAction":[{"@type":"SearchAction","target":{"@type":"EntryPoint","urlTemplate":"https:\/\/www.lengnau.ch\/?s={search_term_string}"},"query-input":{"@type":"PropertyValueSpecification","valueRequired":true,"valueName":"search_term_string"}}],"inLanguage":"fr-FR"}]}},"publishpress_future_action":{"enabled":false,"date":"2026-04-16 17:10:34","action":"change-status","newStatus":"draft","terms":[],"taxonomy":"translation_priority","extraData":[]},"publishpress_future_workflow_manual_trigger":{"enabledWorkflows":[]},"_links":{"self":[{"href":"https:\/\/www.lengnau.ch\/fr\/wp-json\/wp\/v2\/pages\/3114","targetHints":{"allow":["GET"]}}],"collection":[{"href":"https:\/\/www.lengnau.ch\/fr\/wp-json\/wp\/v2\/pages"}],"about":[{"href":"https:\/\/www.lengnau.ch\/fr\/wp-json\/wp\/v2\/types\/page"}],"author":[{"embeddable":true,"href":"https:\/\/www.lengnau.ch\/fr\/wp-json\/wp\/v2\/users\/1"}],"replies":[{"embeddable":true,"href":"https:\/\/www.lengnau.ch\/fr\/wp-json\/wp\/v2\/comments?post=3114"}],"version-history":[{"count":10,"href":"https:\/\/www.lengnau.ch\/fr\/wp-json\/wp\/v2\/pages\/3114\/revisions"}],"predecessor-version":[{"id":15831,"href":"https:\/\/www.lengnau.ch\/fr\/wp-json\/wp\/v2\/pages\/3114\/revisions\/15831"}],"up":[{"embeddable":true,"href":"https:\/\/www.lengnau.ch\/fr\/wp-json\/wp\/v2\/pages\/3115"}],"wp:attachment":[{"href":"https:\/\/www.lengnau.ch\/fr\/wp-json\/wp\/v2\/media?parent=3114"}],"curies":[{"name":"wp","href":"https:\/\/api.w.org\/{rel}","templated":true}]}}