{"id":3112,"date":"2022-02-16T15:27:54","date_gmt":"2022-02-16T14:27:54","guid":{"rendered":"https:\/\/lengnau.rettenmund.com\/themen\/familien\/spielgruppe\/"},"modified":"2025-11-12T09:11:46","modified_gmt":"2025-11-12T08:11:46","slug":"spielgruppe","status":"publish","type":"page","link":"https:\/\/www.lengnau.ch\/fr\/themes\/familien\/spielgruppe\/","title":{"rendered":"Groupe de jeu"},"content":{"rendered":"<h2>Groupe de jeu Lolipop<\/h2>\n<p>Le groupe de jeu Lolipop est destin\u00e9 aux enfants \u00e0 partir de 2 ans et offre une fois par semaine pendant 2 \u00bd heures la possibilit\u00e9 d&rsquo;\u00eatre avec des enfants du m\u00eame \u00e2ge.<\/p>\n<p>Le groupe de jeu poursuit les objectifs suivants :<\/p>\n<ul>\n<li>Se d\u00e9tacher des parents<\/li>\n<li>Jouer avec d&rsquo;autres enfants<\/li>\n<li>Promotion des comp\u00e9tences linguistiques et musicales<\/li>\n<li>Peinture, bricolage et travaux manuels avec diff\u00e9rents mat\u00e9riaux<\/li>\n<\/ul>\n<h3>Quand<\/h3>\n<p><strong>du lundi au vendredi<\/strong><br \/>\n08h30 &#8211; 11h00<\/p>\n<p><strong>Lundi et mardi<\/strong><br \/>\n13h30 &#8211; 16h00<\/p>\n<h3>Co\u00fbts<\/h3>\n<p>CHF 240.00 par trimestre<\/p>\n<h3>Contact \/ Inscription<\/h3>\n<p>Maria Bilello<br \/>\nRue de Soleure 23<br \/>\n2543 Lengnau BE<\/p>\n<p>T\u00e9l\u00e9phone 078 639 78 27<br \/>\n<a href=\"mailto:lo*************@*****il.com\" data-original-string=\"X4xHF47s6697t3TaK+zn6g==a0eHoAlIpGtTNCMXh8mHK0VIPDLijj7ofQ9BL7pxDPWhOo=\" title=\"This contact has been encoded by Anti-Spam by CleanTalk. Click to decode. To finish the decoding make sure that JavaScript is enabled in your browser.\">Courrier \u00e9lectronique<\/a><br \/>\n<a href=\"https:\/\/www.spielgruppe-lolipop.ch\/\" target=\"_blank\" rel=\"noopener\">Site web<\/a><\/p>\n<h2>Groupe de jeu Schn\u00e4gg\u00e4h\u00fcsli<\/h2>\n<p>Jeux et divertissement dans le groupe de jeu Schn\u00e4gg\u00e4h\u00fcsli pour les enfants \u00e0 partir de 2 ans.<\/p>\n<p>Jouer ensemble, bricoler, peindre, prendre un go\u00fbter\/une collation, \u00e9couter des histoires ou se d\u00e9fouler, tout a sa place.<\/p>\n<p>Par beau temps, il est possible de jardiner sur une aire de jeux pour enfants ou dans le jardin : nous y plantons par exemple de petites plantes et des herbes aromatiques.<\/p>\n<h3>Quand<\/h3>\n<p><strong>Mardi et jeudi<\/strong><br \/>\n08h15 &#8211; 11h15<\/p>\n<p><strong>Mardi et jeudi<\/strong><br \/>\n13h45 &#8211; 16h45<\/p>\n<h3>Co\u00fbts<\/h3>\n<p>CHF 190.00 par trimestre<\/p>\n<p><strong>Contact \/ Inscription<\/strong><br \/>\nAntonia Schlup<br \/>\nDenkmalweg 52<br \/>\n2543 Lengnau BE<\/p>\n<p>T\u00e9l\u00e9phone 032 652 33 17<br \/>\n<a href=\"mailto:an************@*mx.ch\" data-original-string=\"Oyie7DGMJHmug8sET0MNVg==a0elhTVllq3kepr4nAeY\/e3bXk8NbIm5RrYCzjOdnsNLXw=\" title=\"This contact has been encoded by Anti-Spam by CleanTalk. Click to decode. To finish the decoding make sure that JavaScript is enabled in your browser.\">Courrier \u00e9lectronique<\/a><br \/>\n<a href=\"https:\/\/www.spielgruppe-schnaeggaehuesli.ch\/\" target=\"_blank\" rel=\"noopener\">Site web<\/a><\/p>\n","protected":false},"excerpt":{"rendered":"<p>Groupe de jeu Lolipop Le groupe de jeu Lolipop est destin\u00e9 aux enfants \u00e0 partir de 2 ans et offre une fois par semaine pendant 2 \u00bd heures la possibilit\u00e9 d&rsquo;\u00eatre avec des enfants du m\u00eame \u00e2ge. Le groupe de jeu poursuit les objectifs suivants : Se d\u00e9tacher des parents Jouer avec d&rsquo;autres enfants Promotion [&hellip;]<\/p>\n","protected":false},"author":1,"featured_media":0,"parent":3107,"menu_order":6,"comment_status":"closed","ping_status":"closed","template":"","meta":{"_acf_changed":false,"_relevanssi_hide_post":"","_relevanssi_hide_content":"","_relevanssi_pin_for_all":"","_relevanssi_pin_keywords":"","_relevanssi_unpin_keywords":"","_relevanssi_related_keywords":"","_relevanssi_related_include_ids":"","_relevanssi_related_exclude_ids":"","_relevanssi_related_no_append":"","_relevanssi_related_not_related":"","_relevanssi_related_posts":"","_relevanssi_noindex_reason":"","footnotes":""},"class_list":["post-3112","page","type-page","status-publish","hentry"],"acf":[],"yoast_head":"<!-- This site is optimized with the Yoast SEO plugin v27.3 - https:\/\/yoast.com\/product\/yoast-seo-wordpress\/ -->\n<title>Groupe de jeu - Gemeinde Lengnau<\/title>\n<meta name=\"robots\" content=\"index, follow, max-snippet:-1, max-image-preview:large, max-video-preview:-1\" \/>\n<link rel=\"canonical\" href=\"https:\/\/www.lengnau.ch\/fr\/themes\/familien\/spielgruppe\/\" \/>\n<meta property=\"og:locale\" content=\"fr_FR\" \/>\n<meta property=\"og:type\" content=\"article\" \/>\n<meta property=\"og:title\" content=\"Groupe de jeu - Gemeinde Lengnau\" \/>\n<meta property=\"og:description\" content=\"Groupe de jeu Lolipop Le groupe de jeu Lolipop est destin\u00e9 aux enfants \u00e0 partir de 2 ans et offre une fois par semaine pendant 2 \u00bd heures la possibilit\u00e9 d&rsquo;\u00eatre avec des enfants du m\u00eame \u00e2ge. Le groupe de jeu poursuit les objectifs suivants : Se d\u00e9tacher des parents Jouer avec d&rsquo;autres enfants Promotion [&hellip;]\" \/>\n<meta property=\"og:url\" content=\"https:\/\/www.lengnau.ch\/fr\/themes\/familien\/spielgruppe\/\" \/>\n<meta property=\"og:site_name\" content=\"Gemeinde Lengnau\" \/>\n<meta property=\"article:modified_time\" content=\"2025-11-12T08:11:46+00:00\" \/>\n<meta name=\"twitter:card\" content=\"summary_large_image\" \/>\n<script type=\"application\/ld+json\" class=\"yoast-schema-graph\">{\"@context\":\"https:\\\/\\\/schema.org\",\"@graph\":[{\"@type\":\"WebPage\",\"@id\":\"https:\\\/\\\/www.lengnau.ch\\\/fr\\\/themes\\\/familien\\\/spielgruppe\\\/\",\"url\":\"https:\\\/\\\/www.lengnau.ch\\\/fr\\\/themes\\\/familien\\\/spielgruppe\\\/\",\"name\":\"Groupe de jeu - Gemeinde Lengnau\",\"isPartOf\":{\"@id\":\"https:\\\/\\\/www.lengnau.ch\\\/#website\"},\"datePublished\":\"2022-02-16T14:27:54+00:00\",\"dateModified\":\"2025-11-12T08:11:46+00:00\",\"breadcrumb\":{\"@id\":\"https:\\\/\\\/www.lengnau.ch\\\/fr\\\/themes\\\/familien\\\/spielgruppe\\\/#breadcrumb\"},\"inLanguage\":\"fr-FR\",\"potentialAction\":[{\"@type\":\"ReadAction\",\"target\":[\"https:\\\/\\\/www.lengnau.ch\\\/fr\\\/themes\\\/familien\\\/spielgruppe\\\/\"]}]},{\"@type\":\"BreadcrumbList\",\"@id\":\"https:\\\/\\\/www.lengnau.ch\\\/fr\\\/themes\\\/familien\\\/spielgruppe\\\/#breadcrumb\",\"itemListElement\":[{\"@type\":\"ListItem\",\"position\":1,\"name\":\"Home\",\"item\":\"https:\\\/\\\/www.lengnau.ch\\\/fr\\\/\"},{\"@type\":\"ListItem\",\"position\":2,\"name\":\"Th\u00e8mes\",\"item\":\"https:\\\/\\\/www.lengnau.ch\\\/fr\\\/themes\\\/\"},{\"@type\":\"ListItem\",\"position\":3,\"name\":\"Familles\",\"item\":\"https:\\\/\\\/www.lengnau.ch\\\/fr\\\/themes\\\/familien\\\/\"},{\"@type\":\"ListItem\",\"position\":4,\"name\":\"Groupe de jeu\"}]},{\"@type\":\"WebSite\",\"@id\":\"https:\\\/\\\/www.lengnau.ch\\\/#website\",\"url\":\"https:\\\/\\\/www.lengnau.ch\\\/\",\"name\":\"Gemeinde Lengnau\",\"description\":\"\",\"potentialAction\":[{\"@type\":\"SearchAction\",\"target\":{\"@type\":\"EntryPoint\",\"urlTemplate\":\"https:\\\/\\\/www.lengnau.ch\\\/?s={search_term_string}\"},\"query-input\":{\"@type\":\"PropertyValueSpecification\",\"valueRequired\":true,\"valueName\":\"search_term_string\"}}],\"inLanguage\":\"fr-FR\"}]}<\/script>\n<!-- \/ Yoast SEO plugin. -->","yoast_head_json":{"title":"Groupe de jeu - Gemeinde Lengnau","robots":{"index":"index","follow":"follow","max-snippet":"max-snippet:-1","max-image-preview":"max-image-preview:large","max-video-preview":"max-video-preview:-1"},"canonical":"https:\/\/www.lengnau.ch\/fr\/themes\/familien\/spielgruppe\/","og_locale":"fr_FR","og_type":"article","og_title":"Groupe de jeu - Gemeinde Lengnau","og_description":"Groupe de jeu Lolipop Le groupe de jeu Lolipop est destin\u00e9 aux enfants \u00e0 partir de 2 ans et offre une fois par semaine pendant 2 \u00bd heures la possibilit\u00e9 d&rsquo;\u00eatre avec des enfants du m\u00eame \u00e2ge. Le groupe de jeu poursuit les objectifs suivants : Se d\u00e9tacher des parents Jouer avec d&rsquo;autres enfants Promotion [&hellip;]","og_url":"https:\/\/www.lengnau.ch\/fr\/themes\/familien\/spielgruppe\/","og_site_name":"Gemeinde Lengnau","article_modified_time":"2025-11-12T08:11:46+00:00","twitter_card":"summary_large_image","schema":{"@context":"https:\/\/schema.org","@graph":[{"@type":"WebPage","@id":"https:\/\/www.lengnau.ch\/fr\/themes\/familien\/spielgruppe\/","url":"https:\/\/www.lengnau.ch\/fr\/themes\/familien\/spielgruppe\/","name":"Groupe de jeu - Gemeinde Lengnau","isPartOf":{"@id":"https:\/\/www.lengnau.ch\/#website"},"datePublished":"2022-02-16T14:27:54+00:00","dateModified":"2025-11-12T08:11:46+00:00","breadcrumb":{"@id":"https:\/\/www.lengnau.ch\/fr\/themes\/familien\/spielgruppe\/#breadcrumb"},"inLanguage":"fr-FR","potentialAction":[{"@type":"ReadAction","target":["https:\/\/www.lengnau.ch\/fr\/themes\/familien\/spielgruppe\/"]}]},{"@type":"BreadcrumbList","@id":"https:\/\/www.lengnau.ch\/fr\/themes\/familien\/spielgruppe\/#breadcrumb","itemListElement":[{"@type":"ListItem","position":1,"name":"Home","item":"https:\/\/www.lengnau.ch\/fr\/"},{"@type":"ListItem","position":2,"name":"Th\u00e8mes","item":"https:\/\/www.lengnau.ch\/fr\/themes\/"},{"@type":"ListItem","position":3,"name":"Familles","item":"https:\/\/www.lengnau.ch\/fr\/themes\/familien\/"},{"@type":"ListItem","position":4,"name":"Groupe de jeu"}]},{"@type":"WebSite","@id":"https:\/\/www.lengnau.ch\/#website","url":"https:\/\/www.lengnau.ch\/","name":"Gemeinde Lengnau","description":"","potentialAction":[{"@type":"SearchAction","target":{"@type":"EntryPoint","urlTemplate":"https:\/\/www.lengnau.ch\/?s={search_term_string}"},"query-input":{"@type":"PropertyValueSpecification","valueRequired":true,"valueName":"search_term_string"}}],"inLanguage":"fr-FR"}]}},"publishpress_future_action":{"enabled":false,"date":"2026-04-23 05:02:20","action":"change-status","newStatus":"draft","terms":[],"taxonomy":"translation_priority","extraData":[]},"publishpress_future_workflow_manual_trigger":{"enabledWorkflows":[]},"_links":{"self":[{"href":"https:\/\/www.lengnau.ch\/fr\/wp-json\/wp\/v2\/pages\/3112","targetHints":{"allow":["GET"]}}],"collection":[{"href":"https:\/\/www.lengnau.ch\/fr\/wp-json\/wp\/v2\/pages"}],"about":[{"href":"https:\/\/www.lengnau.ch\/fr\/wp-json\/wp\/v2\/types\/page"}],"author":[{"embeddable":true,"href":"https:\/\/www.lengnau.ch\/fr\/wp-json\/wp\/v2\/users\/1"}],"replies":[{"embeddable":true,"href":"https:\/\/www.lengnau.ch\/fr\/wp-json\/wp\/v2\/comments?post=3112"}],"version-history":[{"count":10,"href":"https:\/\/www.lengnau.ch\/fr\/wp-json\/wp\/v2\/pages\/3112\/revisions"}],"predecessor-version":[{"id":18152,"href":"https:\/\/www.lengnau.ch\/fr\/wp-json\/wp\/v2\/pages\/3112\/revisions\/18152"}],"up":[{"embeddable":true,"href":"https:\/\/www.lengnau.ch\/fr\/wp-json\/wp\/v2\/pages\/3107"}],"wp:attachment":[{"href":"https:\/\/www.lengnau.ch\/fr\/wp-json\/wp\/v2\/media?parent=3112"}],"curies":[{"name":"wp","href":"https:\/\/api.w.org\/{rel}","templated":true}]}}