{"id":3110,"date":"2022-02-16T15:27:38","date_gmt":"2022-02-16T14:27:38","guid":{"rendered":"https:\/\/lengnau.rettenmund.com\/themen\/familien\/kinderbetreuung\/"},"modified":"2025-03-05T07:57:06","modified_gmt":"2025-03-05T06:57:06","slug":"kinderbetreuung","status":"publish","type":"page","link":"https:\/\/www.lengnau.ch\/fr\/themes\/familien\/kinderbetreuung\/","title":{"rendered":"Garde d&rsquo;enfants"},"content":{"rendered":"<p>Les parents re\u00e7oivent de la commune un bon en fonction de leurs revenus, qu&rsquo;ils peuvent utiliser dans tout le canton de Berne. La condition est que la cr\u00e8che choisie soit agr\u00e9\u00e9e par le syst\u00e8me. Ob dies der Fall ist, sehen Sie bei den Angaben zur jeweiligen Institution. Les personnes qui ont besoin d&rsquo;une r\u00e9duction pour la garde de leurs enfants doivent obligatoirement faire une demande de bons de garde.  <\/p>\n<h2>Que sont les bons de garde ?<\/h2>\n<p>  Votre enfant est-il accueilli dans une cr\u00e8che ? Vous pouvez alors demander un bon de garde \u00e0 la commune. Le bon est d\u00e9livr\u00e9 pour un certain taux d&rsquo;activit\u00e9 et son montant d\u00e9pend du revenu, du patrimoine et de la taille de la famille.  <\/p>\n<h2>Qui peut demander un bon de garde ?<\/h2>\n<p>  Responsables l\u00e9gaux d&rsquo;enfants en \u00e2ge pr\u00e9scolaire r\u00e9sidant \u00e0 Lengnau BE. Un besoin de prise en charge existe lorsqu&rsquo;il n&rsquo;est pas possible de concilier vie familiale et vie professionnelle. Pour les familles monoparentales, le taux d&rsquo;activit\u00e9 doit \u00eatre d&rsquo;au moins 20%, pour les couples de 120%. Les personnes qui travaillent \u00e0 40% ou 140% peuvent demander un bon pour un enfant en \u00e2ge de fr\u00e9quenter l&rsquo;\u00e9cole maternelle. Sont assimil\u00e9s \u00e0 une activit\u00e9 professionnelle la recherche d&rsquo;un emploi, une formation ou un perfectionnement \u00e0 des fins professionnelles, la participation \u00e0 un programme d&rsquo;int\u00e9gration ou d&rsquo;occupation et les limitations de l&rsquo;activit\u00e9 d&rsquo;assistance pour des raisons de sant\u00e9 attest\u00e9es par un m\u00e9decin (indication de sant\u00e9). Les parents qui n&rsquo;exercent pas ou moins d&rsquo;activit\u00e9 professionnelle re\u00e7oivent un bon de garde si l&rsquo;accueil extrafamilial est n\u00e9cessaire \u00e0 l&rsquo;int\u00e9gration sociale ou linguistique de l&rsquo;enfant accueilli en vue de son entr\u00e9e \u00e0 l&rsquo;\u00e9cole obligatoire. L&rsquo;indication sociale doit \u00eatre confirm\u00e9e par un service sp\u00e9cialis\u00e9 (service social ou centre de pu\u00e9riculture).  <\/p>\n<h2>Comment demander un bon de garde ?<\/h2>\n<p>  Autres liens et informations :  <a title=\"Portail en ligne kiBon\" href=\"https:\/\/be.kibon.ch\/web\/#\/anmeldung\" target=\"_blank\" rel=\"noopener\">Portail en ligne kiBon<\/a><br \/>\n<a title=\"Bons de garde du canton de Berne\" href=\"https:\/\/www.fambe.sites.be.ch\/familienthemen\/kinderbetreuung\/betreuungsgutscheine\" target=\"_blank\" rel=\"noopener\">Bons de garde du canton de Berne<\/a><br \/>\n<a title=\"Portail des familles du canton de Berne\" href=\"https:\/\/www.fambe.sites.be.ch\/\" target=\"_blank\" rel=\"noopener\">Portail des familles du canton de Berne<\/a><br \/>\n<a title=\"Bons de garde - Calculateur de bons\" href=\"https:\/\/www.fambe.sites.be.ch\/familienthemen\/kinderbetreuung\/betreuungsgutscheine\/gutscheinrechner\" target=\"_blank\" rel=\"noopener\">Bons de garde &#8211; Calculateur de bons<\/a><br \/>\n<a title=\"Bons de garde - Brochure d'information pour les parents\" href=\"https:\/\/www.lengnau.ch\/wp-content\/uploads\/2022\/08\/Flyer_Information_Betreuungsgutscheine.pdf\" target=\"_blank\" rel=\"noopener\">Bons de garde &#8211; Brochure d&rsquo;information pour les parents<\/a><br \/>\n<a title=\"Bons de garde - Brochure d'information pour les parents dans un langage facile \u00e0 comprendre\" href=\"https:\/\/www.lengnau.ch\/wp-content\/uploads\/2022\/08\/Betreuungsgutscheine_Informationsbroschuere_fuer_Eltern_in_leicht_verstaendlicher_Sprache.pdf\" target=\"_blank\" rel=\"noopener\">Bons de garde &#8211; Brochure d&rsquo;information pour les parents dans un langage facile \u00e0 comprendre<\/a><\/p>\n<h2>Contact<\/h2>\n<p>  Pour des questions g\u00e9n\u00e9rales sur les bons de garde, vous pouvez \u00e9galement vous adresser au service suivant : Sozialabteilung Lengnau BE Madame Sabrina Stalder Dorfplatz 1 2543 Lengnau BE T\u00e9l\u00e9phone 032 654 71 03  <a href=\"mailto:sa*************@*****au.ch\" data-original-string=\"GTt4pWb3vkRO0aqSuTOHdg==a0e7l8sLbn28\/N+6bxosuMYfZVOnLLwc\/IhfJUbecXSNE8=\" title=\"This contact has been encoded by Anti-Spam by CleanTalk. Click to decode. To finish the decoding make sure that JavaScript is enabled in your browser.\">Courrier \u00e9lectronique<\/a><\/p>\n","protected":false},"excerpt":{"rendered":"<p>Les parents re\u00e7oivent de la commune un bon en fonction de leurs revenus, qu&rsquo;ils peuvent utiliser dans tout le canton de Berne. La condition est que la cr\u00e8che choisie soit agr\u00e9\u00e9e par le syst\u00e8me. Ob dies der Fall ist, sehen Sie bei den Angaben zur jeweiligen Institution. Les personnes qui ont besoin d&rsquo;une r\u00e9duction pour [&hellip;]<\/p>\n","protected":false},"author":1,"featured_media":0,"parent":3107,"menu_order":0,"comment_status":"closed","ping_status":"closed","template":"","meta":{"_acf_changed":false,"_relevanssi_hide_post":"","_relevanssi_hide_content":"","_relevanssi_pin_for_all":"","_relevanssi_pin_keywords":"","_relevanssi_unpin_keywords":"","_relevanssi_related_keywords":"","_relevanssi_related_include_ids":"","_relevanssi_related_exclude_ids":"","_relevanssi_related_no_append":"","_relevanssi_related_not_related":"","_relevanssi_related_posts":"","_relevanssi_noindex_reason":"","footnotes":""},"class_list":["post-3110","page","type-page","status-publish","hentry"],"acf":[],"yoast_head":"<!-- This site is optimized with the Yoast SEO plugin v27.4 - https:\/\/yoast.com\/product\/yoast-seo-wordpress\/ -->\n<title>Garde d&#039;enfants - Gemeinde Lengnau<\/title>\n<meta name=\"robots\" content=\"index, follow, max-snippet:-1, max-image-preview:large, max-video-preview:-1\" \/>\n<link rel=\"canonical\" href=\"https:\/\/www.lengnau.ch\/fr\/themes\/familien\/kinderbetreuung\/\" \/>\n<meta property=\"og:locale\" content=\"fr_FR\" \/>\n<meta property=\"og:type\" content=\"article\" \/>\n<meta property=\"og:title\" content=\"Garde d&#039;enfants - Gemeinde Lengnau\" \/>\n<meta property=\"og:description\" content=\"Les parents re\u00e7oivent de la commune un bon en fonction de leurs revenus, qu&rsquo;ils peuvent utiliser dans tout le canton de Berne. La condition est que la cr\u00e8che choisie soit agr\u00e9\u00e9e par le syst\u00e8me. Ob dies der Fall ist, sehen Sie bei den Angaben zur jeweiligen Institution. Les personnes qui ont besoin d&rsquo;une r\u00e9duction pour [&hellip;]\" \/>\n<meta property=\"og:url\" content=\"https:\/\/www.lengnau.ch\/fr\/themes\/familien\/kinderbetreuung\/\" \/>\n<meta property=\"og:site_name\" content=\"Gemeinde Lengnau\" \/>\n<meta property=\"article:modified_time\" content=\"2025-03-05T06:57:06+00:00\" \/>\n<meta name=\"twitter:card\" content=\"summary_large_image\" \/>\n<script type=\"application\/ld+json\" class=\"yoast-schema-graph\">{\"@context\":\"https:\\\/\\\/schema.org\",\"@graph\":[{\"@type\":\"WebPage\",\"@id\":\"https:\\\/\\\/www.lengnau.ch\\\/fr\\\/themes\\\/familien\\\/kinderbetreuung\\\/\",\"url\":\"https:\\\/\\\/www.lengnau.ch\\\/fr\\\/themes\\\/familien\\\/kinderbetreuung\\\/\",\"name\":\"Garde d'enfants - Gemeinde Lengnau\",\"isPartOf\":{\"@id\":\"https:\\\/\\\/www.lengnau.ch\\\/#website\"},\"datePublished\":\"2022-02-16T14:27:38+00:00\",\"dateModified\":\"2025-03-05T06:57:06+00:00\",\"breadcrumb\":{\"@id\":\"https:\\\/\\\/www.lengnau.ch\\\/fr\\\/themes\\\/familien\\\/kinderbetreuung\\\/#breadcrumb\"},\"inLanguage\":\"fr-FR\",\"potentialAction\":[{\"@type\":\"ReadAction\",\"target\":[\"https:\\\/\\\/www.lengnau.ch\\\/fr\\\/themes\\\/familien\\\/kinderbetreuung\\\/\"]}]},{\"@type\":\"BreadcrumbList\",\"@id\":\"https:\\\/\\\/www.lengnau.ch\\\/fr\\\/themes\\\/familien\\\/kinderbetreuung\\\/#breadcrumb\",\"itemListElement\":[{\"@type\":\"ListItem\",\"position\":1,\"name\":\"Home\",\"item\":\"https:\\\/\\\/www.lengnau.ch\\\/fr\\\/\"},{\"@type\":\"ListItem\",\"position\":2,\"name\":\"Th\u00e8mes\",\"item\":\"https:\\\/\\\/www.lengnau.ch\\\/fr\\\/themes\\\/\"},{\"@type\":\"ListItem\",\"position\":3,\"name\":\"Familles\",\"item\":\"https:\\\/\\\/www.lengnau.ch\\\/fr\\\/themes\\\/familien\\\/\"},{\"@type\":\"ListItem\",\"position\":4,\"name\":\"Garde d&#8217;enfants\"}]},{\"@type\":\"WebSite\",\"@id\":\"https:\\\/\\\/www.lengnau.ch\\\/#website\",\"url\":\"https:\\\/\\\/www.lengnau.ch\\\/\",\"name\":\"Gemeinde Lengnau\",\"description\":\"\",\"potentialAction\":[{\"@type\":\"SearchAction\",\"target\":{\"@type\":\"EntryPoint\",\"urlTemplate\":\"https:\\\/\\\/www.lengnau.ch\\\/?s={search_term_string}\"},\"query-input\":{\"@type\":\"PropertyValueSpecification\",\"valueRequired\":true,\"valueName\":\"search_term_string\"}}],\"inLanguage\":\"fr-FR\"}]}<\/script>\n<!-- \/ Yoast SEO plugin. -->","yoast_head_json":{"title":"Garde d'enfants - Gemeinde Lengnau","robots":{"index":"index","follow":"follow","max-snippet":"max-snippet:-1","max-image-preview":"max-image-preview:large","max-video-preview":"max-video-preview:-1"},"canonical":"https:\/\/www.lengnau.ch\/fr\/themes\/familien\/kinderbetreuung\/","og_locale":"fr_FR","og_type":"article","og_title":"Garde d'enfants - Gemeinde Lengnau","og_description":"Les parents re\u00e7oivent de la commune un bon en fonction de leurs revenus, qu&rsquo;ils peuvent utiliser dans tout le canton de Berne. La condition est que la cr\u00e8che choisie soit agr\u00e9\u00e9e par le syst\u00e8me. Ob dies der Fall ist, sehen Sie bei den Angaben zur jeweiligen Institution. Les personnes qui ont besoin d&rsquo;une r\u00e9duction pour [&hellip;]","og_url":"https:\/\/www.lengnau.ch\/fr\/themes\/familien\/kinderbetreuung\/","og_site_name":"Gemeinde Lengnau","article_modified_time":"2025-03-05T06:57:06+00:00","twitter_card":"summary_large_image","schema":{"@context":"https:\/\/schema.org","@graph":[{"@type":"WebPage","@id":"https:\/\/www.lengnau.ch\/fr\/themes\/familien\/kinderbetreuung\/","url":"https:\/\/www.lengnau.ch\/fr\/themes\/familien\/kinderbetreuung\/","name":"Garde d'enfants - Gemeinde Lengnau","isPartOf":{"@id":"https:\/\/www.lengnau.ch\/#website"},"datePublished":"2022-02-16T14:27:38+00:00","dateModified":"2025-03-05T06:57:06+00:00","breadcrumb":{"@id":"https:\/\/www.lengnau.ch\/fr\/themes\/familien\/kinderbetreuung\/#breadcrumb"},"inLanguage":"fr-FR","potentialAction":[{"@type":"ReadAction","target":["https:\/\/www.lengnau.ch\/fr\/themes\/familien\/kinderbetreuung\/"]}]},{"@type":"BreadcrumbList","@id":"https:\/\/www.lengnau.ch\/fr\/themes\/familien\/kinderbetreuung\/#breadcrumb","itemListElement":[{"@type":"ListItem","position":1,"name":"Home","item":"https:\/\/www.lengnau.ch\/fr\/"},{"@type":"ListItem","position":2,"name":"Th\u00e8mes","item":"https:\/\/www.lengnau.ch\/fr\/themes\/"},{"@type":"ListItem","position":3,"name":"Familles","item":"https:\/\/www.lengnau.ch\/fr\/themes\/familien\/"},{"@type":"ListItem","position":4,"name":"Garde d&#8217;enfants"}]},{"@type":"WebSite","@id":"https:\/\/www.lengnau.ch\/#website","url":"https:\/\/www.lengnau.ch\/","name":"Gemeinde Lengnau","description":"","potentialAction":[{"@type":"SearchAction","target":{"@type":"EntryPoint","urlTemplate":"https:\/\/www.lengnau.ch\/?s={search_term_string}"},"query-input":{"@type":"PropertyValueSpecification","valueRequired":true,"valueName":"search_term_string"}}],"inLanguage":"fr-FR"}]}},"publishpress_future_action":{"enabled":false,"date":"2026-05-12 10:05:28","action":"change-status","newStatus":"draft","terms":[],"taxonomy":"translation_priority","extraData":[]},"publishpress_future_workflow_manual_trigger":{"enabledWorkflows":[]},"_links":{"self":[{"href":"https:\/\/www.lengnau.ch\/fr\/wp-json\/wp\/v2\/pages\/3110","targetHints":{"allow":["GET"]}}],"collection":[{"href":"https:\/\/www.lengnau.ch\/fr\/wp-json\/wp\/v2\/pages"}],"about":[{"href":"https:\/\/www.lengnau.ch\/fr\/wp-json\/wp\/v2\/types\/page"}],"author":[{"embeddable":true,"href":"https:\/\/www.lengnau.ch\/fr\/wp-json\/wp\/v2\/users\/1"}],"replies":[{"embeddable":true,"href":"https:\/\/www.lengnau.ch\/fr\/wp-json\/wp\/v2\/comments?post=3110"}],"version-history":[{"count":10,"href":"https:\/\/www.lengnau.ch\/fr\/wp-json\/wp\/v2\/pages\/3110\/revisions"}],"predecessor-version":[{"id":13858,"href":"https:\/\/www.lengnau.ch\/fr\/wp-json\/wp\/v2\/pages\/3110\/revisions\/13858"}],"up":[{"embeddable":true,"href":"https:\/\/www.lengnau.ch\/fr\/wp-json\/wp\/v2\/pages\/3107"}],"wp:attachment":[{"href":"https:\/\/www.lengnau.ch\/fr\/wp-json\/wp\/v2\/media?parent=3110"}],"curies":[{"name":"wp","href":"https:\/\/api.w.org\/{rel}","templated":true}]}}