{"id":3109,"date":"2022-02-16T15:28:24","date_gmt":"2022-02-16T14:28:24","guid":{"rendered":"https:\/\/lengnau.rettenmund.com\/themen\/familien\/elternberatung-unterstuetzung\/"},"modified":"2025-03-20T15:26:21","modified_gmt":"2025-03-20T14:26:21","slug":"elternberatung-unterstuetzung","status":"publish","type":"page","link":"https:\/\/www.lengnau.ch\/fr\/themes\/familien\/elternberatung-unterstuetzung\/","title":{"rendered":"Conseils et soutien aux parents"},"content":{"rendered":"<h2>Centre de pu\u00e9riculture<\/h2>\n<p>L&rsquo;offre de conseil gratuit du centre de pu\u00e9riculture en mati\u00e8re de sant\u00e9, de d\u00e9veloppement et d&rsquo;\u00e9ducation s&rsquo;adresse aux familles avec enfants de la naissance \u00e0 5 ans r\u00e9volus.<\/p>\n<p>Pour en savoir plus sur les diff\u00e9rents services de conseil disponibles dans notre commune ou \u00e0 proximit\u00e9, consultez le site <a href=\"https:\/\/www.mvb-be.ch\/de\" target=\"_blank\" rel=\"noopener\">www.mvb-be.ch.<\/a><\/p>\n<p><strong>Consultation t\u00e9l\u00e9phonique<\/strong><br \/>\n031 552 16 16<\/p>\n<p><strong>du lundi au vendredi<\/strong><br \/>\n08h00 &#8211; 19h00<\/p>\n<h3>Contact<\/h3>\n<p>Centre de pu\u00e9riculture du canton de Berne<br \/>\n\u00c9quipe de Bienne<br \/>\nPont-du-Moulin 2<br \/>\n2502 Biel\/Bienne<\/p>\n<p>S\u00e9verine M\u00f6ri<br \/>\nConseill\u00e8re petite enfance<br \/>\nCentre de pu\u00e9riculture du canton de Berne<br \/>\nT\u00e9l\u00e9phone 079 257 35 63<br \/>\n<a href=\"mailto:se************@****be.ch\" data-original-string=\"UFNdKaXRgI+UoOVUOyb+1g==a0eX2pqO8SAuue8OQgX+L+m73\/1bBj9UnIu9JurRs6dB74=\" title=\"This contact has been encoded by Anti-Spam by CleanTalk. Click to decode. To finish the decoding make sure that JavaScript is enabled in your browser.\">Courrier \u00e9lectronique<\/a><\/p>\n<h2>BabyGuide \u2013 das offizielle Schweizer Handbuch f\u00fcr werdende und junge Eltern<\/h2>\n<p><strong>Alles, was Sie \u00fcber Schwangerschaft, Geburt und die drei ersten Lebensjahre wissen m\u00fcssen!<\/strong><\/p>\n<p>Le BabyGuide a \u00e9t\u00e9 d\u00e9velopp\u00e9 et r\u00e9alis\u00e9 en collaboration avec toutes les organisations professionnelles importantes de Suisse, avec des sp\u00e9cialistes ainsi qu&rsquo;avec des offices et services f\u00e9d\u00e9raux. Les futurs et jeunes parents disposent ainsi des informations les plus actuelles et les plus compl\u00e8tes sur la grossesse, la naissance et le b\u00e9b\u00e9.<\/p>\n<p><strong>Kostenloser Bezug des BabyGuide<\/strong><\/p>\n<p>Le manuel comp\u00e9tent et fiable pour les parents peut \u00eatre obtenu gratuitement sur ordonnance dans toutes les pharmacies et drogueries. Quelques exemplaires du BabyGuide sont \u00e9galement disponibles aupr\u00e8s de la commune de Lengnau BE (dans la limite des stocks disponibles).<\/p>\n<p>Pour plus d&rsquo;informations, consultez le site <a href=\"https:\/\/www.babyguide.ch\/de\/\" target=\"_blank\" rel=\"noopener\">www.babyguide.ch.<\/a><\/p>\n<h2>Chindernetz Kanton Bern<\/h2>\n<p>Chindernetz canton de Berne soutient les enfants, les jeunes et les familles avec des offres vari\u00e9es sur le chemin de personnalit\u00e9s autonomes et socialement responsables &#8211; sur place, directement et de mani\u00e8re durable en trois dimensions : sociale, \u00e9conomique et \u00e9cologique. Dans ce contexte, l&rsquo;\u00e9galit\u00e9 des chances, la promotion de la communaut\u00e9 et la construction de l&rsquo;identit\u00e9 sont des pr\u00e9occupations majeures.<\/p>\n<p><strong>Wir machen uns stark mit<\/strong><\/p>\n<ul>\n<li>dem <strong>Gotte-G\u00f6ttibatze<\/strong> \u2013 finanzielle Unterst\u00fctzung in den Bereichen Sport, Bewegung und Lageraktivit\u00e4ten<\/li>\n<li>dem <strong>MitSpielplatz<\/strong> \u2013 Belebung erm\u00f6glicht Begegnung<\/li>\n<li>dem <strong>M\u00e4rchenerz\u00e4hlen im Kinderspital<\/strong><\/li>\n<li>und vielen weiteren Angeboten und Dienstleistungen<\/li>\n<\/ul>\n<p><strong>Wer wir sind<\/strong><strong><br \/>\n<\/strong>Chindernetz Kanton Bern ist in f\u00fcnf Regionen aktiv und kann so auf lokale Bed\u00fcrfnisse eingehen. Le bureau se trouve \u00e0 Berne et travaille en \u00e9troite collaboration avec une quarantaine de membres actifs. L&rsquo;association est ind\u00e9pendante sur le plan financier, politique et confessionnel.<\/p>\n<p><strong>Chindernetz Kanton Bern<\/strong><br \/>\nBureau<br \/>\nPavillonweg 3<br \/>\n3012 Berne<\/p>\n<p>T\u00e9l\u00e9phone 031 300 20 50<br \/>\n<a href=\"mailto:in**@*********tz.be\" data-original-string=\"suTX\/Fo3fLMf6raU2b8FDw==a0ejjAy7l4XoqXKP3ii7UA+g+u0xrJK5wAo5kxGURzCJPc=\" title=\"This contact has been encoded by Anti-Spam by CleanTalk. Click to decode. To finish the decoding make sure that JavaScript is enabled in your browser.\">Courrier \u00e9lectronique<\/a><br \/>\n<a title=\"Chindernetz Kanton Bern\" href=\"https:\/\/www.chindernetz.be\/\" target=\"_blank\" rel=\"noopener\">Site web<\/a><\/p>\n<h2>Messages aux parents de Pro Juventute &#8211; soutien aux parents<\/h2>\n<p>A la naissance de leur premier enfant, les nouveaux parents domicili\u00e9s dans notre commune re\u00e7oivent un abonnement aux Messages aux parents de Pro Juventute. Notre commune vous offre un abonnement de 3 ans, il se termine automatiquement et ne doit pas \u00eatre r\u00e9sili\u00e9 par les parents.<\/p>\n<p>La naissance d&rsquo;un enfant est un \u00e9v\u00e9nement unique qui modifie consid\u00e9rablement le quotidien des parents. Les Messages aux parents de Pro Juventute les accompagnent dans cette nouvelle \u00e9tape de leur vie. Ils transmettent chaque mois des informations adapt\u00e9es \u00e0 l&rsquo;\u00e2ge de l&rsquo;enfant sur les \u00e9tapes de d\u00e9veloppement \u00e0 venir. Les th\u00e8mes de la premi\u00e8re ann\u00e9e de vie sont entre autres : Le d\u00e9veloppement, l&rsquo;alimentation, les soins, le sommeil, les pleurs, le fait d&rsquo;\u00eatre m\u00e8re \/ p\u00e8re, le partenariat, la monoparentalit\u00e9, les grands-parents, les premi\u00e8res dents, les premiers pas, etc.<\/p>\n<p><a href=\"https:\/\/www.projuventute.ch\/sites\/default\/files\/2020-08\/Leseprobe-Elternbrief-1-Lebensjahr.pdf\" target=\"_blank\" rel=\"noopener\">Echantillon de lecture Lettre aux parents 1er mois de vie<\/a><\/p>\n<p>L&rsquo;abonnement au Message aux parents est automatiquement d\u00e9clench\u00e9 d\u00e8s que la naissance du premier enfant est enregistr\u00e9e au contr\u00f4le des habitants.<\/p>\n<p>En compl\u00e9ment, le service de conseil aux parents est disponible gratuitement 24 heures sur 24, 365 jours par an, au num\u00e9ro de t\u00e9l\u00e9phone 058 261 61 61.<\/p>\n<p>Pour plus d&rsquo;informations sur les conseils gratuits pour les parents et les personnes de r\u00e9f\u00e9rence, <a href=\"https:\/\/www.projuventute.ch\/de\/elternberatung\" target=\"_blank\" rel=\"noopener\">cliquez ici.<\/a><\/p>\n","protected":false},"excerpt":{"rendered":"<p>Centre de pu\u00e9riculture L&rsquo;offre de conseil gratuit du centre de pu\u00e9riculture en mati\u00e8re de sant\u00e9, de d\u00e9veloppement et d&rsquo;\u00e9ducation s&rsquo;adresse aux familles avec enfants de la naissance \u00e0 5 ans r\u00e9volus. Pour en savoir plus sur les diff\u00e9rents services de conseil disponibles dans notre commune ou \u00e0 proximit\u00e9, consultez le site www.mvb-be.ch. Consultation t\u00e9l\u00e9phonique 031 [&hellip;]<\/p>\n","protected":false},"author":1,"featured_media":0,"parent":3107,"menu_order":13,"comment_status":"closed","ping_status":"closed","template":"","meta":{"_acf_changed":false,"_relevanssi_hide_post":"","_relevanssi_hide_content":"","_relevanssi_pin_for_all":"","_relevanssi_pin_keywords":"","_relevanssi_unpin_keywords":"","_relevanssi_related_keywords":"","_relevanssi_related_include_ids":"","_relevanssi_related_exclude_ids":"","_relevanssi_related_no_append":"","_relevanssi_related_not_related":"","_relevanssi_related_posts":"","_relevanssi_noindex_reason":"","footnotes":""},"class_list":["post-3109","page","type-page","status-publish","hentry"],"acf":[],"yoast_head":"<!-- This site is optimized with the Yoast SEO plugin v27.4 - https:\/\/yoast.com\/product\/yoast-seo-wordpress\/ -->\n<title>Conseils et soutien aux parents - Gemeinde Lengnau<\/title>\n<meta name=\"robots\" content=\"index, follow, max-snippet:-1, max-image-preview:large, max-video-preview:-1\" \/>\n<link rel=\"canonical\" href=\"https:\/\/www.lengnau.ch\/fr\/themes\/familien\/elternberatung-unterstuetzung\/\" \/>\n<meta property=\"og:locale\" content=\"fr_FR\" \/>\n<meta property=\"og:type\" content=\"article\" \/>\n<meta property=\"og:title\" content=\"Conseils et soutien aux parents - Gemeinde Lengnau\" \/>\n<meta property=\"og:description\" content=\"Centre de pu\u00e9riculture L&rsquo;offre de conseil gratuit du centre de pu\u00e9riculture en mati\u00e8re de sant\u00e9, de d\u00e9veloppement et d&rsquo;\u00e9ducation s&rsquo;adresse aux familles avec enfants de la naissance \u00e0 5 ans r\u00e9volus. Pour en savoir plus sur les diff\u00e9rents services de conseil disponibles dans notre commune ou \u00e0 proximit\u00e9, consultez le site www.mvb-be.ch. Consultation t\u00e9l\u00e9phonique 031 [&hellip;]\" \/>\n<meta property=\"og:url\" content=\"https:\/\/www.lengnau.ch\/fr\/themes\/familien\/elternberatung-unterstuetzung\/\" \/>\n<meta property=\"og:site_name\" content=\"Gemeinde Lengnau\" \/>\n<meta property=\"article:modified_time\" content=\"2025-03-20T14:26:21+00:00\" \/>\n<meta name=\"twitter:card\" content=\"summary_large_image\" \/>\n<script type=\"application\/ld+json\" class=\"yoast-schema-graph\">{\"@context\":\"https:\\\/\\\/schema.org\",\"@graph\":[{\"@type\":\"WebPage\",\"@id\":\"https:\\\/\\\/www.lengnau.ch\\\/fr\\\/themes\\\/familien\\\/elternberatung-unterstuetzung\\\/\",\"url\":\"https:\\\/\\\/www.lengnau.ch\\\/fr\\\/themes\\\/familien\\\/elternberatung-unterstuetzung\\\/\",\"name\":\"Conseils et soutien aux parents - Gemeinde Lengnau\",\"isPartOf\":{\"@id\":\"https:\\\/\\\/www.lengnau.ch\\\/#website\"},\"datePublished\":\"2022-02-16T14:28:24+00:00\",\"dateModified\":\"2025-03-20T14:26:21+00:00\",\"breadcrumb\":{\"@id\":\"https:\\\/\\\/www.lengnau.ch\\\/fr\\\/themes\\\/familien\\\/elternberatung-unterstuetzung\\\/#breadcrumb\"},\"inLanguage\":\"fr-FR\",\"potentialAction\":[{\"@type\":\"ReadAction\",\"target\":[\"https:\\\/\\\/www.lengnau.ch\\\/fr\\\/themes\\\/familien\\\/elternberatung-unterstuetzung\\\/\"]}]},{\"@type\":\"BreadcrumbList\",\"@id\":\"https:\\\/\\\/www.lengnau.ch\\\/fr\\\/themes\\\/familien\\\/elternberatung-unterstuetzung\\\/#breadcrumb\",\"itemListElement\":[{\"@type\":\"ListItem\",\"position\":1,\"name\":\"Home\",\"item\":\"https:\\\/\\\/www.lengnau.ch\\\/fr\\\/\"},{\"@type\":\"ListItem\",\"position\":2,\"name\":\"Th\u00e8mes\",\"item\":\"https:\\\/\\\/www.lengnau.ch\\\/fr\\\/themes\\\/\"},{\"@type\":\"ListItem\",\"position\":3,\"name\":\"Familles\",\"item\":\"https:\\\/\\\/www.lengnau.ch\\\/fr\\\/themes\\\/familien\\\/\"},{\"@type\":\"ListItem\",\"position\":4,\"name\":\"Conseils et soutien aux parents\"}]},{\"@type\":\"WebSite\",\"@id\":\"https:\\\/\\\/www.lengnau.ch\\\/#website\",\"url\":\"https:\\\/\\\/www.lengnau.ch\\\/\",\"name\":\"Gemeinde Lengnau\",\"description\":\"\",\"potentialAction\":[{\"@type\":\"SearchAction\",\"target\":{\"@type\":\"EntryPoint\",\"urlTemplate\":\"https:\\\/\\\/www.lengnau.ch\\\/?s={search_term_string}\"},\"query-input\":{\"@type\":\"PropertyValueSpecification\",\"valueRequired\":true,\"valueName\":\"search_term_string\"}}],\"inLanguage\":\"fr-FR\"}]}<\/script>\n<!-- \/ Yoast SEO plugin. -->","yoast_head_json":{"title":"Conseils et soutien aux parents - Gemeinde Lengnau","robots":{"index":"index","follow":"follow","max-snippet":"max-snippet:-1","max-image-preview":"max-image-preview:large","max-video-preview":"max-video-preview:-1"},"canonical":"https:\/\/www.lengnau.ch\/fr\/themes\/familien\/elternberatung-unterstuetzung\/","og_locale":"fr_FR","og_type":"article","og_title":"Conseils et soutien aux parents - Gemeinde Lengnau","og_description":"Centre de pu\u00e9riculture L&rsquo;offre de conseil gratuit du centre de pu\u00e9riculture en mati\u00e8re de sant\u00e9, de d\u00e9veloppement et d&rsquo;\u00e9ducation s&rsquo;adresse aux familles avec enfants de la naissance \u00e0 5 ans r\u00e9volus. Pour en savoir plus sur les diff\u00e9rents services de conseil disponibles dans notre commune ou \u00e0 proximit\u00e9, consultez le site www.mvb-be.ch. Consultation t\u00e9l\u00e9phonique 031 [&hellip;]","og_url":"https:\/\/www.lengnau.ch\/fr\/themes\/familien\/elternberatung-unterstuetzung\/","og_site_name":"Gemeinde Lengnau","article_modified_time":"2025-03-20T14:26:21+00:00","twitter_card":"summary_large_image","schema":{"@context":"https:\/\/schema.org","@graph":[{"@type":"WebPage","@id":"https:\/\/www.lengnau.ch\/fr\/themes\/familien\/elternberatung-unterstuetzung\/","url":"https:\/\/www.lengnau.ch\/fr\/themes\/familien\/elternberatung-unterstuetzung\/","name":"Conseils et soutien aux parents - Gemeinde Lengnau","isPartOf":{"@id":"https:\/\/www.lengnau.ch\/#website"},"datePublished":"2022-02-16T14:28:24+00:00","dateModified":"2025-03-20T14:26:21+00:00","breadcrumb":{"@id":"https:\/\/www.lengnau.ch\/fr\/themes\/familien\/elternberatung-unterstuetzung\/#breadcrumb"},"inLanguage":"fr-FR","potentialAction":[{"@type":"ReadAction","target":["https:\/\/www.lengnau.ch\/fr\/themes\/familien\/elternberatung-unterstuetzung\/"]}]},{"@type":"BreadcrumbList","@id":"https:\/\/www.lengnau.ch\/fr\/themes\/familien\/elternberatung-unterstuetzung\/#breadcrumb","itemListElement":[{"@type":"ListItem","position":1,"name":"Home","item":"https:\/\/www.lengnau.ch\/fr\/"},{"@type":"ListItem","position":2,"name":"Th\u00e8mes","item":"https:\/\/www.lengnau.ch\/fr\/themes\/"},{"@type":"ListItem","position":3,"name":"Familles","item":"https:\/\/www.lengnau.ch\/fr\/themes\/familien\/"},{"@type":"ListItem","position":4,"name":"Conseils et soutien aux parents"}]},{"@type":"WebSite","@id":"https:\/\/www.lengnau.ch\/#website","url":"https:\/\/www.lengnau.ch\/","name":"Gemeinde Lengnau","description":"","potentialAction":[{"@type":"SearchAction","target":{"@type":"EntryPoint","urlTemplate":"https:\/\/www.lengnau.ch\/?s={search_term_string}"},"query-input":{"@type":"PropertyValueSpecification","valueRequired":true,"valueName":"search_term_string"}}],"inLanguage":"fr-FR"}]}},"publishpress_future_action":{"enabled":false,"date":"2026-05-05 20:05:04","action":"change-status","newStatus":"draft","terms":[],"taxonomy":"translation_priority","extraData":[]},"publishpress_future_workflow_manual_trigger":{"enabledWorkflows":[]},"_links":{"self":[{"href":"https:\/\/www.lengnau.ch\/fr\/wp-json\/wp\/v2\/pages\/3109","targetHints":{"allow":["GET"]}}],"collection":[{"href":"https:\/\/www.lengnau.ch\/fr\/wp-json\/wp\/v2\/pages"}],"about":[{"href":"https:\/\/www.lengnau.ch\/fr\/wp-json\/wp\/v2\/types\/page"}],"author":[{"embeddable":true,"href":"https:\/\/www.lengnau.ch\/fr\/wp-json\/wp\/v2\/users\/1"}],"replies":[{"embeddable":true,"href":"https:\/\/www.lengnau.ch\/fr\/wp-json\/wp\/v2\/comments?post=3109"}],"version-history":[{"count":10,"href":"https:\/\/www.lengnau.ch\/fr\/wp-json\/wp\/v2\/pages\/3109\/revisions"}],"predecessor-version":[{"id":16112,"href":"https:\/\/www.lengnau.ch\/fr\/wp-json\/wp\/v2\/pages\/3109\/revisions\/16112"}],"up":[{"embeddable":true,"href":"https:\/\/www.lengnau.ch\/fr\/wp-json\/wp\/v2\/pages\/3107"}],"wp:attachment":[{"href":"https:\/\/www.lengnau.ch\/fr\/wp-json\/wp\/v2\/media?parent=3109"}],"curies":[{"name":"wp","href":"https:\/\/api.w.org\/{rel}","templated":true}]}}