{"id":3106,"date":"2022-02-16T15:25:47","date_gmt":"2022-02-16T14:25:47","guid":{"rendered":"https:\/\/lengnau.rettenmund.com\/themen\/persoenliches\/geburt\/"},"modified":"2024-11-19T11:06:47","modified_gmt":"2024-11-19T10:06:47","slug":"naissance","status":"publish","type":"page","link":"https:\/\/www.lengnau.ch\/fr\/themes\/persoenliches\/naissance\/","title":{"rendered":"Naissance"},"content":{"rendered":"<h2>Reconnaissance d&rsquo;enfant<\/h2>\n<p>Le lien de filiation avec la m\u00e8re est \u00e9tabli \u00e0 la naissance d&rsquo;un enfant. Si la m\u00e8re est mari\u00e9e, la filiation avec le p\u00e8re est \u00e9tablie en raison du mariage. Si la m\u00e8re n&rsquo;est pas mari\u00e9e, il r\u00e9sulte de la reconnaissance de la paternit\u00e9 ou de la constatation judiciaire de la paternit\u00e9.<\/p>\n<p>La reconnaissance de paternit\u00e9 peut se faire soit avant, soit apr\u00e8s la naissance. Elle se fait par d\u00e9claration devant l&rsquo;<a title=\"Office de l'\u00e9tat civil du Seeland\" href=\"https:\/\/www.zivilstand.sid.be.ch\/de\/start\/zivilstandsaemter\/zasl.html\" target=\"_blank\" rel=\"noopener\">office d&rsquo;\u00e9tat civil.<\/a> La reconnaissance entra\u00eene l&rsquo;obligation pour le p\u00e8re de contribuer \u00e0 l <a title=\"Entretien\" href=\"https:\/\/www.kesb.dij.be.ch\/de\/start\/Kinder-Jugendliche\/elterliche-sorge-mit-unterhalt-und-besuchsrecht.html\" target=\"_blank\" rel=\"noopener\">&lsquo;entretien<\/a> de l&rsquo;enfant.<\/p>\n<p>Si l&rsquo;enfant n&rsquo;est pas reconnu dans un d\u00e9lai raisonnable, l&rsquo;<a title=\"Autorit\u00e9 de protection de l'enfant et de l'adulte de Bienne\" href=\"https:\/\/www.kesb.dij.be.ch\/de\/start\/ueber-uns\/ueber-die-kesb\/kesb-biel-bienne.html\" target=\"_blank\" rel=\"noopener\">autorit\u00e9 de protection de l&rsquo;enfant et de l&rsquo;adulte (APEA)<\/a> lui nomme un curateur ou une curatrice. Celui-ci doit d\u00e9fendre les int\u00e9r\u00eats de l&rsquo;enfant vis-\u00e0-vis du p\u00e8re. Le curateur a notamment pour mission de veiller \u00e0 la reconnaissance ou \u00e0 la constatation de la paternit\u00e9 et au maintien du droit \u00e0 l&rsquo;entretien de l&rsquo;enfant.<\/p>\n<h2>Autorit\u00e9 parentale<\/h2>\n<p>M\u00eame apr\u00e8s la reconnaissance par le p\u00e8re, l&rsquo;enfant est exclusivement sous l&rsquo;<a title=\"l&#039;autorit\u00e9 parentale\" href=\"https:\/\/www.kesb.dij.be.ch\/de\/start\/Kinder-Jugendliche\/elterliche-sorge-mit-unterhalt-und-besuchsrecht.html\" target=\"_blank\" rel=\"noopener\">autorit\u00e9 parentale<\/a> de la m\u00e8re majeure, tant que vous n&rsquo;\u00eates pas mari\u00e9s ensemble en tant que parents. Vous pouvez toutefois convenir d&rsquo;exercer ensemble l&rsquo;autorit\u00e9 parentale, c&rsquo;est-\u00e0-dire que vous confirmez que vous assumez ensemble la responsabilit\u00e9 de votre enfant et que vous vous \u00eates mis d&rsquo;accord sur la garde et les relations personnelles ou les parts de garde ainsi que sur la contribution d&rsquo;entretien pour votre enfant.<\/p>\n<p>Vous pouvez faire la d\u00e9claration d&rsquo;autorit\u00e9 parentale conjointe \u00e0 l&rsquo;office d&rsquo;\u00e9tat civil uniquement dans le cadre de la reconnaissance. L&rsquo;office d&rsquo;\u00e9tat civil ne donne toutefois pas d&rsquo;informations sur les effets de l&rsquo;autorit\u00e9 parentale conjointe. Vous \u00eates toutefois libre de vous faire conseiller au pr\u00e9alable par le <a title=\"Service social de Lengnau\" href=\"https:\/\/www.lengnau.ch\/verwaltung-politik\/gemeindeverwaltung\/sozialabteilung\/\">service social de Lengnau<\/a>; le lieu de r\u00e9sidence de l&rsquo;enfant est d\u00e9terminant. Si vous souhaitez convenir de l&rsquo;autorit\u00e9 parentale conjointe plus tard, adressez-vous \u00e9galement \u00e0 ces services.<\/p>\n","protected":false},"excerpt":{"rendered":"<p>Reconnaissance d&rsquo;enfant Le lien de filiation avec la m\u00e8re est \u00e9tabli \u00e0 la naissance d&rsquo;un enfant. Si la m\u00e8re est mari\u00e9e, la filiation avec le p\u00e8re est \u00e9tablie en raison du mariage. Si la m\u00e8re n&rsquo;est pas mari\u00e9e, il r\u00e9sulte de la reconnaissance de la paternit\u00e9 ou de la constatation judiciaire de la paternit\u00e9. La [&hellip;]<\/p>\n","protected":false},"author":1,"featured_media":0,"parent":3093,"menu_order":22,"comment_status":"closed","ping_status":"closed","template":"","meta":{"_acf_changed":false,"_relevanssi_hide_post":"","_relevanssi_hide_content":"","_relevanssi_pin_for_all":"","_relevanssi_pin_keywords":"","_relevanssi_unpin_keywords":"","_relevanssi_related_keywords":"","_relevanssi_related_include_ids":"","_relevanssi_related_exclude_ids":"","_relevanssi_related_no_append":"","_relevanssi_related_not_related":"","_relevanssi_related_posts":"","_relevanssi_noindex_reason":"","footnotes":""},"class_list":["post-3106","page","type-page","status-publish","hentry"],"acf":[],"yoast_head":"<!-- This site is optimized with the Yoast SEO plugin v27.4 - https:\/\/yoast.com\/product\/yoast-seo-wordpress\/ -->\n<title>Naissance - Gemeinde Lengnau<\/title>\n<meta name=\"robots\" content=\"index, follow, max-snippet:-1, max-image-preview:large, max-video-preview:-1\" \/>\n<link rel=\"canonical\" href=\"https:\/\/www.lengnau.ch\/fr\/themes\/persoenliches\/naissance\/\" \/>\n<meta property=\"og:locale\" content=\"fr_FR\" \/>\n<meta property=\"og:type\" content=\"article\" \/>\n<meta property=\"og:title\" content=\"Naissance - Gemeinde Lengnau\" \/>\n<meta property=\"og:description\" content=\"Reconnaissance d&rsquo;enfant Le lien de filiation avec la m\u00e8re est \u00e9tabli \u00e0 la naissance d&rsquo;un enfant. Si la m\u00e8re est mari\u00e9e, la filiation avec le p\u00e8re est \u00e9tablie en raison du mariage. Si la m\u00e8re n&rsquo;est pas mari\u00e9e, il r\u00e9sulte de la reconnaissance de la paternit\u00e9 ou de la constatation judiciaire de la paternit\u00e9. La [&hellip;]\" \/>\n<meta property=\"og:url\" content=\"https:\/\/www.lengnau.ch\/fr\/themes\/persoenliches\/naissance\/\" \/>\n<meta property=\"og:site_name\" content=\"Gemeinde Lengnau\" \/>\n<meta property=\"article:modified_time\" content=\"2024-11-19T10:06:47+00:00\" \/>\n<meta name=\"twitter:card\" content=\"summary_large_image\" \/>\n<script type=\"application\/ld+json\" class=\"yoast-schema-graph\">{\"@context\":\"https:\\\/\\\/schema.org\",\"@graph\":[{\"@type\":\"WebPage\",\"@id\":\"https:\\\/\\\/www.lengnau.ch\\\/fr\\\/themes\\\/persoenliches\\\/naissance\\\/\",\"url\":\"https:\\\/\\\/www.lengnau.ch\\\/fr\\\/themes\\\/persoenliches\\\/naissance\\\/\",\"name\":\"Naissance - Gemeinde Lengnau\",\"isPartOf\":{\"@id\":\"https:\\\/\\\/www.lengnau.ch\\\/#website\"},\"datePublished\":\"2022-02-16T14:25:47+00:00\",\"dateModified\":\"2024-11-19T10:06:47+00:00\",\"breadcrumb\":{\"@id\":\"https:\\\/\\\/www.lengnau.ch\\\/fr\\\/themes\\\/persoenliches\\\/naissance\\\/#breadcrumb\"},\"inLanguage\":\"fr-FR\",\"potentialAction\":[{\"@type\":\"ReadAction\",\"target\":[\"https:\\\/\\\/www.lengnau.ch\\\/fr\\\/themes\\\/persoenliches\\\/naissance\\\/\"]}]},{\"@type\":\"BreadcrumbList\",\"@id\":\"https:\\\/\\\/www.lengnau.ch\\\/fr\\\/themes\\\/persoenliches\\\/naissance\\\/#breadcrumb\",\"itemListElement\":[{\"@type\":\"ListItem\",\"position\":1,\"name\":\"Home\",\"item\":\"https:\\\/\\\/www.lengnau.ch\\\/fr\\\/\"},{\"@type\":\"ListItem\",\"position\":2,\"name\":\"Th\u00e8mes\",\"item\":\"https:\\\/\\\/www.lengnau.ch\\\/fr\\\/themes\\\/\"},{\"@type\":\"ListItem\",\"position\":3,\"name\":\"Personnel\",\"item\":\"https:\\\/\\\/www.lengnau.ch\\\/fr\\\/themes\\\/persoenliches\\\/\"},{\"@type\":\"ListItem\",\"position\":4,\"name\":\"Naissance\"}]},{\"@type\":\"WebSite\",\"@id\":\"https:\\\/\\\/www.lengnau.ch\\\/#website\",\"url\":\"https:\\\/\\\/www.lengnau.ch\\\/\",\"name\":\"Gemeinde Lengnau\",\"description\":\"\",\"potentialAction\":[{\"@type\":\"SearchAction\",\"target\":{\"@type\":\"EntryPoint\",\"urlTemplate\":\"https:\\\/\\\/www.lengnau.ch\\\/?s={search_term_string}\"},\"query-input\":{\"@type\":\"PropertyValueSpecification\",\"valueRequired\":true,\"valueName\":\"search_term_string\"}}],\"inLanguage\":\"fr-FR\"}]}<\/script>\n<!-- \/ Yoast SEO plugin. -->","yoast_head_json":{"title":"Naissance - Gemeinde Lengnau","robots":{"index":"index","follow":"follow","max-snippet":"max-snippet:-1","max-image-preview":"max-image-preview:large","max-video-preview":"max-video-preview:-1"},"canonical":"https:\/\/www.lengnau.ch\/fr\/themes\/persoenliches\/naissance\/","og_locale":"fr_FR","og_type":"article","og_title":"Naissance - Gemeinde Lengnau","og_description":"Reconnaissance d&rsquo;enfant Le lien de filiation avec la m\u00e8re est \u00e9tabli \u00e0 la naissance d&rsquo;un enfant. Si la m\u00e8re est mari\u00e9e, la filiation avec le p\u00e8re est \u00e9tablie en raison du mariage. Si la m\u00e8re n&rsquo;est pas mari\u00e9e, il r\u00e9sulte de la reconnaissance de la paternit\u00e9 ou de la constatation judiciaire de la paternit\u00e9. La [&hellip;]","og_url":"https:\/\/www.lengnau.ch\/fr\/themes\/persoenliches\/naissance\/","og_site_name":"Gemeinde Lengnau","article_modified_time":"2024-11-19T10:06:47+00:00","twitter_card":"summary_large_image","schema":{"@context":"https:\/\/schema.org","@graph":[{"@type":"WebPage","@id":"https:\/\/www.lengnau.ch\/fr\/themes\/persoenliches\/naissance\/","url":"https:\/\/www.lengnau.ch\/fr\/themes\/persoenliches\/naissance\/","name":"Naissance - Gemeinde Lengnau","isPartOf":{"@id":"https:\/\/www.lengnau.ch\/#website"},"datePublished":"2022-02-16T14:25:47+00:00","dateModified":"2024-11-19T10:06:47+00:00","breadcrumb":{"@id":"https:\/\/www.lengnau.ch\/fr\/themes\/persoenliches\/naissance\/#breadcrumb"},"inLanguage":"fr-FR","potentialAction":[{"@type":"ReadAction","target":["https:\/\/www.lengnau.ch\/fr\/themes\/persoenliches\/naissance\/"]}]},{"@type":"BreadcrumbList","@id":"https:\/\/www.lengnau.ch\/fr\/themes\/persoenliches\/naissance\/#breadcrumb","itemListElement":[{"@type":"ListItem","position":1,"name":"Home","item":"https:\/\/www.lengnau.ch\/fr\/"},{"@type":"ListItem","position":2,"name":"Th\u00e8mes","item":"https:\/\/www.lengnau.ch\/fr\/themes\/"},{"@type":"ListItem","position":3,"name":"Personnel","item":"https:\/\/www.lengnau.ch\/fr\/themes\/persoenliches\/"},{"@type":"ListItem","position":4,"name":"Naissance"}]},{"@type":"WebSite","@id":"https:\/\/www.lengnau.ch\/#website","url":"https:\/\/www.lengnau.ch\/","name":"Gemeinde Lengnau","description":"","potentialAction":[{"@type":"SearchAction","target":{"@type":"EntryPoint","urlTemplate":"https:\/\/www.lengnau.ch\/?s={search_term_string}"},"query-input":{"@type":"PropertyValueSpecification","valueRequired":true,"valueName":"search_term_string"}}],"inLanguage":"fr-FR"}]}},"publishpress_future_action":{"enabled":false,"date":"2026-05-14 19:32:27","action":"change-status","newStatus":"draft","terms":[],"taxonomy":"translation_priority","extraData":[]},"publishpress_future_workflow_manual_trigger":{"enabledWorkflows":[]},"_links":{"self":[{"href":"https:\/\/www.lengnau.ch\/fr\/wp-json\/wp\/v2\/pages\/3106","targetHints":{"allow":["GET"]}}],"collection":[{"href":"https:\/\/www.lengnau.ch\/fr\/wp-json\/wp\/v2\/pages"}],"about":[{"href":"https:\/\/www.lengnau.ch\/fr\/wp-json\/wp\/v2\/types\/page"}],"author":[{"embeddable":true,"href":"https:\/\/www.lengnau.ch\/fr\/wp-json\/wp\/v2\/users\/1"}],"replies":[{"embeddable":true,"href":"https:\/\/www.lengnau.ch\/fr\/wp-json\/wp\/v2\/comments?post=3106"}],"version-history":[{"count":10,"href":"https:\/\/www.lengnau.ch\/fr\/wp-json\/wp\/v2\/pages\/3106\/revisions"}],"predecessor-version":[{"id":15026,"href":"https:\/\/www.lengnau.ch\/fr\/wp-json\/wp\/v2\/pages\/3106\/revisions\/15026"}],"up":[{"embeddable":true,"href":"https:\/\/www.lengnau.ch\/fr\/wp-json\/wp\/v2\/pages\/3093"}],"wp:attachment":[{"href":"https:\/\/www.lengnau.ch\/fr\/wp-json\/wp\/v2\/media?parent=3106"}],"curies":[{"name":"wp","href":"https:\/\/api.w.org\/{rel}","templated":true}]}}