{"id":3105,"date":"2022-02-16T15:26:59","date_gmt":"2022-02-16T14:26:59","guid":{"rendered":"https:\/\/lengnau.rettenmund.com\/themen\/umzug\/neuzuzueger\/"},"modified":"2026-05-11T16:05:12","modified_gmt":"2026-05-11T14:05:12","slug":"neuzuzueger","status":"publish","type":"page","link":"https:\/\/www.lengnau.ch\/fr\/themes\/umzug\/neuzuzueger\/","title":{"rendered":"Nouveaux arrivants"},"content":{"rendered":"<p>Nous vous souhaitons la bienvenue \u00e0 Lengnau BE. Par souci d&rsquo;\u00e9cologie, nous avons revu notre dossier d&rsquo;information papier destin\u00e9 aux nouveaux arrivants.<\/p>\n<h2>Mat\u00e9riel d&rsquo;information pour les nouveaux arrivants<\/h2>\n<p>Tout le mat\u00e9riel d&rsquo;information peut d\u00e9sormais \u00eatre consult\u00e9 en ligne :<\/p>\n<h3>Documents sous forme \u00e9lectronique<\/h3>\n<p><a href=\"https:\/\/www.lengnau.ch\/wp-content\/uploads\/2024\/11\/01_Begruessungsschreiben_Gemeinderat.pdf\" target=\"_blank\" rel=\"noopener\">Lettre de bienvenue du conseil municipal de Lengnau BE<\/a><br \/>\n<a href=\"https:\/\/www.lengnau.ch\/wp-content\/uploads\/2026\/04\/01a_Flyer_Markt_Grenchen_2026.pdf\" target=\"_blank\" rel=\"noopener\">D\u00e9pliant \u00ab\u00a0March\u00e9 de Granges 2026\u00a0\u00bb &#8211; Nouvelles du march\u00e9<\/a><br \/>\n<a href=\"https:\/\/www.lengnau.ch\/wp-content\/uploads\/2024\/03\/02_Informationsblatt_Jodtabletten_Merkblatt_2023_Das_Wichtigste_in_Kuerze.pdf\" target=\"_blank\" rel=\"noopener\">Fiche d&rsquo;information sur les comprim\u00e9s d&rsquo;iode &#8211; L&rsquo;essentiel en bref &#8211; Fiche d&rsquo;information<\/a><br \/>\n<a href=\"https:\/\/www.lengnau.ch\/wp-content\/uploads\/2024\/08\/02_Informationsflyer_Neuzuzueger_Jodtabletten_fuer_die_Schweiz_Im_Notfall_gut_geschuetzt_DE.pdf\" target=\"_blank\" rel=\"noopener\">D\u00e9pliant d&rsquo;information sur les comprim\u00e9s d&rsquo;iode pour la Suisse &#8211; Bien prot\u00e9g\u00e9 en cas d&rsquo;urgence<\/a><br \/>\n<a href=\"https:\/\/www.lengnau.ch\/wp-content\/uploads\/2026\/03\/03_Informationsbroschuere_03_2026.pdf\" target=\"_blank\" rel=\"noopener\">Brochure d&rsquo;information avec les contacts importants de la commune, du canton et de la Conf\u00e9d\u00e9ration<\/a><br \/>\n<a href=\"https:\/\/www.lengnau.ch\/wp-content\/uploads\/2026\/03\/04_Portraet_Einwohnergemeinde_Lengnau_BE_03_2026.pdf\" target=\"_blank\" rel=\"noopener\">Portrait de la commune municipale de Lengnau BE<\/a><br \/>\n<a href=\"https:\/\/www.lengnau.ch\/wp-content\/uploads\/2023\/02\/05_Flyer_MLS_Lengnau.pdf\" target=\"_blank\" rel=\"noopener\">D\u00e9pliant \u00ab\u00a0My Local Services\u00a0\u00bb &#8211; l&rsquo;application de la commune de Lengnau BE<\/a><br \/>\n<a href=\"https:\/\/www.lengnau.ch\/wp-content\/uploads\/2025\/12\/07_Abfuhrkalender_Lengnau_2026.pdf\" target=\"_blank\" rel=\"noopener\">Calendrier des collectes de d\u00e9chets de Lengnau 2026<\/a><br \/>\n<a href=\"https:\/\/www.lengnau.ch\/wp-content\/uploads\/2024\/01\/08_Informationsblatt_Kehricht-_und_Gruenabfuhr_01_02_2024.pdf\" target=\"_blank\" rel=\"noopener\">Fiche d&rsquo;information sur le ramassage des ordures et des d\u00e9chets verts<\/a><br \/>\n<a class=\"pdflink\" href=\"https:\/\/www.lengnau.ch\/wp-content\/uploads\/2024\/05\/Flyer_Haushalt-Kunststoffe-Recycling_Gemeinde_Lengnau_2024.pdf\" target=\"_blank\" rel=\"noopener\">D\u00e9pliant sur le recyclage des plastiques m\u00e9nagers<\/a><br \/>\n<a href=\"https:\/\/www.lengnau.ch\/wp-content\/uploads\/2022\/08\/09_Entsorgungsinformation_Wohin_mit_den_Abfaellen.pdf\" target=\"_blank\" rel=\"noopener\">Information sur l&rsquo;\u00e9limination des d\u00e9chets \u00ab\u00a0O\u00f9 mettre les d\u00e9chets ?\u00a0\u00bb<\/a><br \/>\n<a href=\"https:\/\/www.lengnau.ch\/wp-content\/uploads\/2024\/01\/10_Flyer_Entsorgung_Gruenabfaelle_2024.pdf\" target=\"_blank\" rel=\"noopener\">Comment \u00e9liminer les d\u00e9chets verts ?<\/a><br \/>\n<a href=\"https:\/\/www.lengnau.ch\/wp-content\/uploads\/2024\/01\/11_Zusaetzliches_Entsorgungsgut_Nespresso-Kapseln-1.pdf\" target=\"_blank\" rel=\"noopener\">Mat\u00e9riel suppl\u00e9mentaire \u00e0 \u00e9liminer Capsules Nespresso<\/a><br \/>\n<a href=\"https:\/\/www.lengnau.ch\/wp-content\/uploads\/2025\/09\/12_Woher_kommt_mein_Strom_Stromkennzeichnung_2024.pdf\" target=\"_blank\" rel=\"noopener\">D&rsquo;o\u00f9 vient mon \u00e9lectricit\u00e9 ? Marquage de l&rsquo;\u00e9lectricit\u00e9 en 2024<\/a><br \/>\n<a href=\"https:\/\/www.lengnau.ch\/wp-content\/uploads\/2025\/12\/13_News_4_25_energie_wasser_lengnau.pdf\" target=\"_blank\" rel=\"noopener\">News 4\/2025 Information \u00e0 la client\u00e8le d&rsquo;energie wasser lengnau<\/a><br \/>\n<a href=\"https:\/\/www.lengnau.ch\/wp-content\/uploads\/2026\/03\/14_Qualitaet_Trinkwassers_Lengnau_Maerz_2026.pdf\" target=\"_blank\" rel=\"noopener\">Qualit\u00e9 de l&rsquo;eau potable \u00e0 Lengnau (situation en mars 2026)<\/a><br \/>\n<a href=\"https:\/\/www.lengnau.ch\/wp-content\/uploads\/2026\/05\/15_Mitgliederverzeichnis_Lengnauer_Ortsvereinigung_2026.pdf\" target=\"_blank\" rel=\"noopener\">Liste des membres de la section de Lengnau<\/a><br \/>\n<a href=\"https:\/\/www.lengnau.ch\/wp-content\/uploads\/2026\/05\/Lengnauer_Agenda_2026_2027_2.pdf\" target=\"_blank\" rel=\"noopener\">Agenda de Lengnau 2026\/2027<\/a><br \/>\n<a href=\"https:\/\/www.lengnau.ch\/wp-content\/uploads\/2025\/12\/17_SBB_Fahrplan_Abfahrt_Bahnhof_Lengnau_ab_14_12_2025.pdf\" target=\"_blank\" rel=\"noopener\">Horaire CFF d\u00e9part gare de Lengnau \u00e0 partir du 14.12.2025<\/a><br \/>\n<a href=\"https:\/\/www.lengnau.ch\/wp-content\/uploads\/2025\/12\/18_BGU_Fahrplan_ab_14_12_2025_40.024.pdf\" target=\"_blank\" rel=\"noopener\">BGU Horaires \u00e0 partir du 14.12.2025 \/ Ligne 24<\/a><br \/>\n<a href=\"https:\/\/www.lengnau.ch\/wp-content\/uploads\/2025\/12\/18_BGU_Fahrplan_ab_14_12_2025_40.026.pdf\" target=\"_blank\" rel=\"noopener\">BGU Horaires \u00e0 partir du 14.12.2025 \/ Ligne 26<\/a> <strong>Ligne de bus 26 :<\/strong> <strong>A partir du lundi 02.02.2026, une liaison matinale circule \u00e0 nouveau du lundi au vendredi au d\u00e9part de Lengnau Sportplatz \u00e0 5h10 vers Granges Sud, gare \u21d2. <\/strong><a href=\"https:\/\/www.lengnau.ch\/wp-content\/uploads\/2026\/01\/20260126_MM_BSGU_Angebotsoptimierungen_Februar2026.pdf\" target=\"_blank\" rel=\"noopener\">plus d&rsquo;infos<\/a><br \/>\n<a href=\"https:\/\/www.lengnau.ch\/wp-content\/uploads\/2025\/12\/18_BGU_Liniennetzplan_ab_14_1_2025.pdf\" target=\"_blank\" rel=\"noopener\">BGU Plan du r\u00e9seau de lignes \u00e0 partir du 14.12.2025<\/a><br \/>\n<a href=\"https:\/\/www.lengnau.ch\/wp-content\/uploads\/2025\/12\/19_Moonliner_Fahrplan_M30_ab_19_12_2025.pdf\" target=\"_blank\" rel=\"noopener\">Horaires Moonliner \u00e0 partir du 19.12.2025<\/a><br \/>\n<a href=\"https:\/\/www.lengnau.ch\/wp-content\/uploads\/2025\/12\/19_Moonliner_Zonenplan_Region_Biel_2025.pdf\" target=\"_blank\" rel=\"noopener\">Moonliner Plan de zonage de la r\u00e9gion de Bienne \u00e0 partir du 15.12.2024<\/a><br \/>\n<a href=\"https:\/\/www.lengnau.ch\/wp-content\/uploads\/2025\/09\/20_Infoblatt_Die_Radio-_und_Fernsehabgabe_in_Kuerze.pdf\" target=\"_blank\" rel=\"noopener\">La redevance radio-t\u00e9l\u00e9vision en bref \/ Feuille d&rsquo;information de l&rsquo;OFCOM<\/a><br \/>\n<a href=\"https:\/\/www.lengnau.ch\/wp-content\/uploads\/2025\/09\/21_Quickline_Senderliste_06_2025.pdf\" target=\"_blank\" rel=\"noopener\">Liste des cha\u00eenes Quickline \u00e9dition 06\/2025<\/a><br \/>\n<a href=\"https:\/\/www.lengnau.ch\/wp-content\/uploads\/2022\/08\/22_Dienstleistungen_Schweizerisches_Rotes_Kreuz.pdf\" target=\"_blank\" rel=\"noopener\">Services de la Croix-Rouge suisse<\/a><br \/>\n<a href=\"https:\/\/www.lengnau.ch\/wp-content\/uploads\/2025\/09\/23_Flyer_Besuchs-_und_Begleitdienst_Schweizerisches_Rotes_Kreuz.pdf\" target=\"_blank\" rel=\"noopener\">Service de visite et d&rsquo;accompagnement Croix-Rouge suisse<\/a><\/p>\n<h3>Documents au format papier<\/h3>\n<p>Toujours sous forme papier, les informations suivantes vous seront remises lors de votre inscription personnelle \u00e0 notre guichet :<\/p>\n<ul>\n<li>Lettre de bienvenue du conseil municipal de Lengnau BE<\/li>\n<li>Carte de visite de la commune municipale de Lengnau BE, service de la pr\u00e9sidence avec les heures d&rsquo;ouverture des guichets et les heures de t\u00e9l\u00e9phone<\/li>\n<li>Carte postale Lengnau BE<\/li>\n<li>Feuille d&rsquo;information avec les contacts importants de la commune, du canton et de la Conf\u00e9d\u00e9ration<\/li>\n<li>Calendrier des collectes de Lengnau<\/li>\n<li>Fiche d&rsquo;information sur la collecte des plastiques m\u00e9nagers<\/li>\n<li>Sac \u00e0 ordures officiel de Lengnau 35 litres<\/li>\n<li>D\u00e9pliant sur le recyclage des plastiques m\u00e9nagers<\/li>\n<li>Bon d&rsquo;achat de comprim\u00e9s d&rsquo;iodure de potassium, y compris les comprim\u00e9s d&rsquo;iodure de sodium Fiche d&rsquo;information<\/li>\n<li>Bon pour 2 places debout du CP Berne<\/li>\n<li>Abonnement \u00e0 l&rsquo;essai dans la r\u00e9gion de Libero<\/li>\n<li>Lengnauer Notizen<\/li>\n<\/ul>\n<h2>Inscription en ligne apr\u00e8s l&rsquo;arriv\u00e9e<\/h2>\n<p>Les arriv\u00e9es, les d\u00e9m\u00e9nagements et les d\u00e9parts peuvent \u00eatre effectu\u00e9s via le portail en ligne <a title=\"eD\u00e9m\u00e9nagementCH\" href=\"https:\/\/www.eumzug.swiss\/eumzugngx\/global\" target=\"_blank\" rel=\"noopener\">eD\u00e9m\u00e9nagementCH<\/a>, pour autant que les conditions soient remplies.<\/p>\n<p><a href=\"https:\/\/www.eumzug.swiss\/eumzugngx\/global\" target=\"_blank\" rel=\"noopener\"><img loading=\"lazy\" decoding=\"async\" class=\"alignnone wp-image-4187 size-full\" src=\"https:\/\/www.lengnau.ch\/wp-content\/uploads\/2022\/06\/eumzug.png\" alt=\"\" width=\"250\" height=\"46\"><\/a><\/p>\n<h2>Inscription personnelle au guichet (si aucun eD\u00e9m\u00e9nagementCH n&rsquo;est possible \/ souhait\u00e9)<\/h2>\n<p><strong>Suisses et Suissesses<\/strong><br \/>\nL&rsquo;inscription doit se faire <strong>en personne<\/strong> et dans un d\u00e9lai de 14 jours.<\/p>\n<p>Le <a href=\"https:\/\/www.lengnau.ch\/wp-content\/uploads\/2026\/03\/Anmeldeformular_Schweizer_02_2026_beschreibbar_definitiv.pdf\" target=\"_blank\" rel=\"noopener\">formulaire d&rsquo;inscription pour les Suisses<\/a> doit \u00eatre rempli et pr\u00e9sent\u00e9 au guichet du contr\u00f4le des habitants de Lengnau BE lors de l&rsquo;inscription personnelle, accompagn\u00e9 des documents \/ pi\u00e8ces demand\u00e9s.<\/p>\n<p><strong>\u00c9trangers et \u00e9trang\u00e8res<\/strong><br \/>\nL&rsquo;inscription doit se faire <strong>en personne<\/strong> et dans un d\u00e9lai de 14 jours.<\/p>\n<p>Le <a href=\"https:\/\/www.lengnau.ch\/wp-content\/uploads\/2026\/03\/Anmeldeformular_auslaendische_Staatsangehoerige_EU_EFTA_Drittstaaten_02_2026_beschreibbar_definitiv.pdf\" target=\"_blank\" rel=\"noopener\">formulaire d&rsquo;inscription pour les ressortissants \u00e9trangers<\/a> doit \u00eatre rempli et pr\u00e9sent\u00e9 avec les documents \/ pi\u00e8ces demand\u00e9s lors de l&rsquo;inscription personnelle au guichet du contr\u00f4le des \u00e9trangers de Lengnau BE.<\/p>\n<p>Si vous ne poss\u00e9dez pas votre propre contrat de location \/ sous-location, nous avons besoin du formulaire <a href=\"https:\/\/www.lengnau.ch\/wp-content\/uploads\/2025\/12\/Bestaetigung-der-Untermiete.pdf\" target=\"_blank\" rel=\"noopener\">\u00ab\u00a0Confirmation de sous-location\u00a0\u00bb  d\u00fbment rempli et sign\u00e9 . <\/a> <\/p>\n","protected":false},"excerpt":{"rendered":"<p>Nous vous souhaitons la bienvenue \u00e0 Lengnau BE. Par souci d&rsquo;\u00e9cologie, nous avons revu notre dossier d&rsquo;information papier destin\u00e9 aux nouveaux arrivants. Mat\u00e9riel d&rsquo;information pour les nouveaux arrivants Tout le mat\u00e9riel d&rsquo;information peut d\u00e9sormais \u00eatre consult\u00e9 en ligne : Documents sous forme \u00e9lectronique Lettre de bienvenue du conseil municipal de Lengnau BE D\u00e9pliant \u00ab\u00a0March\u00e9 de [&hellip;]<\/p>\n","protected":false},"author":1,"featured_media":0,"parent":3101,"menu_order":8,"comment_status":"closed","ping_status":"closed","template":"","meta":{"_acf_changed":false,"_relevanssi_hide_post":"","_relevanssi_hide_content":"","_relevanssi_pin_for_all":"","_relevanssi_pin_keywords":"","_relevanssi_unpin_keywords":"","_relevanssi_related_keywords":"","_relevanssi_related_include_ids":"","_relevanssi_related_exclude_ids":"","_relevanssi_related_no_append":"","_relevanssi_related_not_related":"","_relevanssi_related_posts":"","_relevanssi_noindex_reason":"","footnotes":""},"class_list":["post-3105","page","type-page","status-publish","hentry"],"acf":[],"yoast_head":"<!-- This site is optimized with the Yoast SEO plugin v27.5 - https:\/\/yoast.com\/product\/yoast-seo-wordpress\/ -->\n<title>Nouveaux arrivants - Gemeinde Lengnau<\/title>\n<meta name=\"robots\" content=\"index, follow, max-snippet:-1, max-image-preview:large, max-video-preview:-1\" \/>\n<link rel=\"canonical\" href=\"https:\/\/www.lengnau.ch\/fr\/themes\/umzug\/neuzuzueger\/\" \/>\n<meta property=\"og:locale\" content=\"fr_FR\" \/>\n<meta property=\"og:type\" content=\"article\" \/>\n<meta property=\"og:title\" content=\"Nouveaux arrivants - Gemeinde Lengnau\" \/>\n<meta property=\"og:description\" content=\"Nous vous souhaitons la bienvenue \u00e0 Lengnau BE. Par souci d&rsquo;\u00e9cologie, nous avons revu notre dossier d&rsquo;information papier destin\u00e9 aux nouveaux arrivants. Mat\u00e9riel d&rsquo;information pour les nouveaux arrivants Tout le mat\u00e9riel d&rsquo;information peut d\u00e9sormais \u00eatre consult\u00e9 en ligne : Documents sous forme \u00e9lectronique Lettre de bienvenue du conseil municipal de Lengnau BE D\u00e9pliant \u00ab\u00a0March\u00e9 de [&hellip;]\" \/>\n<meta property=\"og:url\" content=\"https:\/\/www.lengnau.ch\/fr\/themes\/umzug\/neuzuzueger\/\" \/>\n<meta property=\"og:site_name\" content=\"Gemeinde Lengnau\" \/>\n<meta property=\"article:modified_time\" content=\"2026-05-11T14:05:12+00:00\" \/>\n<meta property=\"og:image\" content=\"https:\/\/www.lengnau.ch\/wp-content\/uploads\/2022\/06\/eumzug.png\" \/>\n\t<meta property=\"og:image:width\" content=\"250\" \/>\n\t<meta property=\"og:image:height\" content=\"46\" \/>\n\t<meta property=\"og:image:type\" content=\"image\/png\" \/>\n<meta name=\"twitter:card\" content=\"summary_large_image\" \/>\n<script type=\"application\/ld+json\" class=\"yoast-schema-graph\">{\"@context\":\"https:\\\/\\\/schema.org\",\"@graph\":[{\"@type\":\"WebPage\",\"@id\":\"https:\\\/\\\/www.lengnau.ch\\\/fr\\\/themes\\\/umzug\\\/neuzuzueger\\\/\",\"url\":\"https:\\\/\\\/www.lengnau.ch\\\/fr\\\/themes\\\/umzug\\\/neuzuzueger\\\/\",\"name\":\"Nouveaux arrivants - Gemeinde Lengnau\",\"isPartOf\":{\"@id\":\"https:\\\/\\\/www.lengnau.ch\\\/#website\"},\"primaryImageOfPage\":{\"@id\":\"https:\\\/\\\/www.lengnau.ch\\\/fr\\\/themes\\\/umzug\\\/neuzuzueger\\\/#primaryimage\"},\"image\":{\"@id\":\"https:\\\/\\\/www.lengnau.ch\\\/fr\\\/themes\\\/umzug\\\/neuzuzueger\\\/#primaryimage\"},\"thumbnailUrl\":\"https:\\\/\\\/www.lengnau.ch\\\/wp-content\\\/uploads\\\/2022\\\/06\\\/eumzug.png\",\"datePublished\":\"2022-02-16T14:26:59+00:00\",\"dateModified\":\"2026-05-11T14:05:12+00:00\",\"breadcrumb\":{\"@id\":\"https:\\\/\\\/www.lengnau.ch\\\/fr\\\/themes\\\/umzug\\\/neuzuzueger\\\/#breadcrumb\"},\"inLanguage\":\"fr-FR\",\"potentialAction\":[{\"@type\":\"ReadAction\",\"target\":[\"https:\\\/\\\/www.lengnau.ch\\\/fr\\\/themes\\\/umzug\\\/neuzuzueger\\\/\"]}]},{\"@type\":\"ImageObject\",\"inLanguage\":\"fr-FR\",\"@id\":\"https:\\\/\\\/www.lengnau.ch\\\/fr\\\/themes\\\/umzug\\\/neuzuzueger\\\/#primaryimage\",\"url\":\"https:\\\/\\\/www.lengnau.ch\\\/wp-content\\\/uploads\\\/2022\\\/06\\\/eumzug.png\",\"contentUrl\":\"https:\\\/\\\/www.lengnau.ch\\\/wp-content\\\/uploads\\\/2022\\\/06\\\/eumzug.png\"},{\"@type\":\"BreadcrumbList\",\"@id\":\"https:\\\/\\\/www.lengnau.ch\\\/fr\\\/themes\\\/umzug\\\/neuzuzueger\\\/#breadcrumb\",\"itemListElement\":[{\"@type\":\"ListItem\",\"position\":1,\"name\":\"Home\",\"item\":\"https:\\\/\\\/www.lengnau.ch\\\/fr\\\/\"},{\"@type\":\"ListItem\",\"position\":2,\"name\":\"Th\u00e8mes\",\"item\":\"https:\\\/\\\/www.lengnau.ch\\\/fr\\\/themes\\\/\"},{\"@type\":\"ListItem\",\"position\":3,\"name\":\"D\u00e9m\u00e9nagement\",\"item\":\"https:\\\/\\\/www.lengnau.ch\\\/fr\\\/themes\\\/umzug\\\/\"},{\"@type\":\"ListItem\",\"position\":4,\"name\":\"Nouveaux arrivants\"}]},{\"@type\":\"WebSite\",\"@id\":\"https:\\\/\\\/www.lengnau.ch\\\/#website\",\"url\":\"https:\\\/\\\/www.lengnau.ch\\\/\",\"name\":\"Gemeinde Lengnau\",\"description\":\"\",\"potentialAction\":[{\"@type\":\"SearchAction\",\"target\":{\"@type\":\"EntryPoint\",\"urlTemplate\":\"https:\\\/\\\/www.lengnau.ch\\\/?s={search_term_string}\"},\"query-input\":{\"@type\":\"PropertyValueSpecification\",\"valueRequired\":true,\"valueName\":\"search_term_string\"}}],\"inLanguage\":\"fr-FR\"}]}<\/script>\n<!-- \/ Yoast SEO plugin. -->","yoast_head_json":{"title":"Nouveaux arrivants - Gemeinde Lengnau","robots":{"index":"index","follow":"follow","max-snippet":"max-snippet:-1","max-image-preview":"max-image-preview:large","max-video-preview":"max-video-preview:-1"},"canonical":"https:\/\/www.lengnau.ch\/fr\/themes\/umzug\/neuzuzueger\/","og_locale":"fr_FR","og_type":"article","og_title":"Nouveaux arrivants - Gemeinde Lengnau","og_description":"Nous vous souhaitons la bienvenue \u00e0 Lengnau BE. Par souci d&rsquo;\u00e9cologie, nous avons revu notre dossier d&rsquo;information papier destin\u00e9 aux nouveaux arrivants. Mat\u00e9riel d&rsquo;information pour les nouveaux arrivants Tout le mat\u00e9riel d&rsquo;information peut d\u00e9sormais \u00eatre consult\u00e9 en ligne : Documents sous forme \u00e9lectronique Lettre de bienvenue du conseil municipal de Lengnau BE D\u00e9pliant \u00ab\u00a0March\u00e9 de [&hellip;]","og_url":"https:\/\/www.lengnau.ch\/fr\/themes\/umzug\/neuzuzueger\/","og_site_name":"Gemeinde Lengnau","article_modified_time":"2026-05-11T14:05:12+00:00","og_image":[{"width":250,"height":46,"url":"https:\/\/www.lengnau.ch\/wp-content\/uploads\/2022\/06\/eumzug.png","type":"image\/png"}],"twitter_card":"summary_large_image","schema":{"@context":"https:\/\/schema.org","@graph":[{"@type":"WebPage","@id":"https:\/\/www.lengnau.ch\/fr\/themes\/umzug\/neuzuzueger\/","url":"https:\/\/www.lengnau.ch\/fr\/themes\/umzug\/neuzuzueger\/","name":"Nouveaux arrivants - Gemeinde Lengnau","isPartOf":{"@id":"https:\/\/www.lengnau.ch\/#website"},"primaryImageOfPage":{"@id":"https:\/\/www.lengnau.ch\/fr\/themes\/umzug\/neuzuzueger\/#primaryimage"},"image":{"@id":"https:\/\/www.lengnau.ch\/fr\/themes\/umzug\/neuzuzueger\/#primaryimage"},"thumbnailUrl":"https:\/\/www.lengnau.ch\/wp-content\/uploads\/2022\/06\/eumzug.png","datePublished":"2022-02-16T14:26:59+00:00","dateModified":"2026-05-11T14:05:12+00:00","breadcrumb":{"@id":"https:\/\/www.lengnau.ch\/fr\/themes\/umzug\/neuzuzueger\/#breadcrumb"},"inLanguage":"fr-FR","potentialAction":[{"@type":"ReadAction","target":["https:\/\/www.lengnau.ch\/fr\/themes\/umzug\/neuzuzueger\/"]}]},{"@type":"ImageObject","inLanguage":"fr-FR","@id":"https:\/\/www.lengnau.ch\/fr\/themes\/umzug\/neuzuzueger\/#primaryimage","url":"https:\/\/www.lengnau.ch\/wp-content\/uploads\/2022\/06\/eumzug.png","contentUrl":"https:\/\/www.lengnau.ch\/wp-content\/uploads\/2022\/06\/eumzug.png"},{"@type":"BreadcrumbList","@id":"https:\/\/www.lengnau.ch\/fr\/themes\/umzug\/neuzuzueger\/#breadcrumb","itemListElement":[{"@type":"ListItem","position":1,"name":"Home","item":"https:\/\/www.lengnau.ch\/fr\/"},{"@type":"ListItem","position":2,"name":"Th\u00e8mes","item":"https:\/\/www.lengnau.ch\/fr\/themes\/"},{"@type":"ListItem","position":3,"name":"D\u00e9m\u00e9nagement","item":"https:\/\/www.lengnau.ch\/fr\/themes\/umzug\/"},{"@type":"ListItem","position":4,"name":"Nouveaux arrivants"}]},{"@type":"WebSite","@id":"https:\/\/www.lengnau.ch\/#website","url":"https:\/\/www.lengnau.ch\/","name":"Gemeinde Lengnau","description":"","potentialAction":[{"@type":"SearchAction","target":{"@type":"EntryPoint","urlTemplate":"https:\/\/www.lengnau.ch\/?s={search_term_string}"},"query-input":{"@type":"PropertyValueSpecification","valueRequired":true,"valueName":"search_term_string"}}],"inLanguage":"fr-FR"}]}},"publishpress_future_action":{"enabled":false,"date":"2026-05-24 07:31:13","action":"change-status","newStatus":"draft","terms":[],"taxonomy":"translation_priority","extraData":[]},"publishpress_future_workflow_manual_trigger":{"enabledWorkflows":[]},"_links":{"self":[{"href":"https:\/\/www.lengnau.ch\/fr\/wp-json\/wp\/v2\/pages\/3105","targetHints":{"allow":["GET"]}}],"collection":[{"href":"https:\/\/www.lengnau.ch\/fr\/wp-json\/wp\/v2\/pages"}],"about":[{"href":"https:\/\/www.lengnau.ch\/fr\/wp-json\/wp\/v2\/types\/page"}],"author":[{"embeddable":true,"href":"https:\/\/www.lengnau.ch\/fr\/wp-json\/wp\/v2\/users\/1"}],"replies":[{"embeddable":true,"href":"https:\/\/www.lengnau.ch\/fr\/wp-json\/wp\/v2\/comments?post=3105"}],"version-history":[{"count":11,"href":"https:\/\/www.lengnau.ch\/fr\/wp-json\/wp\/v2\/pages\/3105\/revisions"}],"predecessor-version":[{"id":19656,"href":"https:\/\/www.lengnau.ch\/fr\/wp-json\/wp\/v2\/pages\/3105\/revisions\/19656"}],"up":[{"embeddable":true,"href":"https:\/\/www.lengnau.ch\/fr\/wp-json\/wp\/v2\/pages\/3101"}],"wp:attachment":[{"href":"https:\/\/www.lengnau.ch\/fr\/wp-json\/wp\/v2\/media?parent=3105"}],"curies":[{"name":"wp","href":"https:\/\/api.w.org\/{rel}","templated":true}]}}