{"id":3103,"date":"2022-02-16T15:26:51","date_gmt":"2022-02-16T14:26:51","guid":{"rendered":"https:\/\/lengnau.rettenmund.com\/themen\/umzug\/adresswechsel\/"},"modified":"2025-12-05T10:43:26","modified_gmt":"2025-12-05T09:43:26","slug":"adresswechsel","status":"publish","type":"page","link":"https:\/\/www.lengnau.ch\/fr\/themes\/umzug\/adresswechsel\/","title":{"rendered":"Changement d&rsquo;adresse"},"content":{"rendered":"<p>Si une inscription via <a href=\"https:\/\/www.eumzug.swiss\/eumzugngx\/global\" target=\"_blank\" rel=\"noopener\">eD\u00e9m\u00e9nagementCH<\/a> n&rsquo;est pas possible, veuillez vous annoncer personnellement par t\u00e9l\u00e9phone au 032 654 71 01 ou \u00e0 notre guichet.<\/p>\n<p>Les d\u00e9m\u00e9nagements \u00e0 l&rsquo;int\u00e9rieur de la commune doivent \u00eatre annonc\u00e9s au contr\u00f4le des habitants dans un d\u00e9lai de 14 jours.<\/p>\n<p><a href=\"https:\/\/www.eumzug.swiss\/eumzugngx\/global\" target=\"_blank\" rel=\"noopener\"><img loading=\"lazy\" decoding=\"async\" class=\"alignnone size-full wp-image-4187\" src=\"https:\/\/www.lengnau.ch\/wp-content\/uploads\/2022\/06\/eumzug.png\" alt=\"\" width=\"250\" height=\"46\"><\/a><\/p>\n","protected":false},"excerpt":{"rendered":"<p>Si une inscription via eD\u00e9m\u00e9nagementCH n&rsquo;est pas possible, veuillez vous annoncer personnellement par t\u00e9l\u00e9phone au 032 654 71 01 ou \u00e0 notre guichet. Les d\u00e9m\u00e9nagements \u00e0 l&rsquo;int\u00e9rieur de la commune doivent \u00eatre annonc\u00e9s au contr\u00f4le des habitants dans un d\u00e9lai de 14 jours.<\/p>\n","protected":false},"author":1,"featured_media":0,"parent":3101,"menu_order":0,"comment_status":"closed","ping_status":"closed","template":"","meta":{"_acf_changed":false,"_relevanssi_hide_post":"","_relevanssi_hide_content":"","_relevanssi_pin_for_all":"","_relevanssi_pin_keywords":"","_relevanssi_unpin_keywords":"","_relevanssi_related_keywords":"","_relevanssi_related_include_ids":"","_relevanssi_related_exclude_ids":"","_relevanssi_related_no_append":"","_relevanssi_related_not_related":"","_relevanssi_related_posts":"","_relevanssi_noindex_reason":"","footnotes":""},"class_list":["post-3103","page","type-page","status-publish","hentry"],"acf":[],"yoast_head":"<!-- This site is optimized with the Yoast SEO plugin v27.5 - https:\/\/yoast.com\/product\/yoast-seo-wordpress\/ -->\n<title>Changement d&#039;adresse - Gemeinde Lengnau<\/title>\n<meta name=\"robots\" content=\"index, follow, max-snippet:-1, max-image-preview:large, max-video-preview:-1\" \/>\n<link rel=\"canonical\" href=\"https:\/\/www.lengnau.ch\/fr\/themes\/umzug\/adresswechsel\/\" \/>\n<meta property=\"og:locale\" content=\"fr_FR\" \/>\n<meta property=\"og:type\" content=\"article\" \/>\n<meta property=\"og:title\" content=\"Changement d&#039;adresse - Gemeinde Lengnau\" \/>\n<meta property=\"og:description\" content=\"Si une inscription via eD\u00e9m\u00e9nagementCH n&rsquo;est pas possible, veuillez vous annoncer personnellement par t\u00e9l\u00e9phone au 032 654 71 01 ou \u00e0 notre guichet. Les d\u00e9m\u00e9nagements \u00e0 l&rsquo;int\u00e9rieur de la commune doivent \u00eatre annonc\u00e9s au contr\u00f4le des habitants dans un d\u00e9lai de 14 jours.\" \/>\n<meta property=\"og:url\" content=\"https:\/\/www.lengnau.ch\/fr\/themes\/umzug\/adresswechsel\/\" \/>\n<meta property=\"og:site_name\" content=\"Gemeinde Lengnau\" \/>\n<meta property=\"article:modified_time\" content=\"2025-12-05T09:43:26+00:00\" \/>\n<meta property=\"og:image\" content=\"https:\/\/www.lengnau.ch\/wp-content\/uploads\/2022\/06\/eumzug.png\" \/>\n\t<meta property=\"og:image:width\" content=\"250\" \/>\n\t<meta property=\"og:image:height\" content=\"46\" \/>\n\t<meta property=\"og:image:type\" content=\"image\/png\" \/>\n<meta name=\"twitter:card\" content=\"summary_large_image\" \/>\n<script type=\"application\/ld+json\" class=\"yoast-schema-graph\">{\"@context\":\"https:\\\/\\\/schema.org\",\"@graph\":[{\"@type\":\"WebPage\",\"@id\":\"https:\\\/\\\/www.lengnau.ch\\\/fr\\\/themes\\\/umzug\\\/adresswechsel\\\/\",\"url\":\"https:\\\/\\\/www.lengnau.ch\\\/fr\\\/themes\\\/umzug\\\/adresswechsel\\\/\",\"name\":\"Changement d'adresse - Gemeinde Lengnau\",\"isPartOf\":{\"@id\":\"https:\\\/\\\/www.lengnau.ch\\\/#website\"},\"primaryImageOfPage\":{\"@id\":\"https:\\\/\\\/www.lengnau.ch\\\/fr\\\/themes\\\/umzug\\\/adresswechsel\\\/#primaryimage\"},\"image\":{\"@id\":\"https:\\\/\\\/www.lengnau.ch\\\/fr\\\/themes\\\/umzug\\\/adresswechsel\\\/#primaryimage\"},\"thumbnailUrl\":\"https:\\\/\\\/www.lengnau.ch\\\/wp-content\\\/uploads\\\/2022\\\/06\\\/eumzug.png\",\"datePublished\":\"2022-02-16T14:26:51+00:00\",\"dateModified\":\"2025-12-05T09:43:26+00:00\",\"breadcrumb\":{\"@id\":\"https:\\\/\\\/www.lengnau.ch\\\/fr\\\/themes\\\/umzug\\\/adresswechsel\\\/#breadcrumb\"},\"inLanguage\":\"fr-FR\",\"potentialAction\":[{\"@type\":\"ReadAction\",\"target\":[\"https:\\\/\\\/www.lengnau.ch\\\/fr\\\/themes\\\/umzug\\\/adresswechsel\\\/\"]}]},{\"@type\":\"ImageObject\",\"inLanguage\":\"fr-FR\",\"@id\":\"https:\\\/\\\/www.lengnau.ch\\\/fr\\\/themes\\\/umzug\\\/adresswechsel\\\/#primaryimage\",\"url\":\"https:\\\/\\\/www.lengnau.ch\\\/wp-content\\\/uploads\\\/2022\\\/06\\\/eumzug.png\",\"contentUrl\":\"https:\\\/\\\/www.lengnau.ch\\\/wp-content\\\/uploads\\\/2022\\\/06\\\/eumzug.png\"},{\"@type\":\"BreadcrumbList\",\"@id\":\"https:\\\/\\\/www.lengnau.ch\\\/fr\\\/themes\\\/umzug\\\/adresswechsel\\\/#breadcrumb\",\"itemListElement\":[{\"@type\":\"ListItem\",\"position\":1,\"name\":\"Home\",\"item\":\"https:\\\/\\\/www.lengnau.ch\\\/fr\\\/\"},{\"@type\":\"ListItem\",\"position\":2,\"name\":\"Th\u00e8mes\",\"item\":\"https:\\\/\\\/www.lengnau.ch\\\/fr\\\/themes\\\/\"},{\"@type\":\"ListItem\",\"position\":3,\"name\":\"D\u00e9m\u00e9nagement\",\"item\":\"https:\\\/\\\/www.lengnau.ch\\\/fr\\\/themes\\\/umzug\\\/\"},{\"@type\":\"ListItem\",\"position\":4,\"name\":\"Changement d&#8217;adresse\"}]},{\"@type\":\"WebSite\",\"@id\":\"https:\\\/\\\/www.lengnau.ch\\\/#website\",\"url\":\"https:\\\/\\\/www.lengnau.ch\\\/\",\"name\":\"Gemeinde Lengnau\",\"description\":\"\",\"potentialAction\":[{\"@type\":\"SearchAction\",\"target\":{\"@type\":\"EntryPoint\",\"urlTemplate\":\"https:\\\/\\\/www.lengnau.ch\\\/?s={search_term_string}\"},\"query-input\":{\"@type\":\"PropertyValueSpecification\",\"valueRequired\":true,\"valueName\":\"search_term_string\"}}],\"inLanguage\":\"fr-FR\"}]}<\/script>\n<!-- \/ Yoast SEO plugin. -->","yoast_head_json":{"title":"Changement d'adresse - Gemeinde Lengnau","robots":{"index":"index","follow":"follow","max-snippet":"max-snippet:-1","max-image-preview":"max-image-preview:large","max-video-preview":"max-video-preview:-1"},"canonical":"https:\/\/www.lengnau.ch\/fr\/themes\/umzug\/adresswechsel\/","og_locale":"fr_FR","og_type":"article","og_title":"Changement d'adresse - Gemeinde Lengnau","og_description":"Si une inscription via eD\u00e9m\u00e9nagementCH n&rsquo;est pas possible, veuillez vous annoncer personnellement par t\u00e9l\u00e9phone au 032 654 71 01 ou \u00e0 notre guichet. Les d\u00e9m\u00e9nagements \u00e0 l&rsquo;int\u00e9rieur de la commune doivent \u00eatre annonc\u00e9s au contr\u00f4le des habitants dans un d\u00e9lai de 14 jours.","og_url":"https:\/\/www.lengnau.ch\/fr\/themes\/umzug\/adresswechsel\/","og_site_name":"Gemeinde Lengnau","article_modified_time":"2025-12-05T09:43:26+00:00","og_image":[{"width":250,"height":46,"url":"https:\/\/www.lengnau.ch\/wp-content\/uploads\/2022\/06\/eumzug.png","type":"image\/png"}],"twitter_card":"summary_large_image","schema":{"@context":"https:\/\/schema.org","@graph":[{"@type":"WebPage","@id":"https:\/\/www.lengnau.ch\/fr\/themes\/umzug\/adresswechsel\/","url":"https:\/\/www.lengnau.ch\/fr\/themes\/umzug\/adresswechsel\/","name":"Changement d'adresse - Gemeinde Lengnau","isPartOf":{"@id":"https:\/\/www.lengnau.ch\/#website"},"primaryImageOfPage":{"@id":"https:\/\/www.lengnau.ch\/fr\/themes\/umzug\/adresswechsel\/#primaryimage"},"image":{"@id":"https:\/\/www.lengnau.ch\/fr\/themes\/umzug\/adresswechsel\/#primaryimage"},"thumbnailUrl":"https:\/\/www.lengnau.ch\/wp-content\/uploads\/2022\/06\/eumzug.png","datePublished":"2022-02-16T14:26:51+00:00","dateModified":"2025-12-05T09:43:26+00:00","breadcrumb":{"@id":"https:\/\/www.lengnau.ch\/fr\/themes\/umzug\/adresswechsel\/#breadcrumb"},"inLanguage":"fr-FR","potentialAction":[{"@type":"ReadAction","target":["https:\/\/www.lengnau.ch\/fr\/themes\/umzug\/adresswechsel\/"]}]},{"@type":"ImageObject","inLanguage":"fr-FR","@id":"https:\/\/www.lengnau.ch\/fr\/themes\/umzug\/adresswechsel\/#primaryimage","url":"https:\/\/www.lengnau.ch\/wp-content\/uploads\/2022\/06\/eumzug.png","contentUrl":"https:\/\/www.lengnau.ch\/wp-content\/uploads\/2022\/06\/eumzug.png"},{"@type":"BreadcrumbList","@id":"https:\/\/www.lengnau.ch\/fr\/themes\/umzug\/adresswechsel\/#breadcrumb","itemListElement":[{"@type":"ListItem","position":1,"name":"Home","item":"https:\/\/www.lengnau.ch\/fr\/"},{"@type":"ListItem","position":2,"name":"Th\u00e8mes","item":"https:\/\/www.lengnau.ch\/fr\/themes\/"},{"@type":"ListItem","position":3,"name":"D\u00e9m\u00e9nagement","item":"https:\/\/www.lengnau.ch\/fr\/themes\/umzug\/"},{"@type":"ListItem","position":4,"name":"Changement d&#8217;adresse"}]},{"@type":"WebSite","@id":"https:\/\/www.lengnau.ch\/#website","url":"https:\/\/www.lengnau.ch\/","name":"Gemeinde Lengnau","description":"","potentialAction":[{"@type":"SearchAction","target":{"@type":"EntryPoint","urlTemplate":"https:\/\/www.lengnau.ch\/?s={search_term_string}"},"query-input":{"@type":"PropertyValueSpecification","valueRequired":true,"valueName":"search_term_string"}}],"inLanguage":"fr-FR"}]}},"publishpress_future_action":{"enabled":false,"date":"2026-05-24 07:35:47","action":"change-status","newStatus":"draft","terms":[],"taxonomy":"translation_priority","extraData":[]},"publishpress_future_workflow_manual_trigger":{"enabledWorkflows":[]},"_links":{"self":[{"href":"https:\/\/www.lengnau.ch\/fr\/wp-json\/wp\/v2\/pages\/3103","targetHints":{"allow":["GET"]}}],"collection":[{"href":"https:\/\/www.lengnau.ch\/fr\/wp-json\/wp\/v2\/pages"}],"about":[{"href":"https:\/\/www.lengnau.ch\/fr\/wp-json\/wp\/v2\/types\/page"}],"author":[{"embeddable":true,"href":"https:\/\/www.lengnau.ch\/fr\/wp-json\/wp\/v2\/users\/1"}],"replies":[{"embeddable":true,"href":"https:\/\/www.lengnau.ch\/fr\/wp-json\/wp\/v2\/comments?post=3103"}],"version-history":[{"count":9,"href":"https:\/\/www.lengnau.ch\/fr\/wp-json\/wp\/v2\/pages\/3103\/revisions"}],"predecessor-version":[{"id":18533,"href":"https:\/\/www.lengnau.ch\/fr\/wp-json\/wp\/v2\/pages\/3103\/revisions\/18533"}],"up":[{"embeddable":true,"href":"https:\/\/www.lengnau.ch\/fr\/wp-json\/wp\/v2\/pages\/3101"}],"wp:attachment":[{"href":"https:\/\/www.lengnau.ch\/fr\/wp-json\/wp\/v2\/media?parent=3103"}],"curies":[{"name":"wp","href":"https:\/\/api.w.org\/{rel}","templated":true}]}}