{"id":3100,"date":"2022-02-16T15:27:21","date_gmt":"2022-02-16T14:27:21","guid":{"rendered":"https:\/\/lengnau.rettenmund.com\/immobilienmarkt\/"},"modified":"2026-03-13T11:18:47","modified_gmt":"2026-03-13T10:18:47","slug":"immobilienmarkt","status":"publish","type":"page","link":"https:\/\/www.lengnau.ch\/fr\/themes\/umzug\/immobilienmarkt\/","title":{"rendered":"March\u00e9 immobilier"},"content":{"rendered":"<p>La commune de Lengnau BE est une commune r\u00e9sidentielle attrayante et favorable aux familles, et tr\u00e8s appr\u00e9ci\u00e9e comme lieu de travail. Nous offrons diverses possibilit\u00e9s d&rsquo;achat, des installations en libre-service spacieuses et am\u00e9nag\u00e9es de deux banques, un bureau de poste au centre du village, des soins de sant\u00e9 complets, de bonnes liaisons de transport (train, bus et autoroute) et bien plus encore. De plus, Lengnau BE compte de nombreuses associations, une large offre de loisirs et la zone de d\u00e9tente se trouve directement \u00e0 sa porte. Lengnau BE est exemplaire en ce qui concerne les cr\u00e8ches, les groupes de jeux, les jardins d&rsquo;enfants, les \u00e9coles, les aires de jeux, etc. Tout ce dont on a besoin se trouve dans notre commune.<\/p>\n<p>La commune municipale de Lengnau BE participe au projet \u00ab\u00a0Jurasonnenseite\u00a0\u00bb. Vous trouverez de plus amples informations sur <a title=\"Site du Jura\" href=\"https:\/\/jurasonnenseite.ch\" target=\"_blank\" rel=\"noopener\">jurasonnenseite.ch.<\/a><\/p>\n<p><strong>Recherche de biens immobiliers avec newhome, la plate-forme immobili\u00e8re des Banques Cantonales<\/strong><br \/>\nSur le site <a href=\"https:\/\/www.newhome.ch\/de\/home\" target=\"_blank\" rel=\"noopener\">newhome.ch<\/a>, vous trouverez diff\u00e9rents types de biens \u00e0 louer ou \u00e0 acheter \u00e0 Lengnau BE. Vous pouvez cr\u00e9er votre annonce vous-m\u00eame. Vous trouverez les dur\u00e9es et les prix sur <a href=\"https:\/\/www.newhome.ch\/blog\/de\/inserieren\/\" target=\"_blank\" rel=\"noopener\">newhome.ch.<\/a> <\/p>\n","protected":false},"excerpt":{"rendered":"<p>La commune de Lengnau BE est une commune r\u00e9sidentielle attrayante et favorable aux familles, et tr\u00e8s appr\u00e9ci\u00e9e comme lieu de travail. Nous offrons diverses possibilit\u00e9s d&rsquo;achat, des installations en libre-service spacieuses et am\u00e9nag\u00e9es de deux banques, un bureau de poste au centre du village, des soins de sant\u00e9 complets, de bonnes liaisons de transport (train, [&hellip;]<\/p>\n","protected":false},"author":1,"featured_media":0,"parent":3101,"menu_order":19,"comment_status":"closed","ping_status":"closed","template":"","meta":{"_acf_changed":false,"_relevanssi_hide_post":"","_relevanssi_hide_content":"","_relevanssi_pin_for_all":"","_relevanssi_pin_keywords":"","_relevanssi_unpin_keywords":"","_relevanssi_related_keywords":"","_relevanssi_related_include_ids":"","_relevanssi_related_exclude_ids":"","_relevanssi_related_no_append":"","_relevanssi_related_not_related":"","_relevanssi_related_posts":"","_relevanssi_noindex_reason":"","footnotes":""},"class_list":["post-3100","page","type-page","status-publish","hentry"],"acf":[],"yoast_head":"<!-- This site is optimized with the Yoast SEO plugin v27.3 - https:\/\/yoast.com\/product\/yoast-seo-wordpress\/ -->\n<title>March\u00e9 immobilier - Gemeinde Lengnau<\/title>\n<meta name=\"robots\" content=\"index, follow, max-snippet:-1, max-image-preview:large, max-video-preview:-1\" \/>\n<link rel=\"canonical\" href=\"https:\/\/www.lengnau.ch\/fr\/themes\/umzug\/immobilienmarkt\/\" \/>\n<meta property=\"og:locale\" content=\"fr_FR\" \/>\n<meta property=\"og:type\" content=\"article\" \/>\n<meta property=\"og:title\" content=\"March\u00e9 immobilier - Gemeinde Lengnau\" \/>\n<meta property=\"og:description\" content=\"La commune de Lengnau BE est une commune r\u00e9sidentielle attrayante et favorable aux familles, et tr\u00e8s appr\u00e9ci\u00e9e comme lieu de travail. Nous offrons diverses possibilit\u00e9s d&rsquo;achat, des installations en libre-service spacieuses et am\u00e9nag\u00e9es de deux banques, un bureau de poste au centre du village, des soins de sant\u00e9 complets, de bonnes liaisons de transport (train, [&hellip;]\" \/>\n<meta property=\"og:url\" content=\"https:\/\/www.lengnau.ch\/fr\/themes\/umzug\/immobilienmarkt\/\" \/>\n<meta property=\"og:site_name\" content=\"Gemeinde Lengnau\" \/>\n<meta property=\"article:modified_time\" content=\"2026-03-13T10:18:47+00:00\" \/>\n<meta name=\"twitter:card\" content=\"summary_large_image\" \/>\n<script type=\"application\/ld+json\" class=\"yoast-schema-graph\">{\"@context\":\"https:\\\/\\\/schema.org\",\"@graph\":[{\"@type\":\"WebPage\",\"@id\":\"https:\\\/\\\/www.lengnau.ch\\\/fr\\\/themes\\\/umzug\\\/immobilienmarkt\\\/\",\"url\":\"https:\\\/\\\/www.lengnau.ch\\\/fr\\\/themes\\\/umzug\\\/immobilienmarkt\\\/\",\"name\":\"March\u00e9 immobilier - Gemeinde Lengnau\",\"isPartOf\":{\"@id\":\"https:\\\/\\\/www.lengnau.ch\\\/#website\"},\"datePublished\":\"2022-02-16T14:27:21+00:00\",\"dateModified\":\"2026-03-13T10:18:47+00:00\",\"breadcrumb\":{\"@id\":\"https:\\\/\\\/www.lengnau.ch\\\/fr\\\/themes\\\/umzug\\\/immobilienmarkt\\\/#breadcrumb\"},\"inLanguage\":\"fr-FR\",\"potentialAction\":[{\"@type\":\"ReadAction\",\"target\":[\"https:\\\/\\\/www.lengnau.ch\\\/fr\\\/themes\\\/umzug\\\/immobilienmarkt\\\/\"]}]},{\"@type\":\"BreadcrumbList\",\"@id\":\"https:\\\/\\\/www.lengnau.ch\\\/fr\\\/themes\\\/umzug\\\/immobilienmarkt\\\/#breadcrumb\",\"itemListElement\":[{\"@type\":\"ListItem\",\"position\":1,\"name\":\"Home\",\"item\":\"https:\\\/\\\/www.lengnau.ch\\\/fr\\\/\"},{\"@type\":\"ListItem\",\"position\":2,\"name\":\"Th\u00e8mes\",\"item\":\"https:\\\/\\\/www.lengnau.ch\\\/fr\\\/themes\\\/\"},{\"@type\":\"ListItem\",\"position\":3,\"name\":\"D\u00e9m\u00e9nagement\",\"item\":\"https:\\\/\\\/www.lengnau.ch\\\/fr\\\/themes\\\/umzug\\\/\"},{\"@type\":\"ListItem\",\"position\":4,\"name\":\"March\u00e9 immobilier\"}]},{\"@type\":\"WebSite\",\"@id\":\"https:\\\/\\\/www.lengnau.ch\\\/#website\",\"url\":\"https:\\\/\\\/www.lengnau.ch\\\/\",\"name\":\"Gemeinde Lengnau\",\"description\":\"\",\"potentialAction\":[{\"@type\":\"SearchAction\",\"target\":{\"@type\":\"EntryPoint\",\"urlTemplate\":\"https:\\\/\\\/www.lengnau.ch\\\/?s={search_term_string}\"},\"query-input\":{\"@type\":\"PropertyValueSpecification\",\"valueRequired\":true,\"valueName\":\"search_term_string\"}}],\"inLanguage\":\"fr-FR\"}]}<\/script>\n<!-- \/ Yoast SEO plugin. -->","yoast_head_json":{"title":"March\u00e9 immobilier - Gemeinde Lengnau","robots":{"index":"index","follow":"follow","max-snippet":"max-snippet:-1","max-image-preview":"max-image-preview:large","max-video-preview":"max-video-preview:-1"},"canonical":"https:\/\/www.lengnau.ch\/fr\/themes\/umzug\/immobilienmarkt\/","og_locale":"fr_FR","og_type":"article","og_title":"March\u00e9 immobilier - Gemeinde Lengnau","og_description":"La commune de Lengnau BE est une commune r\u00e9sidentielle attrayante et favorable aux familles, et tr\u00e8s appr\u00e9ci\u00e9e comme lieu de travail. Nous offrons diverses possibilit\u00e9s d&rsquo;achat, des installations en libre-service spacieuses et am\u00e9nag\u00e9es de deux banques, un bureau de poste au centre du village, des soins de sant\u00e9 complets, de bonnes liaisons de transport (train, [&hellip;]","og_url":"https:\/\/www.lengnau.ch\/fr\/themes\/umzug\/immobilienmarkt\/","og_site_name":"Gemeinde Lengnau","article_modified_time":"2026-03-13T10:18:47+00:00","twitter_card":"summary_large_image","schema":{"@context":"https:\/\/schema.org","@graph":[{"@type":"WebPage","@id":"https:\/\/www.lengnau.ch\/fr\/themes\/umzug\/immobilienmarkt\/","url":"https:\/\/www.lengnau.ch\/fr\/themes\/umzug\/immobilienmarkt\/","name":"March\u00e9 immobilier - Gemeinde Lengnau","isPartOf":{"@id":"https:\/\/www.lengnau.ch\/#website"},"datePublished":"2022-02-16T14:27:21+00:00","dateModified":"2026-03-13T10:18:47+00:00","breadcrumb":{"@id":"https:\/\/www.lengnau.ch\/fr\/themes\/umzug\/immobilienmarkt\/#breadcrumb"},"inLanguage":"fr-FR","potentialAction":[{"@type":"ReadAction","target":["https:\/\/www.lengnau.ch\/fr\/themes\/umzug\/immobilienmarkt\/"]}]},{"@type":"BreadcrumbList","@id":"https:\/\/www.lengnau.ch\/fr\/themes\/umzug\/immobilienmarkt\/#breadcrumb","itemListElement":[{"@type":"ListItem","position":1,"name":"Home","item":"https:\/\/www.lengnau.ch\/fr\/"},{"@type":"ListItem","position":2,"name":"Th\u00e8mes","item":"https:\/\/www.lengnau.ch\/fr\/themes\/"},{"@type":"ListItem","position":3,"name":"D\u00e9m\u00e9nagement","item":"https:\/\/www.lengnau.ch\/fr\/themes\/umzug\/"},{"@type":"ListItem","position":4,"name":"March\u00e9 immobilier"}]},{"@type":"WebSite","@id":"https:\/\/www.lengnau.ch\/#website","url":"https:\/\/www.lengnau.ch\/","name":"Gemeinde Lengnau","description":"","potentialAction":[{"@type":"SearchAction","target":{"@type":"EntryPoint","urlTemplate":"https:\/\/www.lengnau.ch\/?s={search_term_string}"},"query-input":{"@type":"PropertyValueSpecification","valueRequired":true,"valueName":"search_term_string"}}],"inLanguage":"fr-FR"}]}},"publishpress_future_action":{"enabled":false,"date":"2026-04-23 00:53:11","action":"change-status","newStatus":"draft","terms":[],"taxonomy":"translation_priority","extraData":[]},"publishpress_future_workflow_manual_trigger":{"enabledWorkflows":[]},"_links":{"self":[{"href":"https:\/\/www.lengnau.ch\/fr\/wp-json\/wp\/v2\/pages\/3100","targetHints":{"allow":["GET"]}}],"collection":[{"href":"https:\/\/www.lengnau.ch\/fr\/wp-json\/wp\/v2\/pages"}],"about":[{"href":"https:\/\/www.lengnau.ch\/fr\/wp-json\/wp\/v2\/types\/page"}],"author":[{"embeddable":true,"href":"https:\/\/www.lengnau.ch\/fr\/wp-json\/wp\/v2\/users\/1"}],"replies":[{"embeddable":true,"href":"https:\/\/www.lengnau.ch\/fr\/wp-json\/wp\/v2\/comments?post=3100"}],"version-history":[{"count":10,"href":"https:\/\/www.lengnau.ch\/fr\/wp-json\/wp\/v2\/pages\/3100\/revisions"}],"predecessor-version":[{"id":19230,"href":"https:\/\/www.lengnau.ch\/fr\/wp-json\/wp\/v2\/pages\/3100\/revisions\/19230"}],"up":[{"embeddable":true,"href":"https:\/\/www.lengnau.ch\/fr\/wp-json\/wp\/v2\/pages\/3101"}],"wp:attachment":[{"href":"https:\/\/www.lengnau.ch\/fr\/wp-json\/wp\/v2\/media?parent=3100"}],"curies":[{"name":"wp","href":"https:\/\/api.w.org\/{rel}","templated":true}]}}