{"id":3097,"date":"2022-02-16T15:27:07","date_gmt":"2022-02-16T14:27:07","guid":{"rendered":"https:\/\/lengnau.rettenmund.com\/niederlassungsausweis\/"},"modified":"2025-09-17T11:26:52","modified_gmt":"2025-09-17T09:26:52","slug":"niederlassungsausweis","status":"publish","type":"page","link":"https:\/\/www.lengnau.ch\/fr\/themes\/umzug\/niederlassungsausweis\/","title":{"rendered":"Carte d&rsquo;\u00e9tablissement"},"content":{"rendered":"<p>Au 1er f\u00e9vrier 2024, la loi cantonale sur l&rsquo;\u00e9tablissement et le s\u00e9jour des Suisses ainsi que son ordonnance ont \u00e9t\u00e9 adapt\u00e9es. Avec la modification de la loi, l&rsquo;acte d&rsquo;origine dispara\u00eet dans le canton de Berne. Lors de l&rsquo;inscription de citoyens suisses, les donn\u00e9es sont obtenues du bureau d&rsquo;\u00e9tat civil exclusivement via l&rsquo;interface num\u00e9rique. Les certificats d&rsquo;\u00e9tablissement, qui \u00e9taient jusqu&rsquo;\u00e0 pr\u00e9sent d\u00e9livr\u00e9s comme quittance pour l&rsquo;acte d&rsquo;origine d\u00e9pos\u00e9, sont \u00e9galement supprim\u00e9s.<\/p>\n<p>Si vous avez besoin d&rsquo;une confirmation que vous \u00eates enregistr\u00e9 \u00e0 Lengnau BE, vous pouvez commander une <a href=\"https:\/\/www.lengnau.ch\/fr\/guichet-en-ligne\/formulare\/online-bestellung-wohnsitzbestaetigung\/\" target=\"_blank\" rel=\"noopener\">confirmation de domicile<\/a>.<\/p>\n","protected":false},"excerpt":{"rendered":"<p>Au 1er f\u00e9vrier 2024, la loi cantonale sur l&rsquo;\u00e9tablissement et le s\u00e9jour des Suisses ainsi que son ordonnance ont \u00e9t\u00e9 adapt\u00e9es. Avec la modification de la loi, l&rsquo;acte d&rsquo;origine dispara\u00eet dans le canton de Berne. Lors de l&rsquo;inscription de citoyens suisses, les donn\u00e9es sont obtenues du bureau d&rsquo;\u00e9tat civil exclusivement via l&rsquo;interface num\u00e9rique. Les certificats [&hellip;]<\/p>\n","protected":false},"author":1,"featured_media":0,"parent":3101,"menu_order":11,"comment_status":"closed","ping_status":"closed","template":"","meta":{"_acf_changed":false,"_relevanssi_hide_post":"","_relevanssi_hide_content":"","_relevanssi_pin_for_all":"","_relevanssi_pin_keywords":"","_relevanssi_unpin_keywords":"","_relevanssi_related_keywords":"","_relevanssi_related_include_ids":"","_relevanssi_related_exclude_ids":"","_relevanssi_related_no_append":"","_relevanssi_related_not_related":"","_relevanssi_related_posts":"","_relevanssi_noindex_reason":"","footnotes":""},"class_list":["post-3097","page","type-page","status-publish","hentry"],"acf":[],"yoast_head":"<!-- This site is optimized with the Yoast SEO plugin v27.3 - https:\/\/yoast.com\/product\/yoast-seo-wordpress\/ -->\n<title>Carte d&#039;\u00e9tablissement - Gemeinde Lengnau<\/title>\n<meta name=\"robots\" content=\"index, follow, max-snippet:-1, max-image-preview:large, max-video-preview:-1\" \/>\n<link rel=\"canonical\" href=\"https:\/\/www.lengnau.ch\/fr\/themes\/umzug\/niederlassungsausweis\/\" \/>\n<meta property=\"og:locale\" content=\"fr_FR\" \/>\n<meta property=\"og:type\" content=\"article\" \/>\n<meta property=\"og:title\" content=\"Carte d&#039;\u00e9tablissement - Gemeinde Lengnau\" \/>\n<meta property=\"og:description\" content=\"Au 1er f\u00e9vrier 2024, la loi cantonale sur l&rsquo;\u00e9tablissement et le s\u00e9jour des Suisses ainsi que son ordonnance ont \u00e9t\u00e9 adapt\u00e9es. Avec la modification de la loi, l&rsquo;acte d&rsquo;origine dispara\u00eet dans le canton de Berne. Lors de l&rsquo;inscription de citoyens suisses, les donn\u00e9es sont obtenues du bureau d&rsquo;\u00e9tat civil exclusivement via l&rsquo;interface num\u00e9rique. Les certificats [&hellip;]\" \/>\n<meta property=\"og:url\" content=\"https:\/\/www.lengnau.ch\/fr\/themes\/umzug\/niederlassungsausweis\/\" \/>\n<meta property=\"og:site_name\" content=\"Gemeinde Lengnau\" \/>\n<meta property=\"article:modified_time\" content=\"2025-09-17T09:26:52+00:00\" \/>\n<meta name=\"twitter:card\" content=\"summary_large_image\" \/>\n<script type=\"application\/ld+json\" class=\"yoast-schema-graph\">{\"@context\":\"https:\\\/\\\/schema.org\",\"@graph\":[{\"@type\":\"WebPage\",\"@id\":\"https:\\\/\\\/www.lengnau.ch\\\/fr\\\/themes\\\/umzug\\\/niederlassungsausweis\\\/\",\"url\":\"https:\\\/\\\/www.lengnau.ch\\\/fr\\\/themes\\\/umzug\\\/niederlassungsausweis\\\/\",\"name\":\"Carte d'\u00e9tablissement - Gemeinde Lengnau\",\"isPartOf\":{\"@id\":\"https:\\\/\\\/www.lengnau.ch\\\/#website\"},\"datePublished\":\"2022-02-16T14:27:07+00:00\",\"dateModified\":\"2025-09-17T09:26:52+00:00\",\"breadcrumb\":{\"@id\":\"https:\\\/\\\/www.lengnau.ch\\\/fr\\\/themes\\\/umzug\\\/niederlassungsausweis\\\/#breadcrumb\"},\"inLanguage\":\"fr-FR\",\"potentialAction\":[{\"@type\":\"ReadAction\",\"target\":[\"https:\\\/\\\/www.lengnau.ch\\\/fr\\\/themes\\\/umzug\\\/niederlassungsausweis\\\/\"]}]},{\"@type\":\"BreadcrumbList\",\"@id\":\"https:\\\/\\\/www.lengnau.ch\\\/fr\\\/themes\\\/umzug\\\/niederlassungsausweis\\\/#breadcrumb\",\"itemListElement\":[{\"@type\":\"ListItem\",\"position\":1,\"name\":\"Home\",\"item\":\"https:\\\/\\\/www.lengnau.ch\\\/fr\\\/\"},{\"@type\":\"ListItem\",\"position\":2,\"name\":\"Th\u00e8mes\",\"item\":\"https:\\\/\\\/www.lengnau.ch\\\/fr\\\/themes\\\/\"},{\"@type\":\"ListItem\",\"position\":3,\"name\":\"D\u00e9m\u00e9nagement\",\"item\":\"https:\\\/\\\/www.lengnau.ch\\\/fr\\\/themes\\\/umzug\\\/\"},{\"@type\":\"ListItem\",\"position\":4,\"name\":\"Carte d&#8217;\u00e9tablissement\"}]},{\"@type\":\"WebSite\",\"@id\":\"https:\\\/\\\/www.lengnau.ch\\\/#website\",\"url\":\"https:\\\/\\\/www.lengnau.ch\\\/\",\"name\":\"Gemeinde Lengnau\",\"description\":\"\",\"potentialAction\":[{\"@type\":\"SearchAction\",\"target\":{\"@type\":\"EntryPoint\",\"urlTemplate\":\"https:\\\/\\\/www.lengnau.ch\\\/?s={search_term_string}\"},\"query-input\":{\"@type\":\"PropertyValueSpecification\",\"valueRequired\":true,\"valueName\":\"search_term_string\"}}],\"inLanguage\":\"fr-FR\"}]}<\/script>\n<!-- \/ Yoast SEO plugin. -->","yoast_head_json":{"title":"Carte d'\u00e9tablissement - Gemeinde Lengnau","robots":{"index":"index","follow":"follow","max-snippet":"max-snippet:-1","max-image-preview":"max-image-preview:large","max-video-preview":"max-video-preview:-1"},"canonical":"https:\/\/www.lengnau.ch\/fr\/themes\/umzug\/niederlassungsausweis\/","og_locale":"fr_FR","og_type":"article","og_title":"Carte d'\u00e9tablissement - Gemeinde Lengnau","og_description":"Au 1er f\u00e9vrier 2024, la loi cantonale sur l&rsquo;\u00e9tablissement et le s\u00e9jour des Suisses ainsi que son ordonnance ont \u00e9t\u00e9 adapt\u00e9es. Avec la modification de la loi, l&rsquo;acte d&rsquo;origine dispara\u00eet dans le canton de Berne. Lors de l&rsquo;inscription de citoyens suisses, les donn\u00e9es sont obtenues du bureau d&rsquo;\u00e9tat civil exclusivement via l&rsquo;interface num\u00e9rique. Les certificats [&hellip;]","og_url":"https:\/\/www.lengnau.ch\/fr\/themes\/umzug\/niederlassungsausweis\/","og_site_name":"Gemeinde Lengnau","article_modified_time":"2025-09-17T09:26:52+00:00","twitter_card":"summary_large_image","schema":{"@context":"https:\/\/schema.org","@graph":[{"@type":"WebPage","@id":"https:\/\/www.lengnau.ch\/fr\/themes\/umzug\/niederlassungsausweis\/","url":"https:\/\/www.lengnau.ch\/fr\/themes\/umzug\/niederlassungsausweis\/","name":"Carte d'\u00e9tablissement - Gemeinde Lengnau","isPartOf":{"@id":"https:\/\/www.lengnau.ch\/#website"},"datePublished":"2022-02-16T14:27:07+00:00","dateModified":"2025-09-17T09:26:52+00:00","breadcrumb":{"@id":"https:\/\/www.lengnau.ch\/fr\/themes\/umzug\/niederlassungsausweis\/#breadcrumb"},"inLanguage":"fr-FR","potentialAction":[{"@type":"ReadAction","target":["https:\/\/www.lengnau.ch\/fr\/themes\/umzug\/niederlassungsausweis\/"]}]},{"@type":"BreadcrumbList","@id":"https:\/\/www.lengnau.ch\/fr\/themes\/umzug\/niederlassungsausweis\/#breadcrumb","itemListElement":[{"@type":"ListItem","position":1,"name":"Home","item":"https:\/\/www.lengnau.ch\/fr\/"},{"@type":"ListItem","position":2,"name":"Th\u00e8mes","item":"https:\/\/www.lengnau.ch\/fr\/themes\/"},{"@type":"ListItem","position":3,"name":"D\u00e9m\u00e9nagement","item":"https:\/\/www.lengnau.ch\/fr\/themes\/umzug\/"},{"@type":"ListItem","position":4,"name":"Carte d&#8217;\u00e9tablissement"}]},{"@type":"WebSite","@id":"https:\/\/www.lengnau.ch\/#website","url":"https:\/\/www.lengnau.ch\/","name":"Gemeinde Lengnau","description":"","potentialAction":[{"@type":"SearchAction","target":{"@type":"EntryPoint","urlTemplate":"https:\/\/www.lengnau.ch\/?s={search_term_string}"},"query-input":{"@type":"PropertyValueSpecification","valueRequired":true,"valueName":"search_term_string"}}],"inLanguage":"fr-FR"}]}},"publishpress_future_action":{"enabled":false,"date":"2026-04-20 14:49:23","action":"change-status","newStatus":"draft","terms":[],"taxonomy":"translation_priority","extraData":[]},"publishpress_future_workflow_manual_trigger":{"enabledWorkflows":[]},"_links":{"self":[{"href":"https:\/\/www.lengnau.ch\/fr\/wp-json\/wp\/v2\/pages\/3097","targetHints":{"allow":["GET"]}}],"collection":[{"href":"https:\/\/www.lengnau.ch\/fr\/wp-json\/wp\/v2\/pages"}],"about":[{"href":"https:\/\/www.lengnau.ch\/fr\/wp-json\/wp\/v2\/types\/page"}],"author":[{"embeddable":true,"href":"https:\/\/www.lengnau.ch\/fr\/wp-json\/wp\/v2\/users\/1"}],"replies":[{"embeddable":true,"href":"https:\/\/www.lengnau.ch\/fr\/wp-json\/wp\/v2\/comments?post=3097"}],"version-history":[{"count":10,"href":"https:\/\/www.lengnau.ch\/fr\/wp-json\/wp\/v2\/pages\/3097\/revisions"}],"predecessor-version":[{"id":17799,"href":"https:\/\/www.lengnau.ch\/fr\/wp-json\/wp\/v2\/pages\/3097\/revisions\/17799"}],"up":[{"embeddable":true,"href":"https:\/\/www.lengnau.ch\/fr\/wp-json\/wp\/v2\/pages\/3101"}],"wp:attachment":[{"href":"https:\/\/www.lengnau.ch\/fr\/wp-json\/wp\/v2\/media?parent=3097"}],"curies":[{"name":"wp","href":"https:\/\/api.w.org\/{rel}","templated":true}]}}