{"id":3094,"date":"2022-02-16T15:23:51","date_gmt":"2022-02-16T14:23:51","guid":{"rendered":"https:\/\/lengnau.rettenmund.com\/themen\/persoenliches\/ausweise-und-dokumente\/"},"modified":"2026-03-05T08:32:48","modified_gmt":"2026-03-05T07:32:48","slug":"ausweise-und-dokumente","status":"publish","type":"page","link":"https:\/\/www.lengnau.ch\/fr\/themes\/persoenliches\/ausweise-und-dokumente\/","title":{"rendered":"Pi\u00e8ces d&rsquo;identit\u00e9 et documents"},"content":{"rendered":"<h2>Carte d&rsquo;identit\u00e9 et passeport suisse<\/h2>\n<p>Les centres cantonaux de documents d&rsquo;identit\u00e9 (Berne, Bienne, Courtelary, Interlaken, Langnau, Langenthal et Thoune) sont comp\u00e9tents pour l&rsquo;\u00e9tablissement des cartes d&rsquo;identit\u00e9 et des passeports.<\/p>\n<p><strong>Se pr\u00e9senter au centre d&rsquo;identification uniquement sur rendez-vous !<\/strong><\/p>\n<p><strong>R\u00e9servation de rendez-vous<\/strong><br \/>\n<a href=\"https:\/\/www.fedpol.admin.ch\/de\/pass-und-identitaetskarte\" target=\"_blank\" rel=\"noopener\">www.schweizerpass.ch<\/a><br \/>\nou par t\u00e9l\u00e9phone au 031 635 40 00<\/p>\n<p><strong>Heures d&rsquo;ouverture du centre d&rsquo;appel<\/strong><br \/>\ndu lundi au vendredi<br \/>\n08.00 &#8211; 12.00 heures \/ 13.00 &#8211; 16.00 heures<\/p>\n<p><strong>Plus d&rsquo;informations<\/strong><br \/>\n<a href=\"https:\/\/www.fedpol.admin.ch\/de\/pass-und-identitaetskarte\" target=\"_blank\" rel=\"noopener\">www.schweizerpass.ch<\/a><br \/>\n<a href=\"https:\/\/www.pass-id.sid.be.ch\/de\/start.html\" target=\"_blank\" rel=\"noopener\">www.be.ch\/pass<\/a><br \/>\n<a href=\"https:\/\/www.lengnau.ch\/wp-content\/uploads\/2022\/08\/Flyer_Antragsverfahren_Pass_ID_d.pdf\" target=\"_blank\" rel=\"noopener\">D\u00e9pliant passeport et carte d&rsquo;identit\u00e9<\/a><br \/>\n<a href=\"https:\/\/www.lengnau.ch\/wp-content\/uploads\/2022\/08\/Merkblatt_Pass_ID.pdf\" target=\"_blank\" rel=\"noopener\">Fiche d&rsquo;information \u00ab\u00a0Questions fr\u00e9quentes sur le passeport et la carte d&rsquo;identit\u00e9<\/a><\/p>\n<h2>Titre de s\u00e9jour \/ visa<\/h2>\n<p>Le service des migrations du canton de Berne est comp\u00e9tent pour fournir des informations et des services aux ressortissants \u00e9trangers en mati\u00e8re d&rsquo;entr\u00e9e, de s\u00e9jour et de travail.<\/p>\n<p>Entre autres, le service de migration du canton de Berne est responsable des sujets suivants :<\/p>\n<ul>\n<li>Examen des demandes d&rsquo;entr\u00e9e<\/li>\n<li>Permis de s\u00e9jour et d&rsquo;\u00e9tablissement<\/li>\n<li>Regroupement familial<\/li>\n<li>Expulsion des \u00e9trangers d\u00e9linquants et organisation de leur d\u00e9part<\/li>\n<\/ul>\n<p class=\"css-1l3jh4x e24e71b7\" data-testid=\"organisation\">Office des services \u00e0 la population du canton de Berne<br \/>\nService de migration<br \/>\nCentre de service \u00e0 la client\u00e8le<br \/>\nOstermundigenstrasse 99B<br \/>\n3006 Berne<\/p>\n<p class=\"css-a7vinc e24e71b6\" data-testid=\"post\">T\u00e9l\u00e9phone 031 633 53 15<br \/>\n<a href=\"mailto:mi*******@**.ch\" data-original-string=\"2BmtNVMT\/yBjfwd\/0O6vig==a0eqBB3QvZSHhNeXrpBL7a6dw==\" title=\"This contact has been encoded by Anti-Spam by CleanTalk. Click to decode. To finish the decoding make sure that JavaScript is enabled in your browser.\">Courrier \u00e9lectronique<\/a><br \/>\n<a href=\"https:\/\/www.migration.sid.be.ch\/de\/start.html\" target=\"_blank\" rel=\"noopener\">Site web<\/a><\/p>\n<p><b>Heures d&rsquo;ouverture T\u00e9l\u00e9phone<br \/>\n<\/b>Lundi, mercredi et vendredi<br \/>\n09.00 &#8211; 12.00 Uhr<br \/>\nMardi et jeudi<br \/>\n13 h 00 &#8211; 16 h 00<\/p>\n<p><b>Heures d&rsquo;ouverture<\/b>du <b>guichet<br \/>\n<\/b>du lundi au vendredi<br \/>\n09h00 &#8211; 12h00 \/ 13h00 &#8211; 16h00<\/p>\n<h2>Extrait du registre des poursuites<\/h2>\n<p>Comp\u00e9tent pour les personnes domicili\u00e9es dans la commune municipale de Lengnau BE :<\/p>\n<p>Office des poursuites du Seeland<br \/>\nService Biel\/Bienne<br \/>\nRue du Contr\u00f4le 20<br \/>\n2501 Biel\/Bienne<\/p>\n<p>T\u00e9l\u00e9phone 031 635 95 00<br \/>\n<a href=\"mailto:ba*****@**.ch\" data-original-string=\"sMphdHT1orJBMfshAaWm+Q==a0e31OUWxmw+I9aTni1ZPFj4A==\" title=\"This contact has been encoded by Anti-Spam by CleanTalk. Click to decode. To finish the decoding make sure that JavaScript is enabled in your browser.\">Courrier \u00e9lectronique<\/a><br \/>\n<a href=\"https:\/\/www.baka.dij.be.ch\/de\/start\/ueber-uns\/Standort\/BA_Biel.html\">Site web<\/a><\/p>\n<p><a href=\"https:\/\/www.baka.dij.be.ch\/de\/start\/Auszug-bestellen.html\" target=\"_blank\" rel=\"noopener\">Commande d&rsquo;un extrait du registre des poursuites<\/a><\/p>\n<h2>Extrait de casier judiciaire<\/h2>\n<p>Les particuliers peuvent commander et payer leur extrait de casier judiciaire en ligne sur <a href=\"https:\/\/www.e-service.admin.ch\/crex\/cms\/content\/strafregister\/strafregister_de\" target=\"_blank\" rel=\"noopener\">www.strafregister.admin.ch<\/a> ou au <a href=\"https:\/\/www.lengnau.ch\/wp-content\/uploads\/2022\/08\/Flyer-Strafregisterauszug.pdf\" target=\"_blank\" rel=\"noopener\">guichet de la poste<\/a>. Les frais s&rsquo;\u00e9l\u00e8vent \u00e0 CHF 20.00 par extrait.<\/p>\n<p>Les donn\u00e9es sont saisies \u00e9lectroniquement au guichet de la poste et transmises au <a href=\"https:\/\/www.lengnau.ch\/wp-content\/uploads\/2022\/08\/Wissenswertes-zum-Schweizerischen-Strafregister.pdf\" target=\"_blank\" rel=\"noopener\">Casier judiciaire suisse<\/a>. Vous recevrez l&rsquo;extrait par la poste dans un d\u00e9lai de quelques jours ouvrables.<\/p>\n<p>Les commandes sont accept\u00e9es dans les quelque 2000 offices de poste en r\u00e9seau dans toute la Suisse pendant les heures de bureau.<\/p>\n<h2>Permis d&rsquo;\u00e9l\u00e8ve conducteur<\/h2>\n<p>La demande de <a href=\"https:\/\/www.svsa.sid.be.ch\/de\/start\/lernfahrer.html\" target=\"_blank\" rel=\"noopener\">permis d&rsquo;\u00e9l\u00e8ve<\/a> peut \u00eatre remplie en ligne sur <a href=\"https:\/\/www.svsa.sid.be.ch\/de\/start\/lernfahrer\/lernfahrausweis.html\" target=\"_blank\" rel=\"noopener\">www.be.ch\/svsa<\/a>. La demande d\u00fbment remplie doit \u00eatre remise au <a href=\"https:\/\/www.lengnau.ch\/fr\/verwaltung-politik-2\/gemeindeverwaltung\/praesidialabteilung\/\">service de la pr\u00e9sidence<\/a> de la commune pour contr\u00f4le des donn\u00e9es personnelles. Il est ensuite transmis directement \u00e0 l&rsquo;<a href=\"https:\/\/www.svsa.sid.be.ch\/de\/start.html\" target=\"_blank\" rel=\"noopener\">Office de la circulation routi\u00e8re et de la navigation du canton de Berne<\/a>.<\/p>\n<p>Les frais pour l&rsquo;activit\u00e9 de contr\u00f4le de la commune s&rsquo;\u00e9l\u00e8vent \u00e0 5 CHF.<\/p>\n<h2>Carte d&rsquo;\u00e9tablissement<\/h2>\n<div class=\"lead\">\n<p>Dans le canton de Berne, les certificats d&rsquo;\u00e9tablissement et les actes d&rsquo;origine ne sont plus d\u00e9livr\u00e9s.<\/p>\n<\/div>\n<p>Au 1er f\u00e9vrier 2024, la loi cantonale sur l&rsquo;\u00e9tablissement et le s\u00e9jour des Suisses ainsi que son ordonnance ont \u00e9t\u00e9 adapt\u00e9es. Avec la modification de la loi, l&rsquo;acte d&rsquo;origine dispara\u00eet dans le canton de Berne. Lors de l&rsquo;inscription de citoyens suisses, les donn\u00e9es sont obtenues du bureau d&rsquo;\u00e9tat civil exclusivement via l&rsquo;interface num\u00e9rique. Les certificats d&rsquo;\u00e9tablissement, qui \u00e9taient jusqu&rsquo;\u00e0 pr\u00e9sent d\u00e9livr\u00e9s comme quittance pour l&rsquo;acte d&rsquo;origine d\u00e9pos\u00e9, sont \u00e9galement supprim\u00e9s.<\/p>\n<p>Si vous avez besoin d&rsquo;une confirmation que vous \u00eates enregistr\u00e9 \u00e0 Lengnau BE, vous pouvez commander une <a href=\"https:\/\/www.lengnau.ch\/fr\/guichet-en-ligne\/formulare\/online-bestellung-wohnsitzbestaetigung\/\" target=\"_blank\" rel=\"noopener\">confirmation de domicile<\/a>.<\/p>\n<h2>Attestation d&rsquo;origine<\/h2>\n<p>Si vous souhaitez conserver votre domicile civil \u00e0 Lengnau BE et s\u00e9journer pour une dur\u00e9e limit\u00e9e dans une autre commune suisse, la commune municipale de Lengnau BE vous d\u00e9livrera un certificat d&rsquo;origine.<\/p>\n<p>Les \u00e9trangers doivent obtenir l&rsquo;accord des autorit\u00e9s.<\/p>\n<p>Les frais s&rsquo;\u00e9l\u00e8vent \u00e0<\/p>\n<p>l&rsquo;attestation d&rsquo;origine CHF 20.00<br \/>\nla prolongation CHF 10.00<\/p>\n<p><a href=\"https:\/\/www.lengnau.ch\/fr\/guichet-en-ligne\/formulare\/online-bestellung-heimatausweis-erstausstellung\/\">Vers la commande en ligne (premi\u00e8re d\u00e9livrance)<\/a><br \/>\n<a href=\"https:\/\/www.lengnau.ch\/fr\/guichet-en-ligne\/formulare\/online-bestellung-heimatausweis-verlaengerung\/\">Vers la commande en ligne (prolongation)<\/a><\/p>\n<h2>Attestation de domicile<\/h2>\n<p>Avec l&rsquo;attestation de domicile, la commune municipale de Longeau BE d\u00e9clare depuis quand vous \u00eates domicili\u00e9(e) chez nous ou pendant quelle dur\u00e9e vous avez \u00e9t\u00e9 enregistr\u00e9(e) chez nous.<\/p>\n<p>S&rsquo;il ne vous est pas possible de vous rendre en personne au <a href=\"https:\/\/www.lengnau.ch\/fr\/verwaltung-politik-2\/gemeindeverwaltung\/praesidialabteilung\/\">service de la pr\u00e9sidence<\/a> pour obtenir une attestation de domicile, vous pouvez la commander en ligne ou par t\u00e9l\u00e9phone.<\/p>\n<p>Les frais pour l&rsquo;attestation de domicile s&rsquo;\u00e9l\u00e8vent \u00e0 20 CHF.<\/p>\n<p><a href=\"https:\/\/www.lengnau.ch\/fr\/guichet-en-ligne\/formulare\/online-bestellung-wohnsitzbestaetigung\/\">Vers la commande en ligne<\/a><\/p>\n<h2>Certificat de vie<\/h2>\n<p>Les certificats de vie sont principalement demand\u00e9s par les assurances, les caisses de pension ou l&rsquo;AVS.<\/p>\n<p>Pour obtenir le certificat de vie, il est indispensable de se pr\u00e9senter personnellement au <a href=\"https:\/\/www.lengnau.ch\/fr\/verwaltung-politik-2\/gemeindeverwaltung\/praesidialabteilung\/\">bureau de la pr\u00e9sidence<\/a>. Si, pour des raisons de sant\u00e9, il n&rsquo;est pas possible de se pr\u00e9senter en personne, veuillez prendre contact avec nous.<\/p>\n<p>Les frais pour cette attestation s&rsquo;\u00e9l\u00e8vent \u00e0 20 CHF.<\/p>\n<h2>Certificat d&rsquo;aptitude \u00e0 l&rsquo;exercice des droits civils<\/h2>\n<p>Les autorit\u00e9s de protection de l&rsquo;enfant et de l&rsquo;adulte (APEA) sont comp\u00e9tentes pour d\u00e9livrer des attestations de capacit\u00e9 civile.<\/p>\n<ul>\n<li>La demande se fait aupr\u00e8s de l&rsquo;APEA comp\u00e9tente localement directement au guichet, par courrier ou via l&rsquo;adresse e-mail d&rsquo;information<\/li>\n<li>Le demandeur doit pr\u00e9senter une pi\u00e8ce d&rsquo;identit\u00e9 au guichet ou joindre \u00e0 sa demande \u00e9crite une copie d&rsquo;un document d&rsquo;identit\u00e9 valable.<\/li>\n<\/ul>\n<p>Les frais pour l&rsquo;attestation de capacit\u00e9 civile s&rsquo;\u00e9l\u00e8vent \u00e0 20 CHF. Le montant est de pr\u00e9f\u00e9rence encaiss\u00e9 en esp\u00e8ces au guichet de la KESB. En cas d&rsquo;envoi de l&rsquo;attestation de capacit\u00e9 civile avec facturation, les frais s&rsquo;\u00e9l\u00e8vent \u00e0 30 CHF.<\/p>\n<p>L&rsquo;APEA suivante est comp\u00e9tente pour les personnes domicili\u00e9es dans la commune municipale de Lengnau BE :<\/p>\n<p>Autorit\u00e9 de protection de l&rsquo;enfant et de l&rsquo;adulte Biel\/Bienne<br \/>\nRue centrale 63<br \/>\nBo\u00eete postale 704<br \/>\n2501 Biel\/Bienne<\/p>\n<p>T\u00e9l\u00e9phone 031 635 21 50<br \/>\n<a href=\"mailto:in**********@**.ch\" data-original-string=\"XhOGl7W8aoA5kdCzdFpRRw==a0eaH+amVaB5ze666MSMZZhRyFIlEyiAuStVqyaJIt2D0k=\" title=\"This contact has been encoded by Anti-Spam by CleanTalk. Click to decode. To finish the decoding make sure that JavaScript is enabled in your browser.\">Courrier \u00e9lectronique<\/a><br \/>\n<a href=\"https:\/\/www.kesb.dij.be.ch\/de\/start\/ueber-uns\/ueber-die-kesb\/kesb-biel-bienne.html\" target=\"_blank\" rel=\"noopener\">Site web<\/a><\/p>\n","protected":false},"excerpt":{"rendered":"<p>Carte d&rsquo;identit\u00e9 et passeport suisse Les centres cantonaux de documents d&rsquo;identit\u00e9 (Berne, Bienne, Courtelary, Interlaken, Langnau, Langenthal et Thoune) sont comp\u00e9tents pour l&rsquo;\u00e9tablissement des cartes d&rsquo;identit\u00e9 et des passeports. Se pr\u00e9senter au centre d&rsquo;identification uniquement sur rendez-vous ! R\u00e9servation de rendez-vous www.schweizerpass.ch ou par t\u00e9l\u00e9phone au 031 635 40 00 Heures d&rsquo;ouverture du centre d&rsquo;appel [&hellip;]<\/p>\n","protected":false},"author":1,"featured_media":0,"parent":3093,"menu_order":12,"comment_status":"closed","ping_status":"closed","template":"","meta":{"_acf_changed":false,"_relevanssi_hide_post":"","_relevanssi_hide_content":"","_relevanssi_pin_for_all":"","_relevanssi_pin_keywords":"","_relevanssi_unpin_keywords":"","_relevanssi_related_keywords":"","_relevanssi_related_include_ids":"","_relevanssi_related_exclude_ids":"","_relevanssi_related_no_append":"","_relevanssi_related_not_related":"","_relevanssi_related_posts":"","_relevanssi_noindex_reason":"","footnotes":""},"class_list":["post-3094","page","type-page","status-publish","hentry"],"acf":[],"yoast_head":"<!-- This site is optimized with the Yoast SEO plugin v27.5 - https:\/\/yoast.com\/product\/yoast-seo-wordpress\/ -->\n<title>Pi\u00e8ces d&#039;identit\u00e9 et documents - Gemeinde Lengnau<\/title>\n<meta name=\"robots\" content=\"index, follow, max-snippet:-1, max-image-preview:large, max-video-preview:-1\" \/>\n<link rel=\"canonical\" href=\"https:\/\/www.lengnau.ch\/fr\/themes\/persoenliches\/ausweise-und-dokumente\/\" \/>\n<meta property=\"og:locale\" content=\"fr_FR\" \/>\n<meta property=\"og:type\" content=\"article\" \/>\n<meta property=\"og:title\" content=\"Pi\u00e8ces d&#039;identit\u00e9 et documents - Gemeinde Lengnau\" \/>\n<meta property=\"og:description\" content=\"Carte d&rsquo;identit\u00e9 et passeport suisse Les centres cantonaux de documents d&rsquo;identit\u00e9 (Berne, Bienne, Courtelary, Interlaken, Langnau, Langenthal et Thoune) sont comp\u00e9tents pour l&rsquo;\u00e9tablissement des cartes d&rsquo;identit\u00e9 et des passeports. Se pr\u00e9senter au centre d&rsquo;identification uniquement sur rendez-vous ! R\u00e9servation de rendez-vous www.schweizerpass.ch ou par t\u00e9l\u00e9phone au 031 635 40 00 Heures d&rsquo;ouverture du centre d&rsquo;appel [&hellip;]\" \/>\n<meta property=\"og:url\" content=\"https:\/\/www.lengnau.ch\/fr\/themes\/persoenliches\/ausweise-und-dokumente\/\" \/>\n<meta property=\"og:site_name\" content=\"Gemeinde Lengnau\" \/>\n<meta property=\"article:modified_time\" content=\"2026-03-05T07:32:48+00:00\" \/>\n<meta name=\"twitter:card\" content=\"summary_large_image\" \/>\n<script type=\"application\/ld+json\" class=\"yoast-schema-graph\">{\"@context\":\"https:\\\/\\\/schema.org\",\"@graph\":[{\"@type\":\"WebPage\",\"@id\":\"https:\\\/\\\/www.lengnau.ch\\\/fr\\\/themes\\\/persoenliches\\\/ausweise-und-dokumente\\\/\",\"url\":\"https:\\\/\\\/www.lengnau.ch\\\/fr\\\/themes\\\/persoenliches\\\/ausweise-und-dokumente\\\/\",\"name\":\"Pi\u00e8ces d'identit\u00e9 et documents - Gemeinde Lengnau\",\"isPartOf\":{\"@id\":\"https:\\\/\\\/www.lengnau.ch\\\/#website\"},\"datePublished\":\"2022-02-16T14:23:51+00:00\",\"dateModified\":\"2026-03-05T07:32:48+00:00\",\"breadcrumb\":{\"@id\":\"https:\\\/\\\/www.lengnau.ch\\\/fr\\\/themes\\\/persoenliches\\\/ausweise-und-dokumente\\\/#breadcrumb\"},\"inLanguage\":\"fr-FR\",\"potentialAction\":[{\"@type\":\"ReadAction\",\"target\":[\"https:\\\/\\\/www.lengnau.ch\\\/fr\\\/themes\\\/persoenliches\\\/ausweise-und-dokumente\\\/\"]}]},{\"@type\":\"BreadcrumbList\",\"@id\":\"https:\\\/\\\/www.lengnau.ch\\\/fr\\\/themes\\\/persoenliches\\\/ausweise-und-dokumente\\\/#breadcrumb\",\"itemListElement\":[{\"@type\":\"ListItem\",\"position\":1,\"name\":\"Home\",\"item\":\"https:\\\/\\\/www.lengnau.ch\\\/fr\\\/\"},{\"@type\":\"ListItem\",\"position\":2,\"name\":\"Th\u00e8mes\",\"item\":\"https:\\\/\\\/www.lengnau.ch\\\/fr\\\/themes\\\/\"},{\"@type\":\"ListItem\",\"position\":3,\"name\":\"Personnel\",\"item\":\"https:\\\/\\\/www.lengnau.ch\\\/fr\\\/themes\\\/persoenliches\\\/\"},{\"@type\":\"ListItem\",\"position\":4,\"name\":\"Pi\u00e8ces d&#8217;identit\u00e9 et documents\"}]},{\"@type\":\"WebSite\",\"@id\":\"https:\\\/\\\/www.lengnau.ch\\\/#website\",\"url\":\"https:\\\/\\\/www.lengnau.ch\\\/\",\"name\":\"Gemeinde Lengnau\",\"description\":\"\",\"potentialAction\":[{\"@type\":\"SearchAction\",\"target\":{\"@type\":\"EntryPoint\",\"urlTemplate\":\"https:\\\/\\\/www.lengnau.ch\\\/?s={search_term_string}\"},\"query-input\":{\"@type\":\"PropertyValueSpecification\",\"valueRequired\":true,\"valueName\":\"search_term_string\"}}],\"inLanguage\":\"fr-FR\"}]}<\/script>\n<!-- \/ Yoast SEO plugin. -->","yoast_head_json":{"title":"Pi\u00e8ces d'identit\u00e9 et documents - Gemeinde Lengnau","robots":{"index":"index","follow":"follow","max-snippet":"max-snippet:-1","max-image-preview":"max-image-preview:large","max-video-preview":"max-video-preview:-1"},"canonical":"https:\/\/www.lengnau.ch\/fr\/themes\/persoenliches\/ausweise-und-dokumente\/","og_locale":"fr_FR","og_type":"article","og_title":"Pi\u00e8ces d'identit\u00e9 et documents - Gemeinde Lengnau","og_description":"Carte d&rsquo;identit\u00e9 et passeport suisse Les centres cantonaux de documents d&rsquo;identit\u00e9 (Berne, Bienne, Courtelary, Interlaken, Langnau, Langenthal et Thoune) sont comp\u00e9tents pour l&rsquo;\u00e9tablissement des cartes d&rsquo;identit\u00e9 et des passeports. Se pr\u00e9senter au centre d&rsquo;identification uniquement sur rendez-vous ! R\u00e9servation de rendez-vous www.schweizerpass.ch ou par t\u00e9l\u00e9phone au 031 635 40 00 Heures d&rsquo;ouverture du centre d&rsquo;appel [&hellip;]","og_url":"https:\/\/www.lengnau.ch\/fr\/themes\/persoenliches\/ausweise-und-dokumente\/","og_site_name":"Gemeinde Lengnau","article_modified_time":"2026-03-05T07:32:48+00:00","twitter_card":"summary_large_image","schema":{"@context":"https:\/\/schema.org","@graph":[{"@type":"WebPage","@id":"https:\/\/www.lengnau.ch\/fr\/themes\/persoenliches\/ausweise-und-dokumente\/","url":"https:\/\/www.lengnau.ch\/fr\/themes\/persoenliches\/ausweise-und-dokumente\/","name":"Pi\u00e8ces d'identit\u00e9 et documents - Gemeinde Lengnau","isPartOf":{"@id":"https:\/\/www.lengnau.ch\/#website"},"datePublished":"2022-02-16T14:23:51+00:00","dateModified":"2026-03-05T07:32:48+00:00","breadcrumb":{"@id":"https:\/\/www.lengnau.ch\/fr\/themes\/persoenliches\/ausweise-und-dokumente\/#breadcrumb"},"inLanguage":"fr-FR","potentialAction":[{"@type":"ReadAction","target":["https:\/\/www.lengnau.ch\/fr\/themes\/persoenliches\/ausweise-und-dokumente\/"]}]},{"@type":"BreadcrumbList","@id":"https:\/\/www.lengnau.ch\/fr\/themes\/persoenliches\/ausweise-und-dokumente\/#breadcrumb","itemListElement":[{"@type":"ListItem","position":1,"name":"Home","item":"https:\/\/www.lengnau.ch\/fr\/"},{"@type":"ListItem","position":2,"name":"Th\u00e8mes","item":"https:\/\/www.lengnau.ch\/fr\/themes\/"},{"@type":"ListItem","position":3,"name":"Personnel","item":"https:\/\/www.lengnau.ch\/fr\/themes\/persoenliches\/"},{"@type":"ListItem","position":4,"name":"Pi\u00e8ces d&#8217;identit\u00e9 et documents"}]},{"@type":"WebSite","@id":"https:\/\/www.lengnau.ch\/#website","url":"https:\/\/www.lengnau.ch\/","name":"Gemeinde Lengnau","description":"","potentialAction":[{"@type":"SearchAction","target":{"@type":"EntryPoint","urlTemplate":"https:\/\/www.lengnau.ch\/?s={search_term_string}"},"query-input":{"@type":"PropertyValueSpecification","valueRequired":true,"valueName":"search_term_string"}}],"inLanguage":"fr-FR"}]}},"publishpress_future_action":{"enabled":false,"date":"2026-05-16 10:31:17","action":"change-status","newStatus":"draft","terms":[],"taxonomy":"translation_priority","extraData":[]},"publishpress_future_workflow_manual_trigger":{"enabledWorkflows":[]},"_links":{"self":[{"href":"https:\/\/www.lengnau.ch\/fr\/wp-json\/wp\/v2\/pages\/3094","targetHints":{"allow":["GET"]}}],"collection":[{"href":"https:\/\/www.lengnau.ch\/fr\/wp-json\/wp\/v2\/pages"}],"about":[{"href":"https:\/\/www.lengnau.ch\/fr\/wp-json\/wp\/v2\/types\/page"}],"author":[{"embeddable":true,"href":"https:\/\/www.lengnau.ch\/fr\/wp-json\/wp\/v2\/users\/1"}],"replies":[{"embeddable":true,"href":"https:\/\/www.lengnau.ch\/fr\/wp-json\/wp\/v2\/comments?post=3094"}],"version-history":[{"count":10,"href":"https:\/\/www.lengnau.ch\/fr\/wp-json\/wp\/v2\/pages\/3094\/revisions"}],"predecessor-version":[{"id":19077,"href":"https:\/\/www.lengnau.ch\/fr\/wp-json\/wp\/v2\/pages\/3094\/revisions\/19077"}],"up":[{"embeddable":true,"href":"https:\/\/www.lengnau.ch\/fr\/wp-json\/wp\/v2\/pages\/3093"}],"wp:attachment":[{"href":"https:\/\/www.lengnau.ch\/fr\/wp-json\/wp\/v2\/media?parent=3094"}],"curies":[{"name":"wp","href":"https:\/\/api.w.org\/{rel}","templated":true}]}}