{"id":3092,"date":"2022-02-01T15:46:31","date_gmt":"2022-02-01T14:46:31","guid":{"rendered":"https:\/\/lengnau.rettenmund.com\/themen\/"},"modified":"2026-02-13T11:00:27","modified_gmt":"2026-02-13T10:00:27","slug":"themes","status":"publish","type":"page","link":"https:\/\/www.lengnau.ch\/fr\/themes\/","title":{"rendered":"Th\u00e8mes"},"content":{"rendered":"<h2>De A comme d\u00e9chets \u00e0 Z comme immigration<\/h2>\n<p>Cette page vous donne un aper\u00e7u des domaines th\u00e9matiques que vous trouverez sur le site web de la commune municipale de Lengnau BE. Si le sujet que vous souhaitez aborder ne figure pas ici, vous pouvez trouver d&rsquo;autres termes en utilisant la fonction de recherche.<\/p>\n<ul style=\"list-style: none; padding: 0px; margin: 0px;\">\n<li class=\"themenitem\">\n<h2 class=\"themenh2first\">Personnel<\/h2>\n<\/li>\n<li class=\"themenitem\"><a class=\"themenlink\" href=\"https:\/\/www.lengnau.ch\/fr\/themes\/persoenliches\/ausweise-und-dokumente\/\">Pi\u00e8ces d&rsquo;identit\u00e9 et documents<\/a><\/li>\n<li class=\"themenitem\"><a class=\"themenlink\" href=\"https:\/\/www.lengnau.ch\/fr\/themes\/persoenliches\/einbuergerung\/\">Naturalisation<\/a><\/li>\n<li class=\"themenitem\"><a class=\"themenlink\" href=\"https:\/\/www.lengnau.ch\/fr\/themes\/persoenliches\/naissance\/\">Naissance<\/a><\/li>\n<li class=\"themenitem\"><a class=\"themenlink\" href=\"https:\/\/www.lengnau.ch\/fr\/themes\/persoenliches\/heirat\/\">Mariage<\/a><\/li>\n<li class=\"themenitem\"><a class=\"themenlink\" href=\"https:\/\/www.lengnau.ch\/fr\/themes\/persoenliches\/todesfall\/\">D\u00e9c\u00e8s<\/a><\/li>\n<li class=\"themenitem\">\n<h2 class=\"themenh2\">D\u00e9m\u00e9nagement<\/h2>\n<\/li>\n<li class=\"themenitem\"><a class=\"themenlink\" href=\"https:\/\/www.lengnau.ch\/fr\/themes\/umzug\/adresswechsel\/\">Changement d&rsquo;adresse<\/a><\/li>\n<li class=\"themenitem\"><a class=\"themenlink\" href=\"https:\/\/www.lengnau.ch\/fr\/themes\/umzug\/neuzuzueger\/\">Nouveaux arrivants<\/a><\/li>\n<li class=\"themenitem\"><a class=\"themenlink\" href=\"https:\/\/www.lengnau.ch\/fr\/themes\/umzug\/niederlassungsausweis\/\">Carte d&rsquo;\u00e9tablissement<\/a><\/li>\n<li class=\"themenitem\"><a class=\"themenlink\" href=\"https:\/\/www.lengnau.ch\/fr\/themes\/umzug\/wochenaufenthalt\/\">S\u00e9jour hebdomadaire<\/a><\/li>\n<li><a class=\"themenlink\" href=\"https:\/\/www.lengnau.ch\/fr\/themes\/umzug\/immobilienmarkt\/\">March\u00e9 immobilier<\/a><\/li>\n<li class=\"themenitem\"><a class=\"themenlink\" href=\"https:\/\/www.lengnau.ch\/fr\/themes\/umzug\/adressauskunft\/\">Renseignements sur l&rsquo;adresse<\/a><\/li>\n<li class=\"themenitem\">\n<h2 class=\"themenh2\">Familles<\/h2>\n<\/li>\n<li class=\"themenitem\"><a class=\"themenlink\" href=\"https:\/\/www.lengnau.ch\/fr\/themes\/familien\/kinderbetreuung\/\">Garde d&rsquo;enfants<\/a><\/li>\n<li class=\"themenitem\"><a class=\"themenlink\" href=\"https:\/\/www.lengnau.ch\/fr\/themes\/familien\/spielgruppe\/\">Groupe de jeu<\/a><\/li>\n<li class=\"themenitem\"><a href=\"https:\/\/www.lengnau.ch\/fr\/themes\/familien\/kindertagesstaette-kita\/\">Cr\u00e8che (Kita)<\/a><\/li>\n<li class=\"themenitem\"><a href=\"https:\/\/www.lengnau.ch\/fr\/themes\/familien\/animation-de-jeunesse\/\">Animation de jeunesse<\/a><\/li>\n<li class=\"themenitem\"><a class=\"themenlink\" href=\"https:\/\/www.lengnau.ch\/fr\/themes\/familien\/tagesschule\/\">\u00c9cole de jour<\/a><\/li>\n<li class=\"themenitem\"><a class=\"themenlink\" href=\"https:\/\/www.lengnau.ch\/fr\/themes\/familien\/elternberatung-unterstuetzung\/\">Conseils et soutien aux parents<\/a><\/li>\n<li class=\"themenitem\"><a class=\"themenlink\" href=\"https:\/\/www.lengnau.ch\/fr\/themes\/familien\/tageselternverein\/\">Association des parents de jour<\/a><\/li>\n<li class=\"themenitem\">\n<h2 class=\"themenh2\">\u00c9cole et formation<\/h2>\n<\/li>\n<li class=\"themenitem\"><a class=\"themenlink\" href=\"https:\/\/www.lengnau.ch\/fr\/themes\/schule-und-bildung\/schule-lengnau\/\">\u00c9cole de Lengnau<\/a><\/li>\n<li class=\"themenitem\"><a class=\"themenlink\" href=\"https:\/\/www.lengnau.ch\/fr\/themes\/schule-und-bildung\/schulferien\/\">Vacances scolaires<\/a><\/li>\n<li class=\"themenitem\"><a class=\"themenlink\" href=\"https:\/\/www.lengnau.ch\/fr\/themes\/schule-und-bildung\/mediothek\/\">M\u00e9diath\u00e8que<\/a><\/li>\n<li class=\"themenitem\"><a class=\"themenlink\" href=\"https:\/\/www.lengnau.ch\/fr\/themes\/schule-und-bildung\/musikschule\/\">\u00c9cole de musique<\/a><\/li>\n<li class=\"themenitem\">\n<h2 class=\"themenh2\">Loisirs<\/h2>\n<\/li>\n<li class=\"themenitem\"><a class=\"themenlink\" href=\"https:\/\/www.lengnau.ch\/fr\/themes\/freizeit\/vereinsverzeichnis\/\">R\u00e9pertoire des associations<\/a><\/li>\n<li class=\"themenitem\"><a class=\"themenlink\" href=\"https:\/\/www.lengnau.ch\/fr\/themes\/freizeit\/hallenbad\/\">Piscine couverte<\/a><\/li>\n<li class=\"themenitem\"><a class=\"themenlink\" href=\"https:\/\/www.lengnau.ch\/fr\/themes\/freizeit\/sporthallen\/\">Salles de sport<\/a><\/li>\n<li class=\"themenitem\"><a href=\"https:\/\/www.lengnau.ch\/fr\/themes\/freizeit\/spielplaetze\/\">Aires de jeux<\/a><\/li>\n<li class=\"themenitem\"><a class=\"themenlink\" href=\"https:\/\/www.lengnau.ch\/fr\/themes\/freizeit\/ferienpass\/\">Passeport vacances<\/a><\/li>\n<li class=\"themenitem\"><a href=\"https:\/\/www.lengnau.ch\/fr\/themes\/freizeit\/chemin-des-histoires\/\">Chemin des histoires<\/a><\/li>\n<li class=\"themenitem\"><a class=\"themenlink\" href=\"https:\/\/www.lengnau.ch\/fr\/themes\/freizeit\/naherholungsgebiete\/\">Espaces de loisirs de proximit\u00e9<\/a><\/li>\n<li class=\"themenitem\"><a class=\"themenlink\" href=\"https:\/\/www.lengnau.ch\/fr\/themes\/freizeit\/gastronomie\/\">Gastronomie<\/a><\/li>\n<li class=\"themenitem\"><a class=\"themenlink\" href=\"https:\/\/www.lengnau.ch\/fr\/themes\/freizeit\/vermietung-von-freizeitanlagen\/\">Location d&rsquo;installations de loisirs<\/a><\/li>\n<li class=\"themenitem\"><a class=\"themenlink\" href=\"https:\/\/www.lengnau.ch\/fr\/themes\/freizeit\/veranstaltungsbewilligung\/\">Autorisation de manifestation<\/a><\/li>\n<li class=\"themenitem\">\n<h2 class=\"themenh2\">Sant\u00e9<\/h2>\n<\/li>\n<li class=\"themenitem\"><a class=\"themenlink\" href=\"https:\/\/www.lengnau.ch\/fr\/themes\/gesundheit\/notfallnummern\/\">Num\u00e9ros d&rsquo;urgence<\/a><\/li>\n<li class=\"themenitem\"><a class=\"themenlink\" href=\"https:\/\/www.lengnau.ch\/fr\/themes\/gesundheit\/medizinische-versorgung\/\">Soins m\u00e9dicaux<\/a><\/li>\n<li class=\"themenitem\"><a class=\"themenlink\" href=\"https:\/\/www.lengnau.ch\/fr\/themes\/gesundheit\/selbsthilfe-be\/\">Entraide BE<\/a><\/li>\n<li class=\"themenitem\"><a class=\"themenlink\" href=\"https:\/\/www.lengnau.ch\/fr\/themes\/gesundheit\/suchtberatung\/\">Service d&rsquo;aide aux personnes d\u00e9pendantes<\/a><\/li>\n<li class=\"themenitem\"><a class=\"themenlink\" href=\"https:\/\/www.lengnau.ch\/fr\/themes\/gesundheit\/behinderung-invaliditaet\/\">Handicap et invalidit\u00e9<\/a><\/li>\n<\/ul>\n<ul style=\"list-style: none; padding: 0px; margin: 0px;\">\n<li class=\"themenitem\">\n<h2 class=\"themenh2\">\u00c2ge 60+<\/h2>\n<\/li>\n<li class=\"themenitem\"><a class=\"themenlink\" href=\"https:\/\/www.lengnau.ch\/fr\/themes\/alter-60\/reseau-de-seniors\/\">R\u00e9seau de seniors<\/a><\/li>\n<li class=\"themenitem\"><a class=\"themenlink\" href=\"https:\/\/www.lengnau.ch\/fr\/themes\/alter-60\/angebote-unterstuetzung\/\">Offres et soutien<\/a><\/li>\n<li class=\"themenitem\"><a class=\"themenlink\" href=\"https:\/\/www.lengnau.ch\/fr\/themes\/alter-60\/pflege-betreuung\/\">Soins et assistance<\/a><\/li>\n<li class=\"themenitem\"><a class=\"themenlink\" href=\"https:\/\/www.lengnau.ch\/fr\/themes\/alter-60\/vorsorgeauftrag-patientenverfuegung\/\">Mandat de protection future et directives anticip\u00e9es<\/a><\/li>\n<li class=\"themenitem\">\n<h2 class=\"themenh2\">Assurances sociales<\/h2>\n<\/li>\n<li class=\"themenitem\"><a class=\"themenlink\" href=\"https:\/\/www.lengnau.ch\/fr\/themes\/sozialversicherungen\/ahv-iv-leistungen\/\">AVS et AI<\/a><\/li>\n<li class=\"themenitem\"><a class=\"themenlink\" href=\"https:\/\/www.lengnau.ch\/fr\/themes\/sozialversicherungen\/ergaenzungsleistungen\/\">Prestations compl\u00e9mentaires<\/a><\/li>\n<li class=\"themenitem\"><a class=\"themenlink\" href=\"https:\/\/www.lengnau.ch\/fr\/themes\/sozialversicherungen\/familienzulagen\/\">Allocations familiales<\/a><\/li>\n<li class=\"themenitem\"><a class=\"themenlink\" href=\"https:\/\/www.lengnau.ch\/fr\/themes\/sozialversicherungen\/nichterwerbstaetige-selbstaendigerwerbende\/\">Personnes sans activit\u00e9 lucrative et travailleurs ind\u00e9pendants<\/a><\/li>\n<li class=\"themenitem\">\n<h2 class=\"themenh2\">Social<\/h2>\n<\/li>\n<li class=\"themenitem\"><a class=\"themenlink\" href=\"https:\/\/www.lengnau.ch\/fr\/themes\/soziales\/beratung-information\/\">Conseil et information<\/a><\/li>\n<li class=\"themenitem\"><a class=\"themenlink\" href=\"https:\/\/www.lengnau.ch\/fr\/themes\/soziales\/arbeitslosigkeit\/\">Ch\u00f4mage<\/a><\/li>\n<li class=\"themenitem\"><a class=\"themenlink\" href=\"https:\/\/www.lengnau.ch\/fr\/themes\/soziales\/kindes-erwachsenenschutz\/\">Protection de l&rsquo;enfant et de l&rsquo;adulte<\/a><\/li>\n<li class=\"themenitem\"><a class=\"themenlink\" href=\"https:\/\/www.lengnau.ch\/fr\/themes\/soziales\/alimente\/\">Aliments<\/a><\/li>\n<li class=\"themenitem\"><a class=\"themenlink\" href=\"https:\/\/www.lengnau.ch\/fr\/themes\/soziales\/praemienverbilligung-krankenkasse\/\">R\u00e9duction des primes d&rsquo;assurance maladie<\/a><\/li>\n<li class=\"themenitem\">\n<h2 class=\"themenh2\">Imp\u00f4ts<\/h2>\n<\/li>\n<li class=\"themenitem\"><a class=\"themenlink\" href=\"https:\/\/www.lengnau.ch\/fr\/themes\/steuern\/steuererklaerung\/\">D\u00e9claration d&rsquo;imp\u00f4ts<\/a><\/li>\n<li class=\"themenitem\"><a class=\"themenlink\" href=\"https:\/\/www.lengnau.ch\/fr\/themes\/steuern\/steueranlagen-und-faelligkeiten\/\">Placements fiscaux et \u00e9ch\u00e9ances<\/a><\/li>\n<li class=\"themenitem\"><a class=\"themenlink\" href=\"https:\/\/www.lengnau.ch\/fr\/themes\/steuern\/steuerarten\/\">Types d&rsquo;imp\u00f4ts<\/a><\/li>\n<li class=\"themenitem\"><a class=\"themenlink\" href=\"https:\/\/www.lengnau.ch\/fr\/themes\/steuern\/steuererlass\/\">Remise d&rsquo;imp\u00f4ts<\/a><\/li>\n<li class=\"themenitem\">\n<h2 class=\"themenh2\">Construire et planifier<\/h2>\n<\/li>\n<li class=\"themenitem\"><a class=\"themenlink\" href=\"https:\/\/www.lengnau.ch\/fr\/themes\/bauen-und-planen\/baugesuch-baubewilligung\/\">Demande de permis de construire et autorisation de construire<\/a><\/li>\n<li class=\"themenitem\"><a class=\"themenlink\" href=\"https:\/\/www.lengnau.ch\/fr\/themes\/bauen-und-planen\/baubewilligung-gastgewerbe\/\">Permis de construire pour l&rsquo;h\u00f4tellerie et la restauration<\/a><\/li>\n<li class=\"themenitem\"><a class=\"themenlink\" href=\"https:\/\/www.lengnau.ch\/fr\/themes\/bauen-und-planen\/kosten-gebuehren\/\">Co\u00fbts et taxes<\/a><\/li>\n<li class=\"themenitem\"><a class=\"themenlink\" href=\"https:\/\/www.lengnau.ch\/fr\/themes\/bauen-und-planen\/energieberatung\/\">Conseil en \u00e9nergie<\/a><\/li>\n<li class=\"themenitem\"><a class=\"themenlink\" href=\"https:\/\/www.lengnau.ch\/fr\/themes\/bauen-und-planen\/raumplanung-ortsplanung\/\">Am\u00e9nagement du territoire \/ Planification locale<\/a><\/li>\n<li class=\"themenitem\"><a class=\"themenlink\" href=\"https:\/\/www.lengnau.ch\/fr\/themes\/bauen-und-planen\/oereb-kataster\/\">Cadastre RDPPF<\/a><\/li>\n<li class=\"themenitem\">\n<h2 class=\"themenh2\">Environnement<\/h2>\n<\/li>\n<li class=\"themenitem\"><a class=\"themenlink\" href=\"https:\/\/www.lengnau.ch\/fr\/themes\/umwelt\/feuerungskontrolle\/\">Contr\u00f4le de combustion<\/a><\/li>\n<li class=\"themenitem\"><a class=\"themenlink\" href=\"https:\/\/www.lengnau.ch\/fr\/themes\/umwelt\/baeume-straeucher-zurueckschneiden\/\">Tailler les arbres et les arbustes<\/a><\/li>\n<li class=\"themenitem\"><a class=\"themenlink\" href=\"https:\/\/www.lengnau.ch\/fr\/themes\/umwelt\/laerm-ruhestoerungen\/\">Bruit et troubles de la tranquillit\u00e9<\/a><\/li>\n<li class=\"themenitem\"><a class=\"themenlink\" href=\"https:\/\/www.lengnau.ch\/fr\/themes\/umwelt\/naturschutz\/\">Protection de la nature et des paysages<\/a><\/li>\n<li class=\"themenitem\">\n<h2 class=\"themenh2\">\u00c9nergie et eau<\/h2>\n<\/li>\n<li><a class=\"themenlink\" href=\"https:\/\/www.lengnau.ch\/fr\/themes\/energie-wasser\/elektrizitaetsversorgung\/\">Fourniture d&rsquo;\u00e9lectricit\u00e9<\/a><\/li>\n<li><a href=\"https:\/\/www.lengnau.ch\/fr\/themes\/energie-wasser\/installations-photovoltaiques-de-la-commune\/\">Installations photovolta\u00efques de la commune<\/a><\/li>\n<li><a class=\"themenlink\" href=\"https:\/\/www.lengnau.ch\/fr\/themes\/energie-wasser\/nachhaltige-energie\/\">\u00c9nergie durable<\/a><\/li>\n<li class=\"themenitem\"><a class=\"themenlink\" href=\"https:\/\/www.lengnau.ch\/fr\/themes\/energie-wasser\/wasserversorgung\/\">Approvisionnement en eau<\/a><\/li>\n<\/ul>\n<ul style=\"list-style: none; padding: 0px; margin: 0px;\">\n<li class=\"themenitem\"><a class=\"themenlink\" href=\"https:\/\/www.lengnau.ch\/fr\/themes\/energie-wasser\/gebuehren\/\">Taxes<\/a><\/li>\n<li class=\"themenitem\"><a href=\"https:\/\/www.lengnau.ch\/fr\/themes\/energie-wasser\/nacht-der-sterne\/\">Nuit des \u00e9toiles<\/a><\/li>\n<\/ul>\n<ul style=\"list-style: none; padding: 0px; margin: 0px;\">\n<li class=\"themenitem\">\n<h2 class=\"themenh2\">D\u00e9chets<\/h2>\n<\/li>\n<li class=\"themenitem\"><a class=\"themenlink\" href=\"https:\/\/www.lengnau.ch\/fr\/themes\/abfall\/abfuhrkalender\/\">Calendrier des collectes<\/a><\/li>\n<li class=\"themenitem\"><a class=\"themenlink\" href=\"https:\/\/www.lengnau.ch\/fr\/themes\/abfall\/wie-entsorge-ich-was\/\">Comment se d\u00e9barrasser de quoi ?<\/a><\/li>\n<li class=\"themenitem\">\n<h2 class=\"themenh2\">Animaux<\/h2>\n<\/li>\n<li class=\"themenitem\"><a class=\"themenlink\" href=\"https:\/\/www.lengnau.ch\/fr\/themes\/tiere\/hunde\/\">Chiens<\/a><\/li>\n<li class=\"themenitem\"><a class=\"themenlink\" href=\"https:\/\/www.lengnau.ch\/fr\/themes\/tiere\/wildtiere\/\">Animaux sauvages<\/a><\/li>\n<li class=\"themenitem\"><a class=\"themenlink\" href=\"https:\/\/www.lengnau.ch\/fr\/themes\/tiere\/findeltiere\/\">Animaux trouv\u00e9s<\/a><\/li>\n<li class=\"themenitem\">\n<h2 class=\"themenh2\">Transport et mobilit\u00e9<\/h2>\n<\/li>\n<li class=\"themenitem\"><a class=\"themenlink\" href=\"https:\/\/www.lengnau.ch\/fr\/themes\/verkehr-und-mobilitaet\/oeffentlicher-verkehr\/\">Transports publics<\/a><\/li>\n<li class=\"themenitem\"><a class=\"themenlink\" href=\"https:\/\/www.lengnau.ch\/fr\/themes\/verkehr-und-mobilitaet\/parkkarten\/\">Permis de stationnement<\/a><\/li>\n<li class=\"themenitem\"><a class=\"themenlink\" href=\"https:\/\/www.lengnau.ch\/fr\/themes\/verkehr-und-mobilitaet\/rotkreuz-fahrdienst\/\">Service de transport Croix-Rouge<\/a><\/li>\n<li class=\"themenitem\">\n<h2 class=\"themenh2\">S\u00e9curit\u00e9<\/h2>\n<\/li>\n<li class=\"themenitem\"><a href=\"https:\/\/www.lengnau.ch\/fr\/themes\/sicherheit\/point-de-rencontre-durgence\/\">Point de rencontre d&rsquo;urgence<\/a><br \/>\n<a class=\"themenlink\" href=\"https:\/\/www.lengnau.ch\/fr\/themes\/sicherheit\/dienste-oeffentliche-sicherheit\/\">Services de s\u00e9curit\u00e9 publique<\/a><\/li>\n<li class=\"themenitem\"><a class=\"themenlink\" href=\"https:\/\/www.lengnau.ch\/fr\/themes\/sicherheit\/pilz-und-lebensmittelkontrolle\/\">Contr\u00f4le des champignons et des aliments<\/a><\/li>\n<li class=\"themenitem\"><a class=\"themenlink\" href=\"https:\/\/www.lengnau.ch\/fr\/themes\/sicherheit\/unfallverhuetung\/\">Pr\u00e9vention des accidents<\/a><\/li>\n<li class=\"themenitem\"><a class=\"themenlink\" href=\"https:\/\/www.lengnau.ch\/fr\/themes\/sicherheit\/fundbuero\/\">Bureau des objets trouv\u00e9s<\/a><\/li>\n<li class=\"themenitem\">\n<h2 class=\"themenh2\">\u00c0 propos de Lengnau<\/h2>\n<\/li>\n<li class=\"themenitem\"><a class=\"themenlink\" href=\"https:\/\/www.lengnau.ch\/fr\/themes\/ueber-lengnau\/portrait\/\">Portrait<\/a><\/li>\n<li class=\"themenitem\"><a href=\"https:\/\/www.lengnau.ch\/fr\/themes\/ueber-lengnau\/cite-de-lenergie\/\">Cit\u00e9 de l&rsquo;\u00e9nergie<\/a><\/li>\n<li class=\"themenitem\"><a class=\"themenlink\" href=\"https:\/\/www.lengnau.ch\/fr\/themes\/ueber-lengnau\/zahlen-und-fakten\/\">Faits et chiffres<\/a><\/li>\n<li><a href=\"https:\/\/www.lengnau.ch\/fr\/themes\/ueber-lengnau\/burgergemeinde\/\">Commune bourgeoise<\/a><\/li>\n<li class=\"themenitem\"><a class=\"themenlink\" href=\"https:\/\/www.lengnau.ch\/fr\/themes\/ueber-lengnau\/geschichte\/\">Histoire<\/a><\/li>\n<li class=\"themenitem\"><a class=\"themenlink\" href=\"https:\/\/www.lengnau.ch\/fr\/actualites\/lengnauer-notizen\/\">Lengnauer Notizen<\/a><\/li>\n<li class=\"themenitem\"><a class=\"themenlink\" href=\"https:\/\/www.lengnau.ch\/fr\/themes\/ueber-lengnau\/ortsplan\/\">Plan de la localit\u00e9<\/a><\/li>\n<li class=\"themenitem\"><a class=\"themenlink\" href=\"https:\/\/www.lengnau.ch\/fr\/themes\/ueber-lengnau\/kirchgemeinden\/\">Paroisses<\/a><\/li>\n<li><a class=\"themenlink\" href=\"https:\/\/www.lengnau.ch\/fr\/themes\/ueber-lengnau\/partnergemeinden\/\">Communes partenaires<\/a><\/li>\n<\/ul>\n<ul style=\"list-style: none; padding: 0px; margin: 0px;\">\n<li class=\"themenitem\">\n<h2 class=\"themenh2\">\u00c9conomie<\/h2>\n<\/li>\n<li class=\"themenitem\"><a class=\"themenlink\" href=\"https:\/\/www.lengnau.ch\/fr\/themes\/economie\/site-economique\/\">Site \u00e9conomique<\/a><\/li>\n<li class=\"themenitem\"><a class=\"themenlink\" href=\"https:\/\/www.lengnau.ch\/fr\/themes\/economie\/unternehmensverzeichnis\/\">Annuaire des entreprises<\/a><\/li>\n<li class=\"themenitem\"><a class=\"themenlink\" href=\"https:\/\/www.lengnau.ch\/fr\/themes\/economie\/unternehmen-gruenden\/\">Cr\u00e9er une entreprise<\/a><\/li>\n<\/ul>\n","protected":false},"excerpt":{"rendered":"<p>De A comme d\u00e9chets \u00e0 Z comme immigration Cette page vous donne un aper\u00e7u des domaines th\u00e9matiques que vous trouverez sur le site web de la commune municipale de Lengnau BE. Si le sujet que vous souhaitez aborder ne figure pas ici, vous pouvez trouver d&rsquo;autres termes en utilisant la fonction de recherche. Personnel Pi\u00e8ces [&hellip;]<\/p>\n","protected":false},"author":1,"featured_media":0,"parent":0,"menu_order":22,"comment_status":"closed","ping_status":"closed","template":"page-kapitel.php","meta":{"_acf_changed":false,"_relevanssi_hide_post":"","_relevanssi_hide_content":"","_relevanssi_pin_for_all":"","_relevanssi_pin_keywords":"","_relevanssi_unpin_keywords":"","_relevanssi_related_keywords":"","_relevanssi_related_include_ids":"","_relevanssi_related_exclude_ids":"","_relevanssi_related_no_append":"","_relevanssi_related_not_related":"","_relevanssi_related_posts":"","_relevanssi_noindex_reason":"","footnotes":""},"class_list":["post-3092","page","type-page","status-publish","hentry"],"acf":[],"yoast_head":"<!-- This site is optimized with the Yoast SEO plugin v27.3 - https:\/\/yoast.com\/product\/yoast-seo-wordpress\/ -->\n<title>Th\u00e8mes - Gemeinde Lengnau<\/title>\n<meta name=\"robots\" content=\"index, follow, max-snippet:-1, max-image-preview:large, max-video-preview:-1\" \/>\n<link rel=\"canonical\" href=\"https:\/\/www.lengnau.ch\/fr\/themes\/\" \/>\n<meta property=\"og:locale\" content=\"fr_FR\" \/>\n<meta property=\"og:type\" content=\"article\" \/>\n<meta property=\"og:title\" content=\"Th\u00e8mes - Gemeinde Lengnau\" \/>\n<meta property=\"og:description\" content=\"De A comme d\u00e9chets \u00e0 Z comme immigration Cette page vous donne un aper\u00e7u des domaines th\u00e9matiques que vous trouverez sur le site web de la commune municipale de Lengnau BE. Si le sujet que vous souhaitez aborder ne figure pas ici, vous pouvez trouver d&rsquo;autres termes en utilisant la fonction de recherche. Personnel Pi\u00e8ces [&hellip;]\" \/>\n<meta property=\"og:url\" content=\"https:\/\/www.lengnau.ch\/fr\/themes\/\" \/>\n<meta property=\"og:site_name\" content=\"Gemeinde Lengnau\" \/>\n<meta property=\"article:modified_time\" content=\"2026-02-13T10:00:27+00:00\" \/>\n<meta name=\"twitter:card\" content=\"summary_large_image\" \/>\n<script type=\"application\/ld+json\" class=\"yoast-schema-graph\">{\"@context\":\"https:\\\/\\\/schema.org\",\"@graph\":[{\"@type\":\"WebPage\",\"@id\":\"https:\\\/\\\/www.lengnau.ch\\\/fr\\\/themes\\\/\",\"url\":\"https:\\\/\\\/www.lengnau.ch\\\/fr\\\/themes\\\/\",\"name\":\"Th\u00e8mes - Gemeinde Lengnau\",\"isPartOf\":{\"@id\":\"https:\\\/\\\/www.lengnau.ch\\\/#website\"},\"datePublished\":\"2022-02-01T14:46:31+00:00\",\"dateModified\":\"2026-02-13T10:00:27+00:00\",\"breadcrumb\":{\"@id\":\"https:\\\/\\\/www.lengnau.ch\\\/fr\\\/themes\\\/#breadcrumb\"},\"inLanguage\":\"fr-FR\",\"potentialAction\":[{\"@type\":\"ReadAction\",\"target\":[\"https:\\\/\\\/www.lengnau.ch\\\/fr\\\/themes\\\/\"]}]},{\"@type\":\"BreadcrumbList\",\"@id\":\"https:\\\/\\\/www.lengnau.ch\\\/fr\\\/themes\\\/#breadcrumb\",\"itemListElement\":[{\"@type\":\"ListItem\",\"position\":1,\"name\":\"Home\",\"item\":\"https:\\\/\\\/www.lengnau.ch\\\/fr\\\/\"},{\"@type\":\"ListItem\",\"position\":2,\"name\":\"Th\u00e8mes\"}]},{\"@type\":\"WebSite\",\"@id\":\"https:\\\/\\\/www.lengnau.ch\\\/#website\",\"url\":\"https:\\\/\\\/www.lengnau.ch\\\/\",\"name\":\"Gemeinde Lengnau\",\"description\":\"\",\"potentialAction\":[{\"@type\":\"SearchAction\",\"target\":{\"@type\":\"EntryPoint\",\"urlTemplate\":\"https:\\\/\\\/www.lengnau.ch\\\/?s={search_term_string}\"},\"query-input\":{\"@type\":\"PropertyValueSpecification\",\"valueRequired\":true,\"valueName\":\"search_term_string\"}}],\"inLanguage\":\"fr-FR\"}]}<\/script>\n<!-- \/ Yoast SEO plugin. -->","yoast_head_json":{"title":"Th\u00e8mes - Gemeinde Lengnau","robots":{"index":"index","follow":"follow","max-snippet":"max-snippet:-1","max-image-preview":"max-image-preview:large","max-video-preview":"max-video-preview:-1"},"canonical":"https:\/\/www.lengnau.ch\/fr\/themes\/","og_locale":"fr_FR","og_type":"article","og_title":"Th\u00e8mes - Gemeinde Lengnau","og_description":"De A comme d\u00e9chets \u00e0 Z comme immigration Cette page vous donne un aper\u00e7u des domaines th\u00e9matiques que vous trouverez sur le site web de la commune municipale de Lengnau BE. Si le sujet que vous souhaitez aborder ne figure pas ici, vous pouvez trouver d&rsquo;autres termes en utilisant la fonction de recherche. Personnel Pi\u00e8ces [&hellip;]","og_url":"https:\/\/www.lengnau.ch\/fr\/themes\/","og_site_name":"Gemeinde Lengnau","article_modified_time":"2026-02-13T10:00:27+00:00","twitter_card":"summary_large_image","schema":{"@context":"https:\/\/schema.org","@graph":[{"@type":"WebPage","@id":"https:\/\/www.lengnau.ch\/fr\/themes\/","url":"https:\/\/www.lengnau.ch\/fr\/themes\/","name":"Th\u00e8mes - Gemeinde Lengnau","isPartOf":{"@id":"https:\/\/www.lengnau.ch\/#website"},"datePublished":"2022-02-01T14:46:31+00:00","dateModified":"2026-02-13T10:00:27+00:00","breadcrumb":{"@id":"https:\/\/www.lengnau.ch\/fr\/themes\/#breadcrumb"},"inLanguage":"fr-FR","potentialAction":[{"@type":"ReadAction","target":["https:\/\/www.lengnau.ch\/fr\/themes\/"]}]},{"@type":"BreadcrumbList","@id":"https:\/\/www.lengnau.ch\/fr\/themes\/#breadcrumb","itemListElement":[{"@type":"ListItem","position":1,"name":"Home","item":"https:\/\/www.lengnau.ch\/fr\/"},{"@type":"ListItem","position":2,"name":"Th\u00e8mes"}]},{"@type":"WebSite","@id":"https:\/\/www.lengnau.ch\/#website","url":"https:\/\/www.lengnau.ch\/","name":"Gemeinde Lengnau","description":"","potentialAction":[{"@type":"SearchAction","target":{"@type":"EntryPoint","urlTemplate":"https:\/\/www.lengnau.ch\/?s={search_term_string}"},"query-input":{"@type":"PropertyValueSpecification","valueRequired":true,"valueName":"search_term_string"}}],"inLanguage":"fr-FR"}]}},"publishpress_future_action":{"enabled":false,"date":"2026-04-25 11:26:12","action":"change-status","newStatus":"draft","terms":[],"taxonomy":"translation_priority","extraData":[]},"publishpress_future_workflow_manual_trigger":{"enabledWorkflows":[]},"_links":{"self":[{"href":"https:\/\/www.lengnau.ch\/fr\/wp-json\/wp\/v2\/pages\/3092","targetHints":{"allow":["GET"]}}],"collection":[{"href":"https:\/\/www.lengnau.ch\/fr\/wp-json\/wp\/v2\/pages"}],"about":[{"href":"https:\/\/www.lengnau.ch\/fr\/wp-json\/wp\/v2\/types\/page"}],"author":[{"embeddable":true,"href":"https:\/\/www.lengnau.ch\/fr\/wp-json\/wp\/v2\/users\/1"}],"replies":[{"embeddable":true,"href":"https:\/\/www.lengnau.ch\/fr\/wp-json\/wp\/v2\/comments?post=3092"}],"version-history":[{"count":10,"href":"https:\/\/www.lengnau.ch\/fr\/wp-json\/wp\/v2\/pages\/3092\/revisions"}],"predecessor-version":[{"id":19015,"href":"https:\/\/www.lengnau.ch\/fr\/wp-json\/wp\/v2\/pages\/3092\/revisions\/19015"}],"wp:attachment":[{"href":"https:\/\/www.lengnau.ch\/fr\/wp-json\/wp\/v2\/media?parent=3092"}],"curies":[{"name":"wp","href":"https:\/\/api.w.org\/{rel}","templated":true}]}}