{"id":3079,"date":"2022-02-22T21:12:37","date_gmt":"2022-02-22T20:12:37","guid":{"rendered":"https:\/\/lengnau.rettenmund.com\/guichet-en-ligne\/formulare\/"},"modified":"2026-03-06T10:51:08","modified_gmt":"2026-03-06T09:51:08","slug":"formulare","status":"publish","type":"page","link":"https:\/\/www.lengnau.ch\/fr\/guichet-en-ligne\/formulare\/","title":{"rendered":"Formulare"},"content":{"rendered":"<p>Les <strong>formulaires<\/strong> peuvent \u00eatre directement remplis et envoy\u00e9s. Les frais occasionn\u00e9s et la commande sont d\u00e9clench\u00e9s apr\u00e8s le paiement en ligne (Visa et MasterCard, carte de cr\u00e9dit PostFinance).<\/p>\n<p>Les <strong>formulaires PDF <\/strong>doivent \u00eatre imprim\u00e9s et remis \u00e0 la commune de Lengnau BE.<\/p>\n<h2>Arriv\u00e9e \/ D\u00e9m\u00e9nagement \/ D\u00e9part<\/h2>\n<p><a href=\"https:\/\/www.lengnau.ch\/fr\/guichet-en-ligne\/formulare\/abmeldebestaetigung\/\">Confirmation de d\u00e9sinscription<\/a><br \/>\n<a href=\"https:\/\/www.lengnau.ch\/fr\/guichet-en-ligne\/formulare\/demenagement-au-sein-de-la-commune-edemenagementch\/\">D\u00e9m\u00e9nagement au sein de la commune<\/a><br \/>\n<a href=\"https:\/\/www.lengnau.ch\/fr\/guichet-en-ligne\/formulare\/arrivee\/\">Arriv\u00e9e<\/a><br \/>\n<a href=\"https:\/\/www.lengnau.ch\/fr\/guichet-en-ligne\/formulare\/arrivee-inscription-pour-les-ressortissants-etrangers\/\">Arriv\u00e9e \/ inscription pour les ressortissants \u00e9trangers<\/a><br \/>\n<a href=\"https:\/\/www.lengnau.ch\/fr\/guichet-en-ligne\/formulare\/arrivee-inscription-pour-les-suisses\/\">Arriv\u00e9e \/ inscription pour les Suisses<\/a><br \/>\n<a href=\"https:\/\/www.lengnau.ch\/fr\/guichet-en-ligne\/formulare\/demenagement-eumzugch\/\">D\u00e9part<\/a><\/p>\n<h2>Stationnement<\/h2>\n<p><a href=\"https:\/\/www.lengnau.ch\/fr\/guichet-en-ligne\/formulare\/autorisations-de-stationnement-cartes-de-stationnement\/\" target=\"_blank\" rel=\"noopener\">Autorisations de stationnement (cartes de stationnement)<\/a><\/p>\n<h2>Documents<\/h2>\n<p><a href=\"https:\/\/www.lengnau.ch\/fr\/guichet-en-ligne\/formulare\/online-bestellung-heimatausweis-erstausstellung\/\">Attestation d&rsquo;origine (premi\u00e8re d\u00e9livrance)<\/a><br \/>\n<a href=\"https:\/\/www.lengnau.ch\/fr\/guichet-en-ligne\/formulare\/online-bestellung-heimatausweis-verlaengerung\/\">Attestation d&rsquo;origine (renouvellement sans interruption)<\/a><br \/>\n<a href=\"https:\/\/www.lengnau.ch\/fr\/guichet-en-ligne\/formulare\/online-bestellung-wohnsitzbestaetigung\/\">Attestation de domicile<\/a><\/p>\n<h2>Animaux<\/h2>\n<p><a href=\"https:\/\/www.lengnau.ch\/fr\/guichet-en-ligne\/formulare\/inscription-de-chien-controle-de-chien\/\">Inscription de chien \/ contr\u00f4le de chien<\/a><\/p>\n<h2>\u00c9nergie<\/h2>\n<p><a href=\"https:\/\/www.lengnau.ch\/fr\/guichet-en-ligne\/formulare\/releve-des-compteurs\/\">Relev\u00e9 des compteurs<\/a><\/p>\n<h2>Avis de r\u00e9paration<\/h2>\n<p><a href=\"https:\/\/www.lengnau.ch\/fr\/guichet-en-ligne\/formulare\/defekte-strassenlampe\/\">Lampadaire d\u00e9fectueux<\/a><\/p>\n","protected":false},"excerpt":{"rendered":"<p>Les formulaires peuvent \u00eatre directement remplis et envoy\u00e9s. Les frais occasionn\u00e9s et la commande sont d\u00e9clench\u00e9s apr\u00e8s le paiement en ligne (Visa et MasterCard, carte de cr\u00e9dit PostFinance). Les formulaires PDF doivent \u00eatre imprim\u00e9s et remis \u00e0 la commune de Lengnau BE. Arriv\u00e9e \/ D\u00e9m\u00e9nagement \/ D\u00e9part Confirmation de d\u00e9sinscription D\u00e9m\u00e9nagement au sein de la [&hellip;]<\/p>\n","protected":false},"author":1,"featured_media":0,"parent":3073,"menu_order":19,"comment_status":"closed","ping_status":"closed","template":"","meta":{"_acf_changed":false,"_relevanssi_hide_post":"","_relevanssi_hide_content":"","_relevanssi_pin_for_all":"","_relevanssi_pin_keywords":"","_relevanssi_unpin_keywords":"","_relevanssi_related_keywords":"","_relevanssi_related_include_ids":"","_relevanssi_related_exclude_ids":"","_relevanssi_related_no_append":"","_relevanssi_related_not_related":"","_relevanssi_related_posts":"","_relevanssi_noindex_reason":"","footnotes":""},"class_list":["post-3079","page","type-page","status-publish","hentry"],"acf":[],"yoast_head":"<!-- This site is optimized with the Yoast SEO plugin v27.3 - https:\/\/yoast.com\/product\/yoast-seo-wordpress\/ -->\n<title>Formulare - Gemeinde Lengnau<\/title>\n<meta name=\"robots\" content=\"index, follow, max-snippet:-1, max-image-preview:large, max-video-preview:-1\" \/>\n<link rel=\"canonical\" href=\"https:\/\/www.lengnau.ch\/fr\/guichet-en-ligne\/formulare\/\" \/>\n<meta property=\"og:locale\" content=\"fr_FR\" \/>\n<meta property=\"og:type\" content=\"article\" \/>\n<meta property=\"og:title\" content=\"Formulare - Gemeinde Lengnau\" \/>\n<meta property=\"og:description\" content=\"Les formulaires peuvent \u00eatre directement remplis et envoy\u00e9s. Les frais occasionn\u00e9s et la commande sont d\u00e9clench\u00e9s apr\u00e8s le paiement en ligne (Visa et MasterCard, carte de cr\u00e9dit PostFinance). Les formulaires PDF doivent \u00eatre imprim\u00e9s et remis \u00e0 la commune de Lengnau BE. Arriv\u00e9e \/ D\u00e9m\u00e9nagement \/ D\u00e9part Confirmation de d\u00e9sinscription D\u00e9m\u00e9nagement au sein de la [&hellip;]\" \/>\n<meta property=\"og:url\" content=\"https:\/\/www.lengnau.ch\/fr\/guichet-en-ligne\/formulare\/\" \/>\n<meta property=\"og:site_name\" content=\"Gemeinde Lengnau\" \/>\n<meta property=\"article:modified_time\" content=\"2026-03-06T09:51:08+00:00\" \/>\n<meta name=\"twitter:card\" content=\"summary_large_image\" \/>\n<script type=\"application\/ld+json\" class=\"yoast-schema-graph\">{\"@context\":\"https:\\\/\\\/schema.org\",\"@graph\":[{\"@type\":\"WebPage\",\"@id\":\"https:\\\/\\\/www.lengnau.ch\\\/fr\\\/guichet-en-ligne\\\/formulare\\\/\",\"url\":\"https:\\\/\\\/www.lengnau.ch\\\/fr\\\/guichet-en-ligne\\\/formulare\\\/\",\"name\":\"Formulare - Gemeinde Lengnau\",\"isPartOf\":{\"@id\":\"https:\\\/\\\/www.lengnau.ch\\\/#website\"},\"datePublished\":\"2022-02-22T20:12:37+00:00\",\"dateModified\":\"2026-03-06T09:51:08+00:00\",\"breadcrumb\":{\"@id\":\"https:\\\/\\\/www.lengnau.ch\\\/fr\\\/guichet-en-ligne\\\/formulare\\\/#breadcrumb\"},\"inLanguage\":\"fr-FR\",\"potentialAction\":[{\"@type\":\"ReadAction\",\"target\":[\"https:\\\/\\\/www.lengnau.ch\\\/fr\\\/guichet-en-ligne\\\/formulare\\\/\"]}]},{\"@type\":\"BreadcrumbList\",\"@id\":\"https:\\\/\\\/www.lengnau.ch\\\/fr\\\/guichet-en-ligne\\\/formulare\\\/#breadcrumb\",\"itemListElement\":[{\"@type\":\"ListItem\",\"position\":1,\"name\":\"Home\",\"item\":\"https:\\\/\\\/www.lengnau.ch\\\/fr\\\/\"},{\"@type\":\"ListItem\",\"position\":2,\"name\":\"Guichet virtuel\",\"item\":\"https:\\\/\\\/www.lengnau.ch\\\/fr\\\/guichet-en-ligne\\\/\"},{\"@type\":\"ListItem\",\"position\":3,\"name\":\"Formulare\"}]},{\"@type\":\"WebSite\",\"@id\":\"https:\\\/\\\/www.lengnau.ch\\\/#website\",\"url\":\"https:\\\/\\\/www.lengnau.ch\\\/\",\"name\":\"Gemeinde Lengnau\",\"description\":\"\",\"potentialAction\":[{\"@type\":\"SearchAction\",\"target\":{\"@type\":\"EntryPoint\",\"urlTemplate\":\"https:\\\/\\\/www.lengnau.ch\\\/?s={search_term_string}\"},\"query-input\":{\"@type\":\"PropertyValueSpecification\",\"valueRequired\":true,\"valueName\":\"search_term_string\"}}],\"inLanguage\":\"fr-FR\"}]}<\/script>\n<!-- \/ Yoast SEO plugin. -->","yoast_head_json":{"title":"Formulare - Gemeinde Lengnau","robots":{"index":"index","follow":"follow","max-snippet":"max-snippet:-1","max-image-preview":"max-image-preview:large","max-video-preview":"max-video-preview:-1"},"canonical":"https:\/\/www.lengnau.ch\/fr\/guichet-en-ligne\/formulare\/","og_locale":"fr_FR","og_type":"article","og_title":"Formulare - Gemeinde Lengnau","og_description":"Les formulaires peuvent \u00eatre directement remplis et envoy\u00e9s. Les frais occasionn\u00e9s et la commande sont d\u00e9clench\u00e9s apr\u00e8s le paiement en ligne (Visa et MasterCard, carte de cr\u00e9dit PostFinance). Les formulaires PDF doivent \u00eatre imprim\u00e9s et remis \u00e0 la commune de Lengnau BE. Arriv\u00e9e \/ D\u00e9m\u00e9nagement \/ D\u00e9part Confirmation de d\u00e9sinscription D\u00e9m\u00e9nagement au sein de la [&hellip;]","og_url":"https:\/\/www.lengnau.ch\/fr\/guichet-en-ligne\/formulare\/","og_site_name":"Gemeinde Lengnau","article_modified_time":"2026-03-06T09:51:08+00:00","twitter_card":"summary_large_image","schema":{"@context":"https:\/\/schema.org","@graph":[{"@type":"WebPage","@id":"https:\/\/www.lengnau.ch\/fr\/guichet-en-ligne\/formulare\/","url":"https:\/\/www.lengnau.ch\/fr\/guichet-en-ligne\/formulare\/","name":"Formulare - Gemeinde Lengnau","isPartOf":{"@id":"https:\/\/www.lengnau.ch\/#website"},"datePublished":"2022-02-22T20:12:37+00:00","dateModified":"2026-03-06T09:51:08+00:00","breadcrumb":{"@id":"https:\/\/www.lengnau.ch\/fr\/guichet-en-ligne\/formulare\/#breadcrumb"},"inLanguage":"fr-FR","potentialAction":[{"@type":"ReadAction","target":["https:\/\/www.lengnau.ch\/fr\/guichet-en-ligne\/formulare\/"]}]},{"@type":"BreadcrumbList","@id":"https:\/\/www.lengnau.ch\/fr\/guichet-en-ligne\/formulare\/#breadcrumb","itemListElement":[{"@type":"ListItem","position":1,"name":"Home","item":"https:\/\/www.lengnau.ch\/fr\/"},{"@type":"ListItem","position":2,"name":"Guichet virtuel","item":"https:\/\/www.lengnau.ch\/fr\/guichet-en-ligne\/"},{"@type":"ListItem","position":3,"name":"Formulare"}]},{"@type":"WebSite","@id":"https:\/\/www.lengnau.ch\/#website","url":"https:\/\/www.lengnau.ch\/","name":"Gemeinde Lengnau","description":"","potentialAction":[{"@type":"SearchAction","target":{"@type":"EntryPoint","urlTemplate":"https:\/\/www.lengnau.ch\/?s={search_term_string}"},"query-input":{"@type":"PropertyValueSpecification","valueRequired":true,"valueName":"search_term_string"}}],"inLanguage":"fr-FR"}]}},"publishpress_future_action":{"enabled":false,"date":"2026-04-20 20:27:17","action":"change-status","newStatus":"draft","terms":[],"taxonomy":"translation_priority","extraData":[]},"publishpress_future_workflow_manual_trigger":{"enabledWorkflows":[]},"_links":{"self":[{"href":"https:\/\/www.lengnau.ch\/fr\/wp-json\/wp\/v2\/pages\/3079","targetHints":{"allow":["GET"]}}],"collection":[{"href":"https:\/\/www.lengnau.ch\/fr\/wp-json\/wp\/v2\/pages"}],"about":[{"href":"https:\/\/www.lengnau.ch\/fr\/wp-json\/wp\/v2\/types\/page"}],"author":[{"embeddable":true,"href":"https:\/\/www.lengnau.ch\/fr\/wp-json\/wp\/v2\/users\/1"}],"replies":[{"embeddable":true,"href":"https:\/\/www.lengnau.ch\/fr\/wp-json\/wp\/v2\/comments?post=3079"}],"version-history":[{"count":10,"href":"https:\/\/www.lengnau.ch\/fr\/wp-json\/wp\/v2\/pages\/3079\/revisions"}],"predecessor-version":[{"id":19112,"href":"https:\/\/www.lengnau.ch\/fr\/wp-json\/wp\/v2\/pages\/3079\/revisions\/19112"}],"up":[{"embeddable":true,"href":"https:\/\/www.lengnau.ch\/fr\/wp-json\/wp\/v2\/pages\/3073"}],"wp:attachment":[{"href":"https:\/\/www.lengnau.ch\/fr\/wp-json\/wp\/v2\/media?parent=3079"}],"curies":[{"name":"wp","href":"https:\/\/api.w.org\/{rel}","templated":true}]}}