{"id":3070,"date":"2022-02-22T21:16:26","date_gmt":"2022-02-22T20:16:26","guid":{"rendered":"https:\/\/lengnau.rettenmund.com\/actualites\/lengnauer-notizen\/"},"modified":"2024-06-03T08:39:34","modified_gmt":"2024-06-03T06:39:34","slug":"lengnauer-notizen","status":"publish","type":"page","link":"https:\/\/www.lengnau.ch\/fr\/actualites\/lengnauer-notizen\/","title":{"rendered":"Lengnauer Notizen"},"content":{"rendered":"<p>Les Lengnauer Notizen sont publi\u00e9es trimestriellement par la commune municipale de Lengnau BE. Une \u00e9quipe de r\u00e9daction engag\u00e9e se penche sur les sujets en cours et informe la population en d\u00e9tail.<\/p>\n<p>Outre les informations des autorit\u00e9s, des organisations externes telles que les \u00e9coles, les partis politiques, la maison de retraite et de soins S\u00e4gematt, la bourgeoisie, les paroisses, les associations, etc. ont \u00e9galement la possibilit\u00e9 de publier des articles. ont l&rsquo;occasion de faire para\u00eetre des rapports dans les Lengnauer Notizen. Les domaines de la sant\u00e9, de l&rsquo;argent et des imp\u00f4ts, le livre du trimestre, l&rsquo;industrie \u00e0 Lengnau BE et les entreprises artisanales et commerciales sont \u00e9galement th\u00e9matis\u00e9s. L&rsquo;\u00e9quipe de r\u00e9daction accepte volontiers vos contributions par <a href=\"mailto:le**************@*****au.ch\" data-original-string=\"RXyI2D04xKxXoyG3k\/\/wfA==a0evm+Kqhwd3ZEX\/MG13f3Ws6k0gLs9+UfaNZOSVID8TlE=\" title=\"This contact has been encoded by Anti-Spam by CleanTalk. Click to decode. To finish the decoding make sure that JavaScript is enabled in your browser.\">e-mail<\/a>.<\/p>\n","protected":false},"excerpt":{"rendered":"<p>Les Lengnauer Notizen sont publi\u00e9es trimestriellement par la commune municipale de Lengnau BE. Une \u00e9quipe de r\u00e9daction engag\u00e9e se penche sur les sujets en cours et informe la population en d\u00e9tail. Outre les informations des autorit\u00e9s, des organisations externes telles que les \u00e9coles, les partis politiques, la maison de retraite et de soins S\u00e4gematt, la [&hellip;]<\/p>\n","protected":false},"author":1,"featured_media":0,"parent":3067,"menu_order":23,"comment_status":"closed","ping_status":"closed","template":"page-lengnauer-notizen.php","meta":{"_acf_changed":false,"_relevanssi_hide_post":"","_relevanssi_hide_content":"","_relevanssi_pin_for_all":"","_relevanssi_pin_keywords":"","_relevanssi_unpin_keywords":"","_relevanssi_related_keywords":"","_relevanssi_related_include_ids":"","_relevanssi_related_exclude_ids":"","_relevanssi_related_no_append":"","_relevanssi_related_not_related":"","_relevanssi_related_posts":"","_relevanssi_noindex_reason":"","footnotes":""},"class_list":["post-3070","page","type-page","status-publish","hentry"],"acf":[],"yoast_head":"<!-- This site is optimized with the Yoast SEO plugin v27.5 - https:\/\/yoast.com\/product\/yoast-seo-wordpress\/ -->\n<title>Lengnauer Notizen - Gemeinde Lengnau<\/title>\n<meta name=\"robots\" content=\"index, follow, max-snippet:-1, max-image-preview:large, max-video-preview:-1\" \/>\n<link rel=\"canonical\" href=\"https:\/\/www.lengnau.ch\/fr\/actualites\/lengnauer-notizen\/\" \/>\n<meta property=\"og:locale\" content=\"fr_FR\" \/>\n<meta property=\"og:type\" content=\"article\" \/>\n<meta property=\"og:title\" content=\"Lengnauer Notizen - Gemeinde Lengnau\" \/>\n<meta property=\"og:description\" content=\"Les Lengnauer Notizen sont publi\u00e9es trimestriellement par la commune municipale de Lengnau BE. Une \u00e9quipe de r\u00e9daction engag\u00e9e se penche sur les sujets en cours et informe la population en d\u00e9tail. Outre les informations des autorit\u00e9s, des organisations externes telles que les \u00e9coles, les partis politiques, la maison de retraite et de soins S\u00e4gematt, la [&hellip;]\" \/>\n<meta property=\"og:url\" content=\"https:\/\/www.lengnau.ch\/fr\/actualites\/lengnauer-notizen\/\" \/>\n<meta property=\"og:site_name\" content=\"Gemeinde Lengnau\" \/>\n<meta property=\"article:modified_time\" content=\"2024-06-03T06:39:34+00:00\" \/>\n<meta name=\"twitter:card\" content=\"summary_large_image\" \/>\n<script type=\"application\/ld+json\" class=\"yoast-schema-graph\">{\"@context\":\"https:\\\/\\\/schema.org\",\"@graph\":[{\"@type\":\"WebPage\",\"@id\":\"https:\\\/\\\/www.lengnau.ch\\\/fr\\\/actualites\\\/lengnauer-notizen\\\/\",\"url\":\"https:\\\/\\\/www.lengnau.ch\\\/fr\\\/actualites\\\/lengnauer-notizen\\\/\",\"name\":\"Lengnauer Notizen - Gemeinde Lengnau\",\"isPartOf\":{\"@id\":\"https:\\\/\\\/www.lengnau.ch\\\/#website\"},\"datePublished\":\"2022-02-22T20:16:26+00:00\",\"dateModified\":\"2024-06-03T06:39:34+00:00\",\"breadcrumb\":{\"@id\":\"https:\\\/\\\/www.lengnau.ch\\\/fr\\\/actualites\\\/lengnauer-notizen\\\/#breadcrumb\"},\"inLanguage\":\"fr-FR\",\"potentialAction\":[{\"@type\":\"ReadAction\",\"target\":[\"https:\\\/\\\/www.lengnau.ch\\\/fr\\\/actualites\\\/lengnauer-notizen\\\/\"]}]},{\"@type\":\"BreadcrumbList\",\"@id\":\"https:\\\/\\\/www.lengnau.ch\\\/fr\\\/actualites\\\/lengnauer-notizen\\\/#breadcrumb\",\"itemListElement\":[{\"@type\":\"ListItem\",\"position\":1,\"name\":\"Home\",\"item\":\"https:\\\/\\\/www.lengnau.ch\\\/fr\\\/\"},{\"@type\":\"ListItem\",\"position\":2,\"name\":\"Actualit\u00e9s\",\"item\":\"https:\\\/\\\/www.lengnau.ch\\\/fr\\\/actualites\\\/\"},{\"@type\":\"ListItem\",\"position\":3,\"name\":\"Lengnauer Notizen\"}]},{\"@type\":\"WebSite\",\"@id\":\"https:\\\/\\\/www.lengnau.ch\\\/#website\",\"url\":\"https:\\\/\\\/www.lengnau.ch\\\/\",\"name\":\"Gemeinde Lengnau\",\"description\":\"\",\"potentialAction\":[{\"@type\":\"SearchAction\",\"target\":{\"@type\":\"EntryPoint\",\"urlTemplate\":\"https:\\\/\\\/www.lengnau.ch\\\/?s={search_term_string}\"},\"query-input\":{\"@type\":\"PropertyValueSpecification\",\"valueRequired\":true,\"valueName\":\"search_term_string\"}}],\"inLanguage\":\"fr-FR\"}]}<\/script>\n<!-- \/ Yoast SEO plugin. -->","yoast_head_json":{"title":"Lengnauer Notizen - Gemeinde Lengnau","robots":{"index":"index","follow":"follow","max-snippet":"max-snippet:-1","max-image-preview":"max-image-preview:large","max-video-preview":"max-video-preview:-1"},"canonical":"https:\/\/www.lengnau.ch\/fr\/actualites\/lengnauer-notizen\/","og_locale":"fr_FR","og_type":"article","og_title":"Lengnauer Notizen - Gemeinde Lengnau","og_description":"Les Lengnauer Notizen sont publi\u00e9es trimestriellement par la commune municipale de Lengnau BE. Une \u00e9quipe de r\u00e9daction engag\u00e9e se penche sur les sujets en cours et informe la population en d\u00e9tail. Outre les informations des autorit\u00e9s, des organisations externes telles que les \u00e9coles, les partis politiques, la maison de retraite et de soins S\u00e4gematt, la [&hellip;]","og_url":"https:\/\/www.lengnau.ch\/fr\/actualites\/lengnauer-notizen\/","og_site_name":"Gemeinde Lengnau","article_modified_time":"2024-06-03T06:39:34+00:00","twitter_card":"summary_large_image","schema":{"@context":"https:\/\/schema.org","@graph":[{"@type":"WebPage","@id":"https:\/\/www.lengnau.ch\/fr\/actualites\/lengnauer-notizen\/","url":"https:\/\/www.lengnau.ch\/fr\/actualites\/lengnauer-notizen\/","name":"Lengnauer Notizen - Gemeinde Lengnau","isPartOf":{"@id":"https:\/\/www.lengnau.ch\/#website"},"datePublished":"2022-02-22T20:16:26+00:00","dateModified":"2024-06-03T06:39:34+00:00","breadcrumb":{"@id":"https:\/\/www.lengnau.ch\/fr\/actualites\/lengnauer-notizen\/#breadcrumb"},"inLanguage":"fr-FR","potentialAction":[{"@type":"ReadAction","target":["https:\/\/www.lengnau.ch\/fr\/actualites\/lengnauer-notizen\/"]}]},{"@type":"BreadcrumbList","@id":"https:\/\/www.lengnau.ch\/fr\/actualites\/lengnauer-notizen\/#breadcrumb","itemListElement":[{"@type":"ListItem","position":1,"name":"Home","item":"https:\/\/www.lengnau.ch\/fr\/"},{"@type":"ListItem","position":2,"name":"Actualit\u00e9s","item":"https:\/\/www.lengnau.ch\/fr\/actualites\/"},{"@type":"ListItem","position":3,"name":"Lengnauer Notizen"}]},{"@type":"WebSite","@id":"https:\/\/www.lengnau.ch\/#website","url":"https:\/\/www.lengnau.ch\/","name":"Gemeinde Lengnau","description":"","potentialAction":[{"@type":"SearchAction","target":{"@type":"EntryPoint","urlTemplate":"https:\/\/www.lengnau.ch\/?s={search_term_string}"},"query-input":{"@type":"PropertyValueSpecification","valueRequired":true,"valueName":"search_term_string"}}],"inLanguage":"fr-FR"}]}},"publishpress_future_action":{"enabled":false,"date":"2026-05-24 07:31:38","action":"change-status","newStatus":"draft","terms":[],"taxonomy":"translation_priority","extraData":[]},"publishpress_future_workflow_manual_trigger":{"enabledWorkflows":[]},"_links":{"self":[{"href":"https:\/\/www.lengnau.ch\/fr\/wp-json\/wp\/v2\/pages\/3070","targetHints":{"allow":["GET"]}}],"collection":[{"href":"https:\/\/www.lengnau.ch\/fr\/wp-json\/wp\/v2\/pages"}],"about":[{"href":"https:\/\/www.lengnau.ch\/fr\/wp-json\/wp\/v2\/types\/page"}],"author":[{"embeddable":true,"href":"https:\/\/www.lengnau.ch\/fr\/wp-json\/wp\/v2\/users\/1"}],"replies":[{"embeddable":true,"href":"https:\/\/www.lengnau.ch\/fr\/wp-json\/wp\/v2\/comments?post=3070"}],"version-history":[{"count":8,"href":"https:\/\/www.lengnau.ch\/fr\/wp-json\/wp\/v2\/pages\/3070\/revisions"}],"predecessor-version":[{"id":13441,"href":"https:\/\/www.lengnau.ch\/fr\/wp-json\/wp\/v2\/pages\/3070\/revisions\/13441"}],"up":[{"embeddable":true,"href":"https:\/\/www.lengnau.ch\/fr\/wp-json\/wp\/v2\/pages\/3067"}],"wp:attachment":[{"href":"https:\/\/www.lengnau.ch\/fr\/wp-json\/wp\/v2\/media?parent=3070"}],"curies":[{"name":"wp","href":"https:\/\/api.w.org\/{rel}","templated":true}]}}