{"id":17247,"date":"2025-07-15T16:15:42","date_gmt":"2025-07-15T14:15:42","guid":{"rendered":"https:\/\/www.lengnau.ch\/?page_id=17247"},"modified":"2025-09-03T09:39:38","modified_gmt":"2025-09-03T07:39:38","slug":"installation-photovoltaique-werkhof","status":"publish","type":"page","link":"https:\/\/www.lengnau.ch\/fr\/themes\/energie-wasser\/installations-photovoltaiques-de-la-commune\/installation-photovoltaique-werkhof\/","title":{"rendered":"Installation PV du centre d&rsquo;entretien"},"content":{"rendered":"<p>En 2018, une installation photovolta\u00efque de 150 panneaux solaires a \u00e9t\u00e9 mise en service sur le toit du centre d&rsquo;entretien. L&rsquo;installation s&rsquo;\u00e9tend sur une surface de 245,52 m\u00e8tres carr\u00e9s et dispose d&rsquo;une puissance install\u00e9e de 41,25 kilowatts-cr\u00eate (kWc).<\/p>\n<p>Les modules solaires injectent l&rsquo;\u00e9lectricit\u00e9 produite dans le r\u00e9seau via deux onduleurs. En moyenne, l&rsquo;installation produit environ 40 000 kilowattheures (kWh) d&rsquo;\u00e9lectricit\u00e9 solaire par an.<\/p>\n<p>Cela correspond aux besoins annuels en \u00e9lectricit\u00e9 d&rsquo;environ 10 maisons individuelles, sur la base d&rsquo;une consommation moyenne de 4 048 kWh par m\u00e9nage. L&rsquo;installation contribue ainsi \u00e0 l&rsquo;approvisionnement \u00e9nerg\u00e9tique durable de la commune.<\/p>\n<p><strong>Tableau de bord <\/strong><strong>Installation photovolta\u00efque du centre d&rsquo;entretien<\/strong><\/p>\n<p><a class=\"external\" href=\"https:\/\/ev-lengnau-be.enerest.world\/public\/pinboard\/68a2dc081dfff45c66009ad2\" target=\"_blank\" rel=\"noopener\">Lien vers le tableau de bord photovolta\u00efque<\/a><\/p>\n<p><iframe style=\"width: 100%; max-width: 100%; height: 800px;\" src=\"https:\/\/ev-lengnau-be.enerest.world\/public\/pinboard\/68a2dc081dfff45c66009ad2\"><span data-mce-type=\"bookmark\" style=\"display: inline-block; width: 0px; overflow: hidden; line-height: 0;\" class=\"mce_SELRES_start\"><\/span><\/iframe><\/p>\n","protected":false},"excerpt":{"rendered":"<p>En 2018, une installation photovolta\u00efque de 150 panneaux solaires a \u00e9t\u00e9 mise en service sur le toit du centre d&rsquo;entretien. L&rsquo;installation s&rsquo;\u00e9tend sur une surface de 245,52 m\u00e8tres carr\u00e9s et dispose d&rsquo;une puissance install\u00e9e de 41,25 kilowatts-cr\u00eate (kWc). Les modules solaires injectent l&rsquo;\u00e9lectricit\u00e9 produite dans le r\u00e9seau via deux onduleurs. En moyenne, l&rsquo;installation produit environ [&hellip;]<\/p>\n","protected":false},"author":14,"featured_media":0,"parent":14966,"menu_order":120,"comment_status":"closed","ping_status":"closed","template":"page-normal_iframe.php","meta":{"_acf_changed":false,"_relevanssi_hide_post":"","_relevanssi_hide_content":"","_relevanssi_pin_for_all":"","_relevanssi_pin_keywords":"","_relevanssi_unpin_keywords":"","_relevanssi_related_keywords":"","_relevanssi_related_include_ids":"","_relevanssi_related_exclude_ids":"","_relevanssi_related_no_append":"","_relevanssi_related_not_related":"","_relevanssi_related_posts":"","_relevanssi_noindex_reason":"","footnotes":""},"class_list":["post-17247","page","type-page","status-publish","hentry"],"acf":[],"yoast_head":"<!-- This site is optimized with the Yoast SEO plugin v27.4 - https:\/\/yoast.com\/product\/yoast-seo-wordpress\/ -->\n<title>Installation PV du centre d&#039;entretien - Gemeinde Lengnau<\/title>\n<meta name=\"robots\" content=\"index, follow, max-snippet:-1, max-image-preview:large, max-video-preview:-1\" \/>\n<link rel=\"canonical\" href=\"https:\/\/www.lengnau.ch\/fr\/themes\/energie-wasser\/installations-photovoltaiques-de-la-commune\/installation-photovoltaique-werkhof\/\" \/>\n<meta property=\"og:locale\" content=\"fr_FR\" \/>\n<meta property=\"og:type\" content=\"article\" \/>\n<meta property=\"og:title\" content=\"Installation PV du centre d&#039;entretien - Gemeinde Lengnau\" \/>\n<meta property=\"og:description\" content=\"En 2018, une installation photovolta\u00efque de 150 panneaux solaires a \u00e9t\u00e9 mise en service sur le toit du centre d&rsquo;entretien. L&rsquo;installation s&rsquo;\u00e9tend sur une surface de 245,52 m\u00e8tres carr\u00e9s et dispose d&rsquo;une puissance install\u00e9e de 41,25 kilowatts-cr\u00eate (kWc). Les modules solaires injectent l&rsquo;\u00e9lectricit\u00e9 produite dans le r\u00e9seau via deux onduleurs. En moyenne, l&rsquo;installation produit environ [&hellip;]\" \/>\n<meta property=\"og:url\" content=\"https:\/\/www.lengnau.ch\/fr\/themes\/energie-wasser\/installations-photovoltaiques-de-la-commune\/installation-photovoltaique-werkhof\/\" \/>\n<meta property=\"og:site_name\" content=\"Gemeinde Lengnau\" \/>\n<meta property=\"article:modified_time\" content=\"2025-09-03T07:39:38+00:00\" \/>\n<meta name=\"twitter:card\" content=\"summary_large_image\" \/>\n<script type=\"application\/ld+json\" class=\"yoast-schema-graph\">{\"@context\":\"https:\\\/\\\/schema.org\",\"@graph\":[{\"@type\":\"WebPage\",\"@id\":\"https:\\\/\\\/www.lengnau.ch\\\/fr\\\/themes\\\/energie-wasser\\\/installations-photovoltaiques-de-la-commune\\\/installation-photovoltaique-werkhof\\\/\",\"url\":\"https:\\\/\\\/www.lengnau.ch\\\/fr\\\/themes\\\/energie-wasser\\\/installations-photovoltaiques-de-la-commune\\\/installation-photovoltaique-werkhof\\\/\",\"name\":\"Installation PV du centre d'entretien - Gemeinde Lengnau\",\"isPartOf\":{\"@id\":\"https:\\\/\\\/www.lengnau.ch\\\/#website\"},\"datePublished\":\"2025-07-15T14:15:42+00:00\",\"dateModified\":\"2025-09-03T07:39:38+00:00\",\"breadcrumb\":{\"@id\":\"https:\\\/\\\/www.lengnau.ch\\\/fr\\\/themes\\\/energie-wasser\\\/installations-photovoltaiques-de-la-commune\\\/installation-photovoltaique-werkhof\\\/#breadcrumb\"},\"inLanguage\":\"fr-FR\",\"potentialAction\":[{\"@type\":\"ReadAction\",\"target\":[\"https:\\\/\\\/www.lengnau.ch\\\/fr\\\/themes\\\/energie-wasser\\\/installations-photovoltaiques-de-la-commune\\\/installation-photovoltaique-werkhof\\\/\"]}]},{\"@type\":\"BreadcrumbList\",\"@id\":\"https:\\\/\\\/www.lengnau.ch\\\/fr\\\/themes\\\/energie-wasser\\\/installations-photovoltaiques-de-la-commune\\\/installation-photovoltaique-werkhof\\\/#breadcrumb\",\"itemListElement\":[{\"@type\":\"ListItem\",\"position\":1,\"name\":\"Home\",\"item\":\"https:\\\/\\\/www.lengnau.ch\\\/fr\\\/\"},{\"@type\":\"ListItem\",\"position\":2,\"name\":\"Th\u00e8mes\",\"item\":\"https:\\\/\\\/www.lengnau.ch\\\/fr\\\/themes\\\/\"},{\"@type\":\"ListItem\",\"position\":3,\"name\":\"\u00c9nergie et eau\",\"item\":\"https:\\\/\\\/www.lengnau.ch\\\/fr\\\/themes\\\/energie-wasser\\\/\"},{\"@type\":\"ListItem\",\"position\":4,\"name\":\"Installations photovolta\u00efques de la commune\",\"item\":\"https:\\\/\\\/www.lengnau.ch\\\/themes\\\/energie-wasser\\\/installations-photovoltaiques-de-la-commune\\\/\"},{\"@type\":\"ListItem\",\"position\":5,\"name\":\"Installation PV du centre d&#8217;entretien\"}]},{\"@type\":\"WebSite\",\"@id\":\"https:\\\/\\\/www.lengnau.ch\\\/#website\",\"url\":\"https:\\\/\\\/www.lengnau.ch\\\/\",\"name\":\"Gemeinde Lengnau\",\"description\":\"\",\"potentialAction\":[{\"@type\":\"SearchAction\",\"target\":{\"@type\":\"EntryPoint\",\"urlTemplate\":\"https:\\\/\\\/www.lengnau.ch\\\/?s={search_term_string}\"},\"query-input\":{\"@type\":\"PropertyValueSpecification\",\"valueRequired\":true,\"valueName\":\"search_term_string\"}}],\"inLanguage\":\"fr-FR\"}]}<\/script>\n<!-- \/ Yoast SEO plugin. -->","yoast_head_json":{"title":"Installation PV du centre d'entretien - Gemeinde Lengnau","robots":{"index":"index","follow":"follow","max-snippet":"max-snippet:-1","max-image-preview":"max-image-preview:large","max-video-preview":"max-video-preview:-1"},"canonical":"https:\/\/www.lengnau.ch\/fr\/themes\/energie-wasser\/installations-photovoltaiques-de-la-commune\/installation-photovoltaique-werkhof\/","og_locale":"fr_FR","og_type":"article","og_title":"Installation PV du centre d'entretien - Gemeinde Lengnau","og_description":"En 2018, une installation photovolta\u00efque de 150 panneaux solaires a \u00e9t\u00e9 mise en service sur le toit du centre d&rsquo;entretien. L&rsquo;installation s&rsquo;\u00e9tend sur une surface de 245,52 m\u00e8tres carr\u00e9s et dispose d&rsquo;une puissance install\u00e9e de 41,25 kilowatts-cr\u00eate (kWc). Les modules solaires injectent l&rsquo;\u00e9lectricit\u00e9 produite dans le r\u00e9seau via deux onduleurs. En moyenne, l&rsquo;installation produit environ [&hellip;]","og_url":"https:\/\/www.lengnau.ch\/fr\/themes\/energie-wasser\/installations-photovoltaiques-de-la-commune\/installation-photovoltaique-werkhof\/","og_site_name":"Gemeinde Lengnau","article_modified_time":"2025-09-03T07:39:38+00:00","twitter_card":"summary_large_image","schema":{"@context":"https:\/\/schema.org","@graph":[{"@type":"WebPage","@id":"https:\/\/www.lengnau.ch\/fr\/themes\/energie-wasser\/installations-photovoltaiques-de-la-commune\/installation-photovoltaique-werkhof\/","url":"https:\/\/www.lengnau.ch\/fr\/themes\/energie-wasser\/installations-photovoltaiques-de-la-commune\/installation-photovoltaique-werkhof\/","name":"Installation PV du centre d'entretien - Gemeinde Lengnau","isPartOf":{"@id":"https:\/\/www.lengnau.ch\/#website"},"datePublished":"2025-07-15T14:15:42+00:00","dateModified":"2025-09-03T07:39:38+00:00","breadcrumb":{"@id":"https:\/\/www.lengnau.ch\/fr\/themes\/energie-wasser\/installations-photovoltaiques-de-la-commune\/installation-photovoltaique-werkhof\/#breadcrumb"},"inLanguage":"fr-FR","potentialAction":[{"@type":"ReadAction","target":["https:\/\/www.lengnau.ch\/fr\/themes\/energie-wasser\/installations-photovoltaiques-de-la-commune\/installation-photovoltaique-werkhof\/"]}]},{"@type":"BreadcrumbList","@id":"https:\/\/www.lengnau.ch\/fr\/themes\/energie-wasser\/installations-photovoltaiques-de-la-commune\/installation-photovoltaique-werkhof\/#breadcrumb","itemListElement":[{"@type":"ListItem","position":1,"name":"Home","item":"https:\/\/www.lengnau.ch\/fr\/"},{"@type":"ListItem","position":2,"name":"Th\u00e8mes","item":"https:\/\/www.lengnau.ch\/fr\/themes\/"},{"@type":"ListItem","position":3,"name":"\u00c9nergie et eau","item":"https:\/\/www.lengnau.ch\/fr\/themes\/energie-wasser\/"},{"@type":"ListItem","position":4,"name":"Installations photovolta\u00efques de la commune","item":"https:\/\/www.lengnau.ch\/themes\/energie-wasser\/installations-photovoltaiques-de-la-commune\/"},{"@type":"ListItem","position":5,"name":"Installation PV du centre d&#8217;entretien"}]},{"@type":"WebSite","@id":"https:\/\/www.lengnau.ch\/#website","url":"https:\/\/www.lengnau.ch\/","name":"Gemeinde Lengnau","description":"","potentialAction":[{"@type":"SearchAction","target":{"@type":"EntryPoint","urlTemplate":"https:\/\/www.lengnau.ch\/?s={search_term_string}"},"query-input":{"@type":"PropertyValueSpecification","valueRequired":true,"valueName":"search_term_string"}}],"inLanguage":"fr-FR"}]}},"publishpress_future_action":{"enabled":false,"date":"2026-05-07 01:35:25","action":"change-status","newStatus":"draft","terms":[],"taxonomy":"translation_priority","extraData":[]},"publishpress_future_workflow_manual_trigger":{"enabledWorkflows":[]},"_links":{"self":[{"href":"https:\/\/www.lengnau.ch\/fr\/wp-json\/wp\/v2\/pages\/17247","targetHints":{"allow":["GET"]}}],"collection":[{"href":"https:\/\/www.lengnau.ch\/fr\/wp-json\/wp\/v2\/pages"}],"about":[{"href":"https:\/\/www.lengnau.ch\/fr\/wp-json\/wp\/v2\/types\/page"}],"author":[{"embeddable":true,"href":"https:\/\/www.lengnau.ch\/fr\/wp-json\/wp\/v2\/users\/14"}],"replies":[{"embeddable":true,"href":"https:\/\/www.lengnau.ch\/fr\/wp-json\/wp\/v2\/comments?post=17247"}],"version-history":[{"count":6,"href":"https:\/\/www.lengnau.ch\/fr\/wp-json\/wp\/v2\/pages\/17247\/revisions"}],"predecessor-version":[{"id":17579,"href":"https:\/\/www.lengnau.ch\/fr\/wp-json\/wp\/v2\/pages\/17247\/revisions\/17579"}],"up":[{"embeddable":true,"href":"https:\/\/www.lengnau.ch\/fr\/wp-json\/wp\/v2\/pages\/14966"}],"wp:attachment":[{"href":"https:\/\/www.lengnau.ch\/fr\/wp-json\/wp\/v2\/media?parent=17247"}],"curies":[{"name":"wp","href":"https:\/\/api.w.org\/{rel}","templated":true}]}}