{"id":16802,"date":"2025-05-14T10:23:52","date_gmt":"2025-05-14T08:23:52","guid":{"rendered":"https:\/\/www.lengnau.ch\/verwaltung-politik-2\/gemeindeverwaltung\/stage-apprentissage\/"},"modified":"2026-03-12T17:45:12","modified_gmt":"2026-03-12T16:45:12","slug":"stage-apprentissage","status":"publish","type":"page","link":"https:\/\/www.lengnau.ch\/fr\/verwaltung-politik-2\/gemeindeverwaltung\/stage-apprentissage\/","title":{"rendered":"Stage \/ apprentissage"},"content":{"rendered":"<h2>Employ\u00e9(e) de commerce CFC<\/h2>\n<p><strong>Condition pr\u00e9alable<\/strong><\/p>\n<p>Vous \u00eates au moins en 7. ou 8e ann\u00e9e et vous avez de bonnes notes dans l&rsquo;enseignement secondaire ou de tr\u00e8s bonnes notes dans l&rsquo;enseignement g\u00e9n\u00e9ral.<\/p>\n<p><strong>Candidature<\/strong><\/p>\n<p>Vous devez nous envoyer par <a href=\"mailto:in**@*****au.ch\" data-original-string=\"K7VqA4VKhvdpkRrfj\/Wwsw==a0ehX+e6sqQTc3ApocdIDGKUg==\" title=\"This contact has been encoded by Anti-Spam by CleanTalk. Click to decode. To finish the decoding make sure that JavaScript is enabled in your browser.\">e-mail votre lettre de motivation, votre CV et le relev\u00e9 de notes de l&rsquo;ann\u00e9e scolaire en cours et de l&rsquo;ann\u00e9e pr\u00e9c\u00e9dente .<\/a> Nous vous prions \u00e9galement de nous communiquer vos dates de stage pr\u00e9f\u00e9r\u00e9es. Vous trouverez la s\u00e9lection ci-dessous.<\/p>\n<p><strong>Dates des stages 2026<\/strong><\/p>\n<p>La commune de Lengnau BE propose des stages aux dates suivantes :<\/p>\n<ul>\n<li>08. &#8211; 09.06.2026 (d\u00e9j\u00e0 pris)<\/li>\n<li>19. &#8211; 20.10.2026<\/li>\n<li>15. &#8211; 16.02.2027<\/li>\n<\/ul>\n<p><strong>Place d&rsquo;apprentissage<\/strong><\/p>\n<p>En r\u00e8gle g\u00e9n\u00e9rale, nous proposons chaque ann\u00e9e une place d&rsquo;apprentissage dans l&rsquo;administration (services de la pr\u00e9sidence, des finances, de la construction et des affaires sociales).<\/p>\n<p>La prochaine place d&rsquo;apprentissage disponible au 1er ao\u00fbt 2026 est d\u00e9j\u00e0 attribu\u00e9e.<\/p>\n<p><strong>Contact pour les questions<\/strong><\/p>\n<p>Jennifer Hofer, formatrice professionnelle de la commune de Lengnau BE<br \/>\nT\u00e9l\u00e9phone 032 654 71 01<br \/>\n<a href=\"mailto:in**@*****au.ch\" data-original-string=\"YA481MP78z\/h\/f+Ooxi82g==a0eu9LMM02JQ2SssjJzPIrigg==\" title=\"This contact has been encoded by Anti-Spam by CleanTalk. Click to decode. To finish the decoding make sure that JavaScript is enabled in your browser.\">Courrier \u00e9lectronique<\/a><\/p>\n<h2>Assistant(e) socio-\u00e9ducatif(ve) enfants CFC<\/h2>\n<p><strong>Candidature stage d&rsquo;orientation<\/strong><\/p>\n<p>Envoyez-nous votre lettre de motivation, votre CV et vos bulletins scolaires de l&rsquo;ann\u00e9e en cours et de l&rsquo;ann\u00e9e pr\u00e9c\u00e9dente par <a href=\"mailto:an**********@*****au.ch\" data-original-string=\"XMVefNsBu0PhARMgu7qWvg==a0ej26CLgnIqgMSREYcx\/bF55yx0hnMtmLzljIkK469jRE=\" title=\"This contact has been encoded by Anti-Spam by CleanTalk. Click to decode. To finish the decoding make sure that JavaScript is enabled in your browser.\">e-mail.<\/a><\/p>\n<p><strong>Place d&rsquo;apprentissage<\/strong><\/p>\n<p>Tous les 3 \u00e0 4 ans, la KITA Balu propose une place d&rsquo;apprentissage.<\/p>\n<p><strong>Contact pour des dates d&rsquo;essai ou des questions<\/strong><\/p>\n<p>Anna H\u00fcsler, directrice de la cr\u00e8che Balu<br \/>\nT\u00e9l\u00e9phone 032 652 91 54<br \/>\n<a href=\"mailto:an**********@*****au.ch\" data-original-string=\"7iC2k1g0qJlJZvu9+SB4SQ==a0eAgqc5C0oCTCQ179IBr35yGcAPaEAMrYLHzK027te+qY=\" title=\"This contact has been encoded by Anti-Spam by CleanTalk. Click to decode. To finish the decoding make sure that JavaScript is enabled in your browser.\">Courrier \u00e9lectronique<\/a><\/p>\n<h2>Agent d&rsquo;exploitation CFC<\/h2>\n<p><strong>Candidature stage d&rsquo;orientation<\/strong><\/p>\n<p>Envoyez-nous votre lettre de motivation, votre CV et vos bulletins scolaires de l&rsquo;ann\u00e9e en cours et de l&rsquo;ann\u00e9e pr\u00e9c\u00e9dente par <a href=\"mailto:ch************@*****au.ch\" data-original-string=\"NeddK0m5mRQqEcTQ8Cpxww==a0erpJ3KccUJnCd2hOUhKSrik9UKf+rInO76hmmrEXuc6A=\" title=\"This contact has been encoded by Anti-Spam by CleanTalk. Click to decode. To finish the decoding make sure that JavaScript is enabled in your browser.\">e-mail.<\/a><\/p>\n<p><strong>Dur\u00e9e du stage d&rsquo;initiation<\/strong><\/p>\n<p>Au moins 4 jours<\/p>\n<p><strong>Place d&rsquo;apprentissage<\/strong><\/p>\n<p>Tous les 3 \u00e0 4 ans, le Werkhof Lengnau BE propose une place d&rsquo;apprentissage.<\/p>\n<p>La prochaine place d&rsquo;apprentissage disponible est pour le 1er ao\u00fbt 2027 ou le 1er ao\u00fbt 2028.<\/p>\n<p><strong>Contact pour des dates d&rsquo;essai ou des questions<\/strong><\/p>\n<p>Christian Gass, responsable du centre d&rsquo;entretien<br \/>\nT\u00e9l\u00e9phone 032 652 59 20<br \/>\n<a href=\"mailto:ch************@*****au.ch\" data-original-string=\"jqXrTcbMbRkRKYPx9Zf6qA==a0emUXJWTYW+eZuv0IuuQ5Mz2hZjEM9hqAcDtFJvsJa0zg=\" title=\"This contact has been encoded by Anti-Spam by CleanTalk. Click to decode. To finish the decoding make sure that JavaScript is enabled in your browser.\">Courrier \u00e9lectronique<\/a><\/p>\n","protected":false},"excerpt":{"rendered":"<p>Employ\u00e9(e) de commerce CFC Condition pr\u00e9alable Vous \u00eates au moins en 7. ou 8e ann\u00e9e et vous avez de bonnes notes dans l&rsquo;enseignement secondaire ou de tr\u00e8s bonnes notes dans l&rsquo;enseignement g\u00e9n\u00e9ral. Candidature Vous devez nous envoyer par e-mail votre lettre de motivation, votre CV et le relev\u00e9 de notes de l&rsquo;ann\u00e9e scolaire en cours [&hellip;]<\/p>\n","protected":false},"author":14,"featured_media":0,"parent":3119,"menu_order":29,"comment_status":"closed","ping_status":"closed","template":"","meta":{"_acf_changed":false,"_relevanssi_hide_post":"","_relevanssi_hide_content":"","_relevanssi_pin_for_all":"","_relevanssi_pin_keywords":"","_relevanssi_unpin_keywords":"","_relevanssi_related_keywords":"","_relevanssi_related_include_ids":"","_relevanssi_related_exclude_ids":"","_relevanssi_related_no_append":"","_relevanssi_related_not_related":"","_relevanssi_related_posts":"","_relevanssi_noindex_reason":"","footnotes":""},"class_list":["post-16802","page","type-page","status-publish","hentry"],"acf":[],"yoast_head":"<!-- This site is optimized with the Yoast SEO plugin v27.5 - https:\/\/yoast.com\/product\/yoast-seo-wordpress\/ -->\n<title>Stage \/ apprentissage - Gemeinde Lengnau<\/title>\n<meta name=\"robots\" content=\"index, follow, max-snippet:-1, max-image-preview:large, max-video-preview:-1\" \/>\n<link rel=\"canonical\" href=\"https:\/\/www.lengnau.ch\/fr\/verwaltung-politik-2\/gemeindeverwaltung\/stage-apprentissage\/\" \/>\n<meta property=\"og:locale\" content=\"fr_FR\" \/>\n<meta property=\"og:type\" content=\"article\" \/>\n<meta property=\"og:title\" content=\"Stage \/ apprentissage - Gemeinde Lengnau\" \/>\n<meta property=\"og:description\" content=\"Employ\u00e9(e) de commerce CFC Condition pr\u00e9alable Vous \u00eates au moins en 7. ou 8e ann\u00e9e et vous avez de bonnes notes dans l&rsquo;enseignement secondaire ou de tr\u00e8s bonnes notes dans l&rsquo;enseignement g\u00e9n\u00e9ral. Candidature Vous devez nous envoyer par e-mail votre lettre de motivation, votre CV et le relev\u00e9 de notes de l&rsquo;ann\u00e9e scolaire en cours [&hellip;]\" \/>\n<meta property=\"og:url\" content=\"https:\/\/www.lengnau.ch\/fr\/verwaltung-politik-2\/gemeindeverwaltung\/stage-apprentissage\/\" \/>\n<meta property=\"og:site_name\" content=\"Gemeinde Lengnau\" \/>\n<meta property=\"article:modified_time\" content=\"2026-03-12T16:45:12+00:00\" \/>\n<meta name=\"twitter:card\" content=\"summary_large_image\" \/>\n<script type=\"application\/ld+json\" class=\"yoast-schema-graph\">{\"@context\":\"https:\\\/\\\/schema.org\",\"@graph\":[{\"@type\":\"WebPage\",\"@id\":\"https:\\\/\\\/www.lengnau.ch\\\/fr\\\/verwaltung-politik-2\\\/gemeindeverwaltung\\\/stage-apprentissage\\\/\",\"url\":\"https:\\\/\\\/www.lengnau.ch\\\/fr\\\/verwaltung-politik-2\\\/gemeindeverwaltung\\\/stage-apprentissage\\\/\",\"name\":\"Stage \\\/ apprentissage - Gemeinde Lengnau\",\"isPartOf\":{\"@id\":\"https:\\\/\\\/www.lengnau.ch\\\/#website\"},\"datePublished\":\"2025-05-14T08:23:52+00:00\",\"dateModified\":\"2026-03-12T16:45:12+00:00\",\"breadcrumb\":{\"@id\":\"https:\\\/\\\/www.lengnau.ch\\\/fr\\\/verwaltung-politik-2\\\/gemeindeverwaltung\\\/stage-apprentissage\\\/#breadcrumb\"},\"inLanguage\":\"fr-FR\",\"potentialAction\":[{\"@type\":\"ReadAction\",\"target\":[\"https:\\\/\\\/www.lengnau.ch\\\/fr\\\/verwaltung-politik-2\\\/gemeindeverwaltung\\\/stage-apprentissage\\\/\"]}]},{\"@type\":\"BreadcrumbList\",\"@id\":\"https:\\\/\\\/www.lengnau.ch\\\/fr\\\/verwaltung-politik-2\\\/gemeindeverwaltung\\\/stage-apprentissage\\\/#breadcrumb\",\"itemListElement\":[{\"@type\":\"ListItem\",\"position\":1,\"name\":\"Home\",\"item\":\"https:\\\/\\\/www.lengnau.ch\\\/fr\\\/\"},{\"@type\":\"ListItem\",\"position\":2,\"name\":\"Administration et politique\",\"item\":\"https:\\\/\\\/www.lengnau.ch\\\/fr\\\/verwaltung-politik-2\\\/\"},{\"@type\":\"ListItem\",\"position\":3,\"name\":\"Administration communale\",\"item\":\"https:\\\/\\\/www.lengnau.ch\\\/fr\\\/verwaltung-politik-2\\\/gemeindeverwaltung\\\/\"},{\"@type\":\"ListItem\",\"position\":4,\"name\":\"Stage \\\/ apprentissage\"}]},{\"@type\":\"WebSite\",\"@id\":\"https:\\\/\\\/www.lengnau.ch\\\/#website\",\"url\":\"https:\\\/\\\/www.lengnau.ch\\\/\",\"name\":\"Gemeinde Lengnau\",\"description\":\"\",\"potentialAction\":[{\"@type\":\"SearchAction\",\"target\":{\"@type\":\"EntryPoint\",\"urlTemplate\":\"https:\\\/\\\/www.lengnau.ch\\\/?s={search_term_string}\"},\"query-input\":{\"@type\":\"PropertyValueSpecification\",\"valueRequired\":true,\"valueName\":\"search_term_string\"}}],\"inLanguage\":\"fr-FR\"}]}<\/script>\n<!-- \/ Yoast SEO plugin. -->","yoast_head_json":{"title":"Stage \/ apprentissage - Gemeinde Lengnau","robots":{"index":"index","follow":"follow","max-snippet":"max-snippet:-1","max-image-preview":"max-image-preview:large","max-video-preview":"max-video-preview:-1"},"canonical":"https:\/\/www.lengnau.ch\/fr\/verwaltung-politik-2\/gemeindeverwaltung\/stage-apprentissage\/","og_locale":"fr_FR","og_type":"article","og_title":"Stage \/ apprentissage - Gemeinde Lengnau","og_description":"Employ\u00e9(e) de commerce CFC Condition pr\u00e9alable Vous \u00eates au moins en 7. ou 8e ann\u00e9e et vous avez de bonnes notes dans l&rsquo;enseignement secondaire ou de tr\u00e8s bonnes notes dans l&rsquo;enseignement g\u00e9n\u00e9ral. Candidature Vous devez nous envoyer par e-mail votre lettre de motivation, votre CV et le relev\u00e9 de notes de l&rsquo;ann\u00e9e scolaire en cours [&hellip;]","og_url":"https:\/\/www.lengnau.ch\/fr\/verwaltung-politik-2\/gemeindeverwaltung\/stage-apprentissage\/","og_site_name":"Gemeinde Lengnau","article_modified_time":"2026-03-12T16:45:12+00:00","twitter_card":"summary_large_image","schema":{"@context":"https:\/\/schema.org","@graph":[{"@type":"WebPage","@id":"https:\/\/www.lengnau.ch\/fr\/verwaltung-politik-2\/gemeindeverwaltung\/stage-apprentissage\/","url":"https:\/\/www.lengnau.ch\/fr\/verwaltung-politik-2\/gemeindeverwaltung\/stage-apprentissage\/","name":"Stage \/ apprentissage - Gemeinde Lengnau","isPartOf":{"@id":"https:\/\/www.lengnau.ch\/#website"},"datePublished":"2025-05-14T08:23:52+00:00","dateModified":"2026-03-12T16:45:12+00:00","breadcrumb":{"@id":"https:\/\/www.lengnau.ch\/fr\/verwaltung-politik-2\/gemeindeverwaltung\/stage-apprentissage\/#breadcrumb"},"inLanguage":"fr-FR","potentialAction":[{"@type":"ReadAction","target":["https:\/\/www.lengnau.ch\/fr\/verwaltung-politik-2\/gemeindeverwaltung\/stage-apprentissage\/"]}]},{"@type":"BreadcrumbList","@id":"https:\/\/www.lengnau.ch\/fr\/verwaltung-politik-2\/gemeindeverwaltung\/stage-apprentissage\/#breadcrumb","itemListElement":[{"@type":"ListItem","position":1,"name":"Home","item":"https:\/\/www.lengnau.ch\/fr\/"},{"@type":"ListItem","position":2,"name":"Administration et politique","item":"https:\/\/www.lengnau.ch\/fr\/verwaltung-politik-2\/"},{"@type":"ListItem","position":3,"name":"Administration communale","item":"https:\/\/www.lengnau.ch\/fr\/verwaltung-politik-2\/gemeindeverwaltung\/"},{"@type":"ListItem","position":4,"name":"Stage \/ apprentissage"}]},{"@type":"WebSite","@id":"https:\/\/www.lengnau.ch\/#website","url":"https:\/\/www.lengnau.ch\/","name":"Gemeinde Lengnau","description":"","potentialAction":[{"@type":"SearchAction","target":{"@type":"EntryPoint","urlTemplate":"https:\/\/www.lengnau.ch\/?s={search_term_string}"},"query-input":{"@type":"PropertyValueSpecification","valueRequired":true,"valueName":"search_term_string"}}],"inLanguage":"fr-FR"}]}},"publishpress_future_action":{"enabled":false,"date":"2026-05-24 07:31:14","action":"change-status","newStatus":"draft","terms":[],"taxonomy":"translation_priority","extraData":[]},"publishpress_future_workflow_manual_trigger":{"enabledWorkflows":[]},"_links":{"self":[{"href":"https:\/\/www.lengnau.ch\/fr\/wp-json\/wp\/v2\/pages\/16802","targetHints":{"allow":["GET"]}}],"collection":[{"href":"https:\/\/www.lengnau.ch\/fr\/wp-json\/wp\/v2\/pages"}],"about":[{"href":"https:\/\/www.lengnau.ch\/fr\/wp-json\/wp\/v2\/types\/page"}],"author":[{"embeddable":true,"href":"https:\/\/www.lengnau.ch\/fr\/wp-json\/wp\/v2\/users\/14"}],"replies":[{"embeddable":true,"href":"https:\/\/www.lengnau.ch\/fr\/wp-json\/wp\/v2\/comments?post=16802"}],"version-history":[{"count":10,"href":"https:\/\/www.lengnau.ch\/fr\/wp-json\/wp\/v2\/pages\/16802\/revisions"}],"predecessor-version":[{"id":19207,"href":"https:\/\/www.lengnau.ch\/fr\/wp-json\/wp\/v2\/pages\/16802\/revisions\/19207"}],"up":[{"embeddable":true,"href":"https:\/\/www.lengnau.ch\/fr\/wp-json\/wp\/v2\/pages\/3119"}],"wp:attachment":[{"href":"https:\/\/www.lengnau.ch\/fr\/wp-json\/wp\/v2\/media?parent=16802"}],"curies":[{"name":"wp","href":"https:\/\/api.w.org\/{rel}","templated":true}]}}