{"id":16238,"date":"2025-04-02T16:55:42","date_gmt":"2025-04-02T14:55:42","guid":{"rendered":"https:\/\/www.lengnau.ch\/?page_id=16238"},"modified":"2025-05-06T09:04:12","modified_gmt":"2025-05-06T07:04:12","slug":"themes-environnementaux","status":"publish","type":"page","link":"https:\/\/www.lengnau.ch\/fr\/actualites\/themes-environnementaux\/","title":{"rendered":"Questions environnementales"},"content":{"rendered":"<p>Ce site fournit des informations sur les pr\u00e9occupations environnementales actuelles, les projets et les offres de la communaut\u00e9. L&rsquo;accent est mis sur les d\u00e9veloppements locaux, les solutions durables et le contexte du climat, de l&rsquo;\u00e9nergie, de la nature et des ressources.<\/p>\n<p><strong data-start=\"341\" data-end=\"397\">Ensemble, nous pouvons faire bouger les choses, m\u00eame \u00e0 petite \u00e9chelle.<\/strong><\/p>\n","protected":false},"excerpt":{"rendered":"<p>Ce site fournit des informations sur les pr\u00e9occupations environnementales actuelles, les projets et les offres de la communaut\u00e9. L&rsquo;accent est mis sur les d\u00e9veloppements locaux, les solutions durables et le contexte du climat, de l&rsquo;\u00e9nergie, de la nature et des ressources. Ensemble, nous pouvons faire bouger les choses, m\u00eame \u00e0 petite \u00e9chelle.<\/p>\n","protected":false},"author":1,"featured_media":0,"parent":3067,"menu_order":26,"comment_status":"closed","ping_status":"closed","template":"page-umweltthemen.php","meta":{"_acf_changed":false,"_relevanssi_hide_post":"","_relevanssi_hide_content":"","_relevanssi_pin_for_all":"","_relevanssi_pin_keywords":"","_relevanssi_unpin_keywords":"","_relevanssi_related_keywords":"","_relevanssi_related_include_ids":"","_relevanssi_related_exclude_ids":"","_relevanssi_related_no_append":"","_relevanssi_related_not_related":"","_relevanssi_related_posts":"","_relevanssi_noindex_reason":"","footnotes":""},"class_list":["post-16238","page","type-page","status-publish","hentry"],"acf":[],"yoast_head":"<!-- This site is optimized with the Yoast SEO plugin v27.1.1 - https:\/\/yoast.com\/product\/yoast-seo-wordpress\/ -->\n<title>Questions environnementales - Gemeinde Lengnau<\/title>\n<meta name=\"robots\" content=\"index, follow, max-snippet:-1, max-image-preview:large, max-video-preview:-1\" \/>\n<link rel=\"canonical\" href=\"https:\/\/www.lengnau.ch\/fr\/actualites\/themes-environnementaux\/\" \/>\n<meta property=\"og:locale\" content=\"fr_FR\" \/>\n<meta property=\"og:type\" content=\"article\" \/>\n<meta property=\"og:title\" content=\"Questions environnementales - Gemeinde Lengnau\" \/>\n<meta property=\"og:description\" content=\"Ce site fournit des informations sur les pr\u00e9occupations environnementales actuelles, les projets et les offres de la communaut\u00e9. L&rsquo;accent est mis sur les d\u00e9veloppements locaux, les solutions durables et le contexte du climat, de l&rsquo;\u00e9nergie, de la nature et des ressources. Ensemble, nous pouvons faire bouger les choses, m\u00eame \u00e0 petite \u00e9chelle.\" \/>\n<meta property=\"og:url\" content=\"https:\/\/www.lengnau.ch\/fr\/actualites\/themes-environnementaux\/\" \/>\n<meta property=\"og:site_name\" content=\"Gemeinde Lengnau\" \/>\n<meta property=\"article:modified_time\" content=\"2025-05-06T07:04:12+00:00\" \/>\n<meta name=\"twitter:card\" content=\"summary_large_image\" \/>\n<script type=\"application\/ld+json\" class=\"yoast-schema-graph\">{\"@context\":\"https:\/\/schema.org\",\"@graph\":[{\"@type\":\"WebPage\",\"@id\":\"https:\/\/www.lengnau.ch\/fr\/actualites\/themes-environnementaux\/\",\"url\":\"https:\/\/www.lengnau.ch\/fr\/actualites\/themes-environnementaux\/\",\"name\":\"Questions environnementales - Gemeinde Lengnau\",\"isPartOf\":{\"@id\":\"https:\/\/www.lengnau.ch\/#website\"},\"datePublished\":\"2025-04-02T14:55:42+00:00\",\"dateModified\":\"2025-05-06T07:04:12+00:00\",\"breadcrumb\":{\"@id\":\"https:\/\/www.lengnau.ch\/fr\/actualites\/themes-environnementaux\/#breadcrumb\"},\"inLanguage\":\"fr-FR\",\"potentialAction\":[{\"@type\":\"ReadAction\",\"target\":[\"https:\/\/www.lengnau.ch\/fr\/actualites\/themes-environnementaux\/\"]}]},{\"@type\":\"BreadcrumbList\",\"@id\":\"https:\/\/www.lengnau.ch\/fr\/actualites\/themes-environnementaux\/#breadcrumb\",\"itemListElement\":[{\"@type\":\"ListItem\",\"position\":1,\"name\":\"Home\",\"item\":\"https:\/\/www.lengnau.ch\/fr\/\"},{\"@type\":\"ListItem\",\"position\":2,\"name\":\"Actualit\u00e9s\",\"item\":\"https:\/\/www.lengnau.ch\/fr\/actualites\/\"},{\"@type\":\"ListItem\",\"position\":3,\"name\":\"Questions environnementales\"}]},{\"@type\":\"WebSite\",\"@id\":\"https:\/\/www.lengnau.ch\/#website\",\"url\":\"https:\/\/www.lengnau.ch\/\",\"name\":\"Gemeinde Lengnau\",\"description\":\"\",\"potentialAction\":[{\"@type\":\"SearchAction\",\"target\":{\"@type\":\"EntryPoint\",\"urlTemplate\":\"https:\/\/www.lengnau.ch\/?s={search_term_string}\"},\"query-input\":{\"@type\":\"PropertyValueSpecification\",\"valueRequired\":true,\"valueName\":\"search_term_string\"}}],\"inLanguage\":\"fr-FR\"}]}<\/script>\n<!-- \/ Yoast SEO plugin. -->","yoast_head_json":{"title":"Questions environnementales - Gemeinde Lengnau","robots":{"index":"index","follow":"follow","max-snippet":"max-snippet:-1","max-image-preview":"max-image-preview:large","max-video-preview":"max-video-preview:-1"},"canonical":"https:\/\/www.lengnau.ch\/fr\/actualites\/themes-environnementaux\/","og_locale":"fr_FR","og_type":"article","og_title":"Questions environnementales - Gemeinde Lengnau","og_description":"Ce site fournit des informations sur les pr\u00e9occupations environnementales actuelles, les projets et les offres de la communaut\u00e9. L&rsquo;accent est mis sur les d\u00e9veloppements locaux, les solutions durables et le contexte du climat, de l&rsquo;\u00e9nergie, de la nature et des ressources. Ensemble, nous pouvons faire bouger les choses, m\u00eame \u00e0 petite \u00e9chelle.","og_url":"https:\/\/www.lengnau.ch\/fr\/actualites\/themes-environnementaux\/","og_site_name":"Gemeinde Lengnau","article_modified_time":"2025-05-06T07:04:12+00:00","twitter_card":"summary_large_image","schema":{"@context":"https:\/\/schema.org","@graph":[{"@type":"WebPage","@id":"https:\/\/www.lengnau.ch\/fr\/actualites\/themes-environnementaux\/","url":"https:\/\/www.lengnau.ch\/fr\/actualites\/themes-environnementaux\/","name":"Questions environnementales - Gemeinde Lengnau","isPartOf":{"@id":"https:\/\/www.lengnau.ch\/#website"},"datePublished":"2025-04-02T14:55:42+00:00","dateModified":"2025-05-06T07:04:12+00:00","breadcrumb":{"@id":"https:\/\/www.lengnau.ch\/fr\/actualites\/themes-environnementaux\/#breadcrumb"},"inLanguage":"fr-FR","potentialAction":[{"@type":"ReadAction","target":["https:\/\/www.lengnau.ch\/fr\/actualites\/themes-environnementaux\/"]}]},{"@type":"BreadcrumbList","@id":"https:\/\/www.lengnau.ch\/fr\/actualites\/themes-environnementaux\/#breadcrumb","itemListElement":[{"@type":"ListItem","position":1,"name":"Home","item":"https:\/\/www.lengnau.ch\/fr\/"},{"@type":"ListItem","position":2,"name":"Actualit\u00e9s","item":"https:\/\/www.lengnau.ch\/fr\/actualites\/"},{"@type":"ListItem","position":3,"name":"Questions environnementales"}]},{"@type":"WebSite","@id":"https:\/\/www.lengnau.ch\/#website","url":"https:\/\/www.lengnau.ch\/","name":"Gemeinde Lengnau","description":"","potentialAction":[{"@type":"SearchAction","target":{"@type":"EntryPoint","urlTemplate":"https:\/\/www.lengnau.ch\/?s={search_term_string}"},"query-input":{"@type":"PropertyValueSpecification","valueRequired":true,"valueName":"search_term_string"}}],"inLanguage":"fr-FR"}]}},"publishpress_future_action":{"enabled":false,"date":"2026-04-12 15:02:46","action":"change-status","newStatus":"draft","terms":[],"taxonomy":"translation_priority","extraData":[]},"publishpress_future_workflow_manual_trigger":{"enabledWorkflows":[]},"_links":{"self":[{"href":"https:\/\/www.lengnau.ch\/fr\/wp-json\/wp\/v2\/pages\/16238","targetHints":{"allow":["GET"]}}],"collection":[{"href":"https:\/\/www.lengnau.ch\/fr\/wp-json\/wp\/v2\/pages"}],"about":[{"href":"https:\/\/www.lengnau.ch\/fr\/wp-json\/wp\/v2\/types\/page"}],"author":[{"embeddable":true,"href":"https:\/\/www.lengnau.ch\/fr\/wp-json\/wp\/v2\/users\/1"}],"replies":[{"embeddable":true,"href":"https:\/\/www.lengnau.ch\/fr\/wp-json\/wp\/v2\/comments?post=16238"}],"version-history":[{"count":2,"href":"https:\/\/www.lengnau.ch\/fr\/wp-json\/wp\/v2\/pages\/16238\/revisions"}],"predecessor-version":[{"id":16623,"href":"https:\/\/www.lengnau.ch\/fr\/wp-json\/wp\/v2\/pages\/16238\/revisions\/16623"}],"up":[{"embeddable":true,"href":"https:\/\/www.lengnau.ch\/fr\/wp-json\/wp\/v2\/pages\/3067"}],"wp:attachment":[{"href":"https:\/\/www.lengnau.ch\/fr\/wp-json\/wp\/v2\/media?parent=16238"}],"curies":[{"name":"wp","href":"https:\/\/api.w.org\/{rel}","templated":true}]}}