{"id":14164,"date":"2024-08-30T18:20:14","date_gmt":"2024-08-30T16:20:14","guid":{"rendered":"https:\/\/www.lengnau.ch\/themes\/energie-wasser\/nuit-des-etoiles\/"},"modified":"2025-09-10T07:55:10","modified_gmt":"2025-09-10T05:55:10","slug":"nacht-der-sterne","status":"publish","type":"page","link":"https:\/\/www.lengnau.ch\/fr\/themes\/energie-wasser\/nacht-der-sterne\/","title":{"rendered":"Nuit des \u00e9toiles"},"content":{"rendered":"<figure id=\"attachment_16490\" aria-describedby=\"caption-attachment-16490\" style=\"width: 750px\" class=\"wp-caption alignnone\"><img loading=\"lazy\" decoding=\"async\" class=\"wp-image-16489 size-large\" src=\"https:\/\/www.lengnau.ch\/wp-content\/uploads\/2025\/04\/nds_25_banner_120x30mm_cmyk.jpg\" alt=\"\" width=\"750\" height=\"188\"><figcaption id=\"caption-attachment-16490\" class=\"wp-caption-text\">Logo fourni par le comit\u00e9 d&rsquo;organisation interr\u00e9gional de la Nuit des \u00e9toiles<\/figcaption><\/figure>\n<p><strong>L&rsquo;\u00e9v\u00e9nement aura lieu le vendredi 12 septembre 2025 dans plusieurs communes du canton de Berne. C&rsquo;est le cas chez nous \u00e0 Lengnau BE. L&rsquo;initiative communale attire l&rsquo;attention sur l&rsquo;illumination croissante de l&rsquo;obscurit\u00e9 naturelle de la nuit et donne un signal pour une utilisation consciente de la lumi\u00e8re artificielle.<\/strong><\/p>\n<p>Apr\u00e8s la premi\u00e8re participation de la commune municipale de Lengnau BE \u00e0 la \u00ab\u00a0Nuit des \u00e9toiles\u00a0\u00bb l&rsquo;ann\u00e9e derni\u00e8re, un \u00e9v\u00e9nement sera organis\u00e9 pour la deuxi\u00e8me fois lors de cette soir\u00e9e sp\u00e9ciale &#8211; le vendredi 12 septembre 2025. Il est \u00e9galement envisag\u00e9 d&rsquo;organiser \u00e9ventuellement plusieurs \u00e9v\u00e9nements.<\/p>\n<p><strong>Sensibilisation contre les \u00e9missions lumineuses ind\u00e9sirables<br \/>\n<\/strong>L&rsquo;\u00e9v\u00e9nement vise \u00e0 nous faire prendre conscience de l&rsquo;ampleur des effets d&rsquo;un \u00e9clairage artificiel excessif. En outre, la beaut\u00e9 de la nuit doit \u00eatre \u00e0 nouveau perceptible dans les zones dens\u00e9ment peupl\u00e9es et dans les espaces urbains, du moins lors de cette soir\u00e9e unique.<\/p>\n<p>Les communes participantes s&rsquo;engagent ensemble contre les \u00e9missions lumineuses ind\u00e9sirables gr\u00e2ce \u00e0 cet \u00e9v\u00e9nement de sensibilisation. L&rsquo;objectif est de r\u00e9fl\u00e9chir \u00e0 la valeur de l&rsquo;obscurit\u00e9 nocturne, d\u00e9j\u00e0 perdue en de nombreux endroits. Et de s&rsquo;interroger sur sa propre consommation d&rsquo;\u00e9clairage artificiel.<\/p>\n<p><strong>R\u00e9trospective de l&rsquo;\u00e9v\u00e9nement : La premi\u00e8re participation \u00e0 la \u00ab\u00a0Nuit des \u00e9toiles\u00a0\u00bb 2024 a \u00e9t\u00e9 un franc succ\u00e8s !<br \/>\n<\/strong>Apr\u00e8s la participation de quelques communes de la vall\u00e9e de l&rsquo;Aar et de la G\u00fcrbe lors de la premi\u00e8re ann\u00e9e pilote en 2023, toutes les communes du canton de Berne, y compris les communes de la vall\u00e9e de l&rsquo;Aar et de la G\u00fcrbe, ont \u00e9t\u00e9 s\u00e9lectionn\u00e9es pour l&rsquo;\u00e9dition 2024. des r\u00e9gions francophones, a \u00e9t\u00e9 sollicit\u00e9 pour participer.<\/p>\n<p>Une soixantaine de communes et de villes de tout le canton de Berne ont fait part de leur int\u00e9r\u00eat, ce que le comit\u00e9 d&rsquo;organisation a pu consid\u00e9rer comme un premier succ\u00e8s. Les directives techniques et de s\u00e9curit\u00e9 (concept de s\u00e9curit\u00e9) n&rsquo;ont pas pu \u00eatre mises en \u0153uvre partout, si bien que 30 communes ont finalement \u00e9t\u00e9 plong\u00e9es dans l&rsquo;obscurit\u00e9, respectivement dans le noir. les \u00e9clairages publics n&rsquo;ont pas \u00e9t\u00e9 allum\u00e9s.<\/p>\n<p>L&rsquo;ann\u00e9e derni\u00e8re, la commune de Lengnau BE a particip\u00e9 pour la premi\u00e8re fois \u00e0 la \u00ab\u00a0Nuit des \u00e9toiles\u00a0\u00bb. Un \u00e9v\u00e9nement a \u00e9t\u00e9 organis\u00e9 sur la place de la Fontaine, ce qui a permis d&rsquo;enthousiasmer un certain nombre d&rsquo;habitants et de c\u00e9l\u00e9brer un moment de convivialit\u00e9 dans l&rsquo;obscurit\u00e9. Malgr\u00e9 le mauvais temps, beaucoup ont trouv\u00e9 le chemin sous les tentes derri\u00e8re la maison communale. C&rsquo;\u00e9tait une ambiance unique sur le territoire de la commune et impressionnante de voir comment la commune se pr\u00e9sentait sans \u00e9clairage public.<\/p>\n<p><strong>Eclairage public le long des routes cantonales<br \/>\n<\/strong>Cette ann\u00e9e, l&rsquo;\u00e9clairage public sur les routes cantonales doit rester allum\u00e9 cette nuit, car il n&rsquo;existe pas de base juridique pour l&rsquo;\u00e9teindre. Entre-temps, le comit\u00e9 d&rsquo;organisation de la \u00ab\u00a0Nuit des \u00e9toiles\u00a0\u00bb a demand\u00e9 au Conseil-ex\u00e9cutif du canton de Berne d&rsquo;en cr\u00e9er une, de sorte qu&rsquo;un arr\u00eat total puisse \u00e0 nouveau \u00eatre possible \u00e0 partir de 2026.<\/p>\n<p>Sur les routes communales, l&rsquo;\u00e9clairage public peut \u00eatre \u00e9teint le 12 septembre 2025 si cela peut \u00eatre command\u00e9 ind\u00e9pendamment des routes cantonales. Il reste \u00e0 v\u00e9rifier si cela est techniquement possible \u00e0 Lengnau BE, m\u00eame si ce n&rsquo;est que quartier par quartier. La population sera inform\u00e9e en temps voulu.<\/p>\n<p><strong>Focalisation sur les manifestations et extinction des lumi\u00e8res dans les commerces et chez les particuliers<br \/>\n<\/strong>Le comit\u00e9 d&rsquo;organisation, compos\u00e9 de repr\u00e9sentants des communes d&rsquo;Allmendingen, M\u00fcnsingen, Kehrsatz et, depuis peu, de Lengnau BE, recommande aux communes du canton de Berne de mettre l&rsquo;accent cette ann\u00e9e sur l&rsquo;organisation de manifestations. Il s&rsquo;agit en outre d&rsquo;inciter les commerces, les entreprises et les particuliers \u00e0 \u00e9teindre leur \u00e9clairage. Les enseignes lumineuses et les \u00e9clairages d\u00e9coratifs, en particulier, contribuent consid\u00e9rablement \u00e0 la pollution lumineuse, leur part \u00e9tant estim\u00e9e entre 30 et 40 pour cent, avec une tendance \u00e0 la hausse. Avec leur soutien, nous pourrons obtenir une r\u00e9duction sensible des \u00e9missions lumineuses et organiser une \u00ab\u00a0Nuit des \u00e9toiles\u00a0\u00bb 2025 impressionnante et pleine d&rsquo;ambiance, avec, esp\u00e9rons-le, un effet durable !<\/p>\n<p>La \u00ab\u00a0Nuit des \u00e9toiles\u00a0\u00bb 2025 est une exp\u00e9rience impressionnante et une promesse de protection \u00e0 plus long terme de l&rsquo;obscurit\u00e9. Participez et red\u00e9couvrez la magie du ciel \u00e9toil\u00e9 !<\/p>\n<p><strong>Manifestations pr\u00e9vues \u00e0 Longeau BE dans le cadre de la \u00ab\u00a0Nuit des \u00e9toiles\u00a0\u00bb 2025<br \/>\n<\/strong>La commission comp\u00e9tente pour le d\u00e9veloppement communal, l&rsquo;\u00e9conomie, le sport et la culture (GEWIKO) s&rsquo;occupe d\u00e9j\u00e0 de l&rsquo;organisation de la manifestation sur la Brunnenplatz ainsi que d&rsquo;autres manifestations. Des discussions sont en cours avec energie wasser lengnau, la Burgergemeinde Lengnau et Thermo Fisher Scientific, qui ont \u00e9galement contribu\u00e9 l&rsquo;ann\u00e9e derni\u00e8re \u00e0 l&rsquo;organisation de la manifestation sur la place de la Fontaine.<\/p>\n<p>D&rsquo;autres id\u00e9es et suggestions de la population sont les bienvenues !<\/p>\n<h2><span style=\"color: #000000;\">\u00c9v\u00e9nements \u00e0 Lengnau BE &#8211; Participez !<\/span><\/h2>\n<p>Faites partie de l&rsquo;\u00e9v\u00e9nement et participez ! Par exemple, en participant activement \u00e0 votre propre programme ou en profitant simplement de l&rsquo;ambiance et de l&rsquo;atmosph\u00e8re uniques de cette nuit particuli\u00e8re lors des diverses manifestations. Et le mieux est de ne pas allumer toutes les sources de lumi\u00e8re inutiles cette nuit-l\u00e0.<\/p>\n<p><strong>Contact<br \/>\n<\/strong>Adressez vos id\u00e9es, suggestions et questions sur l&rsquo;\u00e9v\u00e9nement \u00e0 la commune de Lengnau BE, service de la pr\u00e9sidence, Steve Schranz, 032 654 71 01 \/ <a href=\"mailto:st***********@*****au.ch\" data-original-string=\"Nd3E+P2vCuc1tqZTxwwf6Q==a0eNC5DVbmSFNI\/yKzt1BeOqzzWSt4V\/LMP0ojrav0MTHk=\" title=\"This contact has been encoded by Anti-Spam by CleanTalk. Click to decode. To finish the decoding make sure that JavaScript is enabled in your browser.\">e-mail<\/a><\/p>\n<h2>Programme d\u00e9taill\u00e9<\/h2>\n<p><a class=\"pdflink\" href=\"https:\/\/www.lengnau.ch\/wp-content\/uploads\/2025\/09\/Einladung_Anlass_Nacht_der_Sterne_2025_Brunnenplatz_Muehlesaal.pdf\" target=\"_blank\" rel=\"noopener\">Invitation \/ Programme d\u00e9taill\u00e9<\/a><\/p>\n<p><a href=\"https:\/\/www.lengnau.ch\/wp-content\/uploads\/2025\/09\/Einladung_Anlass_Nacht_der_Sterne_2025_Brunnenplatz_Muehlesaal-e1756879531841.png\" target=\"_blank\" rel=\"noopener\"><img loading=\"lazy\" decoding=\"async\" class=\"alignnone wp-image-17565 size-large\" src=\"https:\/\/www.lengnau.ch\/wp-content\/uploads\/2025\/09\/Einladung_Anlass_Nacht_der_Sterne_2025_Brunnenplatz_Muehlesaal-e1756879531841.png\" alt=\"\" width=\"669\" height=\"1024\" srcset=\"https:\/\/www.lengnau.ch\/wp-content\/uploads\/2025\/09\/Einladung_Anlass_Nacht_der_Sterne_2025_Brunnenplatz_Muehlesaal-e1756879531841.png 1074w, https:\/\/www.lengnau.ch\/wp-content\/uploads\/2025\/09\/Einladung_Anlass_Nacht_der_Sterne_2025_Brunnenplatz_Muehlesaal-e1756879531841-196x300.png 196w, https:\/\/www.lengnau.ch\/wp-content\/uploads\/2025\/09\/Einladung_Anlass_Nacht_der_Sterne_2025_Brunnenplatz_Muehlesaal-e1756879531841-669x1024.png 669w, https:\/\/www.lengnau.ch\/wp-content\/uploads\/2025\/09\/Einladung_Anlass_Nacht_der_Sterne_2025_Brunnenplatz_Muehlesaal-e1756879531841-768x1176.png 768w, https:\/\/www.lengnau.ch\/wp-content\/uploads\/2025\/09\/Einladung_Anlass_Nacht_der_Sterne_2025_Brunnenplatz_Muehlesaal-e1756879531841-1003x1536.png 1003w\" sizes=\"auto, (max-width: 669px) 100vw, 669px\" \/><\/a><\/p>\n<h3>En savoir plus sur le sujet<\/h3>\n<p><a class=\"pdflink\" href=\"https:\/\/www.lengnau.ch\/wp-content\/uploads\/2025\/09\/Medienmitteilung-Nacht-der-Sterne-2025.pdf\" target=\"_blank\" rel=\"noopener\">Communiqu\u00e9 de presse du 08.09.2025 &#8211; CO \u00ab\u00a0Nuit des \u00e9toiles\u00a0\u00bb 2025<\/a><\/p>\n","protected":false},"excerpt":{"rendered":"<p>L&rsquo;\u00e9v\u00e9nement aura lieu le vendredi 12 septembre 2025 dans plusieurs communes du canton de Berne. C&rsquo;est le cas chez nous \u00e0 Lengnau BE. L&rsquo;initiative communale attire l&rsquo;attention sur l&rsquo;illumination croissante de l&rsquo;obscurit\u00e9 naturelle de la nuit et donne un signal pour une utilisation consciente de la lumi\u00e8re artificielle. Apr\u00e8s la premi\u00e8re participation de la commune [&hellip;]<\/p>\n","protected":false},"author":14,"featured_media":0,"parent":3179,"menu_order":111,"comment_status":"closed","ping_status":"closed","template":"","meta":{"_acf_changed":false,"_relevanssi_hide_post":"","_relevanssi_hide_content":"","_relevanssi_pin_for_all":"","_relevanssi_pin_keywords":"","_relevanssi_unpin_keywords":"","_relevanssi_related_keywords":"","_relevanssi_related_include_ids":"","_relevanssi_related_exclude_ids":"","_relevanssi_related_no_append":"","_relevanssi_related_not_related":"","_relevanssi_related_posts":"","_relevanssi_noindex_reason":"","footnotes":""},"class_list":["post-14164","page","type-page","status-publish","hentry"],"acf":[],"yoast_head":"<!-- This site is optimized with the Yoast SEO plugin v27.4 - https:\/\/yoast.com\/product\/yoast-seo-wordpress\/ -->\n<title>Nuit des \u00e9toiles - Gemeinde Lengnau<\/title>\n<meta name=\"robots\" content=\"index, follow, max-snippet:-1, max-image-preview:large, max-video-preview:-1\" \/>\n<link rel=\"canonical\" href=\"https:\/\/www.lengnau.ch\/fr\/themes\/energie-wasser\/nacht-der-sterne\/\" \/>\n<meta property=\"og:locale\" content=\"fr_FR\" \/>\n<meta property=\"og:type\" content=\"article\" \/>\n<meta property=\"og:title\" content=\"Nuit des \u00e9toiles - Gemeinde Lengnau\" \/>\n<meta property=\"og:description\" content=\"L&rsquo;\u00e9v\u00e9nement aura lieu le vendredi 12 septembre 2025 dans plusieurs communes du canton de Berne. C&rsquo;est le cas chez nous \u00e0 Lengnau BE. L&rsquo;initiative communale attire l&rsquo;attention sur l&rsquo;illumination croissante de l&rsquo;obscurit\u00e9 naturelle de la nuit et donne un signal pour une utilisation consciente de la lumi\u00e8re artificielle. Apr\u00e8s la premi\u00e8re participation de la commune [&hellip;]\" \/>\n<meta property=\"og:url\" content=\"https:\/\/www.lengnau.ch\/fr\/themes\/energie-wasser\/nacht-der-sterne\/\" \/>\n<meta property=\"og:site_name\" content=\"Gemeinde Lengnau\" \/>\n<meta property=\"article:modified_time\" content=\"2025-09-10T05:55:10+00:00\" \/>\n<meta property=\"og:image\" content=\"https:\/\/www.lengnau.ch\/wp-content\/uploads\/2025\/04\/nds_25_banner_120x30mm_cmyk.jpg\" \/>\n\t<meta property=\"og:image:width\" content=\"1417\" \/>\n\t<meta property=\"og:image:height\" content=\"354\" \/>\n\t<meta property=\"og:image:type\" content=\"image\/jpeg\" \/>\n<meta name=\"twitter:card\" content=\"summary_large_image\" \/>\n<script type=\"application\/ld+json\" class=\"yoast-schema-graph\">{\"@context\":\"https:\\\/\\\/schema.org\",\"@graph\":[{\"@type\":\"WebPage\",\"@id\":\"https:\\\/\\\/www.lengnau.ch\\\/fr\\\/themes\\\/energie-wasser\\\/nacht-der-sterne\\\/\",\"url\":\"https:\\\/\\\/www.lengnau.ch\\\/fr\\\/themes\\\/energie-wasser\\\/nacht-der-sterne\\\/\",\"name\":\"Nuit des \u00e9toiles - Gemeinde Lengnau\",\"isPartOf\":{\"@id\":\"https:\\\/\\\/www.lengnau.ch\\\/#website\"},\"primaryImageOfPage\":{\"@id\":\"https:\\\/\\\/www.lengnau.ch\\\/fr\\\/themes\\\/energie-wasser\\\/nacht-der-sterne\\\/#primaryimage\"},\"image\":{\"@id\":\"https:\\\/\\\/www.lengnau.ch\\\/fr\\\/themes\\\/energie-wasser\\\/nacht-der-sterne\\\/#primaryimage\"},\"thumbnailUrl\":\"https:\\\/\\\/www.lengnau.ch\\\/wp-content\\\/uploads\\\/2025\\\/04\\\/nds_25_banner_120x30mm_cmyk.jpg\",\"datePublished\":\"2024-08-30T16:20:14+00:00\",\"dateModified\":\"2025-09-10T05:55:10+00:00\",\"breadcrumb\":{\"@id\":\"https:\\\/\\\/www.lengnau.ch\\\/fr\\\/themes\\\/energie-wasser\\\/nacht-der-sterne\\\/#breadcrumb\"},\"inLanguage\":\"fr-FR\",\"potentialAction\":[{\"@type\":\"ReadAction\",\"target\":[\"https:\\\/\\\/www.lengnau.ch\\\/fr\\\/themes\\\/energie-wasser\\\/nacht-der-sterne\\\/\"]}]},{\"@type\":\"ImageObject\",\"inLanguage\":\"fr-FR\",\"@id\":\"https:\\\/\\\/www.lengnau.ch\\\/fr\\\/themes\\\/energie-wasser\\\/nacht-der-sterne\\\/#primaryimage\",\"url\":\"https:\\\/\\\/www.lengnau.ch\\\/wp-content\\\/uploads\\\/2025\\\/04\\\/nds_25_banner_120x30mm_cmyk.jpg\",\"contentUrl\":\"https:\\\/\\\/www.lengnau.ch\\\/wp-content\\\/uploads\\\/2025\\\/04\\\/nds_25_banner_120x30mm_cmyk.jpg\"},{\"@type\":\"BreadcrumbList\",\"@id\":\"https:\\\/\\\/www.lengnau.ch\\\/fr\\\/themes\\\/energie-wasser\\\/nacht-der-sterne\\\/#breadcrumb\",\"itemListElement\":[{\"@type\":\"ListItem\",\"position\":1,\"name\":\"Home\",\"item\":\"https:\\\/\\\/www.lengnau.ch\\\/fr\\\/\"},{\"@type\":\"ListItem\",\"position\":2,\"name\":\"Th\u00e8mes\",\"item\":\"https:\\\/\\\/www.lengnau.ch\\\/fr\\\/themes\\\/\"},{\"@type\":\"ListItem\",\"position\":3,\"name\":\"\u00c9nergie et eau\",\"item\":\"https:\\\/\\\/www.lengnau.ch\\\/fr\\\/themes\\\/energie-wasser\\\/\"},{\"@type\":\"ListItem\",\"position\":4,\"name\":\"Nuit des \u00e9toiles\"}]},{\"@type\":\"WebSite\",\"@id\":\"https:\\\/\\\/www.lengnau.ch\\\/#website\",\"url\":\"https:\\\/\\\/www.lengnau.ch\\\/\",\"name\":\"Gemeinde Lengnau\",\"description\":\"\",\"potentialAction\":[{\"@type\":\"SearchAction\",\"target\":{\"@type\":\"EntryPoint\",\"urlTemplate\":\"https:\\\/\\\/www.lengnau.ch\\\/?s={search_term_string}\"},\"query-input\":{\"@type\":\"PropertyValueSpecification\",\"valueRequired\":true,\"valueName\":\"search_term_string\"}}],\"inLanguage\":\"fr-FR\"}]}<\/script>\n<!-- \/ Yoast SEO plugin. -->","yoast_head_json":{"title":"Nuit des \u00e9toiles - Gemeinde Lengnau","robots":{"index":"index","follow":"follow","max-snippet":"max-snippet:-1","max-image-preview":"max-image-preview:large","max-video-preview":"max-video-preview:-1"},"canonical":"https:\/\/www.lengnau.ch\/fr\/themes\/energie-wasser\/nacht-der-sterne\/","og_locale":"fr_FR","og_type":"article","og_title":"Nuit des \u00e9toiles - Gemeinde Lengnau","og_description":"L&rsquo;\u00e9v\u00e9nement aura lieu le vendredi 12 septembre 2025 dans plusieurs communes du canton de Berne. C&rsquo;est le cas chez nous \u00e0 Lengnau BE. L&rsquo;initiative communale attire l&rsquo;attention sur l&rsquo;illumination croissante de l&rsquo;obscurit\u00e9 naturelle de la nuit et donne un signal pour une utilisation consciente de la lumi\u00e8re artificielle. Apr\u00e8s la premi\u00e8re participation de la commune [&hellip;]","og_url":"https:\/\/www.lengnau.ch\/fr\/themes\/energie-wasser\/nacht-der-sterne\/","og_site_name":"Gemeinde Lengnau","article_modified_time":"2025-09-10T05:55:10+00:00","og_image":[{"width":1417,"height":354,"url":"https:\/\/www.lengnau.ch\/wp-content\/uploads\/2025\/04\/nds_25_banner_120x30mm_cmyk.jpg","type":"image\/jpeg"}],"twitter_card":"summary_large_image","schema":{"@context":"https:\/\/schema.org","@graph":[{"@type":"WebPage","@id":"https:\/\/www.lengnau.ch\/fr\/themes\/energie-wasser\/nacht-der-sterne\/","url":"https:\/\/www.lengnau.ch\/fr\/themes\/energie-wasser\/nacht-der-sterne\/","name":"Nuit des \u00e9toiles - Gemeinde Lengnau","isPartOf":{"@id":"https:\/\/www.lengnau.ch\/#website"},"primaryImageOfPage":{"@id":"https:\/\/www.lengnau.ch\/fr\/themes\/energie-wasser\/nacht-der-sterne\/#primaryimage"},"image":{"@id":"https:\/\/www.lengnau.ch\/fr\/themes\/energie-wasser\/nacht-der-sterne\/#primaryimage"},"thumbnailUrl":"https:\/\/www.lengnau.ch\/wp-content\/uploads\/2025\/04\/nds_25_banner_120x30mm_cmyk.jpg","datePublished":"2024-08-30T16:20:14+00:00","dateModified":"2025-09-10T05:55:10+00:00","breadcrumb":{"@id":"https:\/\/www.lengnau.ch\/fr\/themes\/energie-wasser\/nacht-der-sterne\/#breadcrumb"},"inLanguage":"fr-FR","potentialAction":[{"@type":"ReadAction","target":["https:\/\/www.lengnau.ch\/fr\/themes\/energie-wasser\/nacht-der-sterne\/"]}]},{"@type":"ImageObject","inLanguage":"fr-FR","@id":"https:\/\/www.lengnau.ch\/fr\/themes\/energie-wasser\/nacht-der-sterne\/#primaryimage","url":"https:\/\/www.lengnau.ch\/wp-content\/uploads\/2025\/04\/nds_25_banner_120x30mm_cmyk.jpg","contentUrl":"https:\/\/www.lengnau.ch\/wp-content\/uploads\/2025\/04\/nds_25_banner_120x30mm_cmyk.jpg"},{"@type":"BreadcrumbList","@id":"https:\/\/www.lengnau.ch\/fr\/themes\/energie-wasser\/nacht-der-sterne\/#breadcrumb","itemListElement":[{"@type":"ListItem","position":1,"name":"Home","item":"https:\/\/www.lengnau.ch\/fr\/"},{"@type":"ListItem","position":2,"name":"Th\u00e8mes","item":"https:\/\/www.lengnau.ch\/fr\/themes\/"},{"@type":"ListItem","position":3,"name":"\u00c9nergie et eau","item":"https:\/\/www.lengnau.ch\/fr\/themes\/energie-wasser\/"},{"@type":"ListItem","position":4,"name":"Nuit des \u00e9toiles"}]},{"@type":"WebSite","@id":"https:\/\/www.lengnau.ch\/#website","url":"https:\/\/www.lengnau.ch\/","name":"Gemeinde Lengnau","description":"","potentialAction":[{"@type":"SearchAction","target":{"@type":"EntryPoint","urlTemplate":"https:\/\/www.lengnau.ch\/?s={search_term_string}"},"query-input":{"@type":"PropertyValueSpecification","valueRequired":true,"valueName":"search_term_string"}}],"inLanguage":"fr-FR"}]}},"publishpress_future_action":{"enabled":false,"date":"2026-05-02 03:28:49","action":"change-status","newStatus":"draft","terms":[],"taxonomy":"translation_priority","extraData":[]},"publishpress_future_workflow_manual_trigger":{"enabledWorkflows":[]},"_links":{"self":[{"href":"https:\/\/www.lengnau.ch\/fr\/wp-json\/wp\/v2\/pages\/14164","targetHints":{"allow":["GET"]}}],"collection":[{"href":"https:\/\/www.lengnau.ch\/fr\/wp-json\/wp\/v2\/pages"}],"about":[{"href":"https:\/\/www.lengnau.ch\/fr\/wp-json\/wp\/v2\/types\/page"}],"author":[{"embeddable":true,"href":"https:\/\/www.lengnau.ch\/fr\/wp-json\/wp\/v2\/users\/14"}],"replies":[{"embeddable":true,"href":"https:\/\/www.lengnau.ch\/fr\/wp-json\/wp\/v2\/comments?post=14164"}],"version-history":[{"count":10,"href":"https:\/\/www.lengnau.ch\/fr\/wp-json\/wp\/v2\/pages\/14164\/revisions"}],"predecessor-version":[{"id":17658,"href":"https:\/\/www.lengnau.ch\/fr\/wp-json\/wp\/v2\/pages\/14164\/revisions\/17658"}],"up":[{"embeddable":true,"href":"https:\/\/www.lengnau.ch\/fr\/wp-json\/wp\/v2\/pages\/3179"}],"wp:attachment":[{"href":"https:\/\/www.lengnau.ch\/fr\/wp-json\/wp\/v2\/media?parent=14164"}],"curies":[{"name":"wp","href":"https:\/\/api.w.org\/{rel}","templated":true}]}}