{"id":12000,"date":"2024-01-17T15:32:11","date_gmt":"2024-01-17T14:32:11","guid":{"rendered":"https:\/\/www.lengnau.ch\/?page_id=12000"},"modified":"2024-06-21T16:51:12","modified_gmt":"2024-06-21T14:51:12","slug":"departement-de-lexploitation-et-du-genie-civil","status":"publish","type":"page","link":"https:\/\/www.lengnau.ch\/fr\/verwaltung-politik-2\/gemeindeverwaltung\/departement-de-lexploitation-et-du-genie-civil\/","title":{"rendered":"D\u00e9partement de l&rsquo;exploitation et du g\u00e9nie civil"},"content":{"rendered":"<h2>Domaines d&rsquo;activit\u00e9<\/h2>\n<p>Le service d&rsquo;exploitation et de g\u00e9nie civil est responsable des domaines suivants :<\/p>\n<ul>\n<li><a title=\"Approvisionnement en eau\" href=\"https:\/\/www.lengnau.ch\/themen\/energie-wasser\/wasserversorgung\/\">Approvisionnement en eau<\/a> (entretien et renouvellement des conduites d&rsquo;eau, entretien des r\u00e9servoirs d&rsquo;eau, octroi des autorisations de raccordement, garantie de l&rsquo;approvisionnement en eau potable, entretien des hydrantes et relev\u00e9 des compteurs d&rsquo;eau pour la facturation)<\/li>\n<li><a title=\"Traitement des eaux us\u00e9es\" href=\"https:\/\/www.lengnau.ch\/themen\/energie-wasser\/wasserversorgung\/\">\u00c9vacuation des eaux us\u00e9es<\/a> (entretien et renouvellement des prestations de canalisation et des regards, d\u00e9livrance des autorisations de raccordement)<\/li>\n<li><a title=\"Fourniture d'\u00e9lectricit\u00e9\" href=\"https:\/\/www.lengnau.ch\/themen\/energie-wasser\/elektrizitaetsversorgung\/\">distribution d&rsquo;\u00e9lectricit\u00e9<\/a> (entretien et renouvellement des lignes \u00e9lectriques, octroi des autorisations de raccordement et relev\u00e9 des compteurs \u00e9lectriques pour la facturation, montage et entretien des compteurs d&rsquo;\u00e9lectricit\u00e9 et d&rsquo;eau)<\/li>\n<li>Construction et entretien des routes<\/li>\n<\/ul>\n","protected":false},"excerpt":{"rendered":"<p>Domaines d&rsquo;activit\u00e9 Le service d&rsquo;exploitation et de g\u00e9nie civil est responsable des domaines suivants : Approvisionnement en eau (entretien et renouvellement des conduites d&rsquo;eau, entretien des r\u00e9servoirs d&rsquo;eau, octroi des autorisations de raccordement, garantie de l&rsquo;approvisionnement en eau potable, entretien des hydrantes et relev\u00e9 des compteurs d&rsquo;eau pour la facturation) \u00c9vacuation des eaux us\u00e9es (entretien [&hellip;]<\/p>\n","protected":false},"author":14,"featured_media":0,"parent":3119,"menu_order":22,"comment_status":"closed","ping_status":"closed","template":"page-abteilungen.php","meta":{"_acf_changed":false,"_relevanssi_hide_post":"","_relevanssi_hide_content":"","_relevanssi_pin_for_all":"","_relevanssi_pin_keywords":"","_relevanssi_unpin_keywords":"","_relevanssi_related_keywords":"","_relevanssi_related_include_ids":"","_relevanssi_related_exclude_ids":"","_relevanssi_related_no_append":"","_relevanssi_related_not_related":"","_relevanssi_related_posts":"","_relevanssi_noindex_reason":"","footnotes":""},"class_list":["post-12000","page","type-page","status-publish","hentry"],"acf":[],"yoast_head":"<!-- This site is optimized with the Yoast SEO plugin v27.3 - https:\/\/yoast.com\/product\/yoast-seo-wordpress\/ -->\n<title>D\u00e9partement de l&#039;exploitation et du g\u00e9nie civil - Gemeinde Lengnau<\/title>\n<meta name=\"robots\" content=\"index, follow, max-snippet:-1, max-image-preview:large, max-video-preview:-1\" \/>\n<link rel=\"canonical\" href=\"https:\/\/www.lengnau.ch\/fr\/verwaltung-politik-2\/gemeindeverwaltung\/departement-de-lexploitation-et-du-genie-civil\/\" \/>\n<meta property=\"og:locale\" content=\"fr_FR\" \/>\n<meta property=\"og:type\" content=\"article\" \/>\n<meta property=\"og:title\" content=\"D\u00e9partement de l&#039;exploitation et du g\u00e9nie civil - Gemeinde Lengnau\" \/>\n<meta property=\"og:description\" content=\"Domaines d&rsquo;activit\u00e9 Le service d&rsquo;exploitation et de g\u00e9nie civil est responsable des domaines suivants : Approvisionnement en eau (entretien et renouvellement des conduites d&rsquo;eau, entretien des r\u00e9servoirs d&rsquo;eau, octroi des autorisations de raccordement, garantie de l&rsquo;approvisionnement en eau potable, entretien des hydrantes et relev\u00e9 des compteurs d&rsquo;eau pour la facturation) \u00c9vacuation des eaux us\u00e9es (entretien [&hellip;]\" \/>\n<meta property=\"og:url\" content=\"https:\/\/www.lengnau.ch\/fr\/verwaltung-politik-2\/gemeindeverwaltung\/departement-de-lexploitation-et-du-genie-civil\/\" \/>\n<meta property=\"og:site_name\" content=\"Gemeinde Lengnau\" \/>\n<meta property=\"article:modified_time\" content=\"2024-06-21T14:51:12+00:00\" \/>\n<meta name=\"twitter:card\" content=\"summary_large_image\" \/>\n<script type=\"application\/ld+json\" class=\"yoast-schema-graph\">{\"@context\":\"https:\\\/\\\/schema.org\",\"@graph\":[{\"@type\":\"WebPage\",\"@id\":\"https:\\\/\\\/www.lengnau.ch\\\/fr\\\/verwaltung-politik-2\\\/gemeindeverwaltung\\\/departement-de-lexploitation-et-du-genie-civil\\\/\",\"url\":\"https:\\\/\\\/www.lengnau.ch\\\/fr\\\/verwaltung-politik-2\\\/gemeindeverwaltung\\\/departement-de-lexploitation-et-du-genie-civil\\\/\",\"name\":\"D\u00e9partement de l'exploitation et du g\u00e9nie civil - Gemeinde Lengnau\",\"isPartOf\":{\"@id\":\"https:\\\/\\\/www.lengnau.ch\\\/#website\"},\"datePublished\":\"2024-01-17T14:32:11+00:00\",\"dateModified\":\"2024-06-21T14:51:12+00:00\",\"breadcrumb\":{\"@id\":\"https:\\\/\\\/www.lengnau.ch\\\/fr\\\/verwaltung-politik-2\\\/gemeindeverwaltung\\\/departement-de-lexploitation-et-du-genie-civil\\\/#breadcrumb\"},\"inLanguage\":\"fr-FR\",\"potentialAction\":[{\"@type\":\"ReadAction\",\"target\":[\"https:\\\/\\\/www.lengnau.ch\\\/fr\\\/verwaltung-politik-2\\\/gemeindeverwaltung\\\/departement-de-lexploitation-et-du-genie-civil\\\/\"]}]},{\"@type\":\"BreadcrumbList\",\"@id\":\"https:\\\/\\\/www.lengnau.ch\\\/fr\\\/verwaltung-politik-2\\\/gemeindeverwaltung\\\/departement-de-lexploitation-et-du-genie-civil\\\/#breadcrumb\",\"itemListElement\":[{\"@type\":\"ListItem\",\"position\":1,\"name\":\"Home\",\"item\":\"https:\\\/\\\/www.lengnau.ch\\\/fr\\\/\"},{\"@type\":\"ListItem\",\"position\":2,\"name\":\"Administration et politique\",\"item\":\"https:\\\/\\\/www.lengnau.ch\\\/fr\\\/verwaltung-politik-2\\\/\"},{\"@type\":\"ListItem\",\"position\":3,\"name\":\"Administration communale\",\"item\":\"https:\\\/\\\/www.lengnau.ch\\\/fr\\\/verwaltung-politik-2\\\/gemeindeverwaltung\\\/\"},{\"@type\":\"ListItem\",\"position\":4,\"name\":\"D\u00e9partement de l&#8217;exploitation et du g\u00e9nie civil\"}]},{\"@type\":\"WebSite\",\"@id\":\"https:\\\/\\\/www.lengnau.ch\\\/#website\",\"url\":\"https:\\\/\\\/www.lengnau.ch\\\/\",\"name\":\"Gemeinde Lengnau\",\"description\":\"\",\"potentialAction\":[{\"@type\":\"SearchAction\",\"target\":{\"@type\":\"EntryPoint\",\"urlTemplate\":\"https:\\\/\\\/www.lengnau.ch\\\/?s={search_term_string}\"},\"query-input\":{\"@type\":\"PropertyValueSpecification\",\"valueRequired\":true,\"valueName\":\"search_term_string\"}}],\"inLanguage\":\"fr-FR\"}]}<\/script>\n<!-- \/ Yoast SEO plugin. -->","yoast_head_json":{"title":"D\u00e9partement de l'exploitation et du g\u00e9nie civil - Gemeinde Lengnau","robots":{"index":"index","follow":"follow","max-snippet":"max-snippet:-1","max-image-preview":"max-image-preview:large","max-video-preview":"max-video-preview:-1"},"canonical":"https:\/\/www.lengnau.ch\/fr\/verwaltung-politik-2\/gemeindeverwaltung\/departement-de-lexploitation-et-du-genie-civil\/","og_locale":"fr_FR","og_type":"article","og_title":"D\u00e9partement de l'exploitation et du g\u00e9nie civil - Gemeinde Lengnau","og_description":"Domaines d&rsquo;activit\u00e9 Le service d&rsquo;exploitation et de g\u00e9nie civil est responsable des domaines suivants : Approvisionnement en eau (entretien et renouvellement des conduites d&rsquo;eau, entretien des r\u00e9servoirs d&rsquo;eau, octroi des autorisations de raccordement, garantie de l&rsquo;approvisionnement en eau potable, entretien des hydrantes et relev\u00e9 des compteurs d&rsquo;eau pour la facturation) \u00c9vacuation des eaux us\u00e9es (entretien [&hellip;]","og_url":"https:\/\/www.lengnau.ch\/fr\/verwaltung-politik-2\/gemeindeverwaltung\/departement-de-lexploitation-et-du-genie-civil\/","og_site_name":"Gemeinde Lengnau","article_modified_time":"2024-06-21T14:51:12+00:00","twitter_card":"summary_large_image","schema":{"@context":"https:\/\/schema.org","@graph":[{"@type":"WebPage","@id":"https:\/\/www.lengnau.ch\/fr\/verwaltung-politik-2\/gemeindeverwaltung\/departement-de-lexploitation-et-du-genie-civil\/","url":"https:\/\/www.lengnau.ch\/fr\/verwaltung-politik-2\/gemeindeverwaltung\/departement-de-lexploitation-et-du-genie-civil\/","name":"D\u00e9partement de l'exploitation et du g\u00e9nie civil - Gemeinde Lengnau","isPartOf":{"@id":"https:\/\/www.lengnau.ch\/#website"},"datePublished":"2024-01-17T14:32:11+00:00","dateModified":"2024-06-21T14:51:12+00:00","breadcrumb":{"@id":"https:\/\/www.lengnau.ch\/fr\/verwaltung-politik-2\/gemeindeverwaltung\/departement-de-lexploitation-et-du-genie-civil\/#breadcrumb"},"inLanguage":"fr-FR","potentialAction":[{"@type":"ReadAction","target":["https:\/\/www.lengnau.ch\/fr\/verwaltung-politik-2\/gemeindeverwaltung\/departement-de-lexploitation-et-du-genie-civil\/"]}]},{"@type":"BreadcrumbList","@id":"https:\/\/www.lengnau.ch\/fr\/verwaltung-politik-2\/gemeindeverwaltung\/departement-de-lexploitation-et-du-genie-civil\/#breadcrumb","itemListElement":[{"@type":"ListItem","position":1,"name":"Home","item":"https:\/\/www.lengnau.ch\/fr\/"},{"@type":"ListItem","position":2,"name":"Administration et politique","item":"https:\/\/www.lengnau.ch\/fr\/verwaltung-politik-2\/"},{"@type":"ListItem","position":3,"name":"Administration communale","item":"https:\/\/www.lengnau.ch\/fr\/verwaltung-politik-2\/gemeindeverwaltung\/"},{"@type":"ListItem","position":4,"name":"D\u00e9partement de l&#8217;exploitation et du g\u00e9nie civil"}]},{"@type":"WebSite","@id":"https:\/\/www.lengnau.ch\/#website","url":"https:\/\/www.lengnau.ch\/","name":"Gemeinde Lengnau","description":"","potentialAction":[{"@type":"SearchAction","target":{"@type":"EntryPoint","urlTemplate":"https:\/\/www.lengnau.ch\/?s={search_term_string}"},"query-input":{"@type":"PropertyValueSpecification","valueRequired":true,"valueName":"search_term_string"}}],"inLanguage":"fr-FR"}]}},"publishpress_future_action":{"enabled":false,"date":"2026-04-20 18:00:43","action":"change-status","newStatus":"draft","terms":[],"taxonomy":"translation_priority","extraData":[]},"publishpress_future_workflow_manual_trigger":{"enabledWorkflows":[]},"_links":{"self":[{"href":"https:\/\/www.lengnau.ch\/fr\/wp-json\/wp\/v2\/pages\/12000","targetHints":{"allow":["GET"]}}],"collection":[{"href":"https:\/\/www.lengnau.ch\/fr\/wp-json\/wp\/v2\/pages"}],"about":[{"href":"https:\/\/www.lengnau.ch\/fr\/wp-json\/wp\/v2\/types\/page"}],"author":[{"embeddable":true,"href":"https:\/\/www.lengnau.ch\/fr\/wp-json\/wp\/v2\/users\/14"}],"replies":[{"embeddable":true,"href":"https:\/\/www.lengnau.ch\/fr\/wp-json\/wp\/v2\/comments?post=12000"}],"version-history":[{"count":3,"href":"https:\/\/www.lengnau.ch\/fr\/wp-json\/wp\/v2\/pages\/12000\/revisions"}],"predecessor-version":[{"id":13632,"href":"https:\/\/www.lengnau.ch\/fr\/wp-json\/wp\/v2\/pages\/12000\/revisions\/13632"}],"up":[{"embeddable":true,"href":"https:\/\/www.lengnau.ch\/fr\/wp-json\/wp\/v2\/pages\/3119"}],"wp:attachment":[{"href":"https:\/\/www.lengnau.ch\/fr\/wp-json\/wp\/v2\/media?parent=12000"}],"curies":[{"name":"wp","href":"https:\/\/api.w.org\/{rel}","templated":true}]}}