{"id":11997,"date":"2024-01-17T15:32:06","date_gmt":"2024-01-17T14:32:06","guid":{"rendered":"https:\/\/www.lengnau.ch\/?page_id=11997"},"modified":"2024-06-21T16:48:21","modified_gmt":"2024-06-21T14:48:21","slug":"departement-de-la-construction-et-des-travaux","status":"publish","type":"page","link":"https:\/\/www.lengnau.ch\/fr\/verwaltung-politik-2\/gemeindeverwaltung\/departement-de-la-construction-et-des-travaux\/","title":{"rendered":"D\u00e9partement de la construction et de la planification"},"content":{"rendered":"<h2>Domaines d&rsquo;activit\u00e9<\/h2>\n<p>Le service de construction et de planification est responsable des domaines suivants :<\/p>\n<p><strong>Construction et planification<\/strong><\/p>\n<ul>\n<li><a title=\"Construction et planification\" href=\"https:\/\/www.lengnau.ch\/themen\/bauen-und-planen\/baugesuch-baubewilligung\/\">Construction et am\u00e9nagement<\/a> (police des constructions, proc\u00e9dures de permis de construire et d&rsquo;adoption de plans)<\/li>\n<li><a href=\"https:\/\/www.lengnau.ch\/themen\/bauen-und-planen\/raumplanung-ortsplanung\/\" target=\"_blank\" rel=\"noopener\">Am\u00e9nagement du territoire<\/a><\/li>\n<li>Responsables de la s\u00e9curit\u00e9 (s\u00e9curit\u00e9 au travail et protection de la sant\u00e9)<\/li>\n<\/ul>\n<p><strong>Environnement et mobilit\u00e9<\/strong><\/p>\n<ul>\n<li><a href=\"https:\/\/www.lengnau.ch\/themen\/abfall\/\">Gestion des d\u00e9chets<\/a><\/li>\n<li><a href=\"https:\/\/www.lengnau.ch\/themen\/energie-wasser\/nachhaltige-energie\/\" target=\"_blank\" rel=\"noopener\">\u00c9nergie renouvelable<\/a><\/li>\n<li><a href=\"https:\/\/www.lengnau.ch\/themen\/umwelt\/\" target=\"_blank\" rel=\"noopener\">Environnement<\/a> et mobilit\u00e9<\/li>\n<li><a href=\"https:\/\/www.lengnau.ch\/themen\/verkehr-und-mobilitaet\/oeffentlicher-verkehr\/\" target=\"_blank\" rel=\"noopener\">Transports publics<\/a><\/li>\n<li><a href=\"https:\/\/www.lengnau.ch\/themen\/umwelt\/naturschutz\/\" target=\"_blank\" rel=\"noopener\">Protection de la nature et du paysage<\/a> \/ \u00e9cologie<\/li>\n<li><a href=\"https:\/\/www.lengnau.ch\/themen\/ueber-lengnau\/energiestadt\/\" target=\"_blank\" rel=\"noopener\">Cit\u00e9 de l&rsquo;\u00e9nergie<\/a><\/li>\n<li>R\u00e9seau de chaleur<\/li>\n<\/ul>\n","protected":false},"excerpt":{"rendered":"<p>Domaines d&rsquo;activit\u00e9 Le service de construction et de planification est responsable des domaines suivants : Construction et planification Construction et am\u00e9nagement (police des constructions, proc\u00e9dures de permis de construire et d&rsquo;adoption de plans) Am\u00e9nagement du territoire Responsables de la s\u00e9curit\u00e9 (s\u00e9curit\u00e9 au travail et protection de la sant\u00e9) Environnement et mobilit\u00e9 Gestion des d\u00e9chets \u00c9nergie [&hellip;]<\/p>\n","protected":false},"author":14,"featured_media":0,"parent":3119,"menu_order":21,"comment_status":"closed","ping_status":"closed","template":"page-abteilungen.php","meta":{"_acf_changed":false,"_relevanssi_hide_post":"","_relevanssi_hide_content":"","_relevanssi_pin_for_all":"","_relevanssi_pin_keywords":"","_relevanssi_unpin_keywords":"","_relevanssi_related_keywords":"","_relevanssi_related_include_ids":"","_relevanssi_related_exclude_ids":"","_relevanssi_related_no_append":"","_relevanssi_related_not_related":"","_relevanssi_related_posts":"","_relevanssi_noindex_reason":"","footnotes":""},"class_list":["post-11997","page","type-page","status-publish","hentry"],"acf":[],"yoast_head":"<!-- This site is optimized with the Yoast SEO plugin v27.3 - https:\/\/yoast.com\/product\/yoast-seo-wordpress\/ -->\n<title>D\u00e9partement de la construction et de la planification - Gemeinde Lengnau<\/title>\n<meta name=\"robots\" content=\"index, follow, max-snippet:-1, max-image-preview:large, max-video-preview:-1\" \/>\n<link rel=\"canonical\" href=\"https:\/\/www.lengnau.ch\/fr\/verwaltung-politik-2\/gemeindeverwaltung\/departement-de-la-construction-et-des-travaux\/\" \/>\n<meta property=\"og:locale\" content=\"fr_FR\" \/>\n<meta property=\"og:type\" content=\"article\" \/>\n<meta property=\"og:title\" content=\"D\u00e9partement de la construction et de la planification - Gemeinde Lengnau\" \/>\n<meta property=\"og:description\" content=\"Domaines d&rsquo;activit\u00e9 Le service de construction et de planification est responsable des domaines suivants : Construction et planification Construction et am\u00e9nagement (police des constructions, proc\u00e9dures de permis de construire et d&rsquo;adoption de plans) Am\u00e9nagement du territoire Responsables de la s\u00e9curit\u00e9 (s\u00e9curit\u00e9 au travail et protection de la sant\u00e9) Environnement et mobilit\u00e9 Gestion des d\u00e9chets \u00c9nergie [&hellip;]\" \/>\n<meta property=\"og:url\" content=\"https:\/\/www.lengnau.ch\/fr\/verwaltung-politik-2\/gemeindeverwaltung\/departement-de-la-construction-et-des-travaux\/\" \/>\n<meta property=\"og:site_name\" content=\"Gemeinde Lengnau\" \/>\n<meta property=\"article:modified_time\" content=\"2024-06-21T14:48:21+00:00\" \/>\n<meta name=\"twitter:card\" content=\"summary_large_image\" \/>\n<script type=\"application\/ld+json\" class=\"yoast-schema-graph\">{\"@context\":\"https:\\\/\\\/schema.org\",\"@graph\":[{\"@type\":\"WebPage\",\"@id\":\"https:\\\/\\\/www.lengnau.ch\\\/fr\\\/verwaltung-politik-2\\\/gemeindeverwaltung\\\/departement-de-la-construction-et-des-travaux\\\/\",\"url\":\"https:\\\/\\\/www.lengnau.ch\\\/fr\\\/verwaltung-politik-2\\\/gemeindeverwaltung\\\/departement-de-la-construction-et-des-travaux\\\/\",\"name\":\"D\u00e9partement de la construction et de la planification - Gemeinde Lengnau\",\"isPartOf\":{\"@id\":\"https:\\\/\\\/www.lengnau.ch\\\/#website\"},\"datePublished\":\"2024-01-17T14:32:06+00:00\",\"dateModified\":\"2024-06-21T14:48:21+00:00\",\"breadcrumb\":{\"@id\":\"https:\\\/\\\/www.lengnau.ch\\\/fr\\\/verwaltung-politik-2\\\/gemeindeverwaltung\\\/departement-de-la-construction-et-des-travaux\\\/#breadcrumb\"},\"inLanguage\":\"fr-FR\",\"potentialAction\":[{\"@type\":\"ReadAction\",\"target\":[\"https:\\\/\\\/www.lengnau.ch\\\/fr\\\/verwaltung-politik-2\\\/gemeindeverwaltung\\\/departement-de-la-construction-et-des-travaux\\\/\"]}]},{\"@type\":\"BreadcrumbList\",\"@id\":\"https:\\\/\\\/www.lengnau.ch\\\/fr\\\/verwaltung-politik-2\\\/gemeindeverwaltung\\\/departement-de-la-construction-et-des-travaux\\\/#breadcrumb\",\"itemListElement\":[{\"@type\":\"ListItem\",\"position\":1,\"name\":\"Home\",\"item\":\"https:\\\/\\\/www.lengnau.ch\\\/fr\\\/\"},{\"@type\":\"ListItem\",\"position\":2,\"name\":\"Administration et politique\",\"item\":\"https:\\\/\\\/www.lengnau.ch\\\/fr\\\/verwaltung-politik-2\\\/\"},{\"@type\":\"ListItem\",\"position\":3,\"name\":\"Administration communale\",\"item\":\"https:\\\/\\\/www.lengnau.ch\\\/fr\\\/verwaltung-politik-2\\\/gemeindeverwaltung\\\/\"},{\"@type\":\"ListItem\",\"position\":4,\"name\":\"D\u00e9partement de la construction et de la planification\"}]},{\"@type\":\"WebSite\",\"@id\":\"https:\\\/\\\/www.lengnau.ch\\\/#website\",\"url\":\"https:\\\/\\\/www.lengnau.ch\\\/\",\"name\":\"Gemeinde Lengnau\",\"description\":\"\",\"potentialAction\":[{\"@type\":\"SearchAction\",\"target\":{\"@type\":\"EntryPoint\",\"urlTemplate\":\"https:\\\/\\\/www.lengnau.ch\\\/?s={search_term_string}\"},\"query-input\":{\"@type\":\"PropertyValueSpecification\",\"valueRequired\":true,\"valueName\":\"search_term_string\"}}],\"inLanguage\":\"fr-FR\"}]}<\/script>\n<!-- \/ Yoast SEO plugin. -->","yoast_head_json":{"title":"D\u00e9partement de la construction et de la planification - Gemeinde Lengnau","robots":{"index":"index","follow":"follow","max-snippet":"max-snippet:-1","max-image-preview":"max-image-preview:large","max-video-preview":"max-video-preview:-1"},"canonical":"https:\/\/www.lengnau.ch\/fr\/verwaltung-politik-2\/gemeindeverwaltung\/departement-de-la-construction-et-des-travaux\/","og_locale":"fr_FR","og_type":"article","og_title":"D\u00e9partement de la construction et de la planification - Gemeinde Lengnau","og_description":"Domaines d&rsquo;activit\u00e9 Le service de construction et de planification est responsable des domaines suivants : Construction et planification Construction et am\u00e9nagement (police des constructions, proc\u00e9dures de permis de construire et d&rsquo;adoption de plans) Am\u00e9nagement du territoire Responsables de la s\u00e9curit\u00e9 (s\u00e9curit\u00e9 au travail et protection de la sant\u00e9) Environnement et mobilit\u00e9 Gestion des d\u00e9chets \u00c9nergie [&hellip;]","og_url":"https:\/\/www.lengnau.ch\/fr\/verwaltung-politik-2\/gemeindeverwaltung\/departement-de-la-construction-et-des-travaux\/","og_site_name":"Gemeinde Lengnau","article_modified_time":"2024-06-21T14:48:21+00:00","twitter_card":"summary_large_image","schema":{"@context":"https:\/\/schema.org","@graph":[{"@type":"WebPage","@id":"https:\/\/www.lengnau.ch\/fr\/verwaltung-politik-2\/gemeindeverwaltung\/departement-de-la-construction-et-des-travaux\/","url":"https:\/\/www.lengnau.ch\/fr\/verwaltung-politik-2\/gemeindeverwaltung\/departement-de-la-construction-et-des-travaux\/","name":"D\u00e9partement de la construction et de la planification - Gemeinde Lengnau","isPartOf":{"@id":"https:\/\/www.lengnau.ch\/#website"},"datePublished":"2024-01-17T14:32:06+00:00","dateModified":"2024-06-21T14:48:21+00:00","breadcrumb":{"@id":"https:\/\/www.lengnau.ch\/fr\/verwaltung-politik-2\/gemeindeverwaltung\/departement-de-la-construction-et-des-travaux\/#breadcrumb"},"inLanguage":"fr-FR","potentialAction":[{"@type":"ReadAction","target":["https:\/\/www.lengnau.ch\/fr\/verwaltung-politik-2\/gemeindeverwaltung\/departement-de-la-construction-et-des-travaux\/"]}]},{"@type":"BreadcrumbList","@id":"https:\/\/www.lengnau.ch\/fr\/verwaltung-politik-2\/gemeindeverwaltung\/departement-de-la-construction-et-des-travaux\/#breadcrumb","itemListElement":[{"@type":"ListItem","position":1,"name":"Home","item":"https:\/\/www.lengnau.ch\/fr\/"},{"@type":"ListItem","position":2,"name":"Administration et politique","item":"https:\/\/www.lengnau.ch\/fr\/verwaltung-politik-2\/"},{"@type":"ListItem","position":3,"name":"Administration communale","item":"https:\/\/www.lengnau.ch\/fr\/verwaltung-politik-2\/gemeindeverwaltung\/"},{"@type":"ListItem","position":4,"name":"D\u00e9partement de la construction et de la planification"}]},{"@type":"WebSite","@id":"https:\/\/www.lengnau.ch\/#website","url":"https:\/\/www.lengnau.ch\/","name":"Gemeinde Lengnau","description":"","potentialAction":[{"@type":"SearchAction","target":{"@type":"EntryPoint","urlTemplate":"https:\/\/www.lengnau.ch\/?s={search_term_string}"},"query-input":{"@type":"PropertyValueSpecification","valueRequired":true,"valueName":"search_term_string"}}],"inLanguage":"fr-FR"}]}},"publishpress_future_action":{"enabled":false,"date":"2026-04-20 18:14:25","action":"change-status","newStatus":"draft","terms":[],"taxonomy":"translation_priority","extraData":[]},"publishpress_future_workflow_manual_trigger":{"enabledWorkflows":[]},"_links":{"self":[{"href":"https:\/\/www.lengnau.ch\/fr\/wp-json\/wp\/v2\/pages\/11997","targetHints":{"allow":["GET"]}}],"collection":[{"href":"https:\/\/www.lengnau.ch\/fr\/wp-json\/wp\/v2\/pages"}],"about":[{"href":"https:\/\/www.lengnau.ch\/fr\/wp-json\/wp\/v2\/types\/page"}],"author":[{"embeddable":true,"href":"https:\/\/www.lengnau.ch\/fr\/wp-json\/wp\/v2\/users\/14"}],"replies":[{"embeddable":true,"href":"https:\/\/www.lengnau.ch\/fr\/wp-json\/wp\/v2\/comments?post=11997"}],"version-history":[{"count":3,"href":"https:\/\/www.lengnau.ch\/fr\/wp-json\/wp\/v2\/pages\/11997\/revisions"}],"predecessor-version":[{"id":13624,"href":"https:\/\/www.lengnau.ch\/fr\/wp-json\/wp\/v2\/pages\/11997\/revisions\/13624"}],"up":[{"embeddable":true,"href":"https:\/\/www.lengnau.ch\/fr\/wp-json\/wp\/v2\/pages\/3119"}],"wp:attachment":[{"href":"https:\/\/www.lengnau.ch\/fr\/wp-json\/wp\/v2\/media?parent=11997"}],"curies":[{"name":"wp","href":"https:\/\/api.w.org\/{rel}","templated":true}]}}