{"id":11584,"date":"2023-12-20T08:08:16","date_gmt":"2023-12-20T07:08:16","guid":{"rendered":"https:\/\/www.lengnau.ch\/?page_id=11584"},"modified":"2025-03-06T13:54:12","modified_gmt":"2025-03-06T12:54:12","slug":"conseil-municipal","status":"publish","type":"page","link":"https:\/\/www.lengnau.ch\/fr\/verwaltung-politik-2\/politik\/conseil-municipal\/","title":{"rendered":"Conseil municipal"},"content":{"rendered":"<h2>Sandra Huber-M\u00fcller, pr\u00e9sidente de la commune<\/h2>\n<p><img loading=\"lazy\" decoding=\"async\" class=\"alignnone size-full wp-image-11782\" src=\"https:\/\/www.lengnau.ch\/wp-content\/uploads\/2023\/12\/Huber-Mueller_Sandra.jpg\" alt=\"\" width=\"240\" height=\"299\"><\/p>\n<p><strong>Profession<br \/>\n<\/strong>Sp\u00e9cialiste en ressources humaines avec Brevet f\u00e9d\u00e9ral<\/p>\n<p><strong>Adresse<\/strong><br \/>\nL\u00e4usliweg 1, 2543 Lengnau BE<\/p>\n<p><strong>T\u00e9l\u00e9phone<\/strong><br \/>\n079 816 37 42<\/p>\n<p><strong>D\u00e9partement<\/strong><br \/>\nPr\u00e9sidence, organisation et ordre<\/p>\n<p><strong>Parti<\/strong><br \/>\nSP<\/p>\n<p><strong>Contact<\/strong><br \/>\n<a href=\"mailto:sa**********@*****au.ch\" data-original-string=\"LX6p6ZSldS+thOs6FBHViA==a0e8xigK8sO65HyL7lsX6E2Xg1bO347ZbM6rWZlZEa2DuU=\" title=\"This contact has been encoded by Anti-Spam by CleanTalk. Click to decode. To finish the decoding make sure that JavaScript is enabled in your browser.\">Courrier \u00e9lectronique<\/a><\/p>\n<h2>Adrian Spahr, vice-pr\u00e9sident de la commune<\/h2>\n<p><img loading=\"lazy\" decoding=\"async\" class=\"alignnone size-full wp-image-11881\" src=\"https:\/\/www.lengnau.ch\/wp-content\/uploads\/2023\/12\/Spahr_Adrian.jpg\" alt=\"\" width=\"240\" height=\"299\"><\/p>\n<p><strong>Profession<br \/>\n<\/strong>Policier avec brevet f\u00e9d\u00e9ral Brevet f\u00e9d\u00e9ral<\/p>\n<p><strong>Adresse<\/strong><br \/>\nRolliweg 28, 2543 Lengnau BE<\/p>\n<p><strong>T\u00e9l\u00e9phone<\/strong><br \/>\n079 256 13 27<\/p>\n<p><strong>D\u00e9partement<\/strong><br \/>\nEnvironnement et mobilit\u00e9<\/p>\n<p><strong>Parti<\/strong><br \/>\nSVP<\/p>\n<p><strong>Contact<\/strong><br \/>\n<a href=\"mailto:ad**********@*****au.ch\" data-original-string=\"wqSzelJJA3eyv2Gq9A05ig==a0emR56SA0PE9Ot\/cbtZSrAj95Q5YVDkIltFG3Raf4MOWo=\" title=\"This contact has been encoded by Anti-Spam by CleanTalk. Click to decode. To finish the decoding make sure that JavaScript is enabled in your browser.\">Courrier \u00e9lectronique<\/a><\/p>\n<h2>Marcel Frattini<\/h2>\n<p><img loading=\"lazy\" decoding=\"async\" class=\"alignnone size-full wp-image-11784\" src=\"https:\/\/www.lengnau.ch\/wp-content\/uploads\/2023\/12\/Frattini_Marcel.jpg\" alt=\"\" width=\"240\" height=\"299\"><\/p>\n<p><strong>Profession<br \/>\n<\/strong>Dipl. Chef de chantier en b\u00e2timent<\/p>\n<p><strong>Adresse<\/strong><br \/>\nBielstrasse 58, 2543 Lengnau BE<\/p>\n<p><strong>T\u00e9l\u00e9phone<\/strong><br \/>\n079 939 20 73<\/p>\n<p><strong>D\u00e9partement<\/strong><br \/>\nConstruction et planification<\/p>\n<p><strong>Parti<\/strong><br \/>\nFDP<\/p>\n<p><strong>Contact<\/strong><br \/>\n<a href=\"mailto:ma*************@*******************en.ch\" data-original-string=\"ED8xJew6gqUpkmCIu0xvSw==a0e81xifBzUfqBoX2wCgG5yZnd13IbVMyCJT1dESNQx3ntZ1Xf3Gno90vkfxOJxt4yI\" title=\"This contact has been encoded by Anti-Spam by CleanTalk. Click to decode. To finish the decoding make sure that JavaScript is enabled in your browser.\">Courrier \u00e9lectronique<\/a><\/p>\n<h2>Eduard Gilomen<\/h2>\n<p><img loading=\"lazy\" decoding=\"async\" class=\"alignnone size-full wp-image-11794\" src=\"https:\/\/www.lengnau.ch\/wp-content\/uploads\/2023\/12\/Gilomen_Eduard.jpg\" alt=\"\" width=\"240\" height=\"299\"><\/p>\n<p><strong>Profession<br \/>\n<\/strong>Ind\u00e9pendant<\/p>\n<p><strong>Adresse<\/strong><br \/>\nBielstrasse 30, 2543 Lengnau BE<\/p>\n<p><strong>T\u00e9l\u00e9phone<\/strong><br \/>\n078 684 41 43<\/p>\n<p><strong>D\u00e9partement<\/strong><br \/>\nAccessibilit\u00e9 et approvisionnement<\/p>\n<p><strong>Parti<\/strong><br \/>\nSVP<\/p>\n<p><strong>Contact<\/strong><br \/>\n<a href=\"mailto:ed************@*****au.ch\" data-original-string=\"bDgOATwebi4SLhH5NmtC7w==a0ewAu10QmSjhlUHONCwA5gNEduvf6bNbx3SjW+KOiDnO4=\" title=\"This contact has been encoded by Anti-Spam by CleanTalk. Click to decode. To finish the decoding make sure that JavaScript is enabled in your browser.\">Courrier \u00e9lectronique<\/a><\/p>\n<h2>Urs Hirschi<\/h2>\n<p><img loading=\"lazy\" decoding=\"async\" class=\"alignnone size-full wp-image-11792\" src=\"https:\/\/www.lengnau.ch\/wp-content\/uploads\/2023\/12\/Hirschi_Urs.jpg\" alt=\"\" width=\"240\" height=\"299\"><\/p>\n<p><strong>Profession<br \/>\n<\/strong>Sp\u00e9cialiste en protection incendie<\/p>\n<p><strong>Adresse<\/strong><br \/>\nBielstrasse 53, 2543 Lengnau BE<\/p>\n<p><strong>T\u00e9l\u00e9phone<\/strong><br \/>\n076 463 41 51<\/p>\n<p><strong>D\u00e9partement<\/strong><br \/>\n\u00c9ducation et soci\u00e9t\u00e9<\/p>\n<p><strong>Parti<\/strong><br \/>\nSP<\/p>\n<p><strong>Contact<\/strong><br \/>\n<a href=\"mailto:ur*********@*****au.ch\" data-original-string=\"qS7t8qbIfCMXTRcOuNz\/uw==a0eWSrcafYwpiuz2oLmMoyH7LWIionAnzXU\/d0sgIU\/M48=\" title=\"This contact has been encoded by Anti-Spam by CleanTalk. Click to decode. To finish the decoding make sure that JavaScript is enabled in your browser.\">Courrier \u00e9lectronique<\/a><\/p>\n<h2>Frank Huber<\/h2>\n<p><img loading=\"lazy\" decoding=\"async\" class=\"alignnone size-full wp-image-11786\" src=\"https:\/\/www.lengnau.ch\/wp-content\/uploads\/2023\/12\/Huber_Frank.jpg\" alt=\"\" width=\"240\" height=\"299\"><\/p>\n<p><strong>Profession<br \/>\n<\/strong>Fiduciaire<\/p>\n<p><strong>Adresse<\/strong><br \/>\nErlenweg 10, 2543 Lengnau BE<\/p>\n<p><strong>T\u00e9l\u00e9phone<\/strong><br \/>\n079 652 81 11<\/p>\n<p><strong>D\u00e9partement<\/strong><br \/>\nD\u00e9veloppement communautaire, \u00e9conomie, sport et culture<\/p>\n<p><strong>Parti<\/strong><br \/>\nSans parti politique<\/p>\n<p><strong>Contact<\/strong><br \/>\n<a href=\"mailto:fr*********@**43.ch\" data-original-string=\"HKXh1YWCQ9s\/bxXF\/q3UkA==a0ex24heb99okxNKxG1UxaoHbri7Ej9BpKa4yYkIhy+o0U=\" title=\"This contact has been encoded by Anti-Spam by CleanTalk. Click to decode. To finish the decoding make sure that JavaScript is enabled in your browser.\">Courrier \u00e9lectronique<\/a><\/p>\n<h2>Ivan Kolak<\/h2>\n<p><img loading=\"lazy\" decoding=\"async\" class=\"alignnone size-full wp-image-11788\" src=\"https:\/\/www.lengnau.ch\/wp-content\/uploads\/2023\/12\/Kolak_Ivan.jpg\" alt=\"\" width=\"240\" height=\"299\"><\/p>\n<p><strong>Profession<br \/>\n<\/strong>Secr\u00e9taire syndical<\/p>\n<p><strong>Adresse<\/strong><br \/>\nK\u00fcpfgasse 15, 2543 Lengnau BE<\/p>\n<p><strong>T\u00e9l\u00e9phone<\/strong><br \/>\n079 153 53 18<\/p>\n<p><strong>D\u00e9partement<\/strong><br \/>\nFinances, immobilier et informatique<\/p>\n<p><strong>Parti<\/strong><br \/>\nSP<\/p>\n<p><strong>Contact<\/strong><br \/>\n<a href=\"mailto:iv********@*****au.ch\" data-original-string=\"CvIHWvDD80tLy5H5vtXt4A==a0eVOM17dHmOBxvdotJ\/83G9tmCUlxdOVzDMYVS9aI4z4w=\" title=\"This contact has been encoded by Anti-Spam by CleanTalk. Click to decode. To finish the decoding make sure that JavaScript is enabled in your browser.\">Courrier \u00e9lectronique<\/a><\/p>\n","protected":false},"excerpt":{"rendered":"<p>Sandra Huber-M\u00fcller, pr\u00e9sidente de la commune Profession Sp\u00e9cialiste en ressources humaines avec Brevet f\u00e9d\u00e9ral Adresse L\u00e4usliweg 1, 2543 Lengnau BE T\u00e9l\u00e9phone 079 816 37 42 D\u00e9partement Pr\u00e9sidence, organisation et ordre Parti SP Contact Courrier \u00e9lectronique Adrian Spahr, vice-pr\u00e9sident de la commune Profession Policier avec brevet f\u00e9d\u00e9ral Brevet f\u00e9d\u00e9ral Adresse Rolliweg 28, 2543 Lengnau BE T\u00e9l\u00e9phone [&hellip;]<\/p>\n","protected":false},"author":14,"featured_media":0,"parent":3221,"menu_order":0,"comment_status":"closed","ping_status":"closed","template":"","meta":{"_acf_changed":false,"_relevanssi_hide_post":"","_relevanssi_hide_content":"","_relevanssi_pin_for_all":"","_relevanssi_pin_keywords":"","_relevanssi_unpin_keywords":"","_relevanssi_related_keywords":"","_relevanssi_related_include_ids":"","_relevanssi_related_exclude_ids":"","_relevanssi_related_no_append":"","_relevanssi_related_not_related":"","_relevanssi_related_posts":"","_relevanssi_noindex_reason":"","footnotes":""},"class_list":["post-11584","page","type-page","status-publish","hentry"],"acf":[],"yoast_head":"<!-- This site is optimized with the Yoast SEO plugin v27.3 - https:\/\/yoast.com\/product\/yoast-seo-wordpress\/ -->\n<title>Conseil municipal - Gemeinde Lengnau<\/title>\n<meta name=\"robots\" content=\"index, follow, max-snippet:-1, max-image-preview:large, max-video-preview:-1\" \/>\n<link rel=\"canonical\" href=\"https:\/\/www.lengnau.ch\/fr\/verwaltung-politik-2\/politik\/conseil-municipal\/\" \/>\n<meta property=\"og:locale\" content=\"fr_FR\" \/>\n<meta property=\"og:type\" content=\"article\" \/>\n<meta property=\"og:title\" content=\"Conseil municipal - Gemeinde Lengnau\" \/>\n<meta property=\"og:description\" content=\"Sandra Huber-M\u00fcller, pr\u00e9sidente de la commune Profession Sp\u00e9cialiste en ressources humaines avec Brevet f\u00e9d\u00e9ral Adresse L\u00e4usliweg 1, 2543 Lengnau BE T\u00e9l\u00e9phone 079 816 37 42 D\u00e9partement Pr\u00e9sidence, organisation et ordre Parti SP Contact Courrier \u00e9lectronique Adrian Spahr, vice-pr\u00e9sident de la commune Profession Policier avec brevet f\u00e9d\u00e9ral Brevet f\u00e9d\u00e9ral Adresse Rolliweg 28, 2543 Lengnau BE T\u00e9l\u00e9phone [&hellip;]\" \/>\n<meta property=\"og:url\" content=\"https:\/\/www.lengnau.ch\/fr\/verwaltung-politik-2\/politik\/conseil-municipal\/\" \/>\n<meta property=\"og:site_name\" content=\"Gemeinde Lengnau\" \/>\n<meta property=\"article:modified_time\" content=\"2025-03-06T12:54:12+00:00\" \/>\n<meta property=\"og:image\" content=\"https:\/\/www.lengnau.ch\/wp-content\/uploads\/2023\/12\/Huber-Mueller_Sandra.jpg\" \/>\n\t<meta property=\"og:image:width\" content=\"240\" \/>\n\t<meta property=\"og:image:height\" content=\"299\" \/>\n\t<meta property=\"og:image:type\" content=\"image\/jpeg\" \/>\n<meta name=\"twitter:card\" content=\"summary_large_image\" \/>\n<script type=\"application\/ld+json\" class=\"yoast-schema-graph\">{\"@context\":\"https:\\\/\\\/schema.org\",\"@graph\":[{\"@type\":\"WebPage\",\"@id\":\"https:\\\/\\\/www.lengnau.ch\\\/fr\\\/verwaltung-politik-2\\\/politik\\\/conseil-municipal\\\/\",\"url\":\"https:\\\/\\\/www.lengnau.ch\\\/fr\\\/verwaltung-politik-2\\\/politik\\\/conseil-municipal\\\/\",\"name\":\"Conseil municipal - Gemeinde Lengnau\",\"isPartOf\":{\"@id\":\"https:\\\/\\\/www.lengnau.ch\\\/#website\"},\"primaryImageOfPage\":{\"@id\":\"https:\\\/\\\/www.lengnau.ch\\\/fr\\\/verwaltung-politik-2\\\/politik\\\/conseil-municipal\\\/#primaryimage\"},\"image\":{\"@id\":\"https:\\\/\\\/www.lengnau.ch\\\/fr\\\/verwaltung-politik-2\\\/politik\\\/conseil-municipal\\\/#primaryimage\"},\"thumbnailUrl\":\"https:\\\/\\\/www.lengnau.ch\\\/wp-content\\\/uploads\\\/2023\\\/12\\\/Huber-Mueller_Sandra.jpg\",\"datePublished\":\"2023-12-20T07:08:16+00:00\",\"dateModified\":\"2025-03-06T12:54:12+00:00\",\"breadcrumb\":{\"@id\":\"https:\\\/\\\/www.lengnau.ch\\\/fr\\\/verwaltung-politik-2\\\/politik\\\/conseil-municipal\\\/#breadcrumb\"},\"inLanguage\":\"fr-FR\",\"potentialAction\":[{\"@type\":\"ReadAction\",\"target\":[\"https:\\\/\\\/www.lengnau.ch\\\/fr\\\/verwaltung-politik-2\\\/politik\\\/conseil-municipal\\\/\"]}]},{\"@type\":\"ImageObject\",\"inLanguage\":\"fr-FR\",\"@id\":\"https:\\\/\\\/www.lengnau.ch\\\/fr\\\/verwaltung-politik-2\\\/politik\\\/conseil-municipal\\\/#primaryimage\",\"url\":\"https:\\\/\\\/www.lengnau.ch\\\/wp-content\\\/uploads\\\/2023\\\/12\\\/Huber-Mueller_Sandra.jpg\",\"contentUrl\":\"https:\\\/\\\/www.lengnau.ch\\\/wp-content\\\/uploads\\\/2023\\\/12\\\/Huber-Mueller_Sandra.jpg\"},{\"@type\":\"BreadcrumbList\",\"@id\":\"https:\\\/\\\/www.lengnau.ch\\\/fr\\\/verwaltung-politik-2\\\/politik\\\/conseil-municipal\\\/#breadcrumb\",\"itemListElement\":[{\"@type\":\"ListItem\",\"position\":1,\"name\":\"Home\",\"item\":\"https:\\\/\\\/www.lengnau.ch\\\/fr\\\/\"},{\"@type\":\"ListItem\",\"position\":2,\"name\":\"Administration et politique\",\"item\":\"https:\\\/\\\/www.lengnau.ch\\\/fr\\\/verwaltung-politik-2\\\/\"},{\"@type\":\"ListItem\",\"position\":3,\"name\":\"Politique\",\"item\":\"https:\\\/\\\/www.lengnau.ch\\\/fr\\\/verwaltung-politik-2\\\/politik\\\/\"},{\"@type\":\"ListItem\",\"position\":4,\"name\":\"Conseil municipal\"}]},{\"@type\":\"WebSite\",\"@id\":\"https:\\\/\\\/www.lengnau.ch\\\/#website\",\"url\":\"https:\\\/\\\/www.lengnau.ch\\\/\",\"name\":\"Gemeinde Lengnau\",\"description\":\"\",\"potentialAction\":[{\"@type\":\"SearchAction\",\"target\":{\"@type\":\"EntryPoint\",\"urlTemplate\":\"https:\\\/\\\/www.lengnau.ch\\\/?s={search_term_string}\"},\"query-input\":{\"@type\":\"PropertyValueSpecification\",\"valueRequired\":true,\"valueName\":\"search_term_string\"}}],\"inLanguage\":\"fr-FR\"}]}<\/script>\n<!-- \/ Yoast SEO plugin. -->","yoast_head_json":{"title":"Conseil municipal - Gemeinde Lengnau","robots":{"index":"index","follow":"follow","max-snippet":"max-snippet:-1","max-image-preview":"max-image-preview:large","max-video-preview":"max-video-preview:-1"},"canonical":"https:\/\/www.lengnau.ch\/fr\/verwaltung-politik-2\/politik\/conseil-municipal\/","og_locale":"fr_FR","og_type":"article","og_title":"Conseil municipal - Gemeinde Lengnau","og_description":"Sandra Huber-M\u00fcller, pr\u00e9sidente de la commune Profession Sp\u00e9cialiste en ressources humaines avec Brevet f\u00e9d\u00e9ral Adresse L\u00e4usliweg 1, 2543 Lengnau BE T\u00e9l\u00e9phone 079 816 37 42 D\u00e9partement Pr\u00e9sidence, organisation et ordre Parti SP Contact Courrier \u00e9lectronique Adrian Spahr, vice-pr\u00e9sident de la commune Profession Policier avec brevet f\u00e9d\u00e9ral Brevet f\u00e9d\u00e9ral Adresse Rolliweg 28, 2543 Lengnau BE T\u00e9l\u00e9phone [&hellip;]","og_url":"https:\/\/www.lengnau.ch\/fr\/verwaltung-politik-2\/politik\/conseil-municipal\/","og_site_name":"Gemeinde Lengnau","article_modified_time":"2025-03-06T12:54:12+00:00","og_image":[{"width":240,"height":299,"url":"https:\/\/www.lengnau.ch\/wp-content\/uploads\/2023\/12\/Huber-Mueller_Sandra.jpg","type":"image\/jpeg"}],"twitter_card":"summary_large_image","schema":{"@context":"https:\/\/schema.org","@graph":[{"@type":"WebPage","@id":"https:\/\/www.lengnau.ch\/fr\/verwaltung-politik-2\/politik\/conseil-municipal\/","url":"https:\/\/www.lengnau.ch\/fr\/verwaltung-politik-2\/politik\/conseil-municipal\/","name":"Conseil municipal - Gemeinde Lengnau","isPartOf":{"@id":"https:\/\/www.lengnau.ch\/#website"},"primaryImageOfPage":{"@id":"https:\/\/www.lengnau.ch\/fr\/verwaltung-politik-2\/politik\/conseil-municipal\/#primaryimage"},"image":{"@id":"https:\/\/www.lengnau.ch\/fr\/verwaltung-politik-2\/politik\/conseil-municipal\/#primaryimage"},"thumbnailUrl":"https:\/\/www.lengnau.ch\/wp-content\/uploads\/2023\/12\/Huber-Mueller_Sandra.jpg","datePublished":"2023-12-20T07:08:16+00:00","dateModified":"2025-03-06T12:54:12+00:00","breadcrumb":{"@id":"https:\/\/www.lengnau.ch\/fr\/verwaltung-politik-2\/politik\/conseil-municipal\/#breadcrumb"},"inLanguage":"fr-FR","potentialAction":[{"@type":"ReadAction","target":["https:\/\/www.lengnau.ch\/fr\/verwaltung-politik-2\/politik\/conseil-municipal\/"]}]},{"@type":"ImageObject","inLanguage":"fr-FR","@id":"https:\/\/www.lengnau.ch\/fr\/verwaltung-politik-2\/politik\/conseil-municipal\/#primaryimage","url":"https:\/\/www.lengnau.ch\/wp-content\/uploads\/2023\/12\/Huber-Mueller_Sandra.jpg","contentUrl":"https:\/\/www.lengnau.ch\/wp-content\/uploads\/2023\/12\/Huber-Mueller_Sandra.jpg"},{"@type":"BreadcrumbList","@id":"https:\/\/www.lengnau.ch\/fr\/verwaltung-politik-2\/politik\/conseil-municipal\/#breadcrumb","itemListElement":[{"@type":"ListItem","position":1,"name":"Home","item":"https:\/\/www.lengnau.ch\/fr\/"},{"@type":"ListItem","position":2,"name":"Administration et politique","item":"https:\/\/www.lengnau.ch\/fr\/verwaltung-politik-2\/"},{"@type":"ListItem","position":3,"name":"Politique","item":"https:\/\/www.lengnau.ch\/fr\/verwaltung-politik-2\/politik\/"},{"@type":"ListItem","position":4,"name":"Conseil municipal"}]},{"@type":"WebSite","@id":"https:\/\/www.lengnau.ch\/#website","url":"https:\/\/www.lengnau.ch\/","name":"Gemeinde Lengnau","description":"","potentialAction":[{"@type":"SearchAction","target":{"@type":"EntryPoint","urlTemplate":"https:\/\/www.lengnau.ch\/?s={search_term_string}"},"query-input":{"@type":"PropertyValueSpecification","valueRequired":true,"valueName":"search_term_string"}}],"inLanguage":"fr-FR"}]}},"publishpress_future_action":{"enabled":false,"date":"2026-04-20 18:19:47","action":"change-status","newStatus":"draft","terms":[],"taxonomy":"translation_priority","extraData":[]},"publishpress_future_workflow_manual_trigger":{"enabledWorkflows":[]},"_links":{"self":[{"href":"https:\/\/www.lengnau.ch\/fr\/wp-json\/wp\/v2\/pages\/11584","targetHints":{"allow":["GET"]}}],"collection":[{"href":"https:\/\/www.lengnau.ch\/fr\/wp-json\/wp\/v2\/pages"}],"about":[{"href":"https:\/\/www.lengnau.ch\/fr\/wp-json\/wp\/v2\/types\/page"}],"author":[{"embeddable":true,"href":"https:\/\/www.lengnau.ch\/fr\/wp-json\/wp\/v2\/users\/14"}],"replies":[{"embeddable":true,"href":"https:\/\/www.lengnau.ch\/fr\/wp-json\/wp\/v2\/comments?post=11584"}],"version-history":[{"count":10,"href":"https:\/\/www.lengnau.ch\/fr\/wp-json\/wp\/v2\/pages\/11584\/revisions"}],"predecessor-version":[{"id":15958,"href":"https:\/\/www.lengnau.ch\/fr\/wp-json\/wp\/v2\/pages\/11584\/revisions\/15958"}],"up":[{"embeddable":true,"href":"https:\/\/www.lengnau.ch\/fr\/wp-json\/wp\/v2\/pages\/3221"}],"wp:attachment":[{"href":"https:\/\/www.lengnau.ch\/fr\/wp-json\/wp\/v2\/media?parent=11584"}],"curies":[{"name":"wp","href":"https:\/\/api.w.org\/{rel}","templated":true}]}}